{"id":7543,"date":"2022-12-10T22:50:37","date_gmt":"2022-12-10T22:50:37","guid":{"rendered":"https:\/\/tiranadentalhospital.com\/al\/?page_id=7543"},"modified":"2026-03-14T22:20:50","modified_gmt":"2026-03-14T22:20:50","slug":"all-on-4","status":"publish","type":"page","link":"https:\/\/tiranadentalhospital.com\/al\/kirurgji-implantologjie\/all-on-4\/","title":{"rendered":"All on 4"},"content":{"rendered":"<section class=\"l-section wpb_row height_custom\"><div class=\"l-section-h i-cf\"><div class=\"g-cols vc_row via_grid cols_2-1 laptops-cols_inherit tablets-cols_inherit mobiles-cols_1 valign_top type_default stacking_default\"><div class=\"wpb_column vc_column_container\"><div class=\"vc_column-inner\"><h2 class=\"w-text icon_atleft\"><span class=\"w-text-h\"><i class=\"fas fa-tooth\"><\/i><span class=\"w-text-value\">\u00c7far\u00eb \u00ebsht\u00eb All-on-4?<\/span><\/span><\/h2><div class=\"wpb_text_column\"><div class=\"wpb_wrapper\"><p>E ashtuquajtura teknika &#8220;All-on-4&#8221; p\u00ebrfshin futjen e 4 implanteve dentare n\u00eb harkun mandibular ose maksilar q\u00eb mund t\u00eb vendoset menj\u00ebher\u00eb, (mund kryhet n\u00eb nj\u00eb seanc\u00eb t\u00eb vetme). Kjo teknik\u00eb \u00ebsht\u00eb zgjidhja ideale p\u00ebr ato raste n\u00eb t\u00eb cilat pacienti ka nj\u00eb konformacion kockor t\u00eb mang\u00ebt p\u00ebr t\u00eb qen\u00eb n\u00eb gjendje t\u00eb implantoj\u00eb nj\u00eb protez\u00eb fikse.<\/p>\n<\/div><\/div><\/div><\/div><div class=\"wpb_column vc_column_container\"><div class=\"vc_column-inner\"><div class=\"w-image align_none\"><div class=\"w-image-h\"><img decoding=\"async\" width=\"600\" height=\"469\" src=\"https:\/\/i0.wp.com\/tiranadentalhospital.com\/al\/wp-content\/uploads\/2022\/12\/impianto_dentali_all_on_four-e1549643729545.jpg?fit=600%2C469&amp;ssl=1\" class=\"attachment-large size-large\" alt=\"\" loading=\"lazy\" srcset=\"https:\/\/i0.wp.com\/tiranadentalhospital.com\/al\/wp-content\/uploads\/2022\/12\/impianto_dentali_all_on_four-e1549643729545.jpg?w=600&amp;ssl=1 600w, https:\/\/i0.wp.com\/tiranadentalhospital.com\/al\/wp-content\/uploads\/2022\/12\/impianto_dentali_all_on_four-e1549643729545.jpg?resize=300%2C235&amp;ssl=1 300w\" sizes=\"auto, (max-width: 600px) 100vw, 600px\" \/><\/div><\/div><\/div><\/div><\/div><\/div><\/section><section class=\"l-section wpb_row height_custom\"><div class=\"l-section-h i-cf\"><div class=\"g-cols vc_row via_grid cols_1 laptops-cols_inherit tablets-cols_inherit mobiles-cols_1 valign_top type_default stacking_default\"><div class=\"wpb_column vc_column_container\"><div class=\"vc_column-inner\"><h2 class=\"w-text\"><span class=\"w-text-h\"><span class=\"w-text-value\">Cilat jan\u00eb avantazhet e All-on-4?<\/span><\/span><\/h2><div class=\"wpb_text_column\"><div class=\"wpb_wrapper\"><p>P\u00ebrpar\u00ebsit\u00eb kryesore q\u00eb sjell kjo teknik\u00eb jan\u00eb si m\u00eb posht\u00eb:<\/p>\n<ul>\n<li>Kursimi i koh\u00ebs s\u00eb nd\u00ebrhyrjes<\/li>\n<li>Kursimi ekonomik<\/li>\n<li>Invaziviteti minimal<\/li>\n<li>Mund\u00ebsia p\u00ebr t\u00eb nd\u00ebrhyr\u00eb n\u00eb nj\u00eb num\u00ebr t\u00eb madh rastesh<\/li>\n<li>Rezultat i shk\u00eblqyer<\/li>\n<li>Teknika e vendosjes s\u00eb menj\u00ebhersh\u00ebm<\/li>\n<li>P\u00ebrdorimi i 4 implanteve: 2 t\u00eb pjerret<\/li>\n<li>Mund\u00ebsia e teknik\u00ebs flapless<\/li>\n<li>Mund\u00ebsia e nj\u00eb operacioni t\u00eb drejtuar<\/li>\n<li>Ideale p\u00ebr pacient\u00ebt me sasi t\u00eb vog\u00ebl kockash<\/li>\n<\/ul>\n<\/div><\/div><\/div><\/div><\/div><\/div><\/section><section class=\"l-section wpb_row height_custom\"><div class=\"l-section-h i-cf\"><div class=\"g-cols vc_row via_grid cols_2-1 laptops-cols_inherit tablets-cols_inherit mobiles-cols_1 valign_top type_default stacking_default\"><div class=\"wpb_column vc_column_container\"><div class=\"vc_column-inner\"><h2 class=\"w-text\"><span class=\"w-text-h\"><span class=\"w-text-value\">Si funksionon trajtimi?<\/span><\/span><\/h2><div class=\"wpb_text_column\"><div class=\"wpb_wrapper\"><p>Pjesa diagnostike radiografike para-kirurgjikale \u00ebsht\u00eb themelore dhe n\u00eb qendr\u00ebn ton\u00eb, kryhen ortopantomografi dhe Tac Combean.<\/p>\n<p>Specialistet, pas njohjes s\u00eb plot\u00eb t\u00eb situat\u00ebs, do t\u00eb jet\u00eb n\u00eb gjendje t\u00eb fillojne me nderhyrjen gjat\u00eb t\u00eb cilit pacienti do t&#8217;i n\u00ebnshtrohet nje sedacioni konshient. Kjo anestezi e ve\u00e7ant\u00eb i lejon personit t\u00eb q\u00ebndroj\u00eb zgjuar dhe t\u00eb vet\u00ebdijsh\u00ebm duke mos ndjer\u00eb asnj\u00eb lloj dhimbjeje apo shqet\u00ebsimi.<\/p>\n<\/div><\/div><\/div><\/div><div class=\"wpb_column vc_column_container\"><div class=\"vc_column-inner\"><div class=\"w-image align_none\"><div class=\"w-image-h\"><img decoding=\"async\" width=\"900\" height=\"900\" src=\"https:\/\/i0.wp.com\/tiranadentalhospital.com\/al\/wp-content\/uploads\/2022\/12\/Chirurgia.jpg?fit=900%2C900&amp;ssl=1\" class=\"attachment-large size-large\" alt=\"\" loading=\"lazy\" srcset=\"https:\/\/i0.wp.com\/tiranadentalhospital.com\/al\/wp-content\/uploads\/2022\/12\/Chirurgia.jpg?w=900&amp;ssl=1 900w, https:\/\/i0.wp.com\/tiranadentalhospital.com\/al\/wp-content\/uploads\/2022\/12\/Chirurgia.jpg?resize=300%2C300&amp;ssl=1 300w, https:\/\/i0.wp.com\/tiranadentalhospital.com\/al\/wp-content\/uploads\/2022\/12\/Chirurgia.jpg?resize=150%2C150&amp;ssl=1 150w\" sizes=\"auto, (max-width: 900px) 100vw, 900px\" \/><\/div><\/div><\/div><\/div><\/div><\/div><\/section><section class=\"l-section wpb_row height_custom\"><div class=\"l-section-h i-cf\"><div class=\"g-cols vc_row via_grid cols_1 laptops-cols_inherit tablets-cols_inherit mobiles-cols_1 valign_top type_default stacking_default\"><div class=\"wpb_column vc_column_container\"><div class=\"vc_column-inner\"><h2 class=\"w-text\"><span class=\"w-text-h\"><span class=\"w-text-value\">Sa koh\u00eb duhet p\u00ebr operacionin?<\/span><\/span><\/h2><div class=\"wpb_text_column\"><div class=\"wpb_wrapper\"><p>Pasi t\u00eb jen\u00eb b\u00ebr\u00eb vler\u00ebsimet e para radiografike, do te merren masa, marrja e kafshimit q\u00eb do t\u00eb lejojn\u00eb laboratorin t\u00eb p\u00ebrgatis\u00eb llojin e zgjidhjes protetike t\u00eb zgjedhur (hap themelor\u00eb p\u00ebr p\u00ebrgatitjen e rastit). Pas dit\u00ebs s\u00eb operacionit, me nj\u00eb pushim t\u00eb shkurt\u00ebr deri n\u00eb 48 or\u00eb (ku \u00ebsht\u00eb e mundur), do t\u00eb rregullohet proteza e p\u00ebrgatitur m\u00eb par\u00eb p\u00ebr t\u00eb rikthyer buz\u00ebqeshjen.<br \/>\n10-15 dit\u00eb pas operacionit do t\u00eb b\u00ebhet nj\u00eb seanc\u00eb p\u00ebr heqjen e qepjeve dhe nj\u00eb kontroll i m\u00ebtejsh\u00ebm dhe n\u00eb t\u00eb nj\u00ebjt\u00ebn koh\u00eb do t\u00eb jepen t\u00eb gjitha informacionet e nevojshme p\u00ebr ruajtjen e higjien\u00ebs.<\/p>\n<\/div><\/div><\/div><\/div><\/div><\/div><\/section>\n","protected":false},"excerpt":{"rendered":"\u00c7far\u00eb \u00ebsht\u00eb All-on-4?E ashtuquajtura teknika &#8220;All-on-4&#8221; p\u00ebrfshin futjen e 4 implanteve dentare n\u00eb harkun mandibular ose maksilar q\u00eb mund t\u00eb vendoset menj\u00ebher\u00eb, (mund kryhet n\u00eb nj\u00eb seanc\u00eb t\u00eb vetme). Kjo teknik\u00eb \u00ebsht\u00eb zgjidhja ideale p\u00ebr ato raste n\u00eb t\u00eb cilat pacienti ka nj\u00eb konformacion kockor t\u00eb mang\u00ebt p\u00ebr t\u00eb qen\u00eb n\u00eb gjendje t\u00eb implantoj\u00eb nj\u00eb...","protected":false},"author":1,"featured_media":0,"parent":7555,"menu_order":0,"comment_status":"closed","ping_status":"closed","template":"","meta":{"nf_dc_page":"","footnotes":""},"class_list":["post-7543","page","type-page","status-publish","hentry"],"yoast_head":"<!-- This site is optimized with the Yoast SEO plugin v27.4 - https:\/\/yoast.com\/product\/yoast-seo-wordpress\/ -->\n<title>All on 4 | Tirana Dental Hospital<\/title>\n<meta name=\"description\" content=\"All-on-4 - Teknik\u00eb n\u00eb rastet e nj\u00eb konformacioni kockor t\u00eb mang\u00ebt p\u00ebr t\u00eb qen\u00eb n\u00eb gjendje t\u00eb implantoj\u00eb nj\u00eb protez\u00eb fikse.\" \/>\n<meta name=\"robots\" content=\"index, follow, max-snippet:-1, max-image-preview:large, max-video-preview:-1\" \/>\n<link rel=\"canonical\" href=\"https:\/\/tiranadentalhospital.com\/al\/kirurgji-implantologjie\/all-on-4\/\" \/>\n<meta property=\"og:locale\" content=\"en_US\" \/>\n<meta property=\"og:type\" content=\"article\" \/>\n<meta property=\"og:title\" content=\"All on 4 | Tirana Dental Hospital\" \/>\n<meta property=\"og:description\" content=\"All-on-4 - Teknik\u00eb n\u00eb rastet e nj\u00eb konformacioni kockor t\u00eb mang\u00ebt p\u00ebr t\u00eb qen\u00eb n\u00eb gjendje t\u00eb implantoj\u00eb nj\u00eb protez\u00eb fikse.\" \/>\n<meta property=\"og:url\" content=\"https:\/\/tiranadentalhospital.com\/al\/kirurgji-implantologjie\/all-on-4\/\" \/>\n<meta property=\"og:site_name\" content=\"Tirana Dental Hospital\" \/>\n<meta property=\"article:publisher\" content=\"https:\/\/www.facebook.com\/tiranadentalhospital\" \/>\n<meta property=\"article:modified_time\" content=\"2026-03-14T22:20:50+00:00\" \/>\n<meta property=\"og:image\" content=\"https:\/\/i0.wp.com\/tiranadentalhospital.com\/al\/wp-content\/uploads\/2025\/04\/tdh.png?fit=1200%2C675&ssl=1\" \/>\n\t<meta property=\"og:image:width\" content=\"1200\" \/>\n\t<meta property=\"og:image:height\" content=\"675\" \/>\n\t<meta property=\"og:image:type\" content=\"image\/png\" \/>\n<meta name=\"twitter:card\" content=\"summary_large_image\" \/>\n<meta name=\"twitter:label1\" content=\"Est. reading time\" \/>\n\t<meta name=\"twitter:data1\" content=\"2 minutes\" \/>\n<script type=\"application\/ld+json\" class=\"yoast-schema-graph\">{\"@context\":\"https:\\\/\\\/schema.org\",\"@graph\":[{\"@type\":\"WebPage\",\"@id\":\"https:\\\/\\\/tiranadentalhospital.com\\\/al\\\/kirurgji-implantologjie\\\/all-on-4\\\/\",\"url\":\"https:\\\/\\\/tiranadentalhospital.com\\\/al\\\/kirurgji-implantologjie\\\/all-on-4\\\/\",\"name\":\"All on 4 | Tirana Dental Hospital\",\"isPartOf\":{\"@id\":\"https:\\\/\\\/tiranadentalhospital.com\\\/al\\\/#website\"},\"datePublished\":\"2022-12-10T22:50:37+00:00\",\"dateModified\":\"2026-03-14T22:20:50+00:00\",\"description\":\"All-on-4 - Teknik\u00eb n\u00eb rastet e nj\u00eb konformacioni kockor t\u00eb mang\u00ebt p\u00ebr t\u00eb qen\u00eb n\u00eb gjendje t\u00eb implantoj\u00eb nj\u00eb protez\u00eb fikse.\",\"breadcrumb\":{\"@id\":\"https:\\\/\\\/tiranadentalhospital.com\\\/al\\\/kirurgji-implantologjie\\\/all-on-4\\\/#breadcrumb\"},\"inLanguage\":\"en-US\",\"potentialAction\":[{\"@type\":\"ReadAction\",\"target\":[\"https:\\\/\\\/tiranadentalhospital.com\\\/al\\\/kirurgji-implantologjie\\\/all-on-4\\\/\"]}]},{\"@type\":\"BreadcrumbList\",\"@id\":\"https:\\\/\\\/tiranadentalhospital.com\\\/al\\\/kirurgji-implantologjie\\\/all-on-4\\\/#breadcrumb\",\"itemListElement\":[{\"@type\":\"ListItem\",\"position\":1,\"name\":\"Home\",\"item\":\"https:\\\/\\\/tiranadentalhospital.com\\\/al\\\/\"},{\"@type\":\"ListItem\",\"position\":2,\"name\":\"Kirurgji implantologjie\",\"item\":\"https:\\\/\\\/tiranadentalhospital.com\\\/al\\\/kirurgji-implantologjie\\\/\"},{\"@type\":\"ListItem\",\"position\":3,\"name\":\"All on 4\"}]},{\"@type\":\"WebSite\",\"@id\":\"https:\\\/\\\/tiranadentalhospital.com\\\/al\\\/#website\",\"url\":\"https:\\\/\\\/tiranadentalhospital.com\\\/al\\\/\",\"name\":\"Tirana Dental Hospital\",\"description\":\"Klinik\u00eb Dentare n\u00eb Tiran\u00eb\",\"publisher\":{\"@id\":\"https:\\\/\\\/tiranadentalhospital.com\\\/al\\\/#organization\"},\"alternateName\":\"TDH\",\"potentialAction\":[{\"@type\":\"SearchAction\",\"target\":{\"@type\":\"EntryPoint\",\"urlTemplate\":\"https:\\\/\\\/tiranadentalhospital.com\\\/al\\\/?s={search_term_string}\"},\"query-input\":{\"@type\":\"PropertyValueSpecification\",\"valueRequired\":true,\"valueName\":\"search_term_string\"}}],\"inLanguage\":\"en-US\"},{\"@type\":\"Organization\",\"@id\":\"https:\\\/\\\/tiranadentalhospital.com\\\/al\\\/#organization\",\"name\":\"Tirana Dental Hospital\",\"alternateName\":\"Tirana Dental Hospital | Klinik\u00eb Dentare\",\"url\":\"https:\\\/\\\/tiranadentalhospital.com\\\/al\\\/\",\"logo\":{\"@type\":\"ImageObject\",\"inLanguage\":\"en-US\",\"@id\":\"https:\\\/\\\/tiranadentalhospital.com\\\/al\\\/#\\\/schema\\\/logo\\\/image\\\/\",\"url\":\"https:\\\/\\\/i0.wp.com\\\/tiranadentalhospital.com\\\/al\\\/wp-content\\\/uploads\\\/2025\\\/04\\\/tdh-logo.png?fit=696%2C696&ssl=1\",\"contentUrl\":\"https:\\\/\\\/i0.wp.com\\\/tiranadentalhospital.com\\\/al\\\/wp-content\\\/uploads\\\/2025\\\/04\\\/tdh-logo.png?fit=696%2C696&ssl=1\",\"width\":696,\"height\":696,\"caption\":\"Tirana Dental Hospital\"},\"image\":{\"@id\":\"https:\\\/\\\/tiranadentalhospital.com\\\/al\\\/#\\\/schema\\\/logo\\\/image\\\/\"},\"sameAs\":[\"https:\\\/\\\/www.facebook.com\\\/tiranadentalhospital\"]}]}<\/script>\n<!-- \/ Yoast SEO plugin. -->","yoast_head_json":{"title":"All on 4 | Tirana Dental Hospital","description":"All-on-4 - Teknik\u00eb n\u00eb rastet e nj\u00eb konformacioni kockor t\u00eb mang\u00ebt p\u00ebr t\u00eb qen\u00eb n\u00eb gjendje t\u00eb implantoj\u00eb nj\u00eb protez\u00eb fikse.","robots":{"index":"index","follow":"follow","max-snippet":"max-snippet:-1","max-image-preview":"max-image-preview:large","max-video-preview":"max-video-preview:-1"},"canonical":"https:\/\/tiranadentalhospital.com\/al\/kirurgji-implantologjie\/all-on-4\/","og_locale":"en_US","og_type":"article","og_title":"All on 4 | Tirana Dental Hospital","og_description":"All-on-4 - Teknik\u00eb n\u00eb rastet e nj\u00eb konformacioni kockor t\u00eb mang\u00ebt p\u00ebr t\u00eb qen\u00eb n\u00eb gjendje t\u00eb implantoj\u00eb nj\u00eb protez\u00eb fikse.","og_url":"https:\/\/tiranadentalhospital.com\/al\/kirurgji-implantologjie\/all-on-4\/","og_site_name":"Tirana Dental Hospital","article_publisher":"https:\/\/www.facebook.com\/tiranadentalhospital","article_modified_time":"2026-03-14T22:20:50+00:00","og_image":[{"width":1200,"height":675,"url":"https:\/\/i0.wp.com\/tiranadentalhospital.com\/al\/wp-content\/uploads\/2025\/04\/tdh.png?fit=1200%2C675&ssl=1","type":"image\/png"}],"twitter_card":"summary_large_image","twitter_misc":{"Est. reading time":"2 minutes"},"schema":{"@context":"https:\/\/schema.org","@graph":[{"@type":"WebPage","@id":"https:\/\/tiranadentalhospital.com\/al\/kirurgji-implantologjie\/all-on-4\/","url":"https:\/\/tiranadentalhospital.com\/al\/kirurgji-implantologjie\/all-on-4\/","name":"All on 4 | Tirana Dental Hospital","isPartOf":{"@id":"https:\/\/tiranadentalhospital.com\/al\/#website"},"datePublished":"2022-12-10T22:50:37+00:00","dateModified":"2026-03-14T22:20:50+00:00","description":"All-on-4 - Teknik\u00eb n\u00eb rastet e nj\u00eb konformacioni kockor t\u00eb mang\u00ebt p\u00ebr t\u00eb qen\u00eb n\u00eb gjendje t\u00eb implantoj\u00eb nj\u00eb protez\u00eb fikse.","breadcrumb":{"@id":"https:\/\/tiranadentalhospital.com\/al\/kirurgji-implantologjie\/all-on-4\/#breadcrumb"},"inLanguage":"en-US","potentialAction":[{"@type":"ReadAction","target":["https:\/\/tiranadentalhospital.com\/al\/kirurgji-implantologjie\/all-on-4\/"]}]},{"@type":"BreadcrumbList","@id":"https:\/\/tiranadentalhospital.com\/al\/kirurgji-implantologjie\/all-on-4\/#breadcrumb","itemListElement":[{"@type":"ListItem","position":1,"name":"Home","item":"https:\/\/tiranadentalhospital.com\/al\/"},{"@type":"ListItem","position":2,"name":"Kirurgji implantologjie","item":"https:\/\/tiranadentalhospital.com\/al\/kirurgji-implantologjie\/"},{"@type":"ListItem","position":3,"name":"All on 4"}]},{"@type":"WebSite","@id":"https:\/\/tiranadentalhospital.com\/al\/#website","url":"https:\/\/tiranadentalhospital.com\/al\/","name":"Tirana Dental Hospital","description":"Klinik\u00eb Dentare n\u00eb Tiran\u00eb","publisher":{"@id":"https:\/\/tiranadentalhospital.com\/al\/#organization"},"alternateName":"TDH","potentialAction":[{"@type":"SearchAction","target":{"@type":"EntryPoint","urlTemplate":"https:\/\/tiranadentalhospital.com\/al\/?s={search_term_string}"},"query-input":{"@type":"PropertyValueSpecification","valueRequired":true,"valueName":"search_term_string"}}],"inLanguage":"en-US"},{"@type":"Organization","@id":"https:\/\/tiranadentalhospital.com\/al\/#organization","name":"Tirana Dental Hospital","alternateName":"Tirana Dental Hospital | Klinik\u00eb Dentare","url":"https:\/\/tiranadentalhospital.com\/al\/","logo":{"@type":"ImageObject","inLanguage":"en-US","@id":"https:\/\/tiranadentalhospital.com\/al\/#\/schema\/logo\/image\/","url":"https:\/\/i0.wp.com\/tiranadentalhospital.com\/al\/wp-content\/uploads\/2025\/04\/tdh-logo.png?fit=696%2C696&ssl=1","contentUrl":"https:\/\/i0.wp.com\/tiranadentalhospital.com\/al\/wp-content\/uploads\/2025\/04\/tdh-logo.png?fit=696%2C696&ssl=1","width":696,"height":696,"caption":"Tirana Dental Hospital"},"image":{"@id":"https:\/\/tiranadentalhospital.com\/al\/#\/schema\/logo\/image\/"},"sameAs":["https:\/\/www.facebook.com\/tiranadentalhospital"]}]}},"jetpack_sharing_enabled":true,"_links":{"self":[{"href":"https:\/\/tiranadentalhospital.com\/al\/wp-json\/wp\/v2\/pages\/7543","targetHints":{"allow":["GET"]}}],"collection":[{"href":"https:\/\/tiranadentalhospital.com\/al\/wp-json\/wp\/v2\/pages"}],"about":[{"href":"https:\/\/tiranadentalhospital.com\/al\/wp-json\/wp\/v2\/types\/page"}],"author":[{"embeddable":true,"href":"https:\/\/tiranadentalhospital.com\/al\/wp-json\/wp\/v2\/users\/1"}],"replies":[{"embeddable":true,"href":"https:\/\/tiranadentalhospital.com\/al\/wp-json\/wp\/v2\/comments?post=7543"}],"version-history":[{"count":5,"href":"https:\/\/tiranadentalhospital.com\/al\/wp-json\/wp\/v2\/pages\/7543\/revisions"}],"predecessor-version":[{"id":8462,"href":"https:\/\/tiranadentalhospital.com\/al\/wp-json\/wp\/v2\/pages\/7543\/revisions\/8462"}],"up":[{"embeddable":true,"href":"https:\/\/tiranadentalhospital.com\/al\/wp-json\/wp\/v2\/pages\/7555"}],"wp:attachment":[{"href":"https:\/\/tiranadentalhospital.com\/al\/wp-json\/wp\/v2\/media?parent=7543"}],"curies":[{"name":"wp","href":"https:\/\/api.w.org\/{rel}","templated":true}]}}