{"id":7557,"date":"2022-12-19T14:42:15","date_gmt":"2022-12-19T14:42:15","guid":{"rendered":"https:\/\/tiranadentalhospital.com\/al\/?page_id=7557"},"modified":"2026-03-14T22:26:55","modified_gmt":"2026-03-14T22:26:55","slug":"all-on-6-implantologjia","status":"publish","type":"page","link":"https:\/\/tiranadentalhospital.com\/al\/kirurgji-implantologjie\/all-on-6-implantologjia\/","title":{"rendered":"All-on-6"},"content":{"rendered":"<section class=\"l-section wpb_row height_custom\"><div class=\"l-section-h i-cf\"><div class=\"g-cols vc_row via_grid cols_2-1 laptops-cols_inherit tablets-cols_inherit mobiles-cols_1 valign_top type_default stacking_default\"><div class=\"wpb_column vc_column_container\"><div class=\"vc_column-inner\"><h2 class=\"w-text\"><span class=\"w-text-h\"><span class=\"w-text-value\">\u00c7far\u00eb \u00ebsht\u00eb All-on-6?<\/span><\/span><\/h2><div class=\"wpb_text_column\"><div class=\"wpb_wrapper\"><p>Ne flasim p\u00ebr<strong> All-on-6<\/strong> kur specialisti vendos 6 implante n\u00eb vend t\u00eb 4.<\/p>\n<p>Gjasht\u00eb \u00ebsht\u00eb numri i duhur i implanteve, p\u00ebr t\u00eb mund\u00ebsuar vendosjen e implanteve (ose vidave) t\u00eb titanit. 6 eshte numri perfekt sepse nuk shum\u00eb i lart\u00eb i pare ne te gjitha aspektet, si nga ana estetike edhe nga ana profesionale.<\/p>\n<\/div><\/div><\/div><\/div><div class=\"wpb_column vc_column_container\"><div class=\"vc_column-inner\"><div class=\"w-image align_none\"><div class=\"w-image-h\"><img decoding=\"async\" width=\"355\" height=\"225\" src=\"https:\/\/i0.wp.com\/tiranadentalhospital.com\/al\/wp-content\/uploads\/2022\/12\/all-on-6.webp?fit=355%2C225&amp;ssl=1\" class=\"attachment-large size-large\" alt=\"\" loading=\"lazy\" srcset=\"https:\/\/i0.wp.com\/tiranadentalhospital.com\/al\/wp-content\/uploads\/2022\/12\/all-on-6.webp?w=355&amp;ssl=1 355w, https:\/\/i0.wp.com\/tiranadentalhospital.com\/al\/wp-content\/uploads\/2022\/12\/all-on-6.webp?resize=300%2C190&amp;ssl=1 300w\" sizes=\"auto, (max-width: 355px) 100vw, 355px\" \/><\/div><\/div><\/div><\/div><\/div><\/div><\/section><section class=\"l-section wpb_row height_custom\"><div class=\"l-section-h i-cf\"><div class=\"g-cols vc_row via_grid cols_1 laptops-cols_inherit tablets-cols_inherit mobiles-cols_1 valign_top type_default stacking_default\"><div class=\"wpb_column vc_column_container\"><div class=\"vc_column-inner\"><h2 class=\"w-text\"><span class=\"w-text-h\"><span class=\"w-text-value\">Cilat jan\u00eb avantazhet e All on 6?<\/span><\/span><\/h2><div class=\"wpb_text_column\"><div class=\"wpb_wrapper\"><p>Shum\u00eb shpesh k\u00ebta pacient\u00eb p\u00ebrdorin proteza totale t\u00eb l\u00ebvizshme, pra proteza. Kjo zgjidhje, megjith\u00ebse p\u00ebrdoret ende gjer\u00ebsisht, shkakton shqet\u00ebsime t\u00eb ndryshme si:<\/p>\n<p>Arsyet q\u00eb e b\u00ebjn\u00eb t\u00eb preferueshme kur \u00ebsht\u00eb e mundur p\u00ebrdorimin e teknik\u00ebs All-on-4 dhe All-on-6 jan\u00eb t\u00eb ndryshme, si\u00e7 dihet edhe n\u00eb klinikat dentare ku aplikohet. K\u00ebtu ata jan\u00eb:<\/p>\n<ul>\n<li>Eliminon koh\u00ebn e pritjes p\u00ebr rigjenerimin e osteokondroz\u00ebs;<\/li>\n<li>Kursime t\u00eb konsiderueshme n\u00eb koh\u00eb: \u00ebsht\u00eb e mundur t\u00eb p\u00ebrfundoni pun\u00ebn edhe n\u00eb nj\u00eb seanc\u00eb t\u00eb vetme;<\/li>\n<li>Invaziviteti minimal i nd\u00ebrhyrjes;<\/li>\n<li>Mund\u00ebsia e aplikimit t\u00eb teknik\u00ebs n\u00eb nj\u00eb num\u00ebr t\u00eb madh rastesh;<\/li>\n<li>Rezultati estetik optimal: dh\u00ebmb\u00ebt do t\u00eb duken normal\u00eb, t\u00eb p\u00ebrputhur n\u00eb m\u00ebnyr\u00eb t\u00eb p\u00ebrkryer me qiellz\u00ebn, pa v\u00ebn\u00eb re ndonj\u00eb ndryshim<\/li>\n<li>Alternativ\u00eb e vlefshme p\u00ebr protezat. Sidomos n\u00eb pacient\u00ebt m\u00eb t\u00eb rinj p\u00ebr t\u00eb cil\u00ebt protezat mund t\u00eb paraqesin nj\u00eb goditje, kjo metod\u00eb \u00ebsht\u00eb nj\u00eb zgjidhje e shk\u00eblqyer<\/li>\n<li>Nuk ekziston rreziku p\u00ebr tu ekspozuar ndaj situatave te pakendshme, pasi mund t\u00eb ndodh\u00eb me nj\u00eb protez\u00eb t\u00eb l\u00ebvizshme.<\/li>\n<li>Zgjidhjen e problemeve t\u00eb p\u00ebrtypjes.<\/li>\n<\/ul>\n<\/div><\/div><\/div><\/div><\/div><\/div><\/section><section class=\"l-section wpb_row height_custom\"><div class=\"l-section-h i-cf\"><div class=\"g-cols vc_row via_grid cols_2-1 laptops-cols_inherit tablets-cols_inherit mobiles-cols_1 valign_top type_default stacking_default\"><div class=\"wpb_column vc_column_container\"><div class=\"vc_column-inner\"><h2 class=\"w-text\"><span class=\"w-text-h\"><span class=\"w-text-value\">Si funksionon trajtimi All-on-6?<\/span><\/span><\/h2><div class=\"wpb_text_column\"><div class=\"wpb_wrapper\"><p>Teknika \u00ebsht\u00eb e nj\u00ebjt\u00eb me at\u00eb t\u00eb trajtimit All-in-4, por n\u00eb k\u00ebt\u00eb rast ne i drejtohemi gjithmon\u00eb pacient\u00ebve q\u00eb vuajn\u00eb nga edentulizmi total, por q\u00eb duan t\u00eb ken\u00eb nj\u00eb hark t\u00eb plot\u00eb dentar.<\/p>\n<\/div><\/div><\/div><\/div><div class=\"wpb_column vc_column_container\"><div class=\"vc_column-inner\"><div class=\"w-image align_none\"><div class=\"w-image-h\"><img decoding=\"async\" width=\"280\" height=\"253\" src=\"https:\/\/i0.wp.com\/tiranadentalhospital.com\/al\/wp-content\/uploads\/2022\/12\/all-on-6-tirane.webp?fit=280%2C253&amp;ssl=1\" class=\"attachment-large size-large\" alt=\"\" loading=\"lazy\" \/><\/div><\/div><\/div><\/div><\/div><\/div><\/section><section class=\"l-section wpb_row height_custom\"><div class=\"l-section-h i-cf\"><div class=\"g-cols vc_row via_grid cols_1 laptops-cols_inherit tablets-cols_inherit mobiles-cols_1 valign_top type_default stacking_default\"><div class=\"wpb_column vc_column_container\"><div class=\"vc_column-inner\"><h2 class=\"w-text\"><span class=\"w-text-h\"><span class=\"w-text-value\">Sa koh\u00eb duhet p\u00ebr All-on-6?<\/span><\/span><\/h2><div class=\"wpb_text_column\"><div class=\"wpb_wrapper\"><p>Nd\u00ebrhyrja \u00ebsht\u00eb minimalisht invazive dhe jep rezultate t\u00eb menj\u00ebhershme. Brenda pak dit\u00ebsh pacienti rifillon jet\u00ebn e tij t\u00eb p\u00ebrditshme dhe diet\u00ebn, pa asnj\u00eb lloj dekompensimi.<\/p>\n<\/div><\/div><\/div><\/div><\/div><\/div><\/section>\n","protected":false},"excerpt":{"rendered":"\u00c7far\u00eb \u00ebsht\u00eb All-on-6?Ne flasim p\u00ebr All-on-6 kur specialisti vendos 6 implante n\u00eb vend t\u00eb 4. Gjasht\u00eb \u00ebsht\u00eb numri i duhur i implanteve, p\u00ebr t\u00eb mund\u00ebsuar vendosjen e implanteve (ose vidave) t\u00eb titanit. 6 eshte numri perfekt sepse nuk shum\u00eb i lart\u00eb i pare ne te gjitha aspektet, si nga ana estetike edhe nga ana profesionale....","protected":false},"author":1,"featured_media":7570,"parent":7555,"menu_order":0,"comment_status":"closed","ping_status":"closed","template":"","meta":{"nf_dc_page":"","footnotes":""},"class_list":["post-7557","page","type-page","status-publish","has-post-thumbnail","hentry"],"yoast_head":"<!-- This site is optimized with the Yoast SEO plugin v27.4 - https:\/\/yoast.com\/product\/yoast-seo-wordpress\/ -->\n<title>All-on-6 | Tirana Dental Hospital<\/title>\n<meta name=\"description\" content=\"Flasim p\u00ebr All-on-6 kur specialisti vendos 6 implante n\u00eb vend t\u00eb 4.Gjasht\u00eb \u00ebsht\u00eb numri i duhur i implanteve, p\u00ebr t\u00eb mund\u00ebsuar vendosjen e implanteve (ose vidave) t\u00eb titanit. 6 eshte numri perfekt sepse nuk shum\u00eb i lart\u00eb i pare ne te gjitha aspektet.\" \/>\n<meta name=\"robots\" content=\"index, follow, max-snippet:-1, max-image-preview:large, max-video-preview:-1\" \/>\n<link rel=\"canonical\" href=\"https:\/\/tiranadentalhospital.com\/al\/kirurgji-implantologjie\/all-on-6-implantologjia\/\" \/>\n<meta property=\"og:locale\" content=\"en_US\" \/>\n<meta property=\"og:type\" content=\"article\" \/>\n<meta property=\"og:title\" content=\"All-on-6 | Tirana Dental Hospital\" \/>\n<meta property=\"og:description\" content=\"Flasim p\u00ebr All-on-6 kur specialisti vendos 6 implante n\u00eb vend t\u00eb 4.Gjasht\u00eb \u00ebsht\u00eb numri i duhur i implanteve, p\u00ebr t\u00eb mund\u00ebsuar vendosjen e implanteve (ose vidave) t\u00eb titanit. 6 eshte numri perfekt sepse nuk shum\u00eb i lart\u00eb i pare ne te gjitha aspektet.\" \/>\n<meta property=\"og:url\" content=\"https:\/\/tiranadentalhospital.com\/al\/kirurgji-implantologjie\/all-on-6-implantologjia\/\" \/>\n<meta property=\"og:site_name\" content=\"Tirana Dental Hospital\" \/>\n<meta property=\"article:publisher\" content=\"https:\/\/www.facebook.com\/tiranadentalhospital\" \/>\n<meta property=\"article:modified_time\" content=\"2026-03-14T22:26:55+00:00\" \/>\n<meta property=\"og:image\" content=\"https:\/\/tiranadentalhospital.com\/al\/wp-content\/uploads\/2022\/12\/all-on-six-albania.jpg\" \/>\n\t<meta property=\"og:image:width\" content=\"960\" \/>\n\t<meta property=\"og:image:height\" content=\"960\" \/>\n\t<meta property=\"og:image:type\" content=\"image\/jpeg\" \/>\n<meta name=\"twitter:card\" content=\"summary_large_image\" \/>\n<meta name=\"twitter:label1\" content=\"Est. reading time\" \/>\n\t<meta name=\"twitter:data1\" content=\"2 minutes\" \/>\n<script type=\"application\/ld+json\" class=\"yoast-schema-graph\">{\"@context\":\"https:\\\/\\\/schema.org\",\"@graph\":[{\"@type\":\"WebPage\",\"@id\":\"https:\\\/\\\/tiranadentalhospital.com\\\/al\\\/kirurgji-implantologjie\\\/all-on-6-implantologjia\\\/\",\"url\":\"https:\\\/\\\/tiranadentalhospital.com\\\/al\\\/kirurgji-implantologjie\\\/all-on-6-implantologjia\\\/\",\"name\":\"All-on-6 | Tirana Dental Hospital\",\"isPartOf\":{\"@id\":\"https:\\\/\\\/tiranadentalhospital.com\\\/al\\\/#website\"},\"primaryImageOfPage\":{\"@id\":\"https:\\\/\\\/tiranadentalhospital.com\\\/al\\\/kirurgji-implantologjie\\\/all-on-6-implantologjia\\\/#primaryimage\"},\"image\":{\"@id\":\"https:\\\/\\\/tiranadentalhospital.com\\\/al\\\/kirurgji-implantologjie\\\/all-on-6-implantologjia\\\/#primaryimage\"},\"thumbnailUrl\":\"https:\\\/\\\/i0.wp.com\\\/tiranadentalhospital.com\\\/al\\\/wp-content\\\/uploads\\\/2022\\\/12\\\/all-on-six-albania.jpg?fit=960%2C960&ssl=1\",\"datePublished\":\"2022-12-19T14:42:15+00:00\",\"dateModified\":\"2026-03-14T22:26:55+00:00\",\"description\":\"Flasim p\u00ebr All-on-6 kur specialisti vendos 6 implante n\u00eb vend t\u00eb 4.Gjasht\u00eb \u00ebsht\u00eb numri i duhur i implanteve, p\u00ebr t\u00eb mund\u00ebsuar vendosjen e implanteve (ose vidave) t\u00eb titanit. 6 eshte numri perfekt sepse nuk shum\u00eb i lart\u00eb i pare ne te gjitha aspektet.\",\"breadcrumb\":{\"@id\":\"https:\\\/\\\/tiranadentalhospital.com\\\/al\\\/kirurgji-implantologjie\\\/all-on-6-implantologjia\\\/#breadcrumb\"},\"inLanguage\":\"en-US\",\"potentialAction\":[{\"@type\":\"ReadAction\",\"target\":[\"https:\\\/\\\/tiranadentalhospital.com\\\/al\\\/kirurgji-implantologjie\\\/all-on-6-implantologjia\\\/\"]}]},{\"@type\":\"ImageObject\",\"inLanguage\":\"en-US\",\"@id\":\"https:\\\/\\\/tiranadentalhospital.com\\\/al\\\/kirurgji-implantologjie\\\/all-on-6-implantologjia\\\/#primaryimage\",\"url\":\"https:\\\/\\\/i0.wp.com\\\/tiranadentalhospital.com\\\/al\\\/wp-content\\\/uploads\\\/2022\\\/12\\\/all-on-six-albania.jpg?fit=960%2C960&ssl=1\",\"contentUrl\":\"https:\\\/\\\/i0.wp.com\\\/tiranadentalhospital.com\\\/al\\\/wp-content\\\/uploads\\\/2022\\\/12\\\/all-on-six-albania.jpg?fit=960%2C960&ssl=1\",\"width\":960,\"height\":960},{\"@type\":\"BreadcrumbList\",\"@id\":\"https:\\\/\\\/tiranadentalhospital.com\\\/al\\\/kirurgji-implantologjie\\\/all-on-6-implantologjia\\\/#breadcrumb\",\"itemListElement\":[{\"@type\":\"ListItem\",\"position\":1,\"name\":\"Home\",\"item\":\"https:\\\/\\\/tiranadentalhospital.com\\\/al\\\/\"},{\"@type\":\"ListItem\",\"position\":2,\"name\":\"Kirurgji implantologjie\",\"item\":\"https:\\\/\\\/tiranadentalhospital.com\\\/al\\\/kirurgji-implantologjie\\\/\"},{\"@type\":\"ListItem\",\"position\":3,\"name\":\"All-on-6\"}]},{\"@type\":\"WebSite\",\"@id\":\"https:\\\/\\\/tiranadentalhospital.com\\\/al\\\/#website\",\"url\":\"https:\\\/\\\/tiranadentalhospital.com\\\/al\\\/\",\"name\":\"Tirana Dental Hospital\",\"description\":\"Klinik\u00eb Dentare n\u00eb Tiran\u00eb\",\"publisher\":{\"@id\":\"https:\\\/\\\/tiranadentalhospital.com\\\/al\\\/#organization\"},\"alternateName\":\"TDH\",\"potentialAction\":[{\"@type\":\"SearchAction\",\"target\":{\"@type\":\"EntryPoint\",\"urlTemplate\":\"https:\\\/\\\/tiranadentalhospital.com\\\/al\\\/?s={search_term_string}\"},\"query-input\":{\"@type\":\"PropertyValueSpecification\",\"valueRequired\":true,\"valueName\":\"search_term_string\"}}],\"inLanguage\":\"en-US\"},{\"@type\":\"Organization\",\"@id\":\"https:\\\/\\\/tiranadentalhospital.com\\\/al\\\/#organization\",\"name\":\"Tirana Dental Hospital\",\"alternateName\":\"Tirana Dental Hospital | Klinik\u00eb Dentare\",\"url\":\"https:\\\/\\\/tiranadentalhospital.com\\\/al\\\/\",\"logo\":{\"@type\":\"ImageObject\",\"inLanguage\":\"en-US\",\"@id\":\"https:\\\/\\\/tiranadentalhospital.com\\\/al\\\/#\\\/schema\\\/logo\\\/image\\\/\",\"url\":\"https:\\\/\\\/i0.wp.com\\\/tiranadentalhospital.com\\\/al\\\/wp-content\\\/uploads\\\/2025\\\/04\\\/tdh-logo.png?fit=696%2C696&ssl=1\",\"contentUrl\":\"https:\\\/\\\/i0.wp.com\\\/tiranadentalhospital.com\\\/al\\\/wp-content\\\/uploads\\\/2025\\\/04\\\/tdh-logo.png?fit=696%2C696&ssl=1\",\"width\":696,\"height\":696,\"caption\":\"Tirana Dental Hospital\"},\"image\":{\"@id\":\"https:\\\/\\\/tiranadentalhospital.com\\\/al\\\/#\\\/schema\\\/logo\\\/image\\\/\"},\"sameAs\":[\"https:\\\/\\\/www.facebook.com\\\/tiranadentalhospital\"]}]}<\/script>\n<!-- \/ Yoast SEO plugin. -->","yoast_head_json":{"title":"All-on-6 | Tirana Dental Hospital","description":"Flasim p\u00ebr All-on-6 kur specialisti vendos 6 implante n\u00eb vend t\u00eb 4.Gjasht\u00eb \u00ebsht\u00eb numri i duhur i implanteve, p\u00ebr t\u00eb mund\u00ebsuar vendosjen e implanteve (ose vidave) t\u00eb titanit. 6 eshte numri perfekt sepse nuk shum\u00eb i lart\u00eb i pare ne te gjitha aspektet.","robots":{"index":"index","follow":"follow","max-snippet":"max-snippet:-1","max-image-preview":"max-image-preview:large","max-video-preview":"max-video-preview:-1"},"canonical":"https:\/\/tiranadentalhospital.com\/al\/kirurgji-implantologjie\/all-on-6-implantologjia\/","og_locale":"en_US","og_type":"article","og_title":"All-on-6 | Tirana Dental Hospital","og_description":"Flasim p\u00ebr All-on-6 kur specialisti vendos 6 implante n\u00eb vend t\u00eb 4.Gjasht\u00eb \u00ebsht\u00eb numri i duhur i implanteve, p\u00ebr t\u00eb mund\u00ebsuar vendosjen e implanteve (ose vidave) t\u00eb titanit. 6 eshte numri perfekt sepse nuk shum\u00eb i lart\u00eb i pare ne te gjitha aspektet.","og_url":"https:\/\/tiranadentalhospital.com\/al\/kirurgji-implantologjie\/all-on-6-implantologjia\/","og_site_name":"Tirana Dental Hospital","article_publisher":"https:\/\/www.facebook.com\/tiranadentalhospital","article_modified_time":"2026-03-14T22:26:55+00:00","og_image":[{"width":960,"height":960,"url":"https:\/\/tiranadentalhospital.com\/al\/wp-content\/uploads\/2022\/12\/all-on-six-albania.jpg","type":"image\/jpeg"}],"twitter_card":"summary_large_image","twitter_misc":{"Est. reading time":"2 minutes"},"schema":{"@context":"https:\/\/schema.org","@graph":[{"@type":"WebPage","@id":"https:\/\/tiranadentalhospital.com\/al\/kirurgji-implantologjie\/all-on-6-implantologjia\/","url":"https:\/\/tiranadentalhospital.com\/al\/kirurgji-implantologjie\/all-on-6-implantologjia\/","name":"All-on-6 | Tirana Dental Hospital","isPartOf":{"@id":"https:\/\/tiranadentalhospital.com\/al\/#website"},"primaryImageOfPage":{"@id":"https:\/\/tiranadentalhospital.com\/al\/kirurgji-implantologjie\/all-on-6-implantologjia\/#primaryimage"},"image":{"@id":"https:\/\/tiranadentalhospital.com\/al\/kirurgji-implantologjie\/all-on-6-implantologjia\/#primaryimage"},"thumbnailUrl":"https:\/\/i0.wp.com\/tiranadentalhospital.com\/al\/wp-content\/uploads\/2022\/12\/all-on-six-albania.jpg?fit=960%2C960&ssl=1","datePublished":"2022-12-19T14:42:15+00:00","dateModified":"2026-03-14T22:26:55+00:00","description":"Flasim p\u00ebr All-on-6 kur specialisti vendos 6 implante n\u00eb vend t\u00eb 4.Gjasht\u00eb \u00ebsht\u00eb numri i duhur i implanteve, p\u00ebr t\u00eb mund\u00ebsuar vendosjen e implanteve (ose vidave) t\u00eb titanit. 6 eshte numri perfekt sepse nuk shum\u00eb i lart\u00eb i pare ne te gjitha aspektet.","breadcrumb":{"@id":"https:\/\/tiranadentalhospital.com\/al\/kirurgji-implantologjie\/all-on-6-implantologjia\/#breadcrumb"},"inLanguage":"en-US","potentialAction":[{"@type":"ReadAction","target":["https:\/\/tiranadentalhospital.com\/al\/kirurgji-implantologjie\/all-on-6-implantologjia\/"]}]},{"@type":"ImageObject","inLanguage":"en-US","@id":"https:\/\/tiranadentalhospital.com\/al\/kirurgji-implantologjie\/all-on-6-implantologjia\/#primaryimage","url":"https:\/\/i0.wp.com\/tiranadentalhospital.com\/al\/wp-content\/uploads\/2022\/12\/all-on-six-albania.jpg?fit=960%2C960&ssl=1","contentUrl":"https:\/\/i0.wp.com\/tiranadentalhospital.com\/al\/wp-content\/uploads\/2022\/12\/all-on-six-albania.jpg?fit=960%2C960&ssl=1","width":960,"height":960},{"@type":"BreadcrumbList","@id":"https:\/\/tiranadentalhospital.com\/al\/kirurgji-implantologjie\/all-on-6-implantologjia\/#breadcrumb","itemListElement":[{"@type":"ListItem","position":1,"name":"Home","item":"https:\/\/tiranadentalhospital.com\/al\/"},{"@type":"ListItem","position":2,"name":"Kirurgji implantologjie","item":"https:\/\/tiranadentalhospital.com\/al\/kirurgji-implantologjie\/"},{"@type":"ListItem","position":3,"name":"All-on-6"}]},{"@type":"WebSite","@id":"https:\/\/tiranadentalhospital.com\/al\/#website","url":"https:\/\/tiranadentalhospital.com\/al\/","name":"Tirana Dental Hospital","description":"Klinik\u00eb Dentare n\u00eb Tiran\u00eb","publisher":{"@id":"https:\/\/tiranadentalhospital.com\/al\/#organization"},"alternateName":"TDH","potentialAction":[{"@type":"SearchAction","target":{"@type":"EntryPoint","urlTemplate":"https:\/\/tiranadentalhospital.com\/al\/?s={search_term_string}"},"query-input":{"@type":"PropertyValueSpecification","valueRequired":true,"valueName":"search_term_string"}}],"inLanguage":"en-US"},{"@type":"Organization","@id":"https:\/\/tiranadentalhospital.com\/al\/#organization","name":"Tirana Dental Hospital","alternateName":"Tirana Dental Hospital | Klinik\u00eb Dentare","url":"https:\/\/tiranadentalhospital.com\/al\/","logo":{"@type":"ImageObject","inLanguage":"en-US","@id":"https:\/\/tiranadentalhospital.com\/al\/#\/schema\/logo\/image\/","url":"https:\/\/i0.wp.com\/tiranadentalhospital.com\/al\/wp-content\/uploads\/2025\/04\/tdh-logo.png?fit=696%2C696&ssl=1","contentUrl":"https:\/\/i0.wp.com\/tiranadentalhospital.com\/al\/wp-content\/uploads\/2025\/04\/tdh-logo.png?fit=696%2C696&ssl=1","width":696,"height":696,"caption":"Tirana Dental Hospital"},"image":{"@id":"https:\/\/tiranadentalhospital.com\/al\/#\/schema\/logo\/image\/"},"sameAs":["https:\/\/www.facebook.com\/tiranadentalhospital"]}]}},"jetpack_sharing_enabled":true,"_links":{"self":[{"href":"https:\/\/tiranadentalhospital.com\/al\/wp-json\/wp\/v2\/pages\/7557","targetHints":{"allow":["GET"]}}],"collection":[{"href":"https:\/\/tiranadentalhospital.com\/al\/wp-json\/wp\/v2\/pages"}],"about":[{"href":"https:\/\/tiranadentalhospital.com\/al\/wp-json\/wp\/v2\/types\/page"}],"author":[{"embeddable":true,"href":"https:\/\/tiranadentalhospital.com\/al\/wp-json\/wp\/v2\/users\/1"}],"replies":[{"embeddable":true,"href":"https:\/\/tiranadentalhospital.com\/al\/wp-json\/wp\/v2\/comments?post=7557"}],"version-history":[{"count":4,"href":"https:\/\/tiranadentalhospital.com\/al\/wp-json\/wp\/v2\/pages\/7557\/revisions"}],"predecessor-version":[{"id":7582,"href":"https:\/\/tiranadentalhospital.com\/al\/wp-json\/wp\/v2\/pages\/7557\/revisions\/7582"}],"up":[{"embeddable":true,"href":"https:\/\/tiranadentalhospital.com\/al\/wp-json\/wp\/v2\/pages\/7555"}],"wp:featuredmedia":[{"embeddable":true,"href":"https:\/\/tiranadentalhospital.com\/al\/wp-json\/wp\/v2\/media\/7570"}],"wp:attachment":[{"href":"https:\/\/tiranadentalhospital.com\/al\/wp-json\/wp\/v2\/media?parent=7557"}],"curies":[{"name":"wp","href":"https:\/\/api.w.org\/{rel}","templated":true}]}}