{"id":7583,"date":"2022-12-20T10:03:43","date_gmt":"2022-12-20T10:03:43","guid":{"rendered":"https:\/\/tiranadentalhospital.com\/al\/?page_id=7583"},"modified":"2026-03-14T22:39:31","modified_gmt":"2026-03-14T22:39:31","slug":"all-on-8","status":"publish","type":"page","link":"https:\/\/tiranadentalhospital.com\/al\/kirurgji-implantologjie\/all-on-8\/","title":{"rendered":"All-on-8"},"content":{"rendered":"<section class=\"l-section wpb_row height_custom\"><div class=\"l-section-h i-cf\"><div class=\"g-cols vc_row via_grid cols_1 laptops-cols_inherit tablets-cols_inherit mobiles-cols_1 valign_top type_default stacking_default\"><div class=\"wpb_column vc_column_container\"><div class=\"vc_column-inner\"><h2 class=\"w-text\"><span class=\"w-text-h\"><span class=\"w-text-value\">\u00c7far\u00eb \u00ebsht\u00eb All-on-8?<\/span><\/span><\/h2><div class=\"wpb_text_column\"><div class=\"wpb_wrapper\"><p>Sistemi i implanteve dentare All-on-8 konsiston n\u00eb vendosjen e 8 implanteve dentare p\u00ebr \u00e7do hark dentar, duke funksionuar si &#8220;ankorim&#8221; p\u00ebr nj\u00eb ur\u00eb dentare fikse dhe jo t\u00eb l\u00ebvizshme. Ky sistem rekomandohet n\u00eb rastet kur pacienti ka humbur m\u00eb shum\u00eb se 80% t\u00eb dh\u00ebmb\u00ebve natyral\u00eb.<\/p>\n<p>K\u00ebto implante dentare do t\u00eb mb\u00ebshteten ne nj\u00eb ur\u00eb dentare fikse (t\u00eb cementuar p\u00ebrgjithmon\u00eb mbi implante) midis 12 dhe 14 nj\u00ebsive (dh\u00ebmb\u00eb). P\u00ebrpara se t\u00eb beje All-on-8, pacienti duhet t\u00eb ket\u00eb mjaft kocke p\u00ebr t\u00eb mb\u00ebshtetur implantet. N\u00ebse nuk ka kock\u00eb t\u00eb mjaftueshme, k\u00ebrkohet nj\u00eb transplant kockor.<\/p>\n<\/div><\/div><\/div><\/div><\/div><\/div><\/section><section class=\"l-section wpb_row height_custom\"><div class=\"l-section-h i-cf\"><div class=\"g-cols vc_row via_grid cols_1-3 laptops-cols_inherit tablets-cols_inherit mobiles-cols_1 valign_top type_default stacking_default\"><div class=\"wpb_column vc_column_container\"><div class=\"vc_column-inner\"><div class=\"w-image align_none\"><div class=\"w-image-h\"><img decoding=\"async\" width=\"850\" height=\"609\" src=\"https:\/\/i0.wp.com\/tiranadentalhospital.com\/al\/wp-content\/uploads\/2022\/12\/prezzo-all-on-8-albania-1.jpg?fit=850%2C609&amp;ssl=1\" class=\"attachment-large size-large\" alt=\"\" loading=\"lazy\" srcset=\"https:\/\/i0.wp.com\/tiranadentalhospital.com\/al\/wp-content\/uploads\/2022\/12\/prezzo-all-on-8-albania-1.jpg?w=850&amp;ssl=1 850w, https:\/\/i0.wp.com\/tiranadentalhospital.com\/al\/wp-content\/uploads\/2022\/12\/prezzo-all-on-8-albania-1.jpg?resize=300%2C215&amp;ssl=1 300w\" sizes=\"auto, (max-width: 850px) 100vw, 850px\" \/><\/div><\/div><\/div><\/div><div class=\"wpb_column vc_column_container\"><div class=\"vc_column-inner\"><h2 class=\"w-text\"><span class=\"w-text-h\"><span class=\"w-text-value\">Cilat jan\u00eb avantazhet?<\/span><\/span><\/h2><div class=\"wpb_text_column\"><div class=\"wpb_wrapper\"><p>Ky sistem rekomandohet n\u00eb rastet kur pacienti ka humbur m\u00eb shum\u00eb se 80% t\u00eb<br \/>\ndh\u00ebmb\u00ebve natyral\u00eb. P\u00ebrpar\u00ebsit\u00eb kryesore t\u00eb k\u00ebsaj teknike jan\u00eb:<\/p>\n<ul>\n<li>Thjesht\u00ebsia e aplikimit<\/li>\n<li>Sakt\u00ebsia ekstreme e lidhjes s\u00eb implantit<\/li>\n<li>Aplikim i shpejt\u00eb, i sigurt dhe pa dhimbje<\/li>\n<li>Nuk b\u00ebhen incizione<\/li>\n<li>Nuk aplikohen qepje<\/li>\n<\/ul>\n<\/div><\/div><\/div><\/div><\/div><\/div><\/section><section class=\"l-section wpb_row height_custom\"><div class=\"l-section-h i-cf\"><div class=\"g-cols vc_row via_grid cols_1 laptops-cols_inherit tablets-cols_inherit mobiles-cols_1 valign_top type_default stacking_default\"><div class=\"wpb_column vc_column_container\"><div class=\"vc_column-inner\"><h2 class=\"w-text\"><span class=\"w-text-h\"><span class=\"w-text-value\">Si funksionon trajtimi All-on-8?<\/span><\/span><\/h2><div class=\"wpb_text_column\"><div class=\"wpb_wrapper\"><p>Sekuenca e takimeve p\u00ebrfshin hapat e m\u00ebposht\u00ebm:<\/p>\n<ol>\n<li>Vizita dhe ekzaminimi paraprak p\u00ebr t\u00eb vler\u00ebsuar zbatueshm\u00ebrin\u00eb e teknik\u00ebs.<\/li>\n<li>Vler\u00ebsimi i ekzaminimeve radiografike; marrja e p\u00ebrshtypjeve p\u00ebr studimin e rastit, zgjedhja e ngjyr\u00ebs s\u00eb protez\u00ebs dhe indikacionet para dhe pas operacionit.<\/li>\n<li>Kirurgji (n\u00ebn anestezi lokale dhe, p\u00ebr pacient\u00ebt me ankth, n\u00ebn qet\u00ebsim t\u00eb vet\u00ebdijsh\u00ebm me anestezi) me ekstraksione te mundshme dentare, vendosje implanti dhe marrje mase p\u00ebr nd\u00ebrtimin e protez\u00ebs imediate. Seanca zgjat rreth 3 or\u00eb.<\/li>\n<li>Pozicionimi i urave ose i t\u00ebr\u00eb harqeve dentare b\u00ebhet 24-48 or\u00eb pas operacionit. \u00cbsht\u00eb nj\u00eb protez\u00eb e p\u00ebrb\u00ebr\u00eb nga rr\u00ebshira e tipit Toronto, e mbajtur me vid\u00eb, me nj\u00eb n\u00ebnstruktur\u00eb aliazh metalik; kjo e b\u00ebn at\u00eb t\u00eb p\u00ebrkohshme afatgjat\u00eb q\u00eb pacienti mund ta mbaj\u00eb p\u00ebr disa vite, me korrigjimet e duhura q\u00eb duhen b\u00ebr\u00eb sipas rastit. Pacienti udh\u00ebzohet p\u00ebr rregullat e higjien\u00ebs dhe diet\u00ebs q\u00eb duhen miratuar.<\/li>\n<li>Sutura hiqet 7-10 dit\u00eb pas operacionit.<\/li>\n<\/ol>\n<p>Takimet rutine vendosen individualisht p\u00ebr \u00e7do pacient.<\/p>\n<p><strong>Pas 4-6 muajsh rivler\u00ebsohet provizori p\u00ebr t\u00eb finalizuar rehabilitimin protetik me nj\u00eb korrigjim t\u00eb thjesht\u00eb t\u00eb artefaktit.<\/strong><br \/>\nNga muaji i tet\u00eb e n\u00eb vazhdim, n\u00ebse pacienti d\u00ebshiron, do t\u00eb p\u00ebrgatitet nj\u00eb protez\u00eb e re definitive (titan-qeramik\u00eb, titan-kompozit, zirkon-qeramik\u00eb).<\/p>\n<\/div><\/div><\/div><\/div><\/div><\/div><\/section><section class=\"l-section wpb_row height_custom\"><div class=\"l-section-h i-cf\"><div class=\"g-cols vc_row via_grid cols_1 laptops-cols_inherit tablets-cols_inherit mobiles-cols_1 valign_top type_default stacking_default\"><div class=\"wpb_column vc_column_container\"><div class=\"vc_column-inner\"><h2 class=\"w-text\"><span class=\"w-text-h\"><span class=\"w-text-value\">Sa koh\u00eb duhet p\u00ebr All-on-8?<\/span><\/span><\/h2><div class=\"wpb_text_column\"><div class=\"wpb_wrapper\"><p>Nd\u00ebrhyrja \u00ebsht\u00eb minimalisht invazive dhe jep rezultate t\u00eb menj\u00ebhershme. Brenda pak dit\u00ebsh pacienti rifillon jet\u00ebn e tij t\u00eb p\u00ebrditshme dhe diet\u00ebn, pa asnj\u00eb lloj limitimi.<\/p>\n<\/div><\/div><\/div><\/div><\/div><\/div><\/section>\n","protected":false},"excerpt":{"rendered":"\u00c7far\u00eb \u00ebsht\u00eb All-on-8?Sistemi i implanteve dentare All-on-8 konsiston n\u00eb vendosjen e 8 implanteve dentare p\u00ebr \u00e7do hark dentar, duke funksionuar si &#8220;ankorim&#8221; p\u00ebr nj\u00eb ur\u00eb dentare fikse dhe jo t\u00eb l\u00ebvizshme. Ky sistem rekomandohet n\u00eb rastet kur pacienti ka humbur m\u00eb shum\u00eb se 80% t\u00eb dh\u00ebmb\u00ebve natyral\u00eb. K\u00ebto implante dentare do t\u00eb mb\u00ebshteten ne nj\u00eb...","protected":false},"author":1,"featured_media":7571,"parent":7555,"menu_order":0,"comment_status":"closed","ping_status":"closed","template":"","meta":{"nf_dc_page":"","footnotes":""},"class_list":["post-7583","page","type-page","status-publish","has-post-thumbnail","hentry"],"yoast_head":"<!-- This site is optimized with the Yoast SEO plugin v27.4 - https:\/\/yoast.com\/product\/yoast-seo-wordpress\/ -->\n<title>All-on-8 | Tirana Dental Hospital<\/title>\n<meta name=\"description\" content=\"Tirana Dental Hospital - Klinik\u00eb dentare moderne e specializuar n\u00eb implantologji duke ofruar sh\u00ebrbime dentare t\u00eb standardeve m\u00eb t\u00eb larta evropiane. Tirana Dental Hospital ofron nj\u00eb mori sh\u00ebrbimesh: implantologji, faceta, estetike dentare etj.\" \/>\n<meta name=\"robots\" content=\"index, follow, max-snippet:-1, max-image-preview:large, max-video-preview:-1\" \/>\n<link rel=\"canonical\" href=\"https:\/\/tiranadentalhospital.com\/al\/kirurgji-implantologjie\/all-on-8\/\" \/>\n<meta property=\"og:locale\" content=\"en_US\" \/>\n<meta property=\"og:type\" content=\"article\" \/>\n<meta property=\"og:title\" content=\"All-on-8 | Tirana Dental Hospital\" \/>\n<meta property=\"og:description\" content=\"Tirana Dental Hospital - Klinik\u00eb dentare moderne e specializuar n\u00eb implantologji duke ofruar sh\u00ebrbime dentare t\u00eb standardeve m\u00eb t\u00eb larta evropiane. Tirana Dental Hospital ofron nj\u00eb mori sh\u00ebrbimesh: implantologji, faceta, estetike dentare etj.\" \/>\n<meta property=\"og:url\" content=\"https:\/\/tiranadentalhospital.com\/al\/kirurgji-implantologjie\/all-on-8\/\" \/>\n<meta property=\"og:site_name\" content=\"Tirana Dental Hospital\" \/>\n<meta property=\"article:publisher\" content=\"https:\/\/www.facebook.com\/tiranadentalhospital\" \/>\n<meta property=\"article:modified_time\" content=\"2026-03-14T22:39:31+00:00\" \/>\n<meta property=\"og:image\" content=\"https:\/\/tiranadentalhospital.com\/al\/wp-content\/uploads\/2022\/12\/prezzo-all-on-8-albania.jpg\" \/>\n\t<meta property=\"og:image:width\" content=\"850\" \/>\n\t<meta property=\"og:image:height\" content=\"609\" \/>\n\t<meta property=\"og:image:type\" content=\"image\/jpeg\" \/>\n<meta name=\"twitter:card\" content=\"summary_large_image\" \/>\n<meta name=\"twitter:label1\" content=\"Est. reading time\" \/>\n\t<meta name=\"twitter:data1\" content=\"2 minutes\" \/>\n<script type=\"application\/ld+json\" class=\"yoast-schema-graph\">{\"@context\":\"https:\\\/\\\/schema.org\",\"@graph\":[{\"@type\":\"WebPage\",\"@id\":\"https:\\\/\\\/tiranadentalhospital.com\\\/al\\\/kirurgji-implantologjie\\\/all-on-8\\\/\",\"url\":\"https:\\\/\\\/tiranadentalhospital.com\\\/al\\\/kirurgji-implantologjie\\\/all-on-8\\\/\",\"name\":\"All-on-8 | Tirana Dental Hospital\",\"isPartOf\":{\"@id\":\"https:\\\/\\\/tiranadentalhospital.com\\\/al\\\/#website\"},\"primaryImageOfPage\":{\"@id\":\"https:\\\/\\\/tiranadentalhospital.com\\\/al\\\/kirurgji-implantologjie\\\/all-on-8\\\/#primaryimage\"},\"image\":{\"@id\":\"https:\\\/\\\/tiranadentalhospital.com\\\/al\\\/kirurgji-implantologjie\\\/all-on-8\\\/#primaryimage\"},\"thumbnailUrl\":\"https:\\\/\\\/i0.wp.com\\\/tiranadentalhospital.com\\\/al\\\/wp-content\\\/uploads\\\/2022\\\/12\\\/prezzo-all-on-8-albania.jpg?fit=850%2C609&ssl=1\",\"datePublished\":\"2022-12-20T10:03:43+00:00\",\"dateModified\":\"2026-03-14T22:39:31+00:00\",\"description\":\"Tirana Dental Hospital - Klinik\u00eb dentare moderne e specializuar n\u00eb implantologji duke ofruar sh\u00ebrbime dentare t\u00eb standardeve m\u00eb t\u00eb larta evropiane. Tirana Dental Hospital ofron nj\u00eb mori sh\u00ebrbimesh: implantologji, faceta, estetike dentare etj.\",\"breadcrumb\":{\"@id\":\"https:\\\/\\\/tiranadentalhospital.com\\\/al\\\/kirurgji-implantologjie\\\/all-on-8\\\/#breadcrumb\"},\"inLanguage\":\"en-US\",\"potentialAction\":[{\"@type\":\"ReadAction\",\"target\":[\"https:\\\/\\\/tiranadentalhospital.com\\\/al\\\/kirurgji-implantologjie\\\/all-on-8\\\/\"]}]},{\"@type\":\"ImageObject\",\"inLanguage\":\"en-US\",\"@id\":\"https:\\\/\\\/tiranadentalhospital.com\\\/al\\\/kirurgji-implantologjie\\\/all-on-8\\\/#primaryimage\",\"url\":\"https:\\\/\\\/i0.wp.com\\\/tiranadentalhospital.com\\\/al\\\/wp-content\\\/uploads\\\/2022\\\/12\\\/prezzo-all-on-8-albania.jpg?fit=850%2C609&ssl=1\",\"contentUrl\":\"https:\\\/\\\/i0.wp.com\\\/tiranadentalhospital.com\\\/al\\\/wp-content\\\/uploads\\\/2022\\\/12\\\/prezzo-all-on-8-albania.jpg?fit=850%2C609&ssl=1\",\"width\":850,\"height\":609},{\"@type\":\"BreadcrumbList\",\"@id\":\"https:\\\/\\\/tiranadentalhospital.com\\\/al\\\/kirurgji-implantologjie\\\/all-on-8\\\/#breadcrumb\",\"itemListElement\":[{\"@type\":\"ListItem\",\"position\":1,\"name\":\"Home\",\"item\":\"https:\\\/\\\/tiranadentalhospital.com\\\/al\\\/\"},{\"@type\":\"ListItem\",\"position\":2,\"name\":\"Kirurgji implantologjie\",\"item\":\"https:\\\/\\\/tiranadentalhospital.com\\\/al\\\/kirurgji-implantologjie\\\/\"},{\"@type\":\"ListItem\",\"position\":3,\"name\":\"All-on-8\"}]},{\"@type\":\"WebSite\",\"@id\":\"https:\\\/\\\/tiranadentalhospital.com\\\/al\\\/#website\",\"url\":\"https:\\\/\\\/tiranadentalhospital.com\\\/al\\\/\",\"name\":\"Tirana Dental Hospital\",\"description\":\"Klinik\u00eb Dentare n\u00eb Tiran\u00eb\",\"publisher\":{\"@id\":\"https:\\\/\\\/tiranadentalhospital.com\\\/al\\\/#organization\"},\"alternateName\":\"TDH\",\"potentialAction\":[{\"@type\":\"SearchAction\",\"target\":{\"@type\":\"EntryPoint\",\"urlTemplate\":\"https:\\\/\\\/tiranadentalhospital.com\\\/al\\\/?s={search_term_string}\"},\"query-input\":{\"@type\":\"PropertyValueSpecification\",\"valueRequired\":true,\"valueName\":\"search_term_string\"}}],\"inLanguage\":\"en-US\"},{\"@type\":\"Organization\",\"@id\":\"https:\\\/\\\/tiranadentalhospital.com\\\/al\\\/#organization\",\"name\":\"Tirana Dental Hospital\",\"alternateName\":\"Tirana Dental Hospital | Klinik\u00eb Dentare\",\"url\":\"https:\\\/\\\/tiranadentalhospital.com\\\/al\\\/\",\"logo\":{\"@type\":\"ImageObject\",\"inLanguage\":\"en-US\",\"@id\":\"https:\\\/\\\/tiranadentalhospital.com\\\/al\\\/#\\\/schema\\\/logo\\\/image\\\/\",\"url\":\"https:\\\/\\\/i0.wp.com\\\/tiranadentalhospital.com\\\/al\\\/wp-content\\\/uploads\\\/2025\\\/04\\\/tdh-logo.png?fit=696%2C696&ssl=1\",\"contentUrl\":\"https:\\\/\\\/i0.wp.com\\\/tiranadentalhospital.com\\\/al\\\/wp-content\\\/uploads\\\/2025\\\/04\\\/tdh-logo.png?fit=696%2C696&ssl=1\",\"width\":696,\"height\":696,\"caption\":\"Tirana Dental Hospital\"},\"image\":{\"@id\":\"https:\\\/\\\/tiranadentalhospital.com\\\/al\\\/#\\\/schema\\\/logo\\\/image\\\/\"},\"sameAs\":[\"https:\\\/\\\/www.facebook.com\\\/tiranadentalhospital\"]}]}<\/script>\n<!-- \/ Yoast SEO plugin. -->","yoast_head_json":{"title":"All-on-8 | Tirana Dental Hospital","description":"Tirana Dental Hospital - Klinik\u00eb dentare moderne e specializuar n\u00eb implantologji duke ofruar sh\u00ebrbime dentare t\u00eb standardeve m\u00eb t\u00eb larta evropiane. Tirana Dental Hospital ofron nj\u00eb mori sh\u00ebrbimesh: implantologji, faceta, estetike dentare etj.","robots":{"index":"index","follow":"follow","max-snippet":"max-snippet:-1","max-image-preview":"max-image-preview:large","max-video-preview":"max-video-preview:-1"},"canonical":"https:\/\/tiranadentalhospital.com\/al\/kirurgji-implantologjie\/all-on-8\/","og_locale":"en_US","og_type":"article","og_title":"All-on-8 | Tirana Dental Hospital","og_description":"Tirana Dental Hospital - Klinik\u00eb dentare moderne e specializuar n\u00eb implantologji duke ofruar sh\u00ebrbime dentare t\u00eb standardeve m\u00eb t\u00eb larta evropiane. Tirana Dental Hospital ofron nj\u00eb mori sh\u00ebrbimesh: implantologji, faceta, estetike dentare etj.","og_url":"https:\/\/tiranadentalhospital.com\/al\/kirurgji-implantologjie\/all-on-8\/","og_site_name":"Tirana Dental Hospital","article_publisher":"https:\/\/www.facebook.com\/tiranadentalhospital","article_modified_time":"2026-03-14T22:39:31+00:00","og_image":[{"width":850,"height":609,"url":"https:\/\/tiranadentalhospital.com\/al\/wp-content\/uploads\/2022\/12\/prezzo-all-on-8-albania.jpg","type":"image\/jpeg"}],"twitter_card":"summary_large_image","twitter_misc":{"Est. reading time":"2 minutes"},"schema":{"@context":"https:\/\/schema.org","@graph":[{"@type":"WebPage","@id":"https:\/\/tiranadentalhospital.com\/al\/kirurgji-implantologjie\/all-on-8\/","url":"https:\/\/tiranadentalhospital.com\/al\/kirurgji-implantologjie\/all-on-8\/","name":"All-on-8 | Tirana Dental Hospital","isPartOf":{"@id":"https:\/\/tiranadentalhospital.com\/al\/#website"},"primaryImageOfPage":{"@id":"https:\/\/tiranadentalhospital.com\/al\/kirurgji-implantologjie\/all-on-8\/#primaryimage"},"image":{"@id":"https:\/\/tiranadentalhospital.com\/al\/kirurgji-implantologjie\/all-on-8\/#primaryimage"},"thumbnailUrl":"https:\/\/i0.wp.com\/tiranadentalhospital.com\/al\/wp-content\/uploads\/2022\/12\/prezzo-all-on-8-albania.jpg?fit=850%2C609&ssl=1","datePublished":"2022-12-20T10:03:43+00:00","dateModified":"2026-03-14T22:39:31+00:00","description":"Tirana Dental Hospital - Klinik\u00eb dentare moderne e specializuar n\u00eb implantologji duke ofruar sh\u00ebrbime dentare t\u00eb standardeve m\u00eb t\u00eb larta evropiane. Tirana Dental Hospital ofron nj\u00eb mori sh\u00ebrbimesh: implantologji, faceta, estetike dentare etj.","breadcrumb":{"@id":"https:\/\/tiranadentalhospital.com\/al\/kirurgji-implantologjie\/all-on-8\/#breadcrumb"},"inLanguage":"en-US","potentialAction":[{"@type":"ReadAction","target":["https:\/\/tiranadentalhospital.com\/al\/kirurgji-implantologjie\/all-on-8\/"]}]},{"@type":"ImageObject","inLanguage":"en-US","@id":"https:\/\/tiranadentalhospital.com\/al\/kirurgji-implantologjie\/all-on-8\/#primaryimage","url":"https:\/\/i0.wp.com\/tiranadentalhospital.com\/al\/wp-content\/uploads\/2022\/12\/prezzo-all-on-8-albania.jpg?fit=850%2C609&ssl=1","contentUrl":"https:\/\/i0.wp.com\/tiranadentalhospital.com\/al\/wp-content\/uploads\/2022\/12\/prezzo-all-on-8-albania.jpg?fit=850%2C609&ssl=1","width":850,"height":609},{"@type":"BreadcrumbList","@id":"https:\/\/tiranadentalhospital.com\/al\/kirurgji-implantologjie\/all-on-8\/#breadcrumb","itemListElement":[{"@type":"ListItem","position":1,"name":"Home","item":"https:\/\/tiranadentalhospital.com\/al\/"},{"@type":"ListItem","position":2,"name":"Kirurgji implantologjie","item":"https:\/\/tiranadentalhospital.com\/al\/kirurgji-implantologjie\/"},{"@type":"ListItem","position":3,"name":"All-on-8"}]},{"@type":"WebSite","@id":"https:\/\/tiranadentalhospital.com\/al\/#website","url":"https:\/\/tiranadentalhospital.com\/al\/","name":"Tirana Dental Hospital","description":"Klinik\u00eb Dentare n\u00eb Tiran\u00eb","publisher":{"@id":"https:\/\/tiranadentalhospital.com\/al\/#organization"},"alternateName":"TDH","potentialAction":[{"@type":"SearchAction","target":{"@type":"EntryPoint","urlTemplate":"https:\/\/tiranadentalhospital.com\/al\/?s={search_term_string}"},"query-input":{"@type":"PropertyValueSpecification","valueRequired":true,"valueName":"search_term_string"}}],"inLanguage":"en-US"},{"@type":"Organization","@id":"https:\/\/tiranadentalhospital.com\/al\/#organization","name":"Tirana Dental Hospital","alternateName":"Tirana Dental Hospital | Klinik\u00eb Dentare","url":"https:\/\/tiranadentalhospital.com\/al\/","logo":{"@type":"ImageObject","inLanguage":"en-US","@id":"https:\/\/tiranadentalhospital.com\/al\/#\/schema\/logo\/image\/","url":"https:\/\/i0.wp.com\/tiranadentalhospital.com\/al\/wp-content\/uploads\/2025\/04\/tdh-logo.png?fit=696%2C696&ssl=1","contentUrl":"https:\/\/i0.wp.com\/tiranadentalhospital.com\/al\/wp-content\/uploads\/2025\/04\/tdh-logo.png?fit=696%2C696&ssl=1","width":696,"height":696,"caption":"Tirana Dental Hospital"},"image":{"@id":"https:\/\/tiranadentalhospital.com\/al\/#\/schema\/logo\/image\/"},"sameAs":["https:\/\/www.facebook.com\/tiranadentalhospital"]}]}},"jetpack_sharing_enabled":true,"_links":{"self":[{"href":"https:\/\/tiranadentalhospital.com\/al\/wp-json\/wp\/v2\/pages\/7583","targetHints":{"allow":["GET"]}}],"collection":[{"href":"https:\/\/tiranadentalhospital.com\/al\/wp-json\/wp\/v2\/pages"}],"about":[{"href":"https:\/\/tiranadentalhospital.com\/al\/wp-json\/wp\/v2\/types\/page"}],"author":[{"embeddable":true,"href":"https:\/\/tiranadentalhospital.com\/al\/wp-json\/wp\/v2\/users\/1"}],"replies":[{"embeddable":true,"href":"https:\/\/tiranadentalhospital.com\/al\/wp-json\/wp\/v2\/comments?post=7583"}],"version-history":[{"count":5,"href":"https:\/\/tiranadentalhospital.com\/al\/wp-json\/wp\/v2\/pages\/7583\/revisions"}],"predecessor-version":[{"id":8466,"href":"https:\/\/tiranadentalhospital.com\/al\/wp-json\/wp\/v2\/pages\/7583\/revisions\/8466"}],"up":[{"embeddable":true,"href":"https:\/\/tiranadentalhospital.com\/al\/wp-json\/wp\/v2\/pages\/7555"}],"wp:featuredmedia":[{"embeddable":true,"href":"https:\/\/tiranadentalhospital.com\/al\/wp-json\/wp\/v2\/media\/7571"}],"wp:attachment":[{"href":"https:\/\/tiranadentalhospital.com\/al\/wp-json\/wp\/v2\/media?parent=7583"}],"curies":[{"name":"wp","href":"https:\/\/api.w.org\/{rel}","templated":true}]}}