{"id":7606,"date":"2022-12-27T11:01:29","date_gmt":"2022-12-27T11:01:29","guid":{"rendered":"https:\/\/tiranadentalhospital.com\/al\/?page_id=7606"},"modified":"2026-02-24T13:26:42","modified_gmt":"2026-02-24T13:26:42","slug":"proteza-dhe-estetika-dentare","status":"publish","type":"page","link":"https:\/\/tiranadentalhospital.com\/al\/proteza-dhe-estetika-dentare\/","title":{"rendered":"Proteza dhe estetika dentare"},"content":{"rendered":"<section class=\"l-section wpb_row height_custom\"><div class=\"l-section-h i-cf\"><div class=\"g-cols vc_row via_grid cols_2 laptops-cols_inherit tablets-cols_inherit mobiles-cols_1 valign_top type_default stacking_default\"><div class=\"wpb_column vc_column_container\"><div class=\"vc_column-inner\"><h2 class=\"w-text us_custom_eb849559\"><span class=\"w-text-h\"><span class=\"w-text-value\">Proteza dhe estetika dentare<\/span><\/span><\/h2><div class=\"w-separator size_small with_line width_default thick_1 style_solid color_primary align_center with_content\"><div class=\"w-separator-h\"><i class=\"fas fa-tooth\"><\/i><\/div><\/div><div class=\"wpb_text_column\"><div class=\"wpb_wrapper\"><p>Me operacionet e protezave dentare t\u00eb kombinuara me mjek\u00ebsin\u00eb estetike, ne duam t&#8217;ju japim mund\u00ebsin\u00eb t\u00eb p\u00ebrmir\u00ebsoni buz\u00ebqeshjen tuaj si kurr\u00eb m\u00eb\u00a0 par\u00eb.<\/p>\n<p>Njer\u00ebzit thon\u00eb se nj\u00eb buz\u00ebqeshje e bukur hap t\u00eb gjitha dyert. Buz\u00ebqeshja \u00ebsht\u00eb gj\u00ebja e par\u00eb q\u00eb do t\u00eb v\u00ebr\u00eb re personi p\u00ebrball\u00eb.<\/p>\n<p>K\u00ebtu n\u00eb <strong>Tirana Dental Hospital<\/strong> fokusohemi n\u00eb tre faktor\u00eb t\u00eb r\u00ebnd\u00ebsish\u00ebm kur projektojm\u00eb protezen dhe estetik\u00ebn dentare: <strong>sh\u00ebndeti, funksioni dhe estetika. <\/strong><\/p>\n<p>Ne besojm\u00eb se sh\u00ebndeti nuk duhet t\u00eb rrezikohet p\u00ebr shkak t\u00eb zgjedhjeve t\u00eb gabuara ose atyre joproporcionale estetike.<\/p>\n<p>Megjithat\u00eb, kjo nuk do t\u00eb thot\u00eb se estetika duhet t\u00eb vuaj\u00eb nga ky mendim i yni. N\u00eb t\u00eb v\u00ebrtet\u00eb, fal\u00eb mbik\u00ebqyrjes s\u00eb mjek\u00ebve tan\u00eb profesionist\u00eb do t\u00eb mund t\u00eb vler\u00ebsoni t\u00eb gjitha mund\u00ebsit\u00eb m\u00eb t\u00eb mira estetike p\u00ebr t\u00eb p\u00ebrballuar k\u00ebto nd\u00ebrhyrje pa hequr dor\u00eb nga tre faktor\u00ebt e p\u00ebrmendur m\u00eb sip\u00ebr.<\/p>\n<p>P\u00ebrve\u00e7 koncepteve matematikore dhe gjeometrike, jan\u00eb b\u00ebr\u00eb analiza t\u00eb raportit t\u00eb buz\u00ebve dhe dh\u00ebmb\u00ebve dhe p\u00ebrputhshm\u00ebris\u00eb s\u00eb tyre me rregullat e bukuris\u00eb strukturore dhe p\u00ebrshtatjes harmonike q\u00eb krijojn\u00eb nj\u00eb pamje t\u00ebrheq\u00ebse t\u00eb fytyr\u00ebs.<\/p>\n<p>Ne kemi nj\u00eb ekip t\u00eb mrekulluesh\u00ebm me dentist\u00eb, teknik\u00eb dentar\u00eb, ortodont\u00eb, periodontist\u00eb, implantolog\u00eb, dhe kirurg\u00eb q\u00eb njohin rregullat e analiz\u00ebs s\u00eb buz\u00ebqeshjes dhe protokollet klinike, dhe q\u00eb mund t\u00eb garantojn\u00eb rezultate fantastike!<\/p>\n<p>M\u00eb posht\u00eb mund t\u00eb gjeni operacionet q\u00eb kryejm\u00eb n\u00eb Tirana Dental Hospital.<\/p>\n<\/div><\/div><\/div><\/div><div class=\"wpb_column vc_column_container type_sticky\"><div class=\"vc_column-inner\"><div class=\"w-image align_none\"><div class=\"w-image-h\"><img decoding=\"async\" width=\"1200\" height=\"800\" src=\"https:\/\/i0.wp.com\/tiranadentalhospital.com\/al\/wp-content\/uploads\/2022\/12\/estetika-dentale-tirana-dental-hospital-albania.webp?fit=1200%2C800&amp;ssl=1\" class=\"attachment-full size-full\" alt=\"\" loading=\"lazy\" srcset=\"https:\/\/i0.wp.com\/tiranadentalhospital.com\/al\/wp-content\/uploads\/2022\/12\/estetika-dentale-tirana-dental-hospital-albania.webp?w=1200&amp;ssl=1 1200w, https:\/\/i0.wp.com\/tiranadentalhospital.com\/al\/wp-content\/uploads\/2022\/12\/estetika-dentale-tirana-dental-hospital-albania.webp?resize=300%2C200&amp;ssl=1 300w, https:\/\/i0.wp.com\/tiranadentalhospital.com\/al\/wp-content\/uploads\/2022\/12\/estetika-dentale-tirana-dental-hospital-albania.webp?resize=1024%2C683&amp;ssl=1 1024w\" sizes=\"auto, (max-width: 1200px) 100vw, 1200px\" \/><\/div><\/div><\/div><\/div><\/div><\/div><\/section><section class=\"l-section wpb_row us_custom_0969c719 height_custom\"><div class=\"l-section-h i-cf\"><div class=\"g-cols vc_row via_grid cols_1 laptops-cols_inherit tablets-cols_inherit mobiles-cols_1 valign_top type_default stacking_default\"><div class=\"wpb_column vc_column_container\"><div class=\"vc_column-inner\"><h2 class=\"w-text us_custom_eb849559\"><span class=\"w-text-h\"><span class=\"w-text-value\">Nd\u00ebrhyrjet n\u00eb proteza dhe estetika dentare<\/span><\/span><\/h2><div class=\"w-separator size_small with_line width_50 thick_1 style_solid color_primary align_center with_content\"><div class=\"w-separator-h\"><i class=\"fas fa-tooth\"><\/i><\/div><\/div><div class=\"g-cols wpb_row us_custom_53ca4618 via_grid cols_3 laptops-cols_inherit tablets-cols_inherit mobiles-cols_1 valign_top type_default stacking_default\" style=\"--columns-gap:3rem;\"><div class=\"wpb_column vc_column_container\"><div class=\"vc_column-inner\"><div class=\"w-ibanner us_custom_937f7430 has_text_color animation_phorcys ratio_1x1 easing_ease\"><a title=\"Faccette dentali\" href=\"https:\/\/tiranadentalhospital.com\/al\/proteza-dhe-estetika-dentare\/fasetat-dentare-shqiperi\/\" aria-label=\"Faseta detare estetike\"><\/a><div class=\"w-ibanner-h\"><div class=\"w-ibanner-image\" style=\"background-image: url(https:\/\/i0.wp.com\/tiranadentalhospital.com\/al\/wp-content\/uploads\/2022\/12\/facetat_dentare_shqiperi.jpg?fit=1024%2C670&#038;ssl=1)\"><\/div><div class=\"w-ibanner-content\"><div class=\"w-ibanner-content-h\"><h3 class=\"w-ibanner-title\">Faseta detare estetike<\/h3><div class=\"w-ibanner-desc\"><\/div><\/div><\/div><\/div><\/div><\/div><\/div><div class=\"wpb_column vc_column_container\"><div class=\"vc_column-inner\"><div class=\"w-ibanner us_custom_937f7430 has_text_color animation_phorcys ratio_1x1 easing_ease\"><a title=\"Proteza fikse\" href=\"https:\/\/tiranadentalhospital.com\/al\/proteza-fikse\/\" aria-label=\"Kurora dentare estetike\"><\/a><div class=\"w-ibanner-h\"><div class=\"w-ibanner-image\" style=\"background-image: url(https:\/\/i0.wp.com\/tiranadentalhospital.com\/al\/wp-content\/uploads\/2022\/12\/impianto_dentali_all_on_four-e1549643729545.jpg?fit=600%2C469&#038;ssl=1)\"><\/div><div class=\"w-ibanner-content\"><div class=\"w-ibanner-content-h\"><h3 class=\"w-ibanner-title\">Kurora dentare estetike<\/h3><div class=\"w-ibanner-desc\"><\/div><\/div><\/div><\/div><\/div><\/div><\/div><div class=\"wpb_column vc_column_container\"><div class=\"vc_column-inner\"><div class=\"w-ibanner us_custom_937f7430 has_text_color animation_phorcys ratio_1x1 easing_ease\"><a title=\"Chirurgia estetica delle gengive\" href=\"https:\/\/tiranadentalhospital.com\/al\/proteza-dhe-estetika-dentare\/kirurgji-estetike-e-mishrave-te-dhembeve\/\" aria-label=\"Ura dentare estetike\"><\/a><div class=\"w-ibanner-h\"><div class=\"w-ibanner-image\" style=\"background-image: url(https:\/\/i0.wp.com\/tiranadentalhospital.com\/al\/wp-content\/uploads\/2022\/12\/plasticagengivale.jpg?fit=600%2C600&#038;ssl=1)\"><\/div><div class=\"w-ibanner-content\"><div class=\"w-ibanner-content-h\"><h3 class=\"w-ibanner-title\">Ura dentare estetike<\/h3><div class=\"w-ibanner-desc\"><\/div><\/div><\/div><\/div><\/div><\/div><\/div><\/div><div class=\"g-cols wpb_row us_custom_53ca4618 via_grid cols_3 laptops-cols_inherit tablets-cols_inherit mobiles-cols_1 valign_top type_default stacking_default\" style=\"--columns-gap:3rem;\"><div class=\"wpb_column vc_column_container\"><div class=\"vc_column-inner\"><div class=\"w-ibanner us_custom_937f7430 has_text_color animation_phorcys ratio_1x1 easing_ease\"><a title=\"Impianti della sfera estetica\" href=\"https:\/\/tiranadentalhospital.com\/al\/implantet-e-zones-estetike\/\" aria-label=\"Implante t\u00eb sfer\u00ebs estetike\"><\/a><div class=\"w-ibanner-h\"><div class=\"w-ibanner-image\" style=\"background-image: url(https:\/\/i0.wp.com\/tiranadentalhospital.com\/al\/wp-content\/uploads\/2022\/11\/sbiancamento-denti-tirana.jpg?fit=558%2C548&#038;ssl=1)\"><\/div><div class=\"w-ibanner-content\"><div class=\"w-ibanner-content-h\"><h3 class=\"w-ibanner-title\">Implante t\u00eb sfer\u00ebs estetike<\/h3><div class=\"w-ibanner-desc\"><\/div><\/div><\/div><\/div><\/div><\/div><\/div><div class=\"wpb_column vc_column_container\"><div class=\"vc_column-inner\"><div class=\"w-ibanner us_custom_937f7430 has_text_color animation_phorcys ratio_1x1 easing_ease\"><a title=\"Proteza fikse\" href=\"https:\/\/tiranadentalhospital.com\/al\/proteza-fikse\/\" aria-label=\"Proteza fikse\"><\/a><div class=\"w-ibanner-h\"><div class=\"w-ibanner-image\" style=\"background-image: url(https:\/\/i0.wp.com\/tiranadentalhospital.com\/al\/wp-content\/uploads\/2022\/12\/impianto_dentali_all_on_four-e1549643729545.jpg?fit=600%2C469&#038;ssl=1)\"><\/div><div class=\"w-ibanner-content\"><div class=\"w-ibanner-content-h\"><h3 class=\"w-ibanner-title\">Proteza fikse<\/h3><div class=\"w-ibanner-desc\"><\/div><\/div><\/div><\/div><\/div><\/div><\/div><div class=\"wpb_column vc_column_container\"><div class=\"vc_column-inner\"><div class=\"w-ibanner us_custom_937f7430 has_text_color animation_phorcys ratio_1x1 easing_ease\"><a title=\"Chirurgia estetica delle gengive\" href=\"https:\/\/tiranadentalhospital.com\/al\/proteza-dhe-estetika-dentare\/kirurgji-estetike-e-mishrave-te-dhembeve\/\" aria-label=\"Kirurgjia esetetike e gingivave\"><\/a><div class=\"w-ibanner-h\"><div class=\"w-ibanner-image\" style=\"background-image: url(https:\/\/i0.wp.com\/tiranadentalhospital.com\/al\/wp-content\/uploads\/2022\/12\/plasticagengivale.jpg?fit=600%2C600&#038;ssl=1)\"><\/div><div class=\"w-ibanner-content\"><div class=\"w-ibanner-content-h\"><h3 class=\"w-ibanner-title\">Kirurgjia esetetike e gingivave<\/h3><div class=\"w-ibanner-desc\"><\/div><\/div><\/div><\/div><\/div><\/div><\/div><\/div><div class=\"g-cols wpb_row via_grid cols_3 laptops-cols_inherit tablets-cols_inherit mobiles-cols_1 valign_top type_default stacking_default\" style=\"--columns-gap:3rem;\"><div class=\"wpb_column vc_column_container\"><div class=\"vc_column-inner\"><div class=\"w-ibanner us_custom_937f7430 has_text_color animation_phorcys ratio_1x1 easing_ease\"><a title=\"Faccette dentali\" href=\"https:\/\/tiranadentalhospital.com\/al\/proteza-dhe-estetika-dentare\/zbardhjen-e-dhembeve\/\" aria-label=\"Zbardhja e dh\u00ebmb\u00ebve\"><\/a><div class=\"w-ibanner-h\"><div class=\"w-ibanner-image\" style=\"background-image: url(https:\/\/i0.wp.com\/tiranadentalhospital.com\/al\/wp-content\/uploads\/2022\/12\/zbrdhja-e-dhembeve-shqiperi.webp?fit=382%2C240&#038;ssl=1)\"><\/div><div class=\"w-ibanner-content\"><div class=\"w-ibanner-content-h\"><h3 class=\"w-ibanner-title\">Zbardhja e dh\u00ebmb\u00ebve<\/h3><div class=\"w-ibanner-desc\"><\/div><\/div><\/div><\/div><\/div><\/div><\/div><div class=\"wpb_column vc_column_container\"><div class=\"vc_column-inner\"><div class=\"w-ibanner us_custom_937f7430 has_text_color animation_phorcys ratio_1x1 easing_ease\"><a title=\"Protesi semi fissa\" href=\"https:\/\/tiranadentalhospital.com\/al\/proteza-gjysme-fikse\/\" aria-label=\"Proteza gjysm\u00eb fikse\"><\/a><div class=\"w-ibanner-h\"><div class=\"w-ibanner-image\" style=\"background-image: url(https:\/\/i0.wp.com\/tiranadentalhospital.com\/al\/wp-content\/uploads\/2022\/12\/proteze_gjysem_fikse.webp?fit=611%2C276&#038;ssl=1)\"><\/div><div class=\"w-ibanner-content\"><div class=\"w-ibanner-content-h\"><h3 class=\"w-ibanner-title\">Proteza gjysm\u00eb fikse<\/h3><div class=\"w-ibanner-desc\"><\/div><\/div><\/div><\/div><\/div><\/div><\/div><div class=\"wpb_column vc_column_container\"><div class=\"vc_column-inner\"><div class=\"w-ibanner us_custom_937f7430 has_text_color animation_phorcys ratio_1x1 easing_ease\"><a title=\"Protesi rimovibile\" href=\"https:\/\/tiranadentalhospital.com\/al\/proteza-dhe-estetika-dentare\/proteza-e-levizshme\/\" aria-label=\"Proteza t\u00eb levizshme\"><\/a><div class=\"w-ibanner-h\"><div class=\"w-ibanner-image\" style=\"background-image: url(https:\/\/i0.wp.com\/tiranadentalhospital.com\/al\/wp-content\/uploads\/2022\/12\/proteze_e_levizshme.webp?fit=1024%2C1024&#038;ssl=1)\"><\/div><div class=\"w-ibanner-content\"><div class=\"w-ibanner-content-h\"><h3 class=\"w-ibanner-title\">Proteza t\u00eb levizshme<\/h3><div class=\"w-ibanner-desc\"><\/div><\/div><\/div><\/div><\/div><\/div><\/div><\/div><\/div><\/div><\/div><\/div><\/section>\n","protected":false},"excerpt":{"rendered":"Proteza dhe estetika dentareMe operacionet e protezave dentare t\u00eb kombinuara me mjek\u00ebsin\u00eb estetike, ne duam t&#8217;ju japim mund\u00ebsin\u00eb t\u00eb p\u00ebrmir\u00ebsoni buz\u00ebqeshjen tuaj si kurr\u00eb m\u00eb\u00a0 par\u00eb. Njer\u00ebzit thon\u00eb se nj\u00eb buz\u00ebqeshje e bukur hap t\u00eb gjitha dyert. Buz\u00ebqeshja \u00ebsht\u00eb gj\u00ebja e par\u00eb q\u00eb do t\u00eb v\u00ebr\u00eb re personi p\u00ebrball\u00eb. K\u00ebtu n\u00eb Tirana Dental Hospital fokusohemi...","protected":false},"author":1,"featured_media":0,"parent":0,"menu_order":0,"comment_status":"closed","ping_status":"closed","template":"","meta":{"nf_dc_page":"","footnotes":""},"class_list":["post-7606","page","type-page","status-publish","hentry"],"yoast_head":"<!-- This site is optimized with the Yoast SEO plugin v27.4 - https:\/\/yoast.com\/product\/yoast-seo-wordpress\/ -->\n<title>Proteza dhe estetika dentare | Tirana Dental Hospital<\/title>\n<meta name=\"description\" content=\"Tirana Dental Hospital - Klinik\u00eb dentare moderne e specializuar n\u00eb implantologji duke ofruar sh\u00ebrbime dentare t\u00eb standardeve m\u00eb t\u00eb larta evropiane. Tirana Dental Hospital ofron nj\u00eb mori sh\u00ebrbimesh: implantologji, faceta, estetike dentare etj.\" \/>\n<meta name=\"robots\" content=\"index, follow, max-snippet:-1, max-image-preview:large, max-video-preview:-1\" \/>\n<link rel=\"canonical\" href=\"https:\/\/tiranadentalhospital.com\/al\/proteza-dhe-estetika-dentare\/\" \/>\n<meta property=\"og:locale\" content=\"en_US\" \/>\n<meta property=\"og:type\" content=\"article\" \/>\n<meta property=\"og:title\" content=\"Proteza dhe estetika dentare | Tirana Dental Hospital\" \/>\n<meta property=\"og:description\" content=\"Tirana Dental Hospital - Klinik\u00eb dentare moderne e specializuar n\u00eb implantologji duke ofruar sh\u00ebrbime dentare t\u00eb standardeve m\u00eb t\u00eb larta evropiane. Tirana Dental Hospital ofron nj\u00eb mori sh\u00ebrbimesh: implantologji, faceta, estetike dentare etj.\" \/>\n<meta property=\"og:url\" content=\"https:\/\/tiranadentalhospital.com\/al\/proteza-dhe-estetika-dentare\/\" \/>\n<meta property=\"og:site_name\" content=\"Tirana Dental Hospital\" \/>\n<meta property=\"article:publisher\" content=\"https:\/\/www.facebook.com\/tiranadentalhospital\" \/>\n<meta property=\"article:modified_time\" content=\"2026-02-24T13:26:42+00:00\" \/>\n<meta property=\"og:image\" content=\"https:\/\/i0.wp.com\/tiranadentalhospital.com\/al\/wp-content\/uploads\/2025\/04\/tdh.png?fit=1200%2C675&ssl=1\" \/>\n\t<meta property=\"og:image:width\" content=\"1200\" \/>\n\t<meta property=\"og:image:height\" content=\"675\" \/>\n\t<meta property=\"og:image:type\" content=\"image\/png\" \/>\n<meta name=\"twitter:card\" content=\"summary_large_image\" \/>\n<meta name=\"twitter:label1\" content=\"Est. reading time\" \/>\n\t<meta name=\"twitter:data1\" content=\"2 minutes\" \/>\n<script type=\"application\/ld+json\" class=\"yoast-schema-graph\">{\"@context\":\"https:\\\/\\\/schema.org\",\"@graph\":[{\"@type\":\"WebPage\",\"@id\":\"https:\\\/\\\/tiranadentalhospital.com\\\/al\\\/proteza-dhe-estetika-dentare\\\/\",\"url\":\"https:\\\/\\\/tiranadentalhospital.com\\\/al\\\/proteza-dhe-estetika-dentare\\\/\",\"name\":\"Proteza dhe estetika dentare | Tirana Dental Hospital\",\"isPartOf\":{\"@id\":\"https:\\\/\\\/tiranadentalhospital.com\\\/al\\\/#website\"},\"datePublished\":\"2022-12-27T11:01:29+00:00\",\"dateModified\":\"2026-02-24T13:26:42+00:00\",\"description\":\"Tirana Dental Hospital - Klinik\u00eb dentare moderne e specializuar n\u00eb implantologji duke ofruar sh\u00ebrbime dentare t\u00eb standardeve m\u00eb t\u00eb larta evropiane. Tirana Dental Hospital ofron nj\u00eb mori sh\u00ebrbimesh: implantologji, faceta, estetike dentare etj.\",\"breadcrumb\":{\"@id\":\"https:\\\/\\\/tiranadentalhospital.com\\\/al\\\/proteza-dhe-estetika-dentare\\\/#breadcrumb\"},\"inLanguage\":\"en-US\",\"potentialAction\":[{\"@type\":\"ReadAction\",\"target\":[\"https:\\\/\\\/tiranadentalhospital.com\\\/al\\\/proteza-dhe-estetika-dentare\\\/\"]}]},{\"@type\":\"BreadcrumbList\",\"@id\":\"https:\\\/\\\/tiranadentalhospital.com\\\/al\\\/proteza-dhe-estetika-dentare\\\/#breadcrumb\",\"itemListElement\":[{\"@type\":\"ListItem\",\"position\":1,\"name\":\"Home\",\"item\":\"https:\\\/\\\/tiranadentalhospital.com\\\/al\\\/\"},{\"@type\":\"ListItem\",\"position\":2,\"name\":\"Proteza dhe estetika dentare\"}]},{\"@type\":\"WebSite\",\"@id\":\"https:\\\/\\\/tiranadentalhospital.com\\\/al\\\/#website\",\"url\":\"https:\\\/\\\/tiranadentalhospital.com\\\/al\\\/\",\"name\":\"Tirana Dental Hospital\",\"description\":\"Klinik\u00eb Dentare n\u00eb Tiran\u00eb\",\"publisher\":{\"@id\":\"https:\\\/\\\/tiranadentalhospital.com\\\/al\\\/#organization\"},\"alternateName\":\"TDH\",\"potentialAction\":[{\"@type\":\"SearchAction\",\"target\":{\"@type\":\"EntryPoint\",\"urlTemplate\":\"https:\\\/\\\/tiranadentalhospital.com\\\/al\\\/?s={search_term_string}\"},\"query-input\":{\"@type\":\"PropertyValueSpecification\",\"valueRequired\":true,\"valueName\":\"search_term_string\"}}],\"inLanguage\":\"en-US\"},{\"@type\":\"Organization\",\"@id\":\"https:\\\/\\\/tiranadentalhospital.com\\\/al\\\/#organization\",\"name\":\"Tirana Dental Hospital\",\"alternateName\":\"Tirana Dental Hospital | Klinik\u00eb Dentare\",\"url\":\"https:\\\/\\\/tiranadentalhospital.com\\\/al\\\/\",\"logo\":{\"@type\":\"ImageObject\",\"inLanguage\":\"en-US\",\"@id\":\"https:\\\/\\\/tiranadentalhospital.com\\\/al\\\/#\\\/schema\\\/logo\\\/image\\\/\",\"url\":\"https:\\\/\\\/i0.wp.com\\\/tiranadentalhospital.com\\\/al\\\/wp-content\\\/uploads\\\/2025\\\/04\\\/tdh-logo.png?fit=696%2C696&ssl=1\",\"contentUrl\":\"https:\\\/\\\/i0.wp.com\\\/tiranadentalhospital.com\\\/al\\\/wp-content\\\/uploads\\\/2025\\\/04\\\/tdh-logo.png?fit=696%2C696&ssl=1\",\"width\":696,\"height\":696,\"caption\":\"Tirana Dental Hospital\"},\"image\":{\"@id\":\"https:\\\/\\\/tiranadentalhospital.com\\\/al\\\/#\\\/schema\\\/logo\\\/image\\\/\"},\"sameAs\":[\"https:\\\/\\\/www.facebook.com\\\/tiranadentalhospital\"]}]}<\/script>\n<!-- \/ Yoast SEO plugin. -->","yoast_head_json":{"title":"Proteza dhe estetika dentare | Tirana Dental Hospital","description":"Tirana Dental Hospital - Klinik\u00eb dentare moderne e specializuar n\u00eb implantologji duke ofruar sh\u00ebrbime dentare t\u00eb standardeve m\u00eb t\u00eb larta evropiane. Tirana Dental Hospital ofron nj\u00eb mori sh\u00ebrbimesh: implantologji, faceta, estetike dentare etj.","robots":{"index":"index","follow":"follow","max-snippet":"max-snippet:-1","max-image-preview":"max-image-preview:large","max-video-preview":"max-video-preview:-1"},"canonical":"https:\/\/tiranadentalhospital.com\/al\/proteza-dhe-estetika-dentare\/","og_locale":"en_US","og_type":"article","og_title":"Proteza dhe estetika dentare | Tirana Dental Hospital","og_description":"Tirana Dental Hospital - Klinik\u00eb dentare moderne e specializuar n\u00eb implantologji duke ofruar sh\u00ebrbime dentare t\u00eb standardeve m\u00eb t\u00eb larta evropiane. Tirana Dental Hospital ofron nj\u00eb mori sh\u00ebrbimesh: implantologji, faceta, estetike dentare etj.","og_url":"https:\/\/tiranadentalhospital.com\/al\/proteza-dhe-estetika-dentare\/","og_site_name":"Tirana Dental Hospital","article_publisher":"https:\/\/www.facebook.com\/tiranadentalhospital","article_modified_time":"2026-02-24T13:26:42+00:00","og_image":[{"width":1200,"height":675,"url":"https:\/\/i0.wp.com\/tiranadentalhospital.com\/al\/wp-content\/uploads\/2025\/04\/tdh.png?fit=1200%2C675&ssl=1","type":"image\/png"}],"twitter_card":"summary_large_image","twitter_misc":{"Est. reading time":"2 minutes"},"schema":{"@context":"https:\/\/schema.org","@graph":[{"@type":"WebPage","@id":"https:\/\/tiranadentalhospital.com\/al\/proteza-dhe-estetika-dentare\/","url":"https:\/\/tiranadentalhospital.com\/al\/proteza-dhe-estetika-dentare\/","name":"Proteza dhe estetika dentare | Tirana Dental Hospital","isPartOf":{"@id":"https:\/\/tiranadentalhospital.com\/al\/#website"},"datePublished":"2022-12-27T11:01:29+00:00","dateModified":"2026-02-24T13:26:42+00:00","description":"Tirana Dental Hospital - Klinik\u00eb dentare moderne e specializuar n\u00eb implantologji duke ofruar sh\u00ebrbime dentare t\u00eb standardeve m\u00eb t\u00eb larta evropiane. Tirana Dental Hospital ofron nj\u00eb mori sh\u00ebrbimesh: implantologji, faceta, estetike dentare etj.","breadcrumb":{"@id":"https:\/\/tiranadentalhospital.com\/al\/proteza-dhe-estetika-dentare\/#breadcrumb"},"inLanguage":"en-US","potentialAction":[{"@type":"ReadAction","target":["https:\/\/tiranadentalhospital.com\/al\/proteza-dhe-estetika-dentare\/"]}]},{"@type":"BreadcrumbList","@id":"https:\/\/tiranadentalhospital.com\/al\/proteza-dhe-estetika-dentare\/#breadcrumb","itemListElement":[{"@type":"ListItem","position":1,"name":"Home","item":"https:\/\/tiranadentalhospital.com\/al\/"},{"@type":"ListItem","position":2,"name":"Proteza dhe estetika dentare"}]},{"@type":"WebSite","@id":"https:\/\/tiranadentalhospital.com\/al\/#website","url":"https:\/\/tiranadentalhospital.com\/al\/","name":"Tirana Dental Hospital","description":"Klinik\u00eb Dentare n\u00eb Tiran\u00eb","publisher":{"@id":"https:\/\/tiranadentalhospital.com\/al\/#organization"},"alternateName":"TDH","potentialAction":[{"@type":"SearchAction","target":{"@type":"EntryPoint","urlTemplate":"https:\/\/tiranadentalhospital.com\/al\/?s={search_term_string}"},"query-input":{"@type":"PropertyValueSpecification","valueRequired":true,"valueName":"search_term_string"}}],"inLanguage":"en-US"},{"@type":"Organization","@id":"https:\/\/tiranadentalhospital.com\/al\/#organization","name":"Tirana Dental Hospital","alternateName":"Tirana Dental Hospital | Klinik\u00eb Dentare","url":"https:\/\/tiranadentalhospital.com\/al\/","logo":{"@type":"ImageObject","inLanguage":"en-US","@id":"https:\/\/tiranadentalhospital.com\/al\/#\/schema\/logo\/image\/","url":"https:\/\/i0.wp.com\/tiranadentalhospital.com\/al\/wp-content\/uploads\/2025\/04\/tdh-logo.png?fit=696%2C696&ssl=1","contentUrl":"https:\/\/i0.wp.com\/tiranadentalhospital.com\/al\/wp-content\/uploads\/2025\/04\/tdh-logo.png?fit=696%2C696&ssl=1","width":696,"height":696,"caption":"Tirana Dental Hospital"},"image":{"@id":"https:\/\/tiranadentalhospital.com\/al\/#\/schema\/logo\/image\/"},"sameAs":["https:\/\/www.facebook.com\/tiranadentalhospital"]}]}},"jetpack_sharing_enabled":true,"_links":{"self":[{"href":"https:\/\/tiranadentalhospital.com\/al\/wp-json\/wp\/v2\/pages\/7606","targetHints":{"allow":["GET"]}}],"collection":[{"href":"https:\/\/tiranadentalhospital.com\/al\/wp-json\/wp\/v2\/pages"}],"about":[{"href":"https:\/\/tiranadentalhospital.com\/al\/wp-json\/wp\/v2\/types\/page"}],"author":[{"embeddable":true,"href":"https:\/\/tiranadentalhospital.com\/al\/wp-json\/wp\/v2\/users\/1"}],"replies":[{"embeddable":true,"href":"https:\/\/tiranadentalhospital.com\/al\/wp-json\/wp\/v2\/comments?post=7606"}],"version-history":[{"count":5,"href":"https:\/\/tiranadentalhospital.com\/al\/wp-json\/wp\/v2\/pages\/7606\/revisions"}],"predecessor-version":[{"id":8365,"href":"https:\/\/tiranadentalhospital.com\/al\/wp-json\/wp\/v2\/pages\/7606\/revisions\/8365"}],"wp:attachment":[{"href":"https:\/\/tiranadentalhospital.com\/al\/wp-json\/wp\/v2\/media?parent=7606"}],"curies":[{"name":"wp","href":"https:\/\/api.w.org\/{rel}","templated":true}]}}