{"id":7616,"date":"2022-12-27T11:25:18","date_gmt":"2022-12-27T11:25:18","guid":{"rendered":"https:\/\/tiranadentalhospital.com\/al\/?page_id=7616"},"modified":"2022-12-27T12:46:23","modified_gmt":"2022-12-27T12:46:23","slug":"proteza-e-levizshme","status":"publish","type":"page","link":"https:\/\/tiranadentalhospital.com\/al\/proteza-dhe-estetika-dentare\/proteza-e-levizshme\/","title":{"rendered":"Proteza e l\u00ebvizshme"},"content":{"rendered":"<section class=\"l-section wpb_row us_custom_bff1d887 height_custom\"><div class=\"l-section-h i-cf\"><div class=\"g-cols vc_row via_grid cols_1 laptops-cols_inherit tablets-cols_inherit mobiles-cols_1 valign_top type_default stacking_default\"><div class=\"wpb_column vc_column_container\"><div class=\"vc_column-inner\"><nav class=\"g-breadcrumbs separator_icon align_none\" itemscope itemtype=\"http:\/\/schema.org\/BreadcrumbList\"><div class=\"g-breadcrumbs-item\" itemscope itemprop=\"itemListElement\" itemtype=\"http:\/\/schema.org\/ListItem\"><a itemprop=\"item\" href=\"https:\/\/tiranadentalhospital.com\/al\/\"><span itemprop=\"name\">Home<\/span><\/a><meta itemprop=\"position\" content=\"1\"\/><\/div><div class=\"g-breadcrumbs-separator\"><i class=\"far fa-angle-right\"><\/i><\/div><div class=\"g-breadcrumbs-item\">Pages<\/div><\/nav><\/div><\/div><\/div><\/div><\/section><section class=\"l-section wpb_row us_custom_85aebea1 height_custom\"><div class=\"l-section-h i-cf\"><div class=\"g-cols vc_row via_grid cols_1-3 laptops-cols_inherit tablets-cols_inherit mobiles-cols_1 valign_top type_default stacking_default\"><div class=\"wpb_column vc_column_container type_sticky\"><div class=\"vc_column-inner\"><div class=\"w-image align_none\"><div class=\"w-image-h\"><img decoding=\"async\" width=\"1024\" height=\"1024\" src=\"https:\/\/i0.wp.com\/tiranadentalhospital.com\/al\/wp-content\/uploads\/2022\/12\/proteze_e_levizshme.webp?fit=1024%2C1024&amp;ssl=1\" class=\"attachment-large size-large\" alt=\"\" loading=\"lazy\" srcset=\"https:\/\/i0.wp.com\/tiranadentalhospital.com\/al\/wp-content\/uploads\/2022\/12\/proteze_e_levizshme.webp?w=1024&amp;ssl=1 1024w, https:\/\/i0.wp.com\/tiranadentalhospital.com\/al\/wp-content\/uploads\/2022\/12\/proteze_e_levizshme.webp?resize=300%2C300&amp;ssl=1 300w, https:\/\/i0.wp.com\/tiranadentalhospital.com\/al\/wp-content\/uploads\/2022\/12\/proteze_e_levizshme.webp?resize=150%2C150&amp;ssl=1 150w\" sizes=\"auto, (max-width: 1024px) 100vw, 1024px\" \/><\/div><\/div><\/div><\/div><div class=\"wpb_column vc_column_container\"><div class=\"vc_column-inner\"><h2 class=\"w-text us_custom_eb849559\"><span class=\"w-text-h\"><span class=\"w-text-value\">Proteza e l\u00ebvizshme<\/span><\/span><\/h2><div class=\"w-separator size_small with_line width_50 thick_1 style_solid color_primary align_center with_content\"><div class=\"w-separator-h\"><i class=\"fas fa-tooth\"><\/i><\/div><\/div><div class=\"wpb_text_column\"><div class=\"wpb_wrapper\"><p><strong>Proteza e l\u00ebvizshme e dh\u00ebmb\u00ebve<\/strong> \u00ebsht\u00eb nj\u00eb pajisje q\u00eb p\u00ebrdoret p\u00ebr t\u00eb z\u00ebvend\u00ebsuar dh\u00ebmb\u00ebt natyral\u00eb q\u00eb mungojn\u00eb.<\/p>\n<p>Siguron <strong>shpejtesi te larte te nd\u00ebrhyrjes dhe krijim m\u00eb t\u00eb shpejt\u00eb t\u00eb protezes<\/strong>, por nj\u00eb nivel komoditeti m\u00eb t\u00eb ul\u00ebt se zgjidhjet e tjera.<\/p>\n<p>Kjo p\u00ebrfshin gjithashtu nj\u00eb periudh\u00eb t\u00eb p\u00ebrshtatjes progresive t\u00eb goj\u00ebs dhe angazhimin e pacientit p\u00ebr heqjen e p\u00ebrditshme p\u00ebr t\u00eb kryer operacione t\u00eb higjien\u00ebs orale.<\/p>\n<\/div><\/div><\/div><\/div><\/div><\/div><\/section><section class=\"l-section wpb_row us_custom_85aebea1 height_custom\"><div class=\"l-section-h i-cf\"><div class=\"g-cols vc_row via_grid cols_1 laptops-cols_inherit tablets-cols_inherit mobiles-cols_1 valign_top type_default stacking_default\"><div class=\"wpb_column vc_column_container\"><div class=\"vc_column-inner\"><h2 class=\"w-text us_custom_eb849559\"><span class=\"w-text-h\"><span class=\"w-text-value\">P\u00ebr k\u00eb \u00ebsht\u00eb nd\u00ebrhyrja?<\/span><\/span><\/h2><div class=\"w-separator size_small with_line width_50 thick_1 style_solid color_primary align_center with_content\"><div class=\"w-separator-h\"><i class=\"fas fa-tooth\"><\/i><\/div><\/div><div class=\"wpb_text_column\"><div class=\"wpb_wrapper\"><p>Kjo lloj proteze p\u00ebrfaq\u00ebson nj\u00eb alternativ\u00eb m\u00eb tradicionale dhe ekonomike, e p\u00ebrdorur zakonisht n\u00eb pacient\u00ebt me mosh\u00eb t\u00eb thyer, ose si nj\u00eb zgjidhje e p\u00ebrkohshme n\u00eb planet e kujdesit q\u00eb k\u00ebrkojn\u00eb rigjenerim kockor.<\/p>\n<\/div><\/div><\/div><\/div><\/div><\/div><\/section><section class=\"l-section wpb_row us_custom_85aebea1 height_custom\"><div class=\"l-section-h i-cf\"><div class=\"g-cols vc_row via_grid cols_2-1 laptops-cols_inherit tablets-cols_inherit mobiles-cols_1 valign_top type_default stacking_default\"><div class=\"wpb_column vc_column_container\"><div class=\"vc_column-inner\"><h2 class=\"w-text us_custom_eb849559\"><span class=\"w-text-h\"><span class=\"w-text-value\">Disavantazhet e protez\u00ebs s\u00eb l\u00ebvizshme<\/span><\/span><\/h2><div class=\"w-separator size_small with_line width_50 thick_1 style_solid color_primary align_center with_content\"><div class=\"w-separator-h\"><i class=\"fas fa-tooth\"><\/i><\/div><\/div><div class=\"wpb_text_column\"><div class=\"wpb_wrapper\"><p>Protezat e l\u00ebvizshme paraqesin disa \u00e7\u00ebshtje q\u00eb duhen marr\u00eb n\u00eb konsiderat\u00eb, prandaj pacienti duhet:<\/p>\n<ul>\n<li>Te heq protez\u00ebn pas \u00e7do vakti dhe kryeni nj\u00eb pastrim t\u00eb plot\u00eb t\u00eb saj<\/li>\n<li>Ti kushtoje v\u00ebmendje higjien\u00ebs orale p\u00ebr t\u00eb shmangur formimin e kariesit n\u00eb dh\u00ebmb\u00ebt ngjitur ose infeksionet dhe inflamacionin n\u00eb mishrat e dh\u00ebmb\u00ebve mbi t\u00eb cilat mb\u00ebshtetet proteza;<\/li>\n<li>Ti kushtoj v\u00ebmendje p\u00ebrtypjes s\u00eb ushqimeve t\u00eb forta ose t\u00eb q\u00ebndrueshme, duke mos qen\u00eb n\u00eb gjendje t\u00eb ushtroje force mbi protez\u00ebn.<\/li>\n<\/ul>\n<p>N\u00ebse proteza e l\u00ebvizshme nuk \u00ebsht\u00eb zgjidhja e problemeve tuaja, mund t\u00eb konsultoni faqen e <strong>protez\u00ebs fikse dhe gjysm\u00eb fikse<\/strong>.<\/p>\n<\/div><\/div><\/div><\/div><div class=\"wpb_column vc_column_container type_sticky\"><div class=\"vc_column-inner\"><div class=\"w-image align_none\"><div class=\"w-image-h\"><img decoding=\"async\" width=\"950\" height=\"534\" src=\"https:\/\/i0.wp.com\/tiranadentalhospital.com\/al\/wp-content\/uploads\/2022\/12\/proteze_e_levizshme_2.webp?fit=950%2C534&amp;ssl=1\" class=\"attachment-large size-large\" alt=\"\" loading=\"lazy\" srcset=\"https:\/\/i0.wp.com\/tiranadentalhospital.com\/al\/wp-content\/uploads\/2022\/12\/proteze_e_levizshme_2.webp?w=950&amp;ssl=1 950w, https:\/\/i0.wp.com\/tiranadentalhospital.com\/al\/wp-content\/uploads\/2022\/12\/proteze_e_levizshme_2.webp?resize=300%2C169&amp;ssl=1 300w\" sizes=\"auto, (max-width: 950px) 100vw, 950px\" \/><\/div><\/div><\/div><\/div><\/div><\/div><\/section>\n","protected":false},"excerpt":{"rendered":"HomePagesProteza e l\u00ebvizshmeProteza e l\u00ebvizshme e dh\u00ebmb\u00ebve \u00ebsht\u00eb nj\u00eb pajisje q\u00eb p\u00ebrdoret p\u00ebr t\u00eb z\u00ebvend\u00ebsuar dh\u00ebmb\u00ebt natyral\u00eb q\u00eb mungojn\u00eb. Siguron shpejtesi te larte te nd\u00ebrhyrjes dhe krijim m\u00eb t\u00eb shpejt\u00eb t\u00eb protezes, por nj\u00eb nivel komoditeti m\u00eb t\u00eb ul\u00ebt se zgjidhjet e tjera. Kjo p\u00ebrfshin gjithashtu nj\u00eb periudh\u00eb t\u00eb p\u00ebrshtatjes progresive t\u00eb goj\u00ebs dhe angazhimin...","protected":false},"author":1,"featured_media":0,"parent":7606,"menu_order":0,"comment_status":"closed","ping_status":"closed","template":"","meta":{"nf_dc_page":"","footnotes":""},"class_list":["post-7616","page","type-page","status-publish","hentry"],"yoast_head":"<!-- This site is optimized with the Yoast SEO plugin v27.4 - https:\/\/yoast.com\/product\/yoast-seo-wordpress\/ -->\n<title>Proteza e l\u00ebvizshme | Tirana Dental Hospital<\/title>\n<meta name=\"description\" content=\"Tirana Dental Hospital - Klinik\u00eb dentare moderne e specializuar n\u00eb implantologji duke ofruar sh\u00ebrbime dentare t\u00eb standardeve m\u00eb t\u00eb larta evropiane. Tirana Dental Hospital ofron nj\u00eb mori sh\u00ebrbimesh: implantologji, faceta, estetike dentare etj.\" \/>\n<meta name=\"robots\" content=\"index, follow, max-snippet:-1, max-image-preview:large, max-video-preview:-1\" \/>\n<link rel=\"canonical\" href=\"https:\/\/tiranadentalhospital.com\/al\/proteza-dhe-estetika-dentare\/proteza-e-levizshme\/\" \/>\n<meta property=\"og:locale\" content=\"en_US\" \/>\n<meta property=\"og:type\" content=\"article\" \/>\n<meta property=\"og:title\" content=\"Proteza e l\u00ebvizshme | Tirana Dental Hospital\" \/>\n<meta property=\"og:description\" content=\"Tirana Dental Hospital - Klinik\u00eb dentare moderne e specializuar n\u00eb implantologji duke ofruar sh\u00ebrbime dentare t\u00eb standardeve m\u00eb t\u00eb larta evropiane. Tirana Dental Hospital ofron nj\u00eb mori sh\u00ebrbimesh: implantologji, faceta, estetike dentare etj.\" \/>\n<meta property=\"og:url\" content=\"https:\/\/tiranadentalhospital.com\/al\/proteza-dhe-estetika-dentare\/proteza-e-levizshme\/\" \/>\n<meta property=\"og:site_name\" content=\"Tirana Dental Hospital\" \/>\n<meta property=\"article:publisher\" content=\"https:\/\/www.facebook.com\/tiranadentalhospital\" \/>\n<meta property=\"article:modified_time\" content=\"2022-12-27T12:46:23+00:00\" \/>\n<meta property=\"og:image\" content=\"https:\/\/i0.wp.com\/tiranadentalhospital.com\/al\/wp-content\/uploads\/2025\/04\/tdh.png?fit=1200%2C675&ssl=1\" \/>\n\t<meta property=\"og:image:width\" content=\"1200\" \/>\n\t<meta property=\"og:image:height\" content=\"675\" \/>\n\t<meta property=\"og:image:type\" content=\"image\/png\" \/>\n<meta name=\"twitter:card\" content=\"summary_large_image\" \/>\n<meta name=\"twitter:label1\" content=\"Est. reading time\" \/>\n\t<meta name=\"twitter:data1\" content=\"2 minutes\" \/>\n<script type=\"application\/ld+json\" class=\"yoast-schema-graph\">{\"@context\":\"https:\\\/\\\/schema.org\",\"@graph\":[{\"@type\":\"WebPage\",\"@id\":\"https:\\\/\\\/tiranadentalhospital.com\\\/al\\\/proteza-dhe-estetika-dentare\\\/proteza-e-levizshme\\\/\",\"url\":\"https:\\\/\\\/tiranadentalhospital.com\\\/al\\\/proteza-dhe-estetika-dentare\\\/proteza-e-levizshme\\\/\",\"name\":\"Proteza e l\u00ebvizshme | Tirana Dental Hospital\",\"isPartOf\":{\"@id\":\"https:\\\/\\\/tiranadentalhospital.com\\\/al\\\/#website\"},\"datePublished\":\"2022-12-27T11:25:18+00:00\",\"dateModified\":\"2022-12-27T12:46:23+00:00\",\"description\":\"Tirana Dental Hospital - Klinik\u00eb dentare moderne e specializuar n\u00eb implantologji duke ofruar sh\u00ebrbime dentare t\u00eb standardeve m\u00eb t\u00eb larta evropiane. Tirana Dental Hospital ofron nj\u00eb mori sh\u00ebrbimesh: implantologji, faceta, estetike dentare etj.\",\"breadcrumb\":{\"@id\":\"https:\\\/\\\/tiranadentalhospital.com\\\/al\\\/proteza-dhe-estetika-dentare\\\/proteza-e-levizshme\\\/#breadcrumb\"},\"inLanguage\":\"en-US\",\"potentialAction\":[{\"@type\":\"ReadAction\",\"target\":[\"https:\\\/\\\/tiranadentalhospital.com\\\/al\\\/proteza-dhe-estetika-dentare\\\/proteza-e-levizshme\\\/\"]}]},{\"@type\":\"BreadcrumbList\",\"@id\":\"https:\\\/\\\/tiranadentalhospital.com\\\/al\\\/proteza-dhe-estetika-dentare\\\/proteza-e-levizshme\\\/#breadcrumb\",\"itemListElement\":[{\"@type\":\"ListItem\",\"position\":1,\"name\":\"Home\",\"item\":\"https:\\\/\\\/tiranadentalhospital.com\\\/al\\\/\"},{\"@type\":\"ListItem\",\"position\":2,\"name\":\"Proteza dhe estetika dentare\",\"item\":\"https:\\\/\\\/tiranadentalhospital.com\\\/al\\\/proteza-dhe-estetika-dentare\\\/\"},{\"@type\":\"ListItem\",\"position\":3,\"name\":\"Proteza e l\u00ebvizshme\"}]},{\"@type\":\"WebSite\",\"@id\":\"https:\\\/\\\/tiranadentalhospital.com\\\/al\\\/#website\",\"url\":\"https:\\\/\\\/tiranadentalhospital.com\\\/al\\\/\",\"name\":\"Tirana Dental Hospital\",\"description\":\"Klinik\u00eb Dentare n\u00eb Tiran\u00eb\",\"publisher\":{\"@id\":\"https:\\\/\\\/tiranadentalhospital.com\\\/al\\\/#organization\"},\"alternateName\":\"TDH\",\"potentialAction\":[{\"@type\":\"SearchAction\",\"target\":{\"@type\":\"EntryPoint\",\"urlTemplate\":\"https:\\\/\\\/tiranadentalhospital.com\\\/al\\\/?s={search_term_string}\"},\"query-input\":{\"@type\":\"PropertyValueSpecification\",\"valueRequired\":true,\"valueName\":\"search_term_string\"}}],\"inLanguage\":\"en-US\"},{\"@type\":\"Organization\",\"@id\":\"https:\\\/\\\/tiranadentalhospital.com\\\/al\\\/#organization\",\"name\":\"Tirana Dental Hospital\",\"alternateName\":\"Tirana Dental Hospital | Klinik\u00eb Dentare\",\"url\":\"https:\\\/\\\/tiranadentalhospital.com\\\/al\\\/\",\"logo\":{\"@type\":\"ImageObject\",\"inLanguage\":\"en-US\",\"@id\":\"https:\\\/\\\/tiranadentalhospital.com\\\/al\\\/#\\\/schema\\\/logo\\\/image\\\/\",\"url\":\"https:\\\/\\\/i0.wp.com\\\/tiranadentalhospital.com\\\/al\\\/wp-content\\\/uploads\\\/2025\\\/04\\\/tdh-logo.png?fit=696%2C696&ssl=1\",\"contentUrl\":\"https:\\\/\\\/i0.wp.com\\\/tiranadentalhospital.com\\\/al\\\/wp-content\\\/uploads\\\/2025\\\/04\\\/tdh-logo.png?fit=696%2C696&ssl=1\",\"width\":696,\"height\":696,\"caption\":\"Tirana Dental Hospital\"},\"image\":{\"@id\":\"https:\\\/\\\/tiranadentalhospital.com\\\/al\\\/#\\\/schema\\\/logo\\\/image\\\/\"},\"sameAs\":[\"https:\\\/\\\/www.facebook.com\\\/tiranadentalhospital\"]}]}<\/script>\n<!-- \/ Yoast SEO plugin. -->","yoast_head_json":{"title":"Proteza e l\u00ebvizshme | Tirana Dental Hospital","description":"Tirana Dental Hospital - Klinik\u00eb dentare moderne e specializuar n\u00eb implantologji duke ofruar sh\u00ebrbime dentare t\u00eb standardeve m\u00eb t\u00eb larta evropiane. Tirana Dental Hospital ofron nj\u00eb mori sh\u00ebrbimesh: implantologji, faceta, estetike dentare etj.","robots":{"index":"index","follow":"follow","max-snippet":"max-snippet:-1","max-image-preview":"max-image-preview:large","max-video-preview":"max-video-preview:-1"},"canonical":"https:\/\/tiranadentalhospital.com\/al\/proteza-dhe-estetika-dentare\/proteza-e-levizshme\/","og_locale":"en_US","og_type":"article","og_title":"Proteza e l\u00ebvizshme | Tirana Dental Hospital","og_description":"Tirana Dental Hospital - Klinik\u00eb dentare moderne e specializuar n\u00eb implantologji duke ofruar sh\u00ebrbime dentare t\u00eb standardeve m\u00eb t\u00eb larta evropiane. Tirana Dental Hospital ofron nj\u00eb mori sh\u00ebrbimesh: implantologji, faceta, estetike dentare etj.","og_url":"https:\/\/tiranadentalhospital.com\/al\/proteza-dhe-estetika-dentare\/proteza-e-levizshme\/","og_site_name":"Tirana Dental Hospital","article_publisher":"https:\/\/www.facebook.com\/tiranadentalhospital","article_modified_time":"2022-12-27T12:46:23+00:00","og_image":[{"width":1200,"height":675,"url":"https:\/\/i0.wp.com\/tiranadentalhospital.com\/al\/wp-content\/uploads\/2025\/04\/tdh.png?fit=1200%2C675&ssl=1","type":"image\/png"}],"twitter_card":"summary_large_image","twitter_misc":{"Est. reading time":"2 minutes"},"schema":{"@context":"https:\/\/schema.org","@graph":[{"@type":"WebPage","@id":"https:\/\/tiranadentalhospital.com\/al\/proteza-dhe-estetika-dentare\/proteza-e-levizshme\/","url":"https:\/\/tiranadentalhospital.com\/al\/proteza-dhe-estetika-dentare\/proteza-e-levizshme\/","name":"Proteza e l\u00ebvizshme | Tirana Dental Hospital","isPartOf":{"@id":"https:\/\/tiranadentalhospital.com\/al\/#website"},"datePublished":"2022-12-27T11:25:18+00:00","dateModified":"2022-12-27T12:46:23+00:00","description":"Tirana Dental Hospital - Klinik\u00eb dentare moderne e specializuar n\u00eb implantologji duke ofruar sh\u00ebrbime dentare t\u00eb standardeve m\u00eb t\u00eb larta evropiane. Tirana Dental Hospital ofron nj\u00eb mori sh\u00ebrbimesh: implantologji, faceta, estetike dentare etj.","breadcrumb":{"@id":"https:\/\/tiranadentalhospital.com\/al\/proteza-dhe-estetika-dentare\/proteza-e-levizshme\/#breadcrumb"},"inLanguage":"en-US","potentialAction":[{"@type":"ReadAction","target":["https:\/\/tiranadentalhospital.com\/al\/proteza-dhe-estetika-dentare\/proteza-e-levizshme\/"]}]},{"@type":"BreadcrumbList","@id":"https:\/\/tiranadentalhospital.com\/al\/proteza-dhe-estetika-dentare\/proteza-e-levizshme\/#breadcrumb","itemListElement":[{"@type":"ListItem","position":1,"name":"Home","item":"https:\/\/tiranadentalhospital.com\/al\/"},{"@type":"ListItem","position":2,"name":"Proteza dhe estetika dentare","item":"https:\/\/tiranadentalhospital.com\/al\/proteza-dhe-estetika-dentare\/"},{"@type":"ListItem","position":3,"name":"Proteza e l\u00ebvizshme"}]},{"@type":"WebSite","@id":"https:\/\/tiranadentalhospital.com\/al\/#website","url":"https:\/\/tiranadentalhospital.com\/al\/","name":"Tirana Dental Hospital","description":"Klinik\u00eb Dentare n\u00eb Tiran\u00eb","publisher":{"@id":"https:\/\/tiranadentalhospital.com\/al\/#organization"},"alternateName":"TDH","potentialAction":[{"@type":"SearchAction","target":{"@type":"EntryPoint","urlTemplate":"https:\/\/tiranadentalhospital.com\/al\/?s={search_term_string}"},"query-input":{"@type":"PropertyValueSpecification","valueRequired":true,"valueName":"search_term_string"}}],"inLanguage":"en-US"},{"@type":"Organization","@id":"https:\/\/tiranadentalhospital.com\/al\/#organization","name":"Tirana Dental Hospital","alternateName":"Tirana Dental Hospital | Klinik\u00eb Dentare","url":"https:\/\/tiranadentalhospital.com\/al\/","logo":{"@type":"ImageObject","inLanguage":"en-US","@id":"https:\/\/tiranadentalhospital.com\/al\/#\/schema\/logo\/image\/","url":"https:\/\/i0.wp.com\/tiranadentalhospital.com\/al\/wp-content\/uploads\/2025\/04\/tdh-logo.png?fit=696%2C696&ssl=1","contentUrl":"https:\/\/i0.wp.com\/tiranadentalhospital.com\/al\/wp-content\/uploads\/2025\/04\/tdh-logo.png?fit=696%2C696&ssl=1","width":696,"height":696,"caption":"Tirana Dental Hospital"},"image":{"@id":"https:\/\/tiranadentalhospital.com\/al\/#\/schema\/logo\/image\/"},"sameAs":["https:\/\/www.facebook.com\/tiranadentalhospital"]}]}},"jetpack_sharing_enabled":true,"_links":{"self":[{"href":"https:\/\/tiranadentalhospital.com\/al\/wp-json\/wp\/v2\/pages\/7616","targetHints":{"allow":["GET"]}}],"collection":[{"href":"https:\/\/tiranadentalhospital.com\/al\/wp-json\/wp\/v2\/pages"}],"about":[{"href":"https:\/\/tiranadentalhospital.com\/al\/wp-json\/wp\/v2\/types\/page"}],"author":[{"embeddable":true,"href":"https:\/\/tiranadentalhospital.com\/al\/wp-json\/wp\/v2\/users\/1"}],"replies":[{"embeddable":true,"href":"https:\/\/tiranadentalhospital.com\/al\/wp-json\/wp\/v2\/comments?post=7616"}],"version-history":[{"count":2,"href":"https:\/\/tiranadentalhospital.com\/al\/wp-json\/wp\/v2\/pages\/7616\/revisions"}],"predecessor-version":[{"id":7620,"href":"https:\/\/tiranadentalhospital.com\/al\/wp-json\/wp\/v2\/pages\/7616\/revisions\/7620"}],"up":[{"embeddable":true,"href":"https:\/\/tiranadentalhospital.com\/al\/wp-json\/wp\/v2\/pages\/7606"}],"wp:attachment":[{"href":"https:\/\/tiranadentalhospital.com\/al\/wp-json\/wp\/v2\/media?parent=7616"}],"curies":[{"name":"wp","href":"https:\/\/api.w.org\/{rel}","templated":true}]}}