{"id":7639,"date":"2022-12-27T12:31:37","date_gmt":"2022-12-27T12:31:37","guid":{"rendered":"https:\/\/tiranadentalhospital.com\/al\/?page_id=7639"},"modified":"2026-03-14T22:13:46","modified_gmt":"2026-03-14T22:13:46","slug":"kirurgji-estetike-e-mishrave-te-dhembeve","status":"publish","type":"page","link":"https:\/\/tiranadentalhospital.com\/al\/kirurgjia-estetike\/kirurgji-estetike-e-mishrave-te-dhembeve\/","title":{"rendered":"Kirurgji estetike e mishrave t\u00eb dh\u00ebmb\u00ebve"},"content":{"rendered":"<section class=\"l-section wpb_row us_custom_bff1d887 height_custom\"><div class=\"l-section-h i-cf\"><div class=\"g-cols vc_row via_grid cols_1 laptops-cols_inherit tablets-cols_inherit mobiles-cols_1 valign_top type_default stacking_default\"><div class=\"wpb_column vc_column_container\"><div class=\"vc_column-inner\"><nav class=\"g-breadcrumbs separator_icon align_none\" itemscope itemtype=\"http:\/\/schema.org\/BreadcrumbList\"><div class=\"g-breadcrumbs-item\" itemscope itemprop=\"itemListElement\" itemtype=\"http:\/\/schema.org\/ListItem\"><a itemprop=\"item\" href=\"https:\/\/tiranadentalhospital.com\/al\/\"><span itemprop=\"name\">Home<\/span><\/a><meta itemprop=\"position\" content=\"1\"\/><\/div><div class=\"g-breadcrumbs-separator\"><i class=\"far fa-angle-right\"><\/i><\/div><div class=\"g-breadcrumbs-item\">Pages<\/div><\/nav><\/div><\/div><\/div><\/div><\/section><section class=\"l-section wpb_row us_custom_85aebea1 height_custom\"><div class=\"l-section-h i-cf\"><div class=\"g-cols vc_row via_grid cols_2-1 laptops-cols_inherit tablets-cols_inherit mobiles-cols_1 valign_top type_default stacking_default\"><div class=\"wpb_column vc_column_container\"><div class=\"vc_column-inner\"><h2 class=\"w-text us_custom_eb849559\"><span class=\"w-text-h\"><span class=\"w-text-value\">Kirurgji estetike e mishrave t\u00eb dh\u00ebmb\u00ebve<\/span><\/span><\/h2><div class=\"w-separator size_small with_line width_50 thick_1 style_solid color_primary align_center with_content\"><div class=\"w-separator-h\"><i class=\"fas fa-tooth\"><\/i><\/div><\/div><div class=\"wpb_text_column\"><div class=\"wpb_wrapper\"><p>Kirurgjia estetike e mishrave t\u00eb dh\u00ebmb\u00ebve dhe restaurimi i funksionit gingival \u00ebsht\u00eb i nj\u00eb r\u00ebnd\u00ebsie thelb\u00ebsore p\u00ebr mbrojtjen e pjes\u00ebve m\u00eb t\u00eb cenueshme t\u00eb dh\u00ebmb\u00ebve, t\u00eb kock\u00ebs mb\u00ebshtet\u00ebse dhe p\u00ebr integritetin e indeve gingival.<\/p>\n<p><strong>Si mund t\u00eb eliminohen defektet e mishrave t\u00eb dh\u00ebmb\u00ebve?<\/strong><\/p>\n<p>Shumica e k\u00ebtyre defekteve mund t\u00eb <strong>eliminohen me mikrokirurgji t\u00eb vogla, minimalisht invazive, por shum\u00eb t\u00eb sofistikuara t\u00eb gingivave<\/strong>.<\/p>\n<p>N\u00eb duart e ekspert\u00ebve, k\u00ebto nd\u00ebrhyrje lejojn\u00eb rivendosjen e arkitektur\u00ebs s\u00eb d\u00ebmtuar t\u00eb gingiv\u00ebs me arritjen e ribalancimit harmonik t\u00eb buz\u00ebqeshjes dhe sh\u00ebndetit oral.<\/p>\n<\/div><\/div><\/div><\/div><div class=\"wpb_column vc_column_container type_sticky\"><div class=\"vc_column-inner\"><div class=\"w-image align_none\"><div class=\"w-image-h\"><img decoding=\"async\" width=\"300\" height=\"225\" src=\"https:\/\/i0.wp.com\/tiranadentalhospital.com\/al\/wp-content\/uploads\/2023\/12\/gingiv1.jpg?fit=300%2C225&amp;ssl=1\" class=\"attachment-large size-large\" alt=\"\" loading=\"lazy\" \/><\/div><\/div><\/div><\/div><\/div><\/div><\/section><section class=\"l-section wpb_row us_custom_85aebea1 height_custom\"><div class=\"l-section-h i-cf\"><div class=\"g-cols vc_row via_grid cols_1-3 laptops-cols_inherit tablets-cols_inherit mobiles-cols_1 valign_top type_default stacking_default\"><div class=\"wpb_column vc_column_container type_sticky\"><div class=\"vc_column-inner\"><div class=\"w-image align_none\"><div class=\"w-image-h\"><img decoding=\"async\" width=\"300\" height=\"159\" src=\"https:\/\/i0.wp.com\/tiranadentalhospital.com\/al\/wp-content\/uploads\/2023\/12\/gingiv2.jpg?fit=300%2C159&amp;ssl=1\" class=\"attachment-large size-large\" alt=\"\" loading=\"lazy\" \/><\/div><\/div><\/div><\/div><div class=\"wpb_column vc_column_container\"><div class=\"vc_column-inner\"><h2 class=\"w-text us_custom_eb849559\"><span class=\"w-text-h\"><span class=\"w-text-value\">Cilat jan\u00eb defektet kryesore t\u00eb mishrave t\u00eb dh\u00ebmb\u00ebve<\/span><\/span><\/h2><div class=\"w-separator size_small with_line width_50 thick_1 style_solid color_primary align_center with_content\"><div class=\"w-separator-h\"><i class=\"fas fa-tooth\"><\/i><\/div><\/div><div class=\"wpb_text_column\"><div class=\"wpb_wrapper\"><p>Kujdesi p\u00ebr mishrat e dh\u00ebmb\u00ebve \u00ebsht\u00eb nj\u00eb proces aspak i leht\u00eb n\u00eb jet\u00ebn ton\u00eb t\u00eb<br \/>\np\u00ebrditshme. Duhet t\u00eb jeni gati p\u00ebr \u00e7do gj\u00eb dhe p\u00ebr k\u00ebt\u00eb arsye ne rendisim defektet kryesore t\u00eb mishrave t\u00eb dh\u00ebmb\u00ebve q\u00eb mund t\u00eb hasni n\u00eb jet\u00ebn tuaj:<\/p>\n<ul>\n<li>Recesione<\/li>\n<li>Atrofi papilare<\/li>\n<li>Asimetri gingivale<\/li>\n<li>Inserim jonormal i frenulumit<\/li>\n<li>Atrofia e indeve dhe kockave n\u00eb zonat pa dh\u00ebmb\u00eb<\/li>\n<li>Hipertrofia e gingivave<\/li>\n<li>Buzeqeshje gingivale\u00a0 ose &#8220;gummy smile&#8221;<\/li>\n<li>Tatuazhet e mishrave t\u00eb dh\u00ebmb\u00ebve (t\u00eb quajtura edhe &#8220;njolla t\u00eb err\u00ebta&#8221;);<\/li>\n<li>Rritjet e gingivave.<\/li>\n<\/ul>\n<\/div><\/div><\/div><\/div><\/div><\/div><\/section><section class=\"l-section wpb_row us_custom_85aebea1 height_custom\"><div class=\"l-section-h i-cf\"><div class=\"g-cols vc_row via_grid cols_1 laptops-cols_inherit tablets-cols_inherit mobiles-cols_1 valign_top type_default stacking_default\"><div class=\"wpb_column vc_column_container\"><div class=\"vc_column-inner\"><h2 class=\"w-text us_custom_eb849559\"><span class=\"w-text-h\"><span class=\"w-text-value\">Nd\u00ebrhyrjet kryesore p\u00ebr mjekim<\/span><\/span><\/h2><div class=\"w-separator size_small with_line width_50 thick_1 style_solid color_primary align_center with_content\"><div class=\"w-separator-h\"><i class=\"fas fa-tooth\"><\/i><\/div><\/div><div class=\"wpb_text_column\"><div class=\"wpb_wrapper\"><p>Operacionet kryesore mukogingive q\u00eb kryhen n\u00eb spitalin ton\u00eb stomatologjik p\u00ebr restaurimin e indeve gingival, si n\u00eb funksion dhe n\u00eb estetik\u00eb jan\u00eb:<\/p>\n<ul>\n<li>Kirurgji me lazer gingival<\/li>\n<li>Trajtimi i gummy smile<\/li>\n<li>Graft gingival<\/li>\n<li>Ripozicionimi i kurores.<\/li>\n<\/ul>\n<\/div><\/div><\/div><\/div><\/div><\/div><\/section>\n","protected":false},"excerpt":{"rendered":"HomePagesKirurgji estetike e mishrave t\u00eb dh\u00ebmb\u00ebveKirurgjia estetike e mishrave t\u00eb dh\u00ebmb\u00ebve dhe restaurimi i funksionit gingival \u00ebsht\u00eb i nj\u00eb r\u00ebnd\u00ebsie thelb\u00ebsore p\u00ebr mbrojtjen e pjes\u00ebve m\u00eb t\u00eb cenueshme t\u00eb dh\u00ebmb\u00ebve, t\u00eb kock\u00ebs mb\u00ebshtet\u00ebse dhe p\u00ebr integritetin e indeve gingival. Si mund t\u00eb eliminohen defektet e mishrave t\u00eb dh\u00ebmb\u00ebve? Shumica e k\u00ebtyre defekteve mund t\u00eb eliminohen...","protected":false},"author":1,"featured_media":7731,"parent":7648,"menu_order":0,"comment_status":"closed","ping_status":"closed","template":"","meta":{"nf_dc_page":"","footnotes":""},"class_list":["post-7639","page","type-page","status-publish","has-post-thumbnail","hentry"],"yoast_head":"<!-- This site is optimized with the Yoast SEO plugin v27.4 - https:\/\/yoast.com\/product\/yoast-seo-wordpress\/ -->\n<title>Kirurgji estetike e mishrave t\u00eb dh\u00ebmb\u00ebve | Tirana Dental Hospital<\/title>\n<meta name=\"description\" content=\"Tirana Dental Hospital Kirurgji estetike e mishrave t\u00eb dh\u00ebmb\u00ebve Klinik\u00eb dentare moderne e specializuar n\u00eb implantologji duke ofruar sh\u00ebrbime dentare t\u00eb standardeve m\u00eb t\u00eb larta evropiane. Tirana Dental Hospital ofron nj\u00eb mori sh\u00ebrbimesh: implantologji, faceta, estetike dentare etj.\" \/>\n<meta name=\"robots\" content=\"index, follow, max-snippet:-1, max-image-preview:large, max-video-preview:-1\" \/>\n<link rel=\"canonical\" href=\"https:\/\/tiranadentalhospital.com\/al\/kirurgjia-estetike\/kirurgji-estetike-e-mishrave-te-dhembeve\/\" \/>\n<meta property=\"og:locale\" content=\"en_US\" \/>\n<meta property=\"og:type\" content=\"article\" \/>\n<meta property=\"og:title\" content=\"Kirurgji estetike e mishrave t\u00eb dh\u00ebmb\u00ebve | Tirana Dental Hospital\" \/>\n<meta property=\"og:description\" content=\"Tirana Dental Hospital Kirurgji estetike e mishrave t\u00eb dh\u00ebmb\u00ebve Klinik\u00eb dentare moderne e specializuar n\u00eb implantologji duke ofruar sh\u00ebrbime dentare t\u00eb standardeve m\u00eb t\u00eb larta evropiane. Tirana Dental Hospital ofron nj\u00eb mori sh\u00ebrbimesh: implantologji, faceta, estetike dentare etj.\" \/>\n<meta property=\"og:url\" content=\"https:\/\/tiranadentalhospital.com\/al\/kirurgjia-estetike\/kirurgji-estetike-e-mishrave-te-dhembeve\/\" \/>\n<meta property=\"og:site_name\" content=\"Tirana Dental Hospital\" \/>\n<meta property=\"article:publisher\" content=\"https:\/\/www.facebook.com\/tiranadentalhospital\" \/>\n<meta property=\"article:modified_time\" content=\"2026-03-14T22:13:46+00:00\" \/>\n<meta property=\"og:image\" content=\"https:\/\/tiranadentalhospital.com\/al\/wp-content\/uploads\/2022\/12\/Orthodontics-e1773526242885.webp\" \/>\n\t<meta property=\"og:image:width\" content=\"600\" \/>\n\t<meta property=\"og:image:height\" content=\"400\" \/>\n\t<meta property=\"og:image:type\" content=\"image\/webp\" \/>\n<meta name=\"twitter:card\" content=\"summary_large_image\" \/>\n<meta name=\"twitter:label1\" content=\"Est. reading time\" \/>\n\t<meta name=\"twitter:data1\" content=\"2 minutes\" \/>\n<script type=\"application\/ld+json\" class=\"yoast-schema-graph\">{\"@context\":\"https:\\\/\\\/schema.org\",\"@graph\":[{\"@type\":\"WebPage\",\"@id\":\"https:\\\/\\\/tiranadentalhospital.com\\\/al\\\/kirurgjia-estetike\\\/kirurgji-estetike-e-mishrave-te-dhembeve\\\/\",\"url\":\"https:\\\/\\\/tiranadentalhospital.com\\\/al\\\/kirurgjia-estetike\\\/kirurgji-estetike-e-mishrave-te-dhembeve\\\/\",\"name\":\"Kirurgji estetike e mishrave t\u00eb dh\u00ebmb\u00ebve | Tirana Dental Hospital\",\"isPartOf\":{\"@id\":\"https:\\\/\\\/tiranadentalhospital.com\\\/al\\\/#website\"},\"primaryImageOfPage\":{\"@id\":\"https:\\\/\\\/tiranadentalhospital.com\\\/al\\\/kirurgjia-estetike\\\/kirurgji-estetike-e-mishrave-te-dhembeve\\\/#primaryimage\"},\"image\":{\"@id\":\"https:\\\/\\\/tiranadentalhospital.com\\\/al\\\/kirurgjia-estetike\\\/kirurgji-estetike-e-mishrave-te-dhembeve\\\/#primaryimage\"},\"thumbnailUrl\":\"https:\\\/\\\/i0.wp.com\\\/tiranadentalhospital.com\\\/al\\\/wp-content\\\/uploads\\\/2022\\\/12\\\/Orthodontics-e1773526242885.webp?fit=600%2C400&ssl=1\",\"datePublished\":\"2022-12-27T12:31:37+00:00\",\"dateModified\":\"2026-03-14T22:13:46+00:00\",\"description\":\"Tirana Dental Hospital Kirurgji estetike e mishrave t\u00eb dh\u00ebmb\u00ebve Klinik\u00eb dentare moderne e specializuar n\u00eb implantologji duke ofruar sh\u00ebrbime dentare t\u00eb standardeve m\u00eb t\u00eb larta evropiane. Tirana Dental Hospital ofron nj\u00eb mori sh\u00ebrbimesh: implantologji, faceta, estetike dentare etj.\",\"breadcrumb\":{\"@id\":\"https:\\\/\\\/tiranadentalhospital.com\\\/al\\\/kirurgjia-estetike\\\/kirurgji-estetike-e-mishrave-te-dhembeve\\\/#breadcrumb\"},\"inLanguage\":\"en-US\",\"potentialAction\":[{\"@type\":\"ReadAction\",\"target\":[\"https:\\\/\\\/tiranadentalhospital.com\\\/al\\\/kirurgjia-estetike\\\/kirurgji-estetike-e-mishrave-te-dhembeve\\\/\"]}]},{\"@type\":\"ImageObject\",\"inLanguage\":\"en-US\",\"@id\":\"https:\\\/\\\/tiranadentalhospital.com\\\/al\\\/kirurgjia-estetike\\\/kirurgji-estetike-e-mishrave-te-dhembeve\\\/#primaryimage\",\"url\":\"https:\\\/\\\/i0.wp.com\\\/tiranadentalhospital.com\\\/al\\\/wp-content\\\/uploads\\\/2022\\\/12\\\/Orthodontics-e1773526242885.webp?fit=600%2C400&ssl=1\",\"contentUrl\":\"https:\\\/\\\/i0.wp.com\\\/tiranadentalhospital.com\\\/al\\\/wp-content\\\/uploads\\\/2022\\\/12\\\/Orthodontics-e1773526242885.webp?fit=600%2C400&ssl=1\",\"width\":600,\"height\":400},{\"@type\":\"BreadcrumbList\",\"@id\":\"https:\\\/\\\/tiranadentalhospital.com\\\/al\\\/kirurgjia-estetike\\\/kirurgji-estetike-e-mishrave-te-dhembeve\\\/#breadcrumb\",\"itemListElement\":[{\"@type\":\"ListItem\",\"position\":1,\"name\":\"Home\",\"item\":\"https:\\\/\\\/tiranadentalhospital.com\\\/al\\\/\"},{\"@type\":\"ListItem\",\"position\":2,\"name\":\"Kirurgjia Estetike\",\"item\":\"https:\\\/\\\/tiranadentalhospital.com\\\/al\\\/kirurgjia-estetike\\\/\"},{\"@type\":\"ListItem\",\"position\":3,\"name\":\"Kirurgji estetike e mishrave t\u00eb dh\u00ebmb\u00ebve\"}]},{\"@type\":\"WebSite\",\"@id\":\"https:\\\/\\\/tiranadentalhospital.com\\\/al\\\/#website\",\"url\":\"https:\\\/\\\/tiranadentalhospital.com\\\/al\\\/\",\"name\":\"Tirana Dental Hospital\",\"description\":\"Klinik\u00eb Dentare n\u00eb Tiran\u00eb\",\"publisher\":{\"@id\":\"https:\\\/\\\/tiranadentalhospital.com\\\/al\\\/#organization\"},\"alternateName\":\"TDH\",\"potentialAction\":[{\"@type\":\"SearchAction\",\"target\":{\"@type\":\"EntryPoint\",\"urlTemplate\":\"https:\\\/\\\/tiranadentalhospital.com\\\/al\\\/?s={search_term_string}\"},\"query-input\":{\"@type\":\"PropertyValueSpecification\",\"valueRequired\":true,\"valueName\":\"search_term_string\"}}],\"inLanguage\":\"en-US\"},{\"@type\":\"Organization\",\"@id\":\"https:\\\/\\\/tiranadentalhospital.com\\\/al\\\/#organization\",\"name\":\"Tirana Dental Hospital\",\"alternateName\":\"Tirana Dental Hospital | Klinik\u00eb Dentare\",\"url\":\"https:\\\/\\\/tiranadentalhospital.com\\\/al\\\/\",\"logo\":{\"@type\":\"ImageObject\",\"inLanguage\":\"en-US\",\"@id\":\"https:\\\/\\\/tiranadentalhospital.com\\\/al\\\/#\\\/schema\\\/logo\\\/image\\\/\",\"url\":\"https:\\\/\\\/i0.wp.com\\\/tiranadentalhospital.com\\\/al\\\/wp-content\\\/uploads\\\/2025\\\/04\\\/tdh-logo.png?fit=696%2C696&ssl=1\",\"contentUrl\":\"https:\\\/\\\/i0.wp.com\\\/tiranadentalhospital.com\\\/al\\\/wp-content\\\/uploads\\\/2025\\\/04\\\/tdh-logo.png?fit=696%2C696&ssl=1\",\"width\":696,\"height\":696,\"caption\":\"Tirana Dental Hospital\"},\"image\":{\"@id\":\"https:\\\/\\\/tiranadentalhospital.com\\\/al\\\/#\\\/schema\\\/logo\\\/image\\\/\"},\"sameAs\":[\"https:\\\/\\\/www.facebook.com\\\/tiranadentalhospital\"]}]}<\/script>\n<!-- \/ Yoast SEO plugin. -->","yoast_head_json":{"title":"Kirurgji estetike e mishrave t\u00eb dh\u00ebmb\u00ebve | Tirana Dental Hospital","description":"Tirana Dental Hospital Kirurgji estetike e mishrave t\u00eb dh\u00ebmb\u00ebve Klinik\u00eb dentare moderne e specializuar n\u00eb implantologji duke ofruar sh\u00ebrbime dentare t\u00eb standardeve m\u00eb t\u00eb larta evropiane. Tirana Dental Hospital ofron nj\u00eb mori sh\u00ebrbimesh: implantologji, faceta, estetike dentare etj.","robots":{"index":"index","follow":"follow","max-snippet":"max-snippet:-1","max-image-preview":"max-image-preview:large","max-video-preview":"max-video-preview:-1"},"canonical":"https:\/\/tiranadentalhospital.com\/al\/kirurgjia-estetike\/kirurgji-estetike-e-mishrave-te-dhembeve\/","og_locale":"en_US","og_type":"article","og_title":"Kirurgji estetike e mishrave t\u00eb dh\u00ebmb\u00ebve | Tirana Dental Hospital","og_description":"Tirana Dental Hospital Kirurgji estetike e mishrave t\u00eb dh\u00ebmb\u00ebve Klinik\u00eb dentare moderne e specializuar n\u00eb implantologji duke ofruar sh\u00ebrbime dentare t\u00eb standardeve m\u00eb t\u00eb larta evropiane. Tirana Dental Hospital ofron nj\u00eb mori sh\u00ebrbimesh: implantologji, faceta, estetike dentare etj.","og_url":"https:\/\/tiranadentalhospital.com\/al\/kirurgjia-estetike\/kirurgji-estetike-e-mishrave-te-dhembeve\/","og_site_name":"Tirana Dental Hospital","article_publisher":"https:\/\/www.facebook.com\/tiranadentalhospital","article_modified_time":"2026-03-14T22:13:46+00:00","og_image":[{"width":600,"height":400,"url":"https:\/\/tiranadentalhospital.com\/al\/wp-content\/uploads\/2022\/12\/Orthodontics-e1773526242885.webp","type":"image\/webp"}],"twitter_card":"summary_large_image","twitter_misc":{"Est. reading time":"2 minutes"},"schema":{"@context":"https:\/\/schema.org","@graph":[{"@type":"WebPage","@id":"https:\/\/tiranadentalhospital.com\/al\/kirurgjia-estetike\/kirurgji-estetike-e-mishrave-te-dhembeve\/","url":"https:\/\/tiranadentalhospital.com\/al\/kirurgjia-estetike\/kirurgji-estetike-e-mishrave-te-dhembeve\/","name":"Kirurgji estetike e mishrave t\u00eb dh\u00ebmb\u00ebve | Tirana Dental Hospital","isPartOf":{"@id":"https:\/\/tiranadentalhospital.com\/al\/#website"},"primaryImageOfPage":{"@id":"https:\/\/tiranadentalhospital.com\/al\/kirurgjia-estetike\/kirurgji-estetike-e-mishrave-te-dhembeve\/#primaryimage"},"image":{"@id":"https:\/\/tiranadentalhospital.com\/al\/kirurgjia-estetike\/kirurgji-estetike-e-mishrave-te-dhembeve\/#primaryimage"},"thumbnailUrl":"https:\/\/i0.wp.com\/tiranadentalhospital.com\/al\/wp-content\/uploads\/2022\/12\/Orthodontics-e1773526242885.webp?fit=600%2C400&ssl=1","datePublished":"2022-12-27T12:31:37+00:00","dateModified":"2026-03-14T22:13:46+00:00","description":"Tirana Dental Hospital Kirurgji estetike e mishrave t\u00eb dh\u00ebmb\u00ebve Klinik\u00eb dentare moderne e specializuar n\u00eb implantologji duke ofruar sh\u00ebrbime dentare t\u00eb standardeve m\u00eb t\u00eb larta evropiane. Tirana Dental Hospital ofron nj\u00eb mori sh\u00ebrbimesh: implantologji, faceta, estetike dentare etj.","breadcrumb":{"@id":"https:\/\/tiranadentalhospital.com\/al\/kirurgjia-estetike\/kirurgji-estetike-e-mishrave-te-dhembeve\/#breadcrumb"},"inLanguage":"en-US","potentialAction":[{"@type":"ReadAction","target":["https:\/\/tiranadentalhospital.com\/al\/kirurgjia-estetike\/kirurgji-estetike-e-mishrave-te-dhembeve\/"]}]},{"@type":"ImageObject","inLanguage":"en-US","@id":"https:\/\/tiranadentalhospital.com\/al\/kirurgjia-estetike\/kirurgji-estetike-e-mishrave-te-dhembeve\/#primaryimage","url":"https:\/\/i0.wp.com\/tiranadentalhospital.com\/al\/wp-content\/uploads\/2022\/12\/Orthodontics-e1773526242885.webp?fit=600%2C400&ssl=1","contentUrl":"https:\/\/i0.wp.com\/tiranadentalhospital.com\/al\/wp-content\/uploads\/2022\/12\/Orthodontics-e1773526242885.webp?fit=600%2C400&ssl=1","width":600,"height":400},{"@type":"BreadcrumbList","@id":"https:\/\/tiranadentalhospital.com\/al\/kirurgjia-estetike\/kirurgji-estetike-e-mishrave-te-dhembeve\/#breadcrumb","itemListElement":[{"@type":"ListItem","position":1,"name":"Home","item":"https:\/\/tiranadentalhospital.com\/al\/"},{"@type":"ListItem","position":2,"name":"Kirurgjia Estetike","item":"https:\/\/tiranadentalhospital.com\/al\/kirurgjia-estetike\/"},{"@type":"ListItem","position":3,"name":"Kirurgji estetike e mishrave t\u00eb dh\u00ebmb\u00ebve"}]},{"@type":"WebSite","@id":"https:\/\/tiranadentalhospital.com\/al\/#website","url":"https:\/\/tiranadentalhospital.com\/al\/","name":"Tirana Dental Hospital","description":"Klinik\u00eb Dentare n\u00eb Tiran\u00eb","publisher":{"@id":"https:\/\/tiranadentalhospital.com\/al\/#organization"},"alternateName":"TDH","potentialAction":[{"@type":"SearchAction","target":{"@type":"EntryPoint","urlTemplate":"https:\/\/tiranadentalhospital.com\/al\/?s={search_term_string}"},"query-input":{"@type":"PropertyValueSpecification","valueRequired":true,"valueName":"search_term_string"}}],"inLanguage":"en-US"},{"@type":"Organization","@id":"https:\/\/tiranadentalhospital.com\/al\/#organization","name":"Tirana Dental Hospital","alternateName":"Tirana Dental Hospital | Klinik\u00eb Dentare","url":"https:\/\/tiranadentalhospital.com\/al\/","logo":{"@type":"ImageObject","inLanguage":"en-US","@id":"https:\/\/tiranadentalhospital.com\/al\/#\/schema\/logo\/image\/","url":"https:\/\/i0.wp.com\/tiranadentalhospital.com\/al\/wp-content\/uploads\/2025\/04\/tdh-logo.png?fit=696%2C696&ssl=1","contentUrl":"https:\/\/i0.wp.com\/tiranadentalhospital.com\/al\/wp-content\/uploads\/2025\/04\/tdh-logo.png?fit=696%2C696&ssl=1","width":696,"height":696,"caption":"Tirana Dental Hospital"},"image":{"@id":"https:\/\/tiranadentalhospital.com\/al\/#\/schema\/logo\/image\/"},"sameAs":["https:\/\/www.facebook.com\/tiranadentalhospital"]}]}},"jetpack_sharing_enabled":true,"_links":{"self":[{"href":"https:\/\/tiranadentalhospital.com\/al\/wp-json\/wp\/v2\/pages\/7639","targetHints":{"allow":["GET"]}}],"collection":[{"href":"https:\/\/tiranadentalhospital.com\/al\/wp-json\/wp\/v2\/pages"}],"about":[{"href":"https:\/\/tiranadentalhospital.com\/al\/wp-json\/wp\/v2\/types\/page"}],"author":[{"embeddable":true,"href":"https:\/\/tiranadentalhospital.com\/al\/wp-json\/wp\/v2\/users\/1"}],"replies":[{"embeddable":true,"href":"https:\/\/tiranadentalhospital.com\/al\/wp-json\/wp\/v2\/comments?post=7639"}],"version-history":[{"count":5,"href":"https:\/\/tiranadentalhospital.com\/al\/wp-json\/wp\/v2\/pages\/7639\/revisions"}],"predecessor-version":[{"id":8461,"href":"https:\/\/tiranadentalhospital.com\/al\/wp-json\/wp\/v2\/pages\/7639\/revisions\/8461"}],"up":[{"embeddable":true,"href":"https:\/\/tiranadentalhospital.com\/al\/wp-json\/wp\/v2\/pages\/7648"}],"wp:featuredmedia":[{"embeddable":true,"href":"https:\/\/tiranadentalhospital.com\/al\/wp-json\/wp\/v2\/media\/7731"}],"wp:attachment":[{"href":"https:\/\/tiranadentalhospital.com\/al\/wp-json\/wp\/v2\/media?parent=7639"}],"curies":[{"name":"wp","href":"https:\/\/api.w.org\/{rel}","templated":true}]}}