{"id":7648,"date":"2022-12-27T13:08:37","date_gmt":"2022-12-27T13:08:37","guid":{"rendered":"https:\/\/tiranadentalhospital.com\/al\/?page_id=7648"},"modified":"2023-12-14T16:22:01","modified_gmt":"2023-12-14T16:22:01","slug":"kirurgjia-estetike","status":"publish","type":"page","link":"https:\/\/tiranadentalhospital.com\/al\/kirurgjia-estetike\/","title":{"rendered":"Kirurgjia Estetike"},"content":{"rendered":"<section class=\"l-section wpb_row us_custom_85aebea1 height_custom\"><div class=\"l-section-h i-cf\"><div class=\"g-cols vc_row via_grid cols_2 laptops-cols_inherit tablets-cols_inherit mobiles-cols_1 valign_top type_default stacking_default\"><div class=\"wpb_column vc_column_container\"><div class=\"vc_column-inner\"><h2 class=\"w-text us_custom_eb849559\"><span class=\"w-text-h\"><span class=\"w-text-value\">Kirurgjia Estetike<\/span><\/span><\/h2><div class=\"w-separator size_small with_line width_default thick_1 style_solid color_primary align_center with_content\"><div class=\"w-separator-h\"><i class=\"fas fa-tooth\"><\/i><\/div><\/div><div class=\"wpb_text_column\"><div class=\"wpb_wrapper\"><p>Kirurgjia estetike \u00ebsht\u00eb pjes\u00eb e kirurgjis\u00eb plastike. Kirurgjia estetike ka p\u00ebr q\u00ebllim zbukurimin e siluet\u00ebs, fytyr\u00ebs apo rinimin e pamjes duke praktikuar akte t\u00eb ndryshme. Kur flitet p\u00ebr kirurgji estetike, b\u00ebhet fjal\u00eb p\u00ebr nj\u00eb fush\u00eb krejt t\u00eb ve\u00e7ant\u00eb ku, cilido qoft\u00eb akti q\u00eb praktikohet, q\u00ebllimi \u00ebsht\u00eb p\u00ebrmir\u00ebsimi morfologjik apo zvog\u00eblimi i pasojave t\u00eb plakjes. Duke mos patur p\u00ebr q\u00ebllim trajtimin e nj\u00eb patologjie, ajo nuk \u00ebsht\u00eb asnj\u00ebher\u00eb e detyrueshme dhe \u00e7do vendim operator vjen si pasoj\u00eb direkte e k\u00ebrkes\u00ebs s\u00eb vet\u00eb pacientit.<\/p>\n<p>Kirurgjia estetike p\u00ebrfshin nj\u00eb regjist\u00ebr shum\u00eb t\u00eb gjer\u00eb nd\u00ebrhyrjesh n\u00eb trup, fytyr\u00eb dhe kok\u00eb.<\/p>\n<p>Kur procesi i zgavr\u00ebs s\u00eb goj\u00ebs \u00ebsht\u00eb fiks, protezat nuk jan\u00eb t\u00eb realizueshme. N\u00eb k\u00ebt\u00eb rast mjek\u00ebsia dentare ofron mund\u00ebsin\u00eb e punimeve t\u00eb l\u00ebvizshme ose t\u00eb kombinuara.<\/p>\n<p>Por cili \u00ebsht\u00eb ndryshimi midis protezave t\u00eb l\u00ebvizshme dhe t\u00eb kombinuara? Punimet e kombinuara p\u00ebrfshijn\u00eb llojin e solucioneve q\u00eb jan\u00eb pjes\u00ebrisht t\u00eb strehuara brenda goj\u00ebs.<br \/>Nd\u00ebrsa pjesa tjet\u00ebr e protez\u00ebs mbetet e l\u00ebvizshme dhe rekomandohet heqja e shpesht\u00eb e saj, p\u00ebr hir t\u00eb higjien\u00ebs orale.<\/p>\n<p>N\u00eb <a href=\"https:\/\/www.facebook.com\/tiranadentalhospital\"><strong>Tirana Dental Hospital<\/strong><\/a> ofrojm\u00eb t\u00eb gjitha llojet e protezave. K\u00ebto mund t\u00eb jen\u00eb totale ose t\u00eb pjesshme. Ne sigurojm\u00eb q\u00eb \u00e7do pacient t\u00eb marr\u00eb t\u00eb gjith\u00eb informacionin p\u00ebrpara se t\u00eb vendos\u00eb p\u00ebr vendimin e fundit. Protezat e plota jan\u00eb prej akriliku, nd\u00ebrsa protezat e pjesshme jan\u00eb b\u00ebr\u00eb nga dy materiale kryesore: akrilik ose teli (baz\u00eb matale).<\/p>\n<p>Stafi yn\u00eb profesional dhe me shum\u00eb p\u00ebrvoj\u00eb mund t&#8217;ju ofroj\u00eb zgjidhjen q\u00eb ju nevojitet bazuar n\u00eb gjendjen e kavitetit oral.<\/p>\n<\/div><\/div><\/div><\/div><div class=\"wpb_column vc_column_container type_sticky\"><div class=\"vc_column-inner\"><div class=\"w-image align_none\"><div class=\"w-image-h\"><img decoding=\"async\" width=\"635\" height=\"445\" src=\"https:\/\/i0.wp.com\/tiranadentalhospital.com\/al\/wp-content\/uploads\/2022\/12\/kirurgjia-estetike.webp?fit=635%2C445&amp;ssl=1\" class=\"attachment-large size-large\" alt=\"Kirurgjia estetike\" loading=\"lazy\" srcset=\"https:\/\/i0.wp.com\/tiranadentalhospital.com\/al\/wp-content\/uploads\/2022\/12\/kirurgjia-estetike.webp?w=635&amp;ssl=1 635w, https:\/\/i0.wp.com\/tiranadentalhospital.com\/al\/wp-content\/uploads\/2022\/12\/kirurgjia-estetike.webp?resize=300%2C210&amp;ssl=1 300w\" sizes=\"auto, (max-width: 635px) 100vw, 635px\" \/><\/div><\/div><\/div><\/div><\/div><\/div><\/section><section class=\"l-section wpb_row us_custom_51c26bec height_custom\"><div class=\"l-section-h i-cf\"><div class=\"g-cols vc_row via_grid cols_1 laptops-cols_inherit tablets-cols_inherit mobiles-cols_1 valign_top type_default stacking_default\"><div class=\"wpb_column vc_column_container\"><div class=\"vc_column-inner\"><h2 class=\"w-text us_custom_eb849559\"><span class=\"w-text-h\"><span class=\"w-text-value\">Nd\u00ebrhyrje t\u00eb irurgjis\u00eb estetike<\/span><\/span><\/h2><div class=\"w-separator size_small with_line width_50 thick_1 style_solid color_primary align_center with_content\"><div class=\"w-separator-h\"><i class=\"fas fa-tooth\"><\/i><\/div><\/div><div class=\"g-cols wpb_row us_custom_53ca4618 via_grid cols_3 laptops-cols_inherit tablets-cols_inherit mobiles-cols_1 valign_top type_default stacking_default\" style=\"--columns-gap:3rem;\"><div class=\"wpb_column vc_column_container\"><div class=\"vc_column-inner\"><div class=\"w-ibanner us_custom_937f7430 has_text_color animation_phorcys ratio_1x1 easing_ease\"><a href=\"https:\/\/tiranadentalhospital.com\/al\/rinoplastika\/\" aria-label=\"Rinoplastika\"><\/a><div class=\"w-ibanner-h\"><div class=\"w-ibanner-image\" style=\"background-image: url(https:\/\/i0.wp.com\/tiranadentalhospital.com\/al\/wp-content\/uploads\/2022\/12\/Rinoplastica-Albania.jpg?fit=675%2C450&#038;ssl=1)\"><\/div><div class=\"w-ibanner-content\"><div class=\"w-ibanner-content-h\"><h3 class=\"w-ibanner-title\" style=\"font-size:Kirurgjia estetike;\">Rinoplastika<\/h3><div class=\"w-ibanner-desc\"><\/div><\/div><\/div><\/div><\/div><\/div><\/div><div class=\"wpb_column vc_column_container\"><div class=\"vc_column-inner\"><div class=\"w-ibanner us_custom_937f7430 has_text_color animation_phorcys ratio_1x1 easing_ease\"><a href=\"https:\/\/tiranadentalhospital.com\/al\/otoplastika\/\" aria-label=\"Otoplastika\"><\/a><div class=\"w-ibanner-h\"><div class=\"w-ibanner-image\" style=\"background-image: url(https:\/\/i0.wp.com\/tiranadentalhospital.com\/al\/wp-content\/uploads\/2022\/12\/otoplastika-shqiperi.jpg?fit=418%2C315&#038;ssl=1)\"><\/div><div class=\"w-ibanner-content\"><div class=\"w-ibanner-content-h\"><h3 class=\"w-ibanner-title\" style=\"font-size:Kirurgjia estetike;\">Otoplastika<\/h3><div class=\"w-ibanner-desc\"><\/div><\/div><\/div><\/div><\/div><\/div><\/div><div class=\"wpb_column vc_column_container\"><div class=\"vc_column-inner\"><div class=\"w-ibanner us_custom_937f7430 has_text_color animation_phorcys ratio_1x1 easing_ease\"><a href=\"https:\/\/tiranadentalhospital.com\/al\/mentoplastika\/\" aria-label=\"Mentoplastika\"><\/a><div class=\"w-ibanner-h\"><div class=\"w-ibanner-image\" style=\"background-image: url(https:\/\/i0.wp.com\/tiranadentalhospital.com\/al\/wp-content\/uploads\/2022\/12\/mentoplastika-shqiperi.jpg?fit=444%2C271&#038;ssl=1)\"><\/div><div class=\"w-ibanner-content\"><div class=\"w-ibanner-content-h\"><h3 class=\"w-ibanner-title\" style=\"font-size:Kirurgjia estetike;\">Mentoplastika<\/h3><div class=\"w-ibanner-desc\"><\/div><\/div><\/div><\/div><\/div><\/div><\/div><\/div><div class=\"g-cols wpb_row us_custom_53ca4618 via_grid cols_3 laptops-cols_inherit tablets-cols_inherit mobiles-cols_1 valign_top type_default stacking_default\" style=\"--columns-gap:3rem;\"><div class=\"wpb_column vc_column_container\"><div class=\"vc_column-inner\"><div class=\"w-ibanner us_custom_937f7430 has_text_color animation_phorcys ratio_1x1 easing_ease\"><a href=\"https:\/\/tiranadentalhospital.com\/al\/blefaroplastika\/\" aria-label=\"Blefaroplastika\"><\/a><div class=\"w-ibanner-h\"><div class=\"w-ibanner-image\" style=\"background-image: url(https:\/\/i0.wp.com\/tiranadentalhospital.com\/al\/wp-content\/uploads\/2022\/12\/blefaroplastika-shqiperi.jpg?fit=800%2C400&#038;ssl=1)\"><\/div><div class=\"w-ibanner-content\"><div class=\"w-ibanner-content-h\"><h3 class=\"w-ibanner-title\" style=\"font-size:Kirurgjia estetike;\">Blefaroplastika<\/h3><div class=\"w-ibanner-desc\"><\/div><\/div><\/div><\/div><\/div><\/div><\/div><div class=\"wpb_column vc_column_container\"><div class=\"vc_column-inner\"><div class=\"w-ibanner us_custom_937f7430 has_text_color animation_phorcys ratio_1x1 easing_ease\"><a href=\"https:\/\/tiranadentalhospital.com\/al\/lip-lift\/\" aria-label=\"Lip Lift\"><\/a><div class=\"w-ibanner-h\"><div class=\"w-ibanner-image\" style=\"background-image: url(https:\/\/i0.wp.com\/tiranadentalhospital.com\/al\/wp-content\/uploads\/2022\/12\/ngritja-e-buzeve.png?fit=500%2C400&#038;ssl=1)\"><\/div><div class=\"w-ibanner-content\"><div class=\"w-ibanner-content-h\"><h3 class=\"w-ibanner-title\" style=\"font-size:Kirurgjia estetike;\">Lip Lift<\/h3><div class=\"w-ibanner-desc\"><\/div><\/div><\/div><\/div><\/div><\/div><\/div><div class=\"wpb_column vc_column_container\"><div class=\"vc_column-inner\"><div class=\"w-ibanner us_custom_937f7430 has_text_color animation_phorcys ratio_1x1 easing_ease\"><a href=\"https:\/\/tiranadentalhospital.com\/al\/browlifting\/\" aria-label=\"Browlifting\"><\/a><div class=\"w-ibanner-h\"><div class=\"w-ibanner-image\" style=\"background-image: url(https:\/\/i0.wp.com\/tiranadentalhospital.com\/al\/wp-content\/uploads\/2022\/12\/Browlifting-albania.png?fit=400%2C400&#038;ssl=1)\"><\/div><div class=\"w-ibanner-content\"><div class=\"w-ibanner-content-h\"><h3 class=\"w-ibanner-title\" style=\"font-size:Kirurgjia estetike;\">Browlifting<\/h3><div class=\"w-ibanner-desc\"><\/div><\/div><\/div><\/div><\/div><\/div><\/div><\/div><div class=\"g-cols wpb_row us_custom_53ca4618 via_grid cols_3 laptops-cols_inherit tablets-cols_inherit mobiles-cols_1 valign_top type_default stacking_default\" style=\"--columns-gap:3rem;\"><div class=\"wpb_column vc_column_container\"><div class=\"vc_column-inner\"><\/div><\/div><div class=\"wpb_column vc_column_container\"><div class=\"vc_column-inner\"><div class=\"w-ibanner us_custom_937f7430 has_text_color animation_phorcys ratio_1x1 easing_ease\"><a href=\"https:\/\/tiranadentalhospital.com\/al\/bikektomia\/\" aria-label=\"Bikektomia\"><\/a><div class=\"w-ibanner-h\"><div class=\"w-ibanner-image\" style=\"background-image: url(https:\/\/i0.wp.com\/tiranadentalhospital.com\/al\/wp-content\/uploads\/2022\/12\/bichectomia-albania.jpg?fit=450%2C300&#038;ssl=1)\"><\/div><div class=\"w-ibanner-content\"><div class=\"w-ibanner-content-h\"><h3 class=\"w-ibanner-title\" style=\"font-size:Kirurgjia estetike;\">Bikektomia<\/h3><div class=\"w-ibanner-desc\"><\/div><\/div><\/div><\/div><\/div><\/div><\/div><div class=\"wpb_column vc_column_container\"><div class=\"vc_column-inner\"><\/div><\/div><\/div><\/div><\/div><\/div><\/div><\/section>\n","protected":false},"excerpt":{"rendered":"Kirurgjia EstetikeKirurgjia estetike \u00ebsht\u00eb pjes\u00eb e kirurgjis\u00eb plastike. Kirurgjia estetike ka p\u00ebr q\u00ebllim zbukurimin e siluet\u00ebs, fytyr\u00ebs apo rinimin e pamjes duke praktikuar akte t\u00eb ndryshme. Kur flitet p\u00ebr kirurgji estetike, b\u00ebhet fjal\u00eb p\u00ebr nj\u00eb fush\u00eb krejt t\u00eb ve\u00e7ant\u00eb ku, cilido qoft\u00eb akti q\u00eb praktikohet, q\u00ebllimi \u00ebsht\u00eb p\u00ebrmir\u00ebsimi morfologjik apo zvog\u00eblimi i pasojave t\u00eb plakjes....","protected":false},"author":1,"featured_media":0,"parent":0,"menu_order":0,"comment_status":"closed","ping_status":"closed","template":"","meta":{"nf_dc_page":"","footnotes":""},"class_list":["post-7648","page","type-page","status-publish","hentry"],"yoast_head":"<!-- This site is optimized with the Yoast SEO plugin v27.4 - https:\/\/yoast.com\/product\/yoast-seo-wordpress\/ -->\n<title>Kirurgjia Estetike | Tirana Dental Hospital<\/title>\n<meta name=\"description\" content=\"Kirurgjia estetike \u00ebsht\u00eb nj\u00eb deg\u00eb e kirurgjis\u00eb q\u00eb heq aspektet q\u00eb individ\u00ebt nuk i p\u00eblqejn\u00eb n\u00eb pamjen e tyre dhe i b\u00ebn individ\u00ebt t\u00eb ndihen....\" \/>\n<meta name=\"robots\" content=\"index, follow, max-snippet:-1, max-image-preview:large, max-video-preview:-1\" \/>\n<link rel=\"canonical\" href=\"https:\/\/tiranadentalhospital.com\/al\/kirurgjia-estetike\/\" \/>\n<meta property=\"og:locale\" content=\"en_US\" \/>\n<meta property=\"og:type\" content=\"article\" \/>\n<meta property=\"og:title\" content=\"Kirurgjia Estetike | Tirana Dental Hospital\" \/>\n<meta property=\"og:description\" content=\"Kirurgjia estetike \u00ebsht\u00eb nj\u00eb deg\u00eb e kirurgjis\u00eb q\u00eb heq aspektet q\u00eb individ\u00ebt nuk i p\u00eblqejn\u00eb n\u00eb pamjen e tyre dhe i b\u00ebn individ\u00ebt t\u00eb ndihen....\" \/>\n<meta property=\"og:url\" content=\"https:\/\/tiranadentalhospital.com\/al\/kirurgjia-estetike\/\" \/>\n<meta property=\"og:site_name\" content=\"Tirana Dental Hospital\" \/>\n<meta property=\"article:publisher\" content=\"https:\/\/www.facebook.com\/tiranadentalhospital\" \/>\n<meta property=\"article:modified_time\" content=\"2023-12-14T16:22:01+00:00\" \/>\n<meta property=\"og:image\" content=\"https:\/\/i0.wp.com\/tiranadentalhospital.com\/al\/wp-content\/uploads\/2025\/04\/tdh.png?fit=1200%2C675&ssl=1\" \/>\n\t<meta property=\"og:image:width\" content=\"1200\" \/>\n\t<meta property=\"og:image:height\" content=\"675\" \/>\n\t<meta property=\"og:image:type\" content=\"image\/png\" \/>\n<meta name=\"twitter:card\" content=\"summary_large_image\" \/>\n<meta name=\"twitter:label1\" content=\"Est. reading time\" \/>\n\t<meta name=\"twitter:data1\" content=\"2 minutes\" \/>\n<script type=\"application\/ld+json\" class=\"yoast-schema-graph\">{\"@context\":\"https:\\\/\\\/schema.org\",\"@graph\":[{\"@type\":\"WebPage\",\"@id\":\"https:\\\/\\\/tiranadentalhospital.com\\\/al\\\/kirurgjia-estetike\\\/\",\"url\":\"https:\\\/\\\/tiranadentalhospital.com\\\/al\\\/kirurgjia-estetike\\\/\",\"name\":\"Kirurgjia Estetike | Tirana Dental Hospital\",\"isPartOf\":{\"@id\":\"https:\\\/\\\/tiranadentalhospital.com\\\/al\\\/#website\"},\"datePublished\":\"2022-12-27T13:08:37+00:00\",\"dateModified\":\"2023-12-14T16:22:01+00:00\",\"description\":\"Kirurgjia estetike \u00ebsht\u00eb nj\u00eb deg\u00eb e kirurgjis\u00eb q\u00eb heq aspektet q\u00eb individ\u00ebt nuk i p\u00eblqejn\u00eb n\u00eb pamjen e tyre dhe i b\u00ebn individ\u00ebt t\u00eb ndihen....\",\"breadcrumb\":{\"@id\":\"https:\\\/\\\/tiranadentalhospital.com\\\/al\\\/kirurgjia-estetike\\\/#breadcrumb\"},\"inLanguage\":\"en-US\",\"potentialAction\":[{\"@type\":\"ReadAction\",\"target\":[\"https:\\\/\\\/tiranadentalhospital.com\\\/al\\\/kirurgjia-estetike\\\/\"]}]},{\"@type\":\"BreadcrumbList\",\"@id\":\"https:\\\/\\\/tiranadentalhospital.com\\\/al\\\/kirurgjia-estetike\\\/#breadcrumb\",\"itemListElement\":[{\"@type\":\"ListItem\",\"position\":1,\"name\":\"Home\",\"item\":\"https:\\\/\\\/tiranadentalhospital.com\\\/al\\\/\"},{\"@type\":\"ListItem\",\"position\":2,\"name\":\"Kirurgjia Estetike\"}]},{\"@type\":\"WebSite\",\"@id\":\"https:\\\/\\\/tiranadentalhospital.com\\\/al\\\/#website\",\"url\":\"https:\\\/\\\/tiranadentalhospital.com\\\/al\\\/\",\"name\":\"Tirana Dental Hospital\",\"description\":\"Klinik\u00eb Dentare n\u00eb Tiran\u00eb\",\"publisher\":{\"@id\":\"https:\\\/\\\/tiranadentalhospital.com\\\/al\\\/#organization\"},\"alternateName\":\"TDH\",\"potentialAction\":[{\"@type\":\"SearchAction\",\"target\":{\"@type\":\"EntryPoint\",\"urlTemplate\":\"https:\\\/\\\/tiranadentalhospital.com\\\/al\\\/?s={search_term_string}\"},\"query-input\":{\"@type\":\"PropertyValueSpecification\",\"valueRequired\":true,\"valueName\":\"search_term_string\"}}],\"inLanguage\":\"en-US\"},{\"@type\":\"Organization\",\"@id\":\"https:\\\/\\\/tiranadentalhospital.com\\\/al\\\/#organization\",\"name\":\"Tirana Dental Hospital\",\"alternateName\":\"Tirana Dental Hospital | Klinik\u00eb Dentare\",\"url\":\"https:\\\/\\\/tiranadentalhospital.com\\\/al\\\/\",\"logo\":{\"@type\":\"ImageObject\",\"inLanguage\":\"en-US\",\"@id\":\"https:\\\/\\\/tiranadentalhospital.com\\\/al\\\/#\\\/schema\\\/logo\\\/image\\\/\",\"url\":\"https:\\\/\\\/i0.wp.com\\\/tiranadentalhospital.com\\\/al\\\/wp-content\\\/uploads\\\/2025\\\/04\\\/tdh-logo.png?fit=696%2C696&ssl=1\",\"contentUrl\":\"https:\\\/\\\/i0.wp.com\\\/tiranadentalhospital.com\\\/al\\\/wp-content\\\/uploads\\\/2025\\\/04\\\/tdh-logo.png?fit=696%2C696&ssl=1\",\"width\":696,\"height\":696,\"caption\":\"Tirana Dental Hospital\"},\"image\":{\"@id\":\"https:\\\/\\\/tiranadentalhospital.com\\\/al\\\/#\\\/schema\\\/logo\\\/image\\\/\"},\"sameAs\":[\"https:\\\/\\\/www.facebook.com\\\/tiranadentalhospital\"]}]}<\/script>\n<!-- \/ Yoast SEO plugin. -->","yoast_head_json":{"title":"Kirurgjia Estetike | Tirana Dental Hospital","description":"Kirurgjia estetike \u00ebsht\u00eb nj\u00eb deg\u00eb e kirurgjis\u00eb q\u00eb heq aspektet q\u00eb individ\u00ebt nuk i p\u00eblqejn\u00eb n\u00eb pamjen e tyre dhe i b\u00ebn individ\u00ebt t\u00eb ndihen....","robots":{"index":"index","follow":"follow","max-snippet":"max-snippet:-1","max-image-preview":"max-image-preview:large","max-video-preview":"max-video-preview:-1"},"canonical":"https:\/\/tiranadentalhospital.com\/al\/kirurgjia-estetike\/","og_locale":"en_US","og_type":"article","og_title":"Kirurgjia Estetike | Tirana Dental Hospital","og_description":"Kirurgjia estetike \u00ebsht\u00eb nj\u00eb deg\u00eb e kirurgjis\u00eb q\u00eb heq aspektet q\u00eb individ\u00ebt nuk i p\u00eblqejn\u00eb n\u00eb pamjen e tyre dhe i b\u00ebn individ\u00ebt t\u00eb ndihen....","og_url":"https:\/\/tiranadentalhospital.com\/al\/kirurgjia-estetike\/","og_site_name":"Tirana Dental Hospital","article_publisher":"https:\/\/www.facebook.com\/tiranadentalhospital","article_modified_time":"2023-12-14T16:22:01+00:00","og_image":[{"width":1200,"height":675,"url":"https:\/\/i0.wp.com\/tiranadentalhospital.com\/al\/wp-content\/uploads\/2025\/04\/tdh.png?fit=1200%2C675&ssl=1","type":"image\/png"}],"twitter_card":"summary_large_image","twitter_misc":{"Est. reading time":"2 minutes"},"schema":{"@context":"https:\/\/schema.org","@graph":[{"@type":"WebPage","@id":"https:\/\/tiranadentalhospital.com\/al\/kirurgjia-estetike\/","url":"https:\/\/tiranadentalhospital.com\/al\/kirurgjia-estetike\/","name":"Kirurgjia Estetike | Tirana Dental Hospital","isPartOf":{"@id":"https:\/\/tiranadentalhospital.com\/al\/#website"},"datePublished":"2022-12-27T13:08:37+00:00","dateModified":"2023-12-14T16:22:01+00:00","description":"Kirurgjia estetike \u00ebsht\u00eb nj\u00eb deg\u00eb e kirurgjis\u00eb q\u00eb heq aspektet q\u00eb individ\u00ebt nuk i p\u00eblqejn\u00eb n\u00eb pamjen e tyre dhe i b\u00ebn individ\u00ebt t\u00eb ndihen....","breadcrumb":{"@id":"https:\/\/tiranadentalhospital.com\/al\/kirurgjia-estetike\/#breadcrumb"},"inLanguage":"en-US","potentialAction":[{"@type":"ReadAction","target":["https:\/\/tiranadentalhospital.com\/al\/kirurgjia-estetike\/"]}]},{"@type":"BreadcrumbList","@id":"https:\/\/tiranadentalhospital.com\/al\/kirurgjia-estetike\/#breadcrumb","itemListElement":[{"@type":"ListItem","position":1,"name":"Home","item":"https:\/\/tiranadentalhospital.com\/al\/"},{"@type":"ListItem","position":2,"name":"Kirurgjia Estetike"}]},{"@type":"WebSite","@id":"https:\/\/tiranadentalhospital.com\/al\/#website","url":"https:\/\/tiranadentalhospital.com\/al\/","name":"Tirana Dental Hospital","description":"Klinik\u00eb Dentare n\u00eb Tiran\u00eb","publisher":{"@id":"https:\/\/tiranadentalhospital.com\/al\/#organization"},"alternateName":"TDH","potentialAction":[{"@type":"SearchAction","target":{"@type":"EntryPoint","urlTemplate":"https:\/\/tiranadentalhospital.com\/al\/?s={search_term_string}"},"query-input":{"@type":"PropertyValueSpecification","valueRequired":true,"valueName":"search_term_string"}}],"inLanguage":"en-US"},{"@type":"Organization","@id":"https:\/\/tiranadentalhospital.com\/al\/#organization","name":"Tirana Dental Hospital","alternateName":"Tirana Dental Hospital | Klinik\u00eb Dentare","url":"https:\/\/tiranadentalhospital.com\/al\/","logo":{"@type":"ImageObject","inLanguage":"en-US","@id":"https:\/\/tiranadentalhospital.com\/al\/#\/schema\/logo\/image\/","url":"https:\/\/i0.wp.com\/tiranadentalhospital.com\/al\/wp-content\/uploads\/2025\/04\/tdh-logo.png?fit=696%2C696&ssl=1","contentUrl":"https:\/\/i0.wp.com\/tiranadentalhospital.com\/al\/wp-content\/uploads\/2025\/04\/tdh-logo.png?fit=696%2C696&ssl=1","width":696,"height":696,"caption":"Tirana Dental Hospital"},"image":{"@id":"https:\/\/tiranadentalhospital.com\/al\/#\/schema\/logo\/image\/"},"sameAs":["https:\/\/www.facebook.com\/tiranadentalhospital"]}]}},"jetpack_sharing_enabled":true,"_links":{"self":[{"href":"https:\/\/tiranadentalhospital.com\/al\/wp-json\/wp\/v2\/pages\/7648","targetHints":{"allow":["GET"]}}],"collection":[{"href":"https:\/\/tiranadentalhospital.com\/al\/wp-json\/wp\/v2\/pages"}],"about":[{"href":"https:\/\/tiranadentalhospital.com\/al\/wp-json\/wp\/v2\/types\/page"}],"author":[{"embeddable":true,"href":"https:\/\/tiranadentalhospital.com\/al\/wp-json\/wp\/v2\/users\/1"}],"replies":[{"embeddable":true,"href":"https:\/\/tiranadentalhospital.com\/al\/wp-json\/wp\/v2\/comments?post=7648"}],"version-history":[{"count":6,"href":"https:\/\/tiranadentalhospital.com\/al\/wp-json\/wp\/v2\/pages\/7648\/revisions"}],"predecessor-version":[{"id":8006,"href":"https:\/\/tiranadentalhospital.com\/al\/wp-json\/wp\/v2\/pages\/7648\/revisions\/8006"}],"wp:attachment":[{"href":"https:\/\/tiranadentalhospital.com\/al\/wp-json\/wp\/v2\/media?parent=7648"}],"curies":[{"name":"wp","href":"https:\/\/api.w.org\/{rel}","templated":true}]}}