{"id":7687,"date":"2022-12-27T13:52:11","date_gmt":"2022-12-27T13:52:11","guid":{"rendered":"https:\/\/tiranadentalhospital.com\/al\/?page_id=7687"},"modified":"2026-04-13T14:22:49","modified_gmt":"2026-04-13T12:22:49","slug":"dentistet-tirana-dental-hospital","status":"publish","type":"page","link":"https:\/\/tiranadentalhospital.com\/al\/dentistet-tirana-dental-hospital\/","title":{"rendered":"Kush jemi"},"content":{"rendered":"<section class=\"l-section wpb_row height_custom\"><div class=\"l-section-h i-cf\"><div class=\"g-cols vc_row via_grid cols_1 laptops-cols_inherit tablets-cols_inherit mobiles-cols_1 valign_top type_default stacking_default\"><div class=\"wpb_column vc_column_container\"><div class=\"vc_column-inner\"><div class=\"wpb_text_column\"><div class=\"wpb_wrapper\"><p>Ne jemi nj\u00eb klinik\u00eb dentare moderne e specializuar n\u00eb implantologji dhe ofrojm\u00eb sh\u00ebrbime dentare t\u00eb standardeve m\u00eb t\u00eb larta evropiane.<br \/>\nDo t\u00eb mir\u00ebpriteni nga nj\u00eb staf i ri dhe dinamik. Stafi profesional dhe kirurg\u00ebt maksilofacial\u00eb t\u00eb <a href=\"https:\/\/www.instagram.com\/tirana.dental.hospital\/\">Tirana Dental Hospital<\/a> ju ofrojn\u00eb nj\u00eb eksperienc\u00eb dentare si askund tjet\u00ebr.<\/p>\n<p>Ne si klinik\u00eb dentare do t&#8217;ju p\u00ebrkushtohemi \u00e7do dit\u00eb, ju q\u00eb na keni besuar dhe atyre q\u00eb do t\u00eb na besojn\u00eb. Misioni i klinik\u00ebs son\u00eb \u00ebsht\u00eb t\u00eb mund\u00ebsoj\u00eb sh\u00ebrmbimin m\u00eb cil\u00ebsor dhe afatgjat\u00eb p\u00ebr pacient\u00ebt q\u00eb na besojn\u00eb sh\u00ebndetin e tyre, n\u00eb nj\u00eb ambient profesional, etik, mikprit\u00ebs dhe t\u00eb pajisur me teknologjin\u00eb m\u00eb t\u00eb fundit.<\/p>\n<p>P\u00ebrvoja mbi 20 vje\u00e7are e mjek\u00ebve tan\u00eb ju garanton ju dhe familjes suaj nj\u00eb trajtim dentar t\u00eb ve\u00e7ant\u00eb dhe profesional.<\/p>\n<\/div><\/div><\/div><\/div><\/div><\/div><\/section><section class=\"l-section wpb_row height_custom\"><div class=\"l-section-h i-cf\"><div class=\"g-cols vc_row via_grid cols_2 laptops-cols_inherit tablets-cols_inherit mobiles-cols_1 valign_top type_default stacking_default\"><div class=\"wpb_column vc_column_container\"><div class=\"vc_column-inner\"><div class=\"w-person layout_modern with_desc with_socials\" itemscope itemtype=\"https:\/\/schema.org\/Person\"><div class=\"w-person-image\"><a href=\"https:\/\/tiranadentalhospital.com\/al\/dr-lauren-muhametaj-kirurg-omf-ph-d\/\" class=\"w-person-link\" aria-label=\"Lauren Muhametaj OMF, PhD\"><img loading=\"lazy\" decoding=\"async\" width=\"1707\" height=\"2560\" src=\"https:\/\/i0.wp.com\/tiranadentalhospital.com\/al\/wp-content\/uploads\/2026\/02\/Dr-Lauren-Muhametaj-1-scaled.jpg?fit=1707%2C2560&amp;ssl=1\" class=\"attachment-full size-full\" alt=\"\" itemprop=\"image\" srcset=\"https:\/\/i0.wp.com\/tiranadentalhospital.com\/al\/wp-content\/uploads\/2026\/02\/Dr-Lauren-Muhametaj-1-scaled.jpg?w=1707&amp;ssl=1 1707w, https:\/\/i0.wp.com\/tiranadentalhospital.com\/al\/wp-content\/uploads\/2026\/02\/Dr-Lauren-Muhametaj-1-scaled.jpg?resize=200%2C300&amp;ssl=1 200w, https:\/\/i0.wp.com\/tiranadentalhospital.com\/al\/wp-content\/uploads\/2026\/02\/Dr-Lauren-Muhametaj-1-scaled.jpg?resize=683%2C1024&amp;ssl=1 683w, https:\/\/i0.wp.com\/tiranadentalhospital.com\/al\/wp-content\/uploads\/2026\/02\/Dr-Lauren-Muhametaj-1-scaled.jpg?resize=1024%2C1536&amp;ssl=1 1024w\" sizes=\"auto, (max-width: 1200px) 100vw, 1200px\" \/><\/a><\/div><div class=\"w-person-content\"><h4 itemprop=\"name\" class=\"w-person-name\"><a href=\"https:\/\/tiranadentalhospital.com\/al\/dr-lauren-muhametaj-kirurg-omf-ph-d\/\" class=\"w-person-link\" aria-label=\"Lauren Muhametaj OMF, PhD\"><span>Lauren Muhametaj OMF, PhD<\/span><\/a><\/h4><div class=\"w-person-role\" itemprop=\"jobTitle\">Dr. n\u00eb Shkencat Mjeksor\u00eb, Mjek Protezist, Kirurg Implantolog, Kirurg Oral dhe Maksilofacial (OMF, PhD)<\/div><div class=\"w-person-links\"><div class=\"w-person-links-list\"><a href=\"mailto:lmuhametaj@gmail.com\" class=\"w-person-links-item type_email\" title=\"Email\"><i class=\"fas fa-envelope\"><\/i><\/a><a href=\"https:\/\/www.linkedin.com\/in\/lauren-muhametaj-25a8a633\/\" class=\"w-person-links-item type_linkedin\" title=\"LinkedIn\" target=\"_blank\" rel=\"nofollow\"><i class=\"fab fa-linkedin\"><\/i><\/a><\/div><\/div><div class=\"w-person-description\" itemprop=\"description\"><p>Dr. Laureni \u00ebsht\u00eb krijuesi dhe themeluesi i Tirana Dental Hospital, nj\u00eb qend\u00ebr ekselence q\u00eb p\u00ebrfaq\u00ebson standardet m\u00eb t\u00eb larta t\u00eb stomatologjis\u00eb moderne. I specializuar n\u00eb kirurgjin\u00eb OMF t\u00eb avancuar dhe kirurgjin\u00eb estetike, ai ka nd\u00ebrtuar nj\u00eb profil t\u00eb spikatur profesional, t\u00eb mb\u00ebshtetur n\u00eb dije t\u00eb thelluara, p\u00ebrvoj\u00eb klinike dhe nj\u00eb vizion t\u00eb qart\u00eb p\u00ebr p\u00ebrsosm\u00ebri.<br \/>\nMe nj\u00eb qasje precize, artistike dhe t\u00eb orientuar drejt detajeve, Dr. Laureni kombinon teknologjin\u00eb m\u00eb bashk\u00ebkohore me estetik\u00ebn funksionale.<\/p>\n<\/div><\/div><\/div><\/div><\/div><div class=\"wpb_column vc_column_container\"><div class=\"vc_column-inner\"><\/div><\/div><\/div><\/div><\/section><section class=\"l-section wpb_row height_custom\"><div class=\"l-section-h i-cf\"><div class=\"g-cols vc_row via_grid cols_1 laptops-cols_inherit tablets-cols_inherit mobiles-cols_1 valign_top type_default stacking_default\"><div class=\"wpb_column vc_column_container\"><div class=\"vc_column-inner\"><div class=\"g-cols wpb_row via_grid cols_4 laptops-cols_inherit tablets-cols_inherit mobiles-cols_1 valign_top type_default stacking_default\" style=\"--columns-gap:3rem;\"><div class=\"wpb_column vc_column_container\"><div class=\"vc_column-inner\"><div class=\"w-person layout_trendy\" itemscope itemtype=\"https:\/\/schema.org\/Person\"><div class=\"w-person-image\"><img loading=\"lazy\" decoding=\"async\" width=\"1707\" height=\"2560\" src=\"https:\/\/i0.wp.com\/tiranadentalhospital.com\/al\/wp-content\/uploads\/2026\/02\/Dr-Blerina-scaled.jpg?fit=1707%2C2560&amp;ssl=1\" class=\"attachment-full size-full\" alt=\"\" itemprop=\"image\" srcset=\"https:\/\/i0.wp.com\/tiranadentalhospital.com\/al\/wp-content\/uploads\/2026\/02\/Dr-Blerina-scaled.jpg?w=1707&amp;ssl=1 1707w, https:\/\/i0.wp.com\/tiranadentalhospital.com\/al\/wp-content\/uploads\/2026\/02\/Dr-Blerina-scaled.jpg?resize=200%2C300&amp;ssl=1 200w, https:\/\/i0.wp.com\/tiranadentalhospital.com\/al\/wp-content\/uploads\/2026\/02\/Dr-Blerina-scaled.jpg?resize=683%2C1024&amp;ssl=1 683w, https:\/\/i0.wp.com\/tiranadentalhospital.com\/al\/wp-content\/uploads\/2026\/02\/Dr-Blerina-scaled.jpg?resize=1024%2C1536&amp;ssl=1 1024w\" sizes=\"auto, (max-width: 1200px) 100vw, 1200px\" \/><\/div><div class=\"w-person-content\"><h4 itemprop=\"name\" class=\"w-person-name\"><span>Blerina Ali<\/span><\/h4><div class=\"w-person-role\" itemprop=\"jobTitle\">Stomatologe<\/div><\/div><\/div><\/div><\/div><div class=\"wpb_column vc_column_container\"><div class=\"vc_column-inner\"><div class=\"w-person layout_trendy\" itemscope itemtype=\"https:\/\/schema.org\/Person\"><div class=\"w-person-image\"><img loading=\"lazy\" decoding=\"async\" width=\"1066\" height=\"1600\" src=\"https:\/\/i0.wp.com\/tiranadentalhospital.com\/al\/wp-content\/uploads\/2026\/02\/Dr-Olta-Bardhi.jpg?fit=1066%2C1600&amp;ssl=1\" class=\"attachment-full size-full\" alt=\"\" itemprop=\"image\" srcset=\"https:\/\/i0.wp.com\/tiranadentalhospital.com\/al\/wp-content\/uploads\/2026\/02\/Dr-Olta-Bardhi.jpg?w=1066&amp;ssl=1 1066w, https:\/\/i0.wp.com\/tiranadentalhospital.com\/al\/wp-content\/uploads\/2026\/02\/Dr-Olta-Bardhi.jpg?resize=200%2C300&amp;ssl=1 200w, https:\/\/i0.wp.com\/tiranadentalhospital.com\/al\/wp-content\/uploads\/2026\/02\/Dr-Olta-Bardhi.jpg?resize=682%2C1024&amp;ssl=1 682w, https:\/\/i0.wp.com\/tiranadentalhospital.com\/al\/wp-content\/uploads\/2026\/02\/Dr-Olta-Bardhi.jpg?resize=1023%2C1536&amp;ssl=1 1023w\" sizes=\"auto, (max-width: 1066px) 100vw, 1066px\" \/><\/div><div class=\"w-person-content\"><h4 itemprop=\"name\" class=\"w-person-name\"><span>Olta Bardhi<\/span><\/h4><div class=\"w-person-role\" itemprop=\"jobTitle\">Stomatologe<\/div><\/div><\/div><\/div><\/div><div class=\"wpb_column vc_column_container\"><div class=\"vc_column-inner\"><div class=\"w-person layout_trendy\" itemscope itemtype=\"https:\/\/schema.org\/Person\"><div class=\"w-person-image\"><img loading=\"lazy\" decoding=\"async\" width=\"1707\" height=\"2560\" src=\"https:\/\/i0.wp.com\/tiranadentalhospital.com\/al\/wp-content\/uploads\/2026\/02\/Xhesi-scaled.jpg?fit=1707%2C2560&amp;ssl=1\" class=\"attachment-full size-full\" alt=\"\" itemprop=\"image\" srcset=\"https:\/\/i0.wp.com\/tiranadentalhospital.com\/al\/wp-content\/uploads\/2026\/02\/Xhesi-scaled.jpg?w=1707&amp;ssl=1 1707w, https:\/\/i0.wp.com\/tiranadentalhospital.com\/al\/wp-content\/uploads\/2026\/02\/Xhesi-scaled.jpg?resize=200%2C300&amp;ssl=1 200w, https:\/\/i0.wp.com\/tiranadentalhospital.com\/al\/wp-content\/uploads\/2026\/02\/Xhesi-scaled.jpg?resize=683%2C1024&amp;ssl=1 683w, https:\/\/i0.wp.com\/tiranadentalhospital.com\/al\/wp-content\/uploads\/2026\/02\/Xhesi-scaled.jpg?resize=1024%2C1536&amp;ssl=1 1024w\" sizes=\"auto, (max-width: 1200px) 100vw, 1200px\" \/><\/div><div class=\"w-person-content\"><h4 itemprop=\"name\" class=\"w-person-name\"><span>Xhesjana Dedja<\/span><\/h4><div class=\"w-person-role\" itemprop=\"jobTitle\">Stomatologe<\/div><\/div><\/div><\/div><\/div><div class=\"wpb_column vc_column_container\"><div class=\"vc_column-inner\"><div class=\"w-person layout_trendy\" itemscope itemtype=\"https:\/\/schema.org\/Person\"><div class=\"w-person-image\"><img loading=\"lazy\" decoding=\"async\" width=\"1707\" height=\"2560\" src=\"https:\/\/i0.wp.com\/tiranadentalhospital.com\/al\/wp-content\/uploads\/2026\/02\/Bora-scaled.jpg?fit=1707%2C2560&amp;ssl=1\" class=\"attachment-full size-full\" alt=\"\" itemprop=\"image\" srcset=\"https:\/\/i0.wp.com\/tiranadentalhospital.com\/al\/wp-content\/uploads\/2026\/02\/Bora-scaled.jpg?w=1707&amp;ssl=1 1707w, https:\/\/i0.wp.com\/tiranadentalhospital.com\/al\/wp-content\/uploads\/2026\/02\/Bora-scaled.jpg?resize=200%2C300&amp;ssl=1 200w, https:\/\/i0.wp.com\/tiranadentalhospital.com\/al\/wp-content\/uploads\/2026\/02\/Bora-scaled.jpg?resize=683%2C1024&amp;ssl=1 683w, https:\/\/i0.wp.com\/tiranadentalhospital.com\/al\/wp-content\/uploads\/2026\/02\/Bora-scaled.jpg?resize=1024%2C1536&amp;ssl=1 1024w\" sizes=\"auto, (max-width: 1200px) 100vw, 1200px\" \/><\/div><div class=\"w-person-content\"><h4 itemprop=\"name\" class=\"w-person-name\"><span>Bora Sadikaj<\/span><\/h4><div class=\"w-person-role\" itemprop=\"jobTitle\">Infermiere<\/div><\/div><\/div><\/div><\/div><\/div><div class=\"w-separator size_medium\"><\/div><div class=\"g-cols wpb_row via_grid cols_4 laptops-cols_inherit tablets-cols_inherit mobiles-cols_1 valign_top type_default stacking_default\" style=\"--columns-gap:3rem;\"><div class=\"wpb_column vc_column_container\"><div class=\"vc_column-inner\"><div class=\"w-person layout_trendy\" itemscope itemtype=\"https:\/\/schema.org\/Person\"><div class=\"w-person-image\"><img loading=\"lazy\" decoding=\"async\" width=\"1707\" height=\"2560\" src=\"https:\/\/i0.wp.com\/tiranadentalhospital.com\/al\/wp-content\/uploads\/2026\/02\/Iris-scaled.jpg?fit=1707%2C2560&amp;ssl=1\" class=\"attachment-full size-full\" alt=\"\" itemprop=\"image\" srcset=\"https:\/\/i0.wp.com\/tiranadentalhospital.com\/al\/wp-content\/uploads\/2026\/02\/Iris-scaled.jpg?w=1707&amp;ssl=1 1707w, https:\/\/i0.wp.com\/tiranadentalhospital.com\/al\/wp-content\/uploads\/2026\/02\/Iris-scaled.jpg?resize=200%2C300&amp;ssl=1 200w, https:\/\/i0.wp.com\/tiranadentalhospital.com\/al\/wp-content\/uploads\/2026\/02\/Iris-scaled.jpg?resize=683%2C1024&amp;ssl=1 683w, https:\/\/i0.wp.com\/tiranadentalhospital.com\/al\/wp-content\/uploads\/2026\/02\/Iris-scaled.jpg?resize=1024%2C1536&amp;ssl=1 1024w\" sizes=\"auto, (max-width: 1200px) 100vw, 1200px\" \/><\/div><div class=\"w-person-content\"><h4 itemprop=\"name\" class=\"w-person-name\"><span>Iris Kurti<\/span><\/h4><div class=\"w-person-role\" itemprop=\"jobTitle\">Asistente<\/div><\/div><\/div><\/div><\/div><div class=\"wpb_column vc_column_container\"><div class=\"vc_column-inner\"><div class=\"w-person layout_trendy\" itemscope itemtype=\"https:\/\/schema.org\/Person\"><div class=\"w-person-image\"><img loading=\"lazy\" decoding=\"async\" width=\"1707\" height=\"2560\" src=\"https:\/\/i0.wp.com\/tiranadentalhospital.com\/al\/wp-content\/uploads\/2026\/02\/Recepsion-Sara-scaled.jpg?fit=1707%2C2560&amp;ssl=1\" class=\"attachment-full size-full\" alt=\"\" itemprop=\"image\" srcset=\"https:\/\/i0.wp.com\/tiranadentalhospital.com\/al\/wp-content\/uploads\/2026\/02\/Recepsion-Sara-scaled.jpg?w=1707&amp;ssl=1 1707w, https:\/\/i0.wp.com\/tiranadentalhospital.com\/al\/wp-content\/uploads\/2026\/02\/Recepsion-Sara-scaled.jpg?resize=200%2C300&amp;ssl=1 200w, https:\/\/i0.wp.com\/tiranadentalhospital.com\/al\/wp-content\/uploads\/2026\/02\/Recepsion-Sara-scaled.jpg?resize=683%2C1024&amp;ssl=1 683w, https:\/\/i0.wp.com\/tiranadentalhospital.com\/al\/wp-content\/uploads\/2026\/02\/Recepsion-Sara-scaled.jpg?resize=1024%2C1536&amp;ssl=1 1024w\" sizes=\"auto, (max-width: 1200px) 100vw, 1200px\" \/><\/div><div class=\"w-person-content\"><h4 itemprop=\"name\" class=\"w-person-name\"><span>Sara Alushaj<\/span><\/h4><div class=\"w-person-role\" itemprop=\"jobTitle\">Koordinatore zyre<\/div><\/div><\/div><\/div><\/div><div class=\"wpb_column vc_column_container\"><div class=\"vc_column-inner\"><div class=\"w-person layout_trendy\" itemscope itemtype=\"https:\/\/schema.org\/Person\"><div class=\"w-person-image\"><img loading=\"lazy\" decoding=\"async\" width=\"1707\" height=\"2560\" src=\"https:\/\/i0.wp.com\/tiranadentalhospital.com\/al\/wp-content\/uploads\/2026\/02\/Sanitare-Higjeniste-Albana-scaled.jpg?fit=1707%2C2560&amp;ssl=1\" class=\"attachment-full size-full\" alt=\"\" itemprop=\"image\" srcset=\"https:\/\/i0.wp.com\/tiranadentalhospital.com\/al\/wp-content\/uploads\/2026\/02\/Sanitare-Higjeniste-Albana-scaled.jpg?w=1707&amp;ssl=1 1707w, https:\/\/i0.wp.com\/tiranadentalhospital.com\/al\/wp-content\/uploads\/2026\/02\/Sanitare-Higjeniste-Albana-scaled.jpg?resize=200%2C300&amp;ssl=1 200w, https:\/\/i0.wp.com\/tiranadentalhospital.com\/al\/wp-content\/uploads\/2026\/02\/Sanitare-Higjeniste-Albana-scaled.jpg?resize=683%2C1024&amp;ssl=1 683w, https:\/\/i0.wp.com\/tiranadentalhospital.com\/al\/wp-content\/uploads\/2026\/02\/Sanitare-Higjeniste-Albana-scaled.jpg?resize=1024%2C1536&amp;ssl=1 1024w\" sizes=\"auto, (max-width: 1200px) 100vw, 1200px\" \/><\/div><div class=\"w-person-content\"><h4 itemprop=\"name\" class=\"w-person-name\"><span>Albana Methoxha<\/span><\/h4><div class=\"w-person-role\" itemprop=\"jobTitle\">Asistente<\/div><\/div><\/div><\/div><\/div><\/div><\/div><\/div><\/div><\/div><\/section>\n","protected":false},"excerpt":{"rendered":"Ne jemi nj\u00eb klinik\u00eb dentare moderne e specializuar n\u00eb implantologji dhe ofrojm\u00eb sh\u00ebrbime dentare t\u00eb standardeve m\u00eb t\u00eb larta evropiane. Do t\u00eb mir\u00ebpriteni nga nj\u00eb staf i ri dhe dinamik. Stafi profesional dhe kirurg\u00ebt maksilofacial\u00eb t\u00eb Tirana Dental Hospital ju ofrojn\u00eb nj\u00eb eksperienc\u00eb dentare si askund tjet\u00ebr. Ne si klinik\u00eb dentare do t&#8217;ju p\u00ebrkushtohemi \u00e7do...","protected":false},"author":1,"featured_media":0,"parent":0,"menu_order":0,"comment_status":"closed","ping_status":"closed","template":"","meta":{"nf_dc_page":"","footnotes":""},"class_list":["post-7687","page","type-page","status-publish","hentry"],"yoast_head":"<!-- This site is optimized with the Yoast SEO plugin v27.4 - https:\/\/yoast.com\/product\/yoast-seo-wordpress\/ -->\n<title>Kush jemi | Tirana Dental Hospital<\/title>\n<meta name=\"description\" content=\"Tirana Dental Hospital eshte ekip dinamik me eksperience shumevjecare diplomuar ne universitetet me te mira europiane.\" \/>\n<meta name=\"robots\" content=\"index, follow, max-snippet:-1, max-image-preview:large, max-video-preview:-1\" \/>\n<link rel=\"canonical\" href=\"https:\/\/tiranadentalhospital.com\/al\/dentistet-tirana-dental-hospital\/\" \/>\n<meta property=\"og:locale\" content=\"en_US\" \/>\n<meta property=\"og:type\" content=\"article\" \/>\n<meta property=\"og:title\" content=\"Kush jemi | Tirana Dental Hospital\" \/>\n<meta property=\"og:description\" content=\"Tirana Dental Hospital eshte ekip dinamik me eksperience shumevjecare diplomuar ne universitetet me te mira europiane.\" \/>\n<meta property=\"og:url\" content=\"https:\/\/tiranadentalhospital.com\/al\/dentistet-tirana-dental-hospital\/\" \/>\n<meta property=\"og:site_name\" content=\"Tirana Dental Hospital\" \/>\n<meta property=\"article:publisher\" content=\"https:\/\/www.facebook.com\/tiranadentalhospital\" \/>\n<meta property=\"article:modified_time\" content=\"2026-04-13T12:22:49+00:00\" \/>\n<meta property=\"og:image\" content=\"https:\/\/i0.wp.com\/tiranadentalhospital.com\/al\/wp-content\/uploads\/2025\/04\/tdh.png?fit=1200%2C675&ssl=1\" \/>\n\t<meta property=\"og:image:width\" content=\"1200\" \/>\n\t<meta property=\"og:image:height\" content=\"675\" \/>\n\t<meta property=\"og:image:type\" content=\"image\/png\" \/>\n<meta name=\"twitter:card\" content=\"summary_large_image\" \/>\n<meta name=\"twitter:label1\" content=\"Est. reading time\" \/>\n\t<meta name=\"twitter:data1\" content=\"2 minutes\" \/>\n<script type=\"application\/ld+json\" class=\"yoast-schema-graph\">{\"@context\":\"https:\\\/\\\/schema.org\",\"@graph\":[{\"@type\":\"WebPage\",\"@id\":\"https:\\\/\\\/tiranadentalhospital.com\\\/al\\\/dentistet-tirana-dental-hospital\\\/\",\"url\":\"https:\\\/\\\/tiranadentalhospital.com\\\/al\\\/dentistet-tirana-dental-hospital\\\/\",\"name\":\"Kush jemi | Tirana Dental Hospital\",\"isPartOf\":{\"@id\":\"https:\\\/\\\/tiranadentalhospital.com\\\/al\\\/#website\"},\"datePublished\":\"2022-12-27T13:52:11+00:00\",\"dateModified\":\"2026-04-13T12:22:49+00:00\",\"description\":\"Tirana Dental Hospital eshte ekip dinamik me eksperience shumevjecare diplomuar ne universitetet me te mira europiane.\",\"breadcrumb\":{\"@id\":\"https:\\\/\\\/tiranadentalhospital.com\\\/al\\\/dentistet-tirana-dental-hospital\\\/#breadcrumb\"},\"inLanguage\":\"en-US\",\"potentialAction\":[{\"@type\":\"ReadAction\",\"target\":[\"https:\\\/\\\/tiranadentalhospital.com\\\/al\\\/dentistet-tirana-dental-hospital\\\/\"]}]},{\"@type\":\"BreadcrumbList\",\"@id\":\"https:\\\/\\\/tiranadentalhospital.com\\\/al\\\/dentistet-tirana-dental-hospital\\\/#breadcrumb\",\"itemListElement\":[{\"@type\":\"ListItem\",\"position\":1,\"name\":\"Home\",\"item\":\"https:\\\/\\\/tiranadentalhospital.com\\\/al\\\/\"},{\"@type\":\"ListItem\",\"position\":2,\"name\":\"Kush jemi\"}]},{\"@type\":\"WebSite\",\"@id\":\"https:\\\/\\\/tiranadentalhospital.com\\\/al\\\/#website\",\"url\":\"https:\\\/\\\/tiranadentalhospital.com\\\/al\\\/\",\"name\":\"Tirana Dental Hospital\",\"description\":\"Klinik\u00eb Dentare n\u00eb Tiran\u00eb\",\"publisher\":{\"@id\":\"https:\\\/\\\/tiranadentalhospital.com\\\/al\\\/#organization\"},\"alternateName\":\"TDH\",\"potentialAction\":[{\"@type\":\"SearchAction\",\"target\":{\"@type\":\"EntryPoint\",\"urlTemplate\":\"https:\\\/\\\/tiranadentalhospital.com\\\/al\\\/?s={search_term_string}\"},\"query-input\":{\"@type\":\"PropertyValueSpecification\",\"valueRequired\":true,\"valueName\":\"search_term_string\"}}],\"inLanguage\":\"en-US\"},{\"@type\":\"Organization\",\"@id\":\"https:\\\/\\\/tiranadentalhospital.com\\\/al\\\/#organization\",\"name\":\"Tirana Dental Hospital\",\"alternateName\":\"Tirana Dental Hospital | Klinik\u00eb Dentare\",\"url\":\"https:\\\/\\\/tiranadentalhospital.com\\\/al\\\/\",\"logo\":{\"@type\":\"ImageObject\",\"inLanguage\":\"en-US\",\"@id\":\"https:\\\/\\\/tiranadentalhospital.com\\\/al\\\/#\\\/schema\\\/logo\\\/image\\\/\",\"url\":\"https:\\\/\\\/i0.wp.com\\\/tiranadentalhospital.com\\\/al\\\/wp-content\\\/uploads\\\/2025\\\/04\\\/tdh-logo.png?fit=696%2C696&ssl=1\",\"contentUrl\":\"https:\\\/\\\/i0.wp.com\\\/tiranadentalhospital.com\\\/al\\\/wp-content\\\/uploads\\\/2025\\\/04\\\/tdh-logo.png?fit=696%2C696&ssl=1\",\"width\":696,\"height\":696,\"caption\":\"Tirana Dental Hospital\"},\"image\":{\"@id\":\"https:\\\/\\\/tiranadentalhospital.com\\\/al\\\/#\\\/schema\\\/logo\\\/image\\\/\"},\"sameAs\":[\"https:\\\/\\\/www.facebook.com\\\/tiranadentalhospital\"]}]}<\/script>\n<!-- \/ Yoast SEO plugin. -->","yoast_head_json":{"title":"Kush jemi | Tirana Dental Hospital","description":"Tirana Dental Hospital eshte ekip dinamik me eksperience shumevjecare diplomuar ne universitetet me te mira europiane.","robots":{"index":"index","follow":"follow","max-snippet":"max-snippet:-1","max-image-preview":"max-image-preview:large","max-video-preview":"max-video-preview:-1"},"canonical":"https:\/\/tiranadentalhospital.com\/al\/dentistet-tirana-dental-hospital\/","og_locale":"en_US","og_type":"article","og_title":"Kush jemi | Tirana Dental Hospital","og_description":"Tirana Dental Hospital eshte ekip dinamik me eksperience shumevjecare diplomuar ne universitetet me te mira europiane.","og_url":"https:\/\/tiranadentalhospital.com\/al\/dentistet-tirana-dental-hospital\/","og_site_name":"Tirana Dental Hospital","article_publisher":"https:\/\/www.facebook.com\/tiranadentalhospital","article_modified_time":"2026-04-13T12:22:49+00:00","og_image":[{"width":1200,"height":675,"url":"https:\/\/i0.wp.com\/tiranadentalhospital.com\/al\/wp-content\/uploads\/2025\/04\/tdh.png?fit=1200%2C675&ssl=1","type":"image\/png"}],"twitter_card":"summary_large_image","twitter_misc":{"Est. reading time":"2 minutes"},"schema":{"@context":"https:\/\/schema.org","@graph":[{"@type":"WebPage","@id":"https:\/\/tiranadentalhospital.com\/al\/dentistet-tirana-dental-hospital\/","url":"https:\/\/tiranadentalhospital.com\/al\/dentistet-tirana-dental-hospital\/","name":"Kush jemi | Tirana Dental Hospital","isPartOf":{"@id":"https:\/\/tiranadentalhospital.com\/al\/#website"},"datePublished":"2022-12-27T13:52:11+00:00","dateModified":"2026-04-13T12:22:49+00:00","description":"Tirana Dental Hospital eshte ekip dinamik me eksperience shumevjecare diplomuar ne universitetet me te mira europiane.","breadcrumb":{"@id":"https:\/\/tiranadentalhospital.com\/al\/dentistet-tirana-dental-hospital\/#breadcrumb"},"inLanguage":"en-US","potentialAction":[{"@type":"ReadAction","target":["https:\/\/tiranadentalhospital.com\/al\/dentistet-tirana-dental-hospital\/"]}]},{"@type":"BreadcrumbList","@id":"https:\/\/tiranadentalhospital.com\/al\/dentistet-tirana-dental-hospital\/#breadcrumb","itemListElement":[{"@type":"ListItem","position":1,"name":"Home","item":"https:\/\/tiranadentalhospital.com\/al\/"},{"@type":"ListItem","position":2,"name":"Kush jemi"}]},{"@type":"WebSite","@id":"https:\/\/tiranadentalhospital.com\/al\/#website","url":"https:\/\/tiranadentalhospital.com\/al\/","name":"Tirana Dental Hospital","description":"Klinik\u00eb Dentare n\u00eb Tiran\u00eb","publisher":{"@id":"https:\/\/tiranadentalhospital.com\/al\/#organization"},"alternateName":"TDH","potentialAction":[{"@type":"SearchAction","target":{"@type":"EntryPoint","urlTemplate":"https:\/\/tiranadentalhospital.com\/al\/?s={search_term_string}"},"query-input":{"@type":"PropertyValueSpecification","valueRequired":true,"valueName":"search_term_string"}}],"inLanguage":"en-US"},{"@type":"Organization","@id":"https:\/\/tiranadentalhospital.com\/al\/#organization","name":"Tirana Dental Hospital","alternateName":"Tirana Dental Hospital | Klinik\u00eb Dentare","url":"https:\/\/tiranadentalhospital.com\/al\/","logo":{"@type":"ImageObject","inLanguage":"en-US","@id":"https:\/\/tiranadentalhospital.com\/al\/#\/schema\/logo\/image\/","url":"https:\/\/i0.wp.com\/tiranadentalhospital.com\/al\/wp-content\/uploads\/2025\/04\/tdh-logo.png?fit=696%2C696&ssl=1","contentUrl":"https:\/\/i0.wp.com\/tiranadentalhospital.com\/al\/wp-content\/uploads\/2025\/04\/tdh-logo.png?fit=696%2C696&ssl=1","width":696,"height":696,"caption":"Tirana Dental Hospital"},"image":{"@id":"https:\/\/tiranadentalhospital.com\/al\/#\/schema\/logo\/image\/"},"sameAs":["https:\/\/www.facebook.com\/tiranadentalhospital"]}]}},"jetpack_sharing_enabled":true,"_links":{"self":[{"href":"https:\/\/tiranadentalhospital.com\/al\/wp-json\/wp\/v2\/pages\/7687","targetHints":{"allow":["GET"]}}],"collection":[{"href":"https:\/\/tiranadentalhospital.com\/al\/wp-json\/wp\/v2\/pages"}],"about":[{"href":"https:\/\/tiranadentalhospital.com\/al\/wp-json\/wp\/v2\/types\/page"}],"author":[{"embeddable":true,"href":"https:\/\/tiranadentalhospital.com\/al\/wp-json\/wp\/v2\/users\/1"}],"replies":[{"embeddable":true,"href":"https:\/\/tiranadentalhospital.com\/al\/wp-json\/wp\/v2\/comments?post=7687"}],"version-history":[{"count":5,"href":"https:\/\/tiranadentalhospital.com\/al\/wp-json\/wp\/v2\/pages\/7687\/revisions"}],"predecessor-version":[{"id":8534,"href":"https:\/\/tiranadentalhospital.com\/al\/wp-json\/wp\/v2\/pages\/7687\/revisions\/8534"}],"wp:attachment":[{"href":"https:\/\/tiranadentalhospital.com\/al\/wp-json\/wp\/v2\/media?parent=7687"}],"curies":[{"name":"wp","href":"https:\/\/api.w.org\/{rel}","templated":true}]}}