{"id":7922,"date":"2023-12-11T14:45:46","date_gmt":"2023-12-11T14:45:46","guid":{"rendered":"https:\/\/tiranadentalhospital.com\/al\/?page_id=7922"},"modified":"2023-12-11T14:51:23","modified_gmt":"2023-12-11T14:51:23","slug":"otoplastika","status":"publish","type":"page","link":"https:\/\/tiranadentalhospital.com\/al\/otoplastika\/","title":{"rendered":"Otoplastika"},"content":{"rendered":"<section class=\"l-section wpb_row height_custom\"><div class=\"l-section-h i-cf\"><div class=\"g-cols vc_row via_grid cols_1 laptops-cols_inherit tablets-cols_inherit mobiles-cols_1 valign_top type_default stacking_default\"><div class=\"wpb_column vc_column_container\"><div class=\"vc_column-inner\"><div class=\"wpb_text_column\"><div class=\"wpb_wrapper\"><h2>Otoplastika n\u00eb Tiran\u00eb: Kirurgjia e Veshit me \u00c7mime t\u00eb Arsyeshme<\/h2>\n<p>Otoplastika \u00ebsht\u00eb nj\u00eb procedur\u00eb kirurgjikale q\u00eb synon t\u00eb p\u00ebrmir\u00ebsoj\u00eb pamjen e vesh\u00ebve. Shpesh k\u00ebrkohet nga ata q\u00eb duan t\u00eb korrigjojn\u00eb vesh\u00ebt e dal\u00eb ose q\u00eb jan\u00eb t\u00eb pak\u00ebnaqur me form\u00ebn ose madh\u00ebsin\u00eb e tyre. Tirana, kryeqyteti i Shqip\u00ebris\u00eb, \u00ebsht\u00eb kthyer n\u00eb nj\u00eb destinacion popullor p\u00ebr ata q\u00eb k\u00ebrkojn\u00eb nd\u00ebrhyrje kirurgjikale plastike. Procedura e otoplastik\u00ebs p\u00ebrfshin ndryshimin e form\u00ebs s\u00eb vesh\u00ebve p\u00ebrmes prerjeve t\u00eb b\u00ebra n\u00eb pjes\u00ebn e pasme t\u00eb veshit. Kirurgu heq k\u00ebrcin dhe indin e tep\u00ebrt p\u00ebr t\u00eb krijuar nj\u00eb form\u00eb m\u00eb proporcionale dhe natyrale.<\/p>\n<p>Tirana ka d\u00ebshmuar nj\u00eb rritje t\u00eb turizmit mjek\u00ebsor n\u00eb vitet e fundit, fal\u00eb ofrimit t\u00eb sh\u00ebrbimeve mjek\u00ebsore t\u00eb p\u00ebrballueshme. Shum\u00eb profesionist\u00eb<\/p>\n<h2 style=\"font-family: Georgia, 'Times New Roman', 'Bitstream Charter', Times, serif; padding-top: 0px;\"><img data-recalc-dims=\"1\" loading=\"lazy\" decoding=\"async\" class=\"size-full wp-image-7926 alignright\" src=\"https:\/\/i0.wp.com\/tiranadentalhospital.com\/al\/wp-content\/uploads\/2023\/12\/otoplastika.jpg?resize=212%2C300&#038;ssl=1\" alt=\"\" width=\"212\" height=\"300\" \/><\/h2>\n<p>n\u00eb qendrat mjek\u00ebsore t\u00eb Tiran\u00ebs jan\u00eb shum\u00eb t\u00eb kualifikuar n\u00eb kryerjen e operacioneve otoplastike. Operacionet otoplastike n\u00eb Tiran\u00eb kryhen nga kirurg\u00eb shum\u00eb t\u00eb kualifikuar, t\u00eb cil\u00ebt p\u00ebrdorin teknika t\u00eb avancuara p\u00ebr rezultate t\u00eb sigurta dhe afatgjata. Qyteti krenohet me klinika t\u00eb specializuara t\u00eb kirurgjis\u00eb plastike, ku pacient\u00ebt mund t\u00eb p\u00ebrdorin nj\u00eb s\u00ebr\u00eb procedurash estetike, duke p\u00ebrfshir\u00eb otoplastik\u00ebn.<\/p>\n<p>Nj\u00eb nga avantazhet kryesore t\u00eb otoplastik\u00ebs n\u00eb Tiran\u00eb \u00ebsht\u00eb \u00e7mimi. N\u00eb Shqip\u00ebri, kostot e kujdesit sh\u00ebndet\u00ebsor jan\u00eb p\u00ebrgjith\u00ebsisht m\u00eb t\u00eb ul\u00ebta se n\u00eb vendet e tjera evropiane, duke e b\u00ebr\u00eb k\u00ebt\u00eb procedur\u00eb m\u00eb t\u00eb aksesueshme. Megjithat\u00eb, kostot ndryshojn\u00eb n\u00eb var\u00ebsi t\u00eb kompleksitetit t\u00eb operacionit dhe kualifikimit t\u00eb kirurgut. Para se t&#8217;i n\u00ebnshtroheni otoplastik\u00ebs, \u00ebsht\u00eb thelb\u00ebsore t\u00eb zgjidhni nj\u00eb kirurg me p\u00ebrvoj\u00eb t\u00eb d\u00ebshmuar n\u00eb k\u00ebt\u00eb lloj procedure. Tirana \u00ebsht\u00eb sht\u00ebpia e disa qendrave mjek\u00ebsore t\u00eb specializuara n\u00eb kirurgji estetike, me kirurg\u00eb me p\u00ebrvoj\u00eb dhe t\u00eb kualifikuar.<\/p>\n<p>\u00cbsht\u00eb po aq e r\u00ebnd\u00ebsishme q\u00eb t\u00eb diskutoni plot\u00ebsisht q\u00ebllimet dhe shqet\u00ebsimet tuaja me kirurgun tuaj p\u00ebrpara operacionit. Nj\u00eb kirurg kompetent do t\u00eb jet\u00eb n\u00eb gjendje t&#8217;ju k\u00ebshilloj\u00eb p\u00ebr detajet e operacionit, rreziqet dhe efektet e mundshme an\u00ebsore. Otoplastika \u00ebsht\u00eb nj\u00eb procedur\u00eb relativisht e thjesht\u00eb, shpesh me nj\u00eb periudh\u00eb t\u00eb shkurt\u00ebr rikuperimi. Megjithat\u00eb, si me \u00e7do procedur\u00eb kirurgjikale, \u00ebsht\u00eb thelb\u00ebsore t\u00eb ndiqni me kujdes udh\u00ebzimet e kirurgut tuaj p\u00ebr nj\u00eb sh\u00ebrim t\u00eb plot\u00eb dhe t\u00eb sigurt.<\/p>\n<p>Si p\u00ebrfundim, n\u00ebse jeni duke k\u00ebrkuar p\u00ebr nj\u00eb vendndodhje otoplastike t\u00eb p\u00ebrballueshme, Tirana mund t\u00eb jet\u00eb nj\u00eb zgjedhje e p\u00ebrshtatshme. Megjithat\u00eb, zgjedhja e nj\u00eb kirurgu me p\u00ebrvoj\u00eb dhe t\u00eb kualifikuar mbetet kritike p\u00ebr suksesin e operacionit.<\/p>\n<\/div><\/div><\/div><\/div><\/div><\/div><\/section>\n","protected":false},"excerpt":{"rendered":"Otoplastika n\u00eb Tiran\u00eb: Kirurgjia e Veshit me \u00c7mime t\u00eb Arsyeshme Otoplastika \u00ebsht\u00eb nj\u00eb procedur\u00eb kirurgjikale q\u00eb synon t\u00eb p\u00ebrmir\u00ebsoj\u00eb pamjen e vesh\u00ebve. Shpesh k\u00ebrkohet nga ata q\u00eb duan t\u00eb korrigjojn\u00eb vesh\u00ebt e dal\u00eb ose q\u00eb jan\u00eb t\u00eb pak\u00ebnaqur me form\u00ebn ose madh\u00ebsin\u00eb e tyre. Tirana, kryeqyteti i Shqip\u00ebris\u00eb, \u00ebsht\u00eb kthyer n\u00eb nj\u00eb destinacion popullor p\u00ebr...","protected":false},"author":1,"featured_media":0,"parent":0,"menu_order":0,"comment_status":"closed","ping_status":"closed","template":"","meta":{"nf_dc_page":"","footnotes":""},"class_list":["post-7922","page","type-page","status-publish","hentry"],"yoast_head":"<!-- This site is optimized with the Yoast SEO plugin v27.4 - https:\/\/yoast.com\/product\/yoast-seo-wordpress\/ -->\n<title>Otoplastika | Tirana Dental Hospital<\/title>\n<meta name=\"description\" content=\"Tirana Dental Hospital - Klinik\u00eb dentare moderne e specializuar n\u00eb implantologji duke ofruar sh\u00ebrbime dentare t\u00eb standardeve m\u00eb t\u00eb larta evropiane. Tirana Dental Hospital ofron nj\u00eb mori sh\u00ebrbimesh: implantologji, faceta, estetike dentare etj.\" \/>\n<meta name=\"robots\" content=\"index, follow, max-snippet:-1, max-image-preview:large, max-video-preview:-1\" \/>\n<link rel=\"canonical\" href=\"https:\/\/tiranadentalhospital.com\/al\/otoplastika\/\" \/>\n<meta property=\"og:locale\" content=\"en_US\" \/>\n<meta property=\"og:type\" content=\"article\" \/>\n<meta property=\"og:title\" content=\"Otoplastika | Tirana Dental Hospital\" \/>\n<meta property=\"og:description\" content=\"Tirana Dental Hospital - Klinik\u00eb dentare moderne e specializuar n\u00eb implantologji duke ofruar sh\u00ebrbime dentare t\u00eb standardeve m\u00eb t\u00eb larta evropiane. Tirana Dental Hospital ofron nj\u00eb mori sh\u00ebrbimesh: implantologji, faceta, estetike dentare etj.\" \/>\n<meta property=\"og:url\" content=\"https:\/\/tiranadentalhospital.com\/al\/otoplastika\/\" \/>\n<meta property=\"og:site_name\" content=\"Tirana Dental Hospital\" \/>\n<meta property=\"article:publisher\" content=\"https:\/\/www.facebook.com\/tiranadentalhospital\" \/>\n<meta property=\"article:modified_time\" content=\"2023-12-11T14:51:23+00:00\" \/>\n<meta property=\"og:image\" content=\"https:\/\/tiranadentalhospital.com\/al\/wp-content\/uploads\/2023\/12\/otoplastika.jpg\" \/>\n<meta name=\"twitter:card\" content=\"summary_large_image\" \/>\n<script type=\"application\/ld+json\" class=\"yoast-schema-graph\">{\"@context\":\"https:\\\/\\\/schema.org\",\"@graph\":[{\"@type\":\"WebPage\",\"@id\":\"https:\\\/\\\/tiranadentalhospital.com\\\/al\\\/otoplastika\\\/\",\"url\":\"https:\\\/\\\/tiranadentalhospital.com\\\/al\\\/otoplastika\\\/\",\"name\":\"Otoplastika | Tirana Dental Hospital\",\"isPartOf\":{\"@id\":\"https:\\\/\\\/tiranadentalhospital.com\\\/al\\\/#website\"},\"primaryImageOfPage\":{\"@id\":\"https:\\\/\\\/tiranadentalhospital.com\\\/al\\\/otoplastika\\\/#primaryimage\"},\"image\":{\"@id\":\"https:\\\/\\\/tiranadentalhospital.com\\\/al\\\/otoplastika\\\/#primaryimage\"},\"thumbnailUrl\":\"https:\\\/\\\/tiranadentalhospital.com\\\/al\\\/wp-content\\\/uploads\\\/2023\\\/12\\\/otoplastika.jpg\",\"datePublished\":\"2023-12-11T14:45:46+00:00\",\"dateModified\":\"2023-12-11T14:51:23+00:00\",\"description\":\"Tirana Dental Hospital - Klinik\u00eb dentare moderne e specializuar n\u00eb implantologji duke ofruar sh\u00ebrbime dentare t\u00eb standardeve m\u00eb t\u00eb larta evropiane. Tirana Dental Hospital ofron nj\u00eb mori sh\u00ebrbimesh: implantologji, faceta, estetike dentare etj.\",\"breadcrumb\":{\"@id\":\"https:\\\/\\\/tiranadentalhospital.com\\\/al\\\/otoplastika\\\/#breadcrumb\"},\"inLanguage\":\"en-US\",\"potentialAction\":[{\"@type\":\"ReadAction\",\"target\":[\"https:\\\/\\\/tiranadentalhospital.com\\\/al\\\/otoplastika\\\/\"]}]},{\"@type\":\"ImageObject\",\"inLanguage\":\"en-US\",\"@id\":\"https:\\\/\\\/tiranadentalhospital.com\\\/al\\\/otoplastika\\\/#primaryimage\",\"url\":\"https:\\\/\\\/i0.wp.com\\\/tiranadentalhospital.com\\\/al\\\/wp-content\\\/uploads\\\/2023\\\/12\\\/otoplastika.jpg?fit=212%2C300&ssl=1\",\"contentUrl\":\"https:\\\/\\\/i0.wp.com\\\/tiranadentalhospital.com\\\/al\\\/wp-content\\\/uploads\\\/2023\\\/12\\\/otoplastika.jpg?fit=212%2C300&ssl=1\",\"width\":212,\"height\":300},{\"@type\":\"BreadcrumbList\",\"@id\":\"https:\\\/\\\/tiranadentalhospital.com\\\/al\\\/otoplastika\\\/#breadcrumb\",\"itemListElement\":[{\"@type\":\"ListItem\",\"position\":1,\"name\":\"Home\",\"item\":\"https:\\\/\\\/tiranadentalhospital.com\\\/al\\\/\"},{\"@type\":\"ListItem\",\"position\":2,\"name\":\"Otoplastika\"}]},{\"@type\":\"WebSite\",\"@id\":\"https:\\\/\\\/tiranadentalhospital.com\\\/al\\\/#website\",\"url\":\"https:\\\/\\\/tiranadentalhospital.com\\\/al\\\/\",\"name\":\"Tirana Dental Hospital\",\"description\":\"Klinik\u00eb Dentare n\u00eb Tiran\u00eb\",\"publisher\":{\"@id\":\"https:\\\/\\\/tiranadentalhospital.com\\\/al\\\/#organization\"},\"alternateName\":\"TDH\",\"potentialAction\":[{\"@type\":\"SearchAction\",\"target\":{\"@type\":\"EntryPoint\",\"urlTemplate\":\"https:\\\/\\\/tiranadentalhospital.com\\\/al\\\/?s={search_term_string}\"},\"query-input\":{\"@type\":\"PropertyValueSpecification\",\"valueRequired\":true,\"valueName\":\"search_term_string\"}}],\"inLanguage\":\"en-US\"},{\"@type\":\"Organization\",\"@id\":\"https:\\\/\\\/tiranadentalhospital.com\\\/al\\\/#organization\",\"name\":\"Tirana Dental Hospital\",\"alternateName\":\"Tirana Dental Hospital | Klinik\u00eb Dentare\",\"url\":\"https:\\\/\\\/tiranadentalhospital.com\\\/al\\\/\",\"logo\":{\"@type\":\"ImageObject\",\"inLanguage\":\"en-US\",\"@id\":\"https:\\\/\\\/tiranadentalhospital.com\\\/al\\\/#\\\/schema\\\/logo\\\/image\\\/\",\"url\":\"https:\\\/\\\/i0.wp.com\\\/tiranadentalhospital.com\\\/al\\\/wp-content\\\/uploads\\\/2025\\\/04\\\/tdh-logo.png?fit=696%2C696&ssl=1\",\"contentUrl\":\"https:\\\/\\\/i0.wp.com\\\/tiranadentalhospital.com\\\/al\\\/wp-content\\\/uploads\\\/2025\\\/04\\\/tdh-logo.png?fit=696%2C696&ssl=1\",\"width\":696,\"height\":696,\"caption\":\"Tirana Dental Hospital\"},\"image\":{\"@id\":\"https:\\\/\\\/tiranadentalhospital.com\\\/al\\\/#\\\/schema\\\/logo\\\/image\\\/\"},\"sameAs\":[\"https:\\\/\\\/www.facebook.com\\\/tiranadentalhospital\"]}]}<\/script>\n<!-- \/ Yoast SEO plugin. -->","yoast_head_json":{"title":"Otoplastika | Tirana Dental Hospital","description":"Tirana Dental Hospital - Klinik\u00eb dentare moderne e specializuar n\u00eb implantologji duke ofruar sh\u00ebrbime dentare t\u00eb standardeve m\u00eb t\u00eb larta evropiane. Tirana Dental Hospital ofron nj\u00eb mori sh\u00ebrbimesh: implantologji, faceta, estetike dentare etj.","robots":{"index":"index","follow":"follow","max-snippet":"max-snippet:-1","max-image-preview":"max-image-preview:large","max-video-preview":"max-video-preview:-1"},"canonical":"https:\/\/tiranadentalhospital.com\/al\/otoplastika\/","og_locale":"en_US","og_type":"article","og_title":"Otoplastika | Tirana Dental Hospital","og_description":"Tirana Dental Hospital - Klinik\u00eb dentare moderne e specializuar n\u00eb implantologji duke ofruar sh\u00ebrbime dentare t\u00eb standardeve m\u00eb t\u00eb larta evropiane. Tirana Dental Hospital ofron nj\u00eb mori sh\u00ebrbimesh: implantologji, faceta, estetike dentare etj.","og_url":"https:\/\/tiranadentalhospital.com\/al\/otoplastika\/","og_site_name":"Tirana Dental Hospital","article_publisher":"https:\/\/www.facebook.com\/tiranadentalhospital","article_modified_time":"2023-12-11T14:51:23+00:00","og_image":[{"url":"https:\/\/tiranadentalhospital.com\/al\/wp-content\/uploads\/2023\/12\/otoplastika.jpg","type":"","width":"","height":""}],"twitter_card":"summary_large_image","schema":{"@context":"https:\/\/schema.org","@graph":[{"@type":"WebPage","@id":"https:\/\/tiranadentalhospital.com\/al\/otoplastika\/","url":"https:\/\/tiranadentalhospital.com\/al\/otoplastika\/","name":"Otoplastika | Tirana Dental Hospital","isPartOf":{"@id":"https:\/\/tiranadentalhospital.com\/al\/#website"},"primaryImageOfPage":{"@id":"https:\/\/tiranadentalhospital.com\/al\/otoplastika\/#primaryimage"},"image":{"@id":"https:\/\/tiranadentalhospital.com\/al\/otoplastika\/#primaryimage"},"thumbnailUrl":"https:\/\/tiranadentalhospital.com\/al\/wp-content\/uploads\/2023\/12\/otoplastika.jpg","datePublished":"2023-12-11T14:45:46+00:00","dateModified":"2023-12-11T14:51:23+00:00","description":"Tirana Dental Hospital - Klinik\u00eb dentare moderne e specializuar n\u00eb implantologji duke ofruar sh\u00ebrbime dentare t\u00eb standardeve m\u00eb t\u00eb larta evropiane. Tirana Dental Hospital ofron nj\u00eb mori sh\u00ebrbimesh: implantologji, faceta, estetike dentare etj.","breadcrumb":{"@id":"https:\/\/tiranadentalhospital.com\/al\/otoplastika\/#breadcrumb"},"inLanguage":"en-US","potentialAction":[{"@type":"ReadAction","target":["https:\/\/tiranadentalhospital.com\/al\/otoplastika\/"]}]},{"@type":"ImageObject","inLanguage":"en-US","@id":"https:\/\/tiranadentalhospital.com\/al\/otoplastika\/#primaryimage","url":"https:\/\/i0.wp.com\/tiranadentalhospital.com\/al\/wp-content\/uploads\/2023\/12\/otoplastika.jpg?fit=212%2C300&ssl=1","contentUrl":"https:\/\/i0.wp.com\/tiranadentalhospital.com\/al\/wp-content\/uploads\/2023\/12\/otoplastika.jpg?fit=212%2C300&ssl=1","width":212,"height":300},{"@type":"BreadcrumbList","@id":"https:\/\/tiranadentalhospital.com\/al\/otoplastika\/#breadcrumb","itemListElement":[{"@type":"ListItem","position":1,"name":"Home","item":"https:\/\/tiranadentalhospital.com\/al\/"},{"@type":"ListItem","position":2,"name":"Otoplastika"}]},{"@type":"WebSite","@id":"https:\/\/tiranadentalhospital.com\/al\/#website","url":"https:\/\/tiranadentalhospital.com\/al\/","name":"Tirana Dental Hospital","description":"Klinik\u00eb Dentare n\u00eb Tiran\u00eb","publisher":{"@id":"https:\/\/tiranadentalhospital.com\/al\/#organization"},"alternateName":"TDH","potentialAction":[{"@type":"SearchAction","target":{"@type":"EntryPoint","urlTemplate":"https:\/\/tiranadentalhospital.com\/al\/?s={search_term_string}"},"query-input":{"@type":"PropertyValueSpecification","valueRequired":true,"valueName":"search_term_string"}}],"inLanguage":"en-US"},{"@type":"Organization","@id":"https:\/\/tiranadentalhospital.com\/al\/#organization","name":"Tirana Dental Hospital","alternateName":"Tirana Dental Hospital | Klinik\u00eb Dentare","url":"https:\/\/tiranadentalhospital.com\/al\/","logo":{"@type":"ImageObject","inLanguage":"en-US","@id":"https:\/\/tiranadentalhospital.com\/al\/#\/schema\/logo\/image\/","url":"https:\/\/i0.wp.com\/tiranadentalhospital.com\/al\/wp-content\/uploads\/2025\/04\/tdh-logo.png?fit=696%2C696&ssl=1","contentUrl":"https:\/\/i0.wp.com\/tiranadentalhospital.com\/al\/wp-content\/uploads\/2025\/04\/tdh-logo.png?fit=696%2C696&ssl=1","width":696,"height":696,"caption":"Tirana Dental Hospital"},"image":{"@id":"https:\/\/tiranadentalhospital.com\/al\/#\/schema\/logo\/image\/"},"sameAs":["https:\/\/www.facebook.com\/tiranadentalhospital"]}]}},"jetpack_sharing_enabled":true,"_links":{"self":[{"href":"https:\/\/tiranadentalhospital.com\/al\/wp-json\/wp\/v2\/pages\/7922","targetHints":{"allow":["GET"]}}],"collection":[{"href":"https:\/\/tiranadentalhospital.com\/al\/wp-json\/wp\/v2\/pages"}],"about":[{"href":"https:\/\/tiranadentalhospital.com\/al\/wp-json\/wp\/v2\/types\/page"}],"author":[{"embeddable":true,"href":"https:\/\/tiranadentalhospital.com\/al\/wp-json\/wp\/v2\/users\/1"}],"replies":[{"embeddable":true,"href":"https:\/\/tiranadentalhospital.com\/al\/wp-json\/wp\/v2\/comments?post=7922"}],"version-history":[{"count":3,"href":"https:\/\/tiranadentalhospital.com\/al\/wp-json\/wp\/v2\/pages\/7922\/revisions"}],"predecessor-version":[{"id":7927,"href":"https:\/\/tiranadentalhospital.com\/al\/wp-json\/wp\/v2\/pages\/7922\/revisions\/7927"}],"wp:attachment":[{"href":"https:\/\/tiranadentalhospital.com\/al\/wp-json\/wp\/v2\/media?parent=7922"}],"curies":[{"name":"wp","href":"https:\/\/api.w.org\/{rel}","templated":true}]}}