{"id":7928,"date":"2023-12-11T14:52:20","date_gmt":"2023-12-11T14:52:20","guid":{"rendered":"https:\/\/tiranadentalhospital.com\/al\/?page_id=7928"},"modified":"2023-12-11T14:54:38","modified_gmt":"2023-12-11T14:54:38","slug":"mentoplastika","status":"publish","type":"page","link":"https:\/\/tiranadentalhospital.com\/al\/mentoplastika\/","title":{"rendered":"Mentoplastika"},"content":{"rendered":"<section class=\"l-section wpb_row height_custom\"><div class=\"l-section-h i-cf\"><div class=\"g-cols vc_row via_grid cols_1 laptops-cols_inherit tablets-cols_inherit mobiles-cols_1 valign_top type_default stacking_default\"><div class=\"wpb_column vc_column_container\"><div class=\"vc_column-inner\"><div class=\"wpb_text_column\"><div class=\"wpb_wrapper\"><h2>Mentoplastika<\/h2>\n<p>Mentoplastika \u00ebsht\u00eb procedura kirurgjikale q\u00eb p\u00ebrdoret p\u00ebr t\u00eb riformuar form\u00ebn e mjekr\u00ebs.<br \/>Shpesh, ky operacion shoq\u00ebrohet edhe me modifikimin e zon\u00ebs malare (moll\u00ebzat), me t\u00eb cil\u00ebn mjekra bashkohet fal\u00eb mandibul\u00ebs, duke dh\u00ebn\u00eb k\u00ebshtu konotacionin tipik t\u00eb fytyr\u00ebs s\u00eb subjektit.<br \/>Mentoplastika, si \u00e7do operacion tjet\u00ebr i kirurgjis\u00eb plastike, mund t\u00eb kryhet ose p\u00ebr arsye funksionale, pra p\u00ebr rikonstruksione t\u00eb mjekr\u00ebs pas aksidenteve ose keqformimeve gjenetike, ose p\u00ebr arsye thjesht estetike (mentoplastika estetike).<br \/>N\u00eb rastin e fundit, operacioni i mentoplastik\u00ebs synon t\u00eb modifikoj\u00eb form\u00ebn e mjekr\u00ebs p\u00ebr t&#8217;i dh\u00ebn\u00eb fytyr\u00ebs nj\u00eb pamje m\u00eb harmonike, n\u00eb p\u00ebrputhje me predispozicionin psikologjik t\u00eb pacientit.<\/p>\n<p><img data-recalc-dims=\"1\" loading=\"lazy\" decoding=\"async\" class=\"size-medium wp-image-9015 alignright\" src=\"https:\/\/i0.wp.com\/tiranadentalhospital.com\/it\/wp-content\/uploads\/2023\/11\/mentoplastica2-300x183.jpg?resize=300%2C183&#038;ssl=1\" alt=\"\" width=\"300\" height=\"183\" \/><\/p>\n<h3>Pse kryhet mentoplastika estetike?<\/h3>\n<p>P\u00ebr arsye t\u00eb ndryshme, por q\u00eb n\u00eb thelb t\u00eb gjitha t\u00eb \u00e7ojn\u00eb n\u00eb nj\u00eb pik\u00eb t\u00eb vetme: duke i dh\u00ebn\u00eb fytyr\u00ebs s\u00eb pacientit nj\u00eb form\u00eb m\u00eb harmonike.<br \/>Modifikimi i struktur\u00ebs s\u00eb mjekr\u00ebs dhe form\u00ebs s\u00eb saj specifike \u00ebsht\u00eb, nganj\u00ebher\u00eb, nj\u00eb operacion i nevojsh\u00ebm p\u00ebr t&#8217;i dh\u00ebn\u00eb fytyr\u00ebs nj\u00eb marr\u00ebdh\u00ebnie m\u00eb t\u00eb mir\u00eb estetike: zona malare dhe ajo e mjekr\u00ebs p\u00ebrmbajn\u00eb nj\u00eb element estetik themelor t\u00eb fytyr\u00ebs s\u00eb njeriut, pik\u00ebrisht goj\u00ebn, e cila. prandaj duhet vler\u00ebsuar n\u00eb m\u00ebnyr\u00eb adekuate.<br \/>Nj\u00eb mjek\u00ebr m\u00eb e fort\u00eb ose m\u00eb e theksuar mund t\u00eb shtremb\u00ebroj\u00eb ndjesh\u00ebm kompleksin total estetik t\u00eb nj\u00eb fytyre: p\u00ebr ta kuptuar k\u00ebt\u00eb, mjafton t\u00eb q\u00ebndrojm\u00eb n\u00eb profil dhe t\u00eb analizojm\u00eb hijen q\u00eb projekton fytyra jon\u00eb.<br \/>E kuptoni menj\u00ebher\u00eb se tre pika t\u00eb ve\u00e7anta p\u00ebrcaktojn\u00eb form\u00ebn e p\u00ebrgjithshme t\u00eb profilit: balli, hunda dhe, sakt\u00ebsisht, mjekra.<br \/>Dh\u00ebnia e harmonis\u00eb s\u00eb duhur k\u00ebtyre tre pikave, rivendosja e p\u00ebrmasave t\u00eb duhura, \u00ebsht\u00eb shpesh nj\u00eb d\u00ebshir\u00eb e shum\u00eb pacient\u00ebve q\u00eb i drejtohen mjek\u00ebsis\u00eb estetike dhe kirurgjis\u00eb plastike.<\/p>\n<\/div><\/div><\/div><\/div><\/div><\/div><\/section>\n","protected":false},"excerpt":{"rendered":"Mentoplastika Mentoplastika \u00ebsht\u00eb procedura kirurgjikale q\u00eb p\u00ebrdoret p\u00ebr t\u00eb riformuar form\u00ebn e mjekr\u00ebs.Shpesh, ky operacion shoq\u00ebrohet edhe me modifikimin e zon\u00ebs malare (moll\u00ebzat), me t\u00eb cil\u00ebn mjekra bashkohet fal\u00eb mandibul\u00ebs, duke dh\u00ebn\u00eb k\u00ebshtu konotacionin tipik t\u00eb fytyr\u00ebs s\u00eb subjektit.Mentoplastika, si \u00e7do operacion tjet\u00ebr i kirurgjis\u00eb plastike, mund t\u00eb kryhet ose p\u00ebr arsye funksionale, pra p\u00ebr...","protected":false},"author":1,"featured_media":0,"parent":0,"menu_order":0,"comment_status":"closed","ping_status":"closed","template":"","meta":{"nf_dc_page":"","footnotes":""},"class_list":["post-7928","page","type-page","status-publish","hentry"],"yoast_head":"<!-- This site is optimized with the Yoast SEO plugin v27.4 - https:\/\/yoast.com\/product\/yoast-seo-wordpress\/ -->\n<title>Mentoplastika | Tirana Dental Hospital<\/title>\n<meta name=\"description\" content=\"Tirana Dental Hospital - Klinik\u00eb dentare moderne e specializuar n\u00eb implantologji duke ofruar sh\u00ebrbime dentare t\u00eb standardeve m\u00eb t\u00eb larta evropiane. Tirana Dental Hospital ofron nj\u00eb mori sh\u00ebrbimesh: implantologji, faceta, estetike dentare etj.\" \/>\n<meta name=\"robots\" content=\"index, follow, max-snippet:-1, max-image-preview:large, max-video-preview:-1\" \/>\n<link rel=\"canonical\" href=\"https:\/\/tiranadentalhospital.com\/al\/mentoplastika\/\" \/>\n<meta property=\"og:locale\" content=\"en_US\" \/>\n<meta property=\"og:type\" content=\"article\" \/>\n<meta property=\"og:title\" content=\"Mentoplastika | Tirana Dental Hospital\" \/>\n<meta property=\"og:description\" content=\"Tirana Dental Hospital - Klinik\u00eb dentare moderne e specializuar n\u00eb implantologji duke ofruar sh\u00ebrbime dentare t\u00eb standardeve m\u00eb t\u00eb larta evropiane. Tirana Dental Hospital ofron nj\u00eb mori sh\u00ebrbimesh: implantologji, faceta, estetike dentare etj.\" \/>\n<meta property=\"og:url\" content=\"https:\/\/tiranadentalhospital.com\/al\/mentoplastika\/\" \/>\n<meta property=\"og:site_name\" content=\"Tirana Dental Hospital\" \/>\n<meta property=\"article:publisher\" content=\"https:\/\/www.facebook.com\/tiranadentalhospital\" \/>\n<meta property=\"article:modified_time\" content=\"2023-12-11T14:54:38+00:00\" \/>\n<meta property=\"og:image\" content=\"https:\/\/tiranadentalhospital.com\/it\/wp-content\/uploads\/2023\/11\/mentoplastica2-300x183.jpg\" \/>\n<meta name=\"twitter:card\" content=\"summary_large_image\" \/>\n<script type=\"application\/ld+json\" class=\"yoast-schema-graph\">{\"@context\":\"https:\\\/\\\/schema.org\",\"@graph\":[{\"@type\":\"WebPage\",\"@id\":\"https:\\\/\\\/tiranadentalhospital.com\\\/al\\\/mentoplastika\\\/\",\"url\":\"https:\\\/\\\/tiranadentalhospital.com\\\/al\\\/mentoplastika\\\/\",\"name\":\"Mentoplastika | Tirana Dental Hospital\",\"isPartOf\":{\"@id\":\"https:\\\/\\\/tiranadentalhospital.com\\\/al\\\/#website\"},\"primaryImageOfPage\":{\"@id\":\"https:\\\/\\\/tiranadentalhospital.com\\\/al\\\/mentoplastika\\\/#primaryimage\"},\"image\":{\"@id\":\"https:\\\/\\\/tiranadentalhospital.com\\\/al\\\/mentoplastika\\\/#primaryimage\"},\"thumbnailUrl\":\"https:\\\/\\\/tiranadentalhospital.com\\\/it\\\/wp-content\\\/uploads\\\/2023\\\/11\\\/mentoplastica2-300x183.jpg\",\"datePublished\":\"2023-12-11T14:52:20+00:00\",\"dateModified\":\"2023-12-11T14:54:38+00:00\",\"description\":\"Tirana Dental Hospital - Klinik\u00eb dentare moderne e specializuar n\u00eb implantologji duke ofruar sh\u00ebrbime dentare t\u00eb standardeve m\u00eb t\u00eb larta evropiane. Tirana Dental Hospital ofron nj\u00eb mori sh\u00ebrbimesh: implantologji, faceta, estetike dentare etj.\",\"breadcrumb\":{\"@id\":\"https:\\\/\\\/tiranadentalhospital.com\\\/al\\\/mentoplastika\\\/#breadcrumb\"},\"inLanguage\":\"en-US\",\"potentialAction\":[{\"@type\":\"ReadAction\",\"target\":[\"https:\\\/\\\/tiranadentalhospital.com\\\/al\\\/mentoplastika\\\/\"]}]},{\"@type\":\"ImageObject\",\"inLanguage\":\"en-US\",\"@id\":\"https:\\\/\\\/tiranadentalhospital.com\\\/al\\\/mentoplastika\\\/#primaryimage\",\"url\":\"https:\\\/\\\/tiranadentalhospital.com\\\/it\\\/wp-content\\\/uploads\\\/2023\\\/11\\\/mentoplastica2-300x183.jpg\",\"contentUrl\":\"https:\\\/\\\/tiranadentalhospital.com\\\/it\\\/wp-content\\\/uploads\\\/2023\\\/11\\\/mentoplastica2-300x183.jpg\"},{\"@type\":\"BreadcrumbList\",\"@id\":\"https:\\\/\\\/tiranadentalhospital.com\\\/al\\\/mentoplastika\\\/#breadcrumb\",\"itemListElement\":[{\"@type\":\"ListItem\",\"position\":1,\"name\":\"Home\",\"item\":\"https:\\\/\\\/tiranadentalhospital.com\\\/al\\\/\"},{\"@type\":\"ListItem\",\"position\":2,\"name\":\"Mentoplastika\"}]},{\"@type\":\"WebSite\",\"@id\":\"https:\\\/\\\/tiranadentalhospital.com\\\/al\\\/#website\",\"url\":\"https:\\\/\\\/tiranadentalhospital.com\\\/al\\\/\",\"name\":\"Tirana Dental Hospital\",\"description\":\"Klinik\u00eb Dentare n\u00eb Tiran\u00eb\",\"publisher\":{\"@id\":\"https:\\\/\\\/tiranadentalhospital.com\\\/al\\\/#organization\"},\"alternateName\":\"TDH\",\"potentialAction\":[{\"@type\":\"SearchAction\",\"target\":{\"@type\":\"EntryPoint\",\"urlTemplate\":\"https:\\\/\\\/tiranadentalhospital.com\\\/al\\\/?s={search_term_string}\"},\"query-input\":{\"@type\":\"PropertyValueSpecification\",\"valueRequired\":true,\"valueName\":\"search_term_string\"}}],\"inLanguage\":\"en-US\"},{\"@type\":\"Organization\",\"@id\":\"https:\\\/\\\/tiranadentalhospital.com\\\/al\\\/#organization\",\"name\":\"Tirana Dental Hospital\",\"alternateName\":\"Tirana Dental Hospital | Klinik\u00eb Dentare\",\"url\":\"https:\\\/\\\/tiranadentalhospital.com\\\/al\\\/\",\"logo\":{\"@type\":\"ImageObject\",\"inLanguage\":\"en-US\",\"@id\":\"https:\\\/\\\/tiranadentalhospital.com\\\/al\\\/#\\\/schema\\\/logo\\\/image\\\/\",\"url\":\"https:\\\/\\\/i0.wp.com\\\/tiranadentalhospital.com\\\/al\\\/wp-content\\\/uploads\\\/2025\\\/04\\\/tdh-logo.png?fit=696%2C696&ssl=1\",\"contentUrl\":\"https:\\\/\\\/i0.wp.com\\\/tiranadentalhospital.com\\\/al\\\/wp-content\\\/uploads\\\/2025\\\/04\\\/tdh-logo.png?fit=696%2C696&ssl=1\",\"width\":696,\"height\":696,\"caption\":\"Tirana Dental Hospital\"},\"image\":{\"@id\":\"https:\\\/\\\/tiranadentalhospital.com\\\/al\\\/#\\\/schema\\\/logo\\\/image\\\/\"},\"sameAs\":[\"https:\\\/\\\/www.facebook.com\\\/tiranadentalhospital\"]}]}<\/script>\n<!-- \/ Yoast SEO plugin. -->","yoast_head_json":{"title":"Mentoplastika | Tirana Dental Hospital","description":"Tirana Dental Hospital - Klinik\u00eb dentare moderne e specializuar n\u00eb implantologji duke ofruar sh\u00ebrbime dentare t\u00eb standardeve m\u00eb t\u00eb larta evropiane. Tirana Dental Hospital ofron nj\u00eb mori sh\u00ebrbimesh: implantologji, faceta, estetike dentare etj.","robots":{"index":"index","follow":"follow","max-snippet":"max-snippet:-1","max-image-preview":"max-image-preview:large","max-video-preview":"max-video-preview:-1"},"canonical":"https:\/\/tiranadentalhospital.com\/al\/mentoplastika\/","og_locale":"en_US","og_type":"article","og_title":"Mentoplastika | Tirana Dental Hospital","og_description":"Tirana Dental Hospital - Klinik\u00eb dentare moderne e specializuar n\u00eb implantologji duke ofruar sh\u00ebrbime dentare t\u00eb standardeve m\u00eb t\u00eb larta evropiane. Tirana Dental Hospital ofron nj\u00eb mori sh\u00ebrbimesh: implantologji, faceta, estetike dentare etj.","og_url":"https:\/\/tiranadentalhospital.com\/al\/mentoplastika\/","og_site_name":"Tirana Dental Hospital","article_publisher":"https:\/\/www.facebook.com\/tiranadentalhospital","article_modified_time":"2023-12-11T14:54:38+00:00","og_image":[{"url":"https:\/\/tiranadentalhospital.com\/it\/wp-content\/uploads\/2023\/11\/mentoplastica2-300x183.jpg","type":"","width":"","height":""}],"twitter_card":"summary_large_image","schema":{"@context":"https:\/\/schema.org","@graph":[{"@type":"WebPage","@id":"https:\/\/tiranadentalhospital.com\/al\/mentoplastika\/","url":"https:\/\/tiranadentalhospital.com\/al\/mentoplastika\/","name":"Mentoplastika | Tirana Dental Hospital","isPartOf":{"@id":"https:\/\/tiranadentalhospital.com\/al\/#website"},"primaryImageOfPage":{"@id":"https:\/\/tiranadentalhospital.com\/al\/mentoplastika\/#primaryimage"},"image":{"@id":"https:\/\/tiranadentalhospital.com\/al\/mentoplastika\/#primaryimage"},"thumbnailUrl":"https:\/\/tiranadentalhospital.com\/it\/wp-content\/uploads\/2023\/11\/mentoplastica2-300x183.jpg","datePublished":"2023-12-11T14:52:20+00:00","dateModified":"2023-12-11T14:54:38+00:00","description":"Tirana Dental Hospital - Klinik\u00eb dentare moderne e specializuar n\u00eb implantologji duke ofruar sh\u00ebrbime dentare t\u00eb standardeve m\u00eb t\u00eb larta evropiane. Tirana Dental Hospital ofron nj\u00eb mori sh\u00ebrbimesh: implantologji, faceta, estetike dentare etj.","breadcrumb":{"@id":"https:\/\/tiranadentalhospital.com\/al\/mentoplastika\/#breadcrumb"},"inLanguage":"en-US","potentialAction":[{"@type":"ReadAction","target":["https:\/\/tiranadentalhospital.com\/al\/mentoplastika\/"]}]},{"@type":"ImageObject","inLanguage":"en-US","@id":"https:\/\/tiranadentalhospital.com\/al\/mentoplastika\/#primaryimage","url":"https:\/\/tiranadentalhospital.com\/it\/wp-content\/uploads\/2023\/11\/mentoplastica2-300x183.jpg","contentUrl":"https:\/\/tiranadentalhospital.com\/it\/wp-content\/uploads\/2023\/11\/mentoplastica2-300x183.jpg"},{"@type":"BreadcrumbList","@id":"https:\/\/tiranadentalhospital.com\/al\/mentoplastika\/#breadcrumb","itemListElement":[{"@type":"ListItem","position":1,"name":"Home","item":"https:\/\/tiranadentalhospital.com\/al\/"},{"@type":"ListItem","position":2,"name":"Mentoplastika"}]},{"@type":"WebSite","@id":"https:\/\/tiranadentalhospital.com\/al\/#website","url":"https:\/\/tiranadentalhospital.com\/al\/","name":"Tirana Dental Hospital","description":"Klinik\u00eb Dentare n\u00eb Tiran\u00eb","publisher":{"@id":"https:\/\/tiranadentalhospital.com\/al\/#organization"},"alternateName":"TDH","potentialAction":[{"@type":"SearchAction","target":{"@type":"EntryPoint","urlTemplate":"https:\/\/tiranadentalhospital.com\/al\/?s={search_term_string}"},"query-input":{"@type":"PropertyValueSpecification","valueRequired":true,"valueName":"search_term_string"}}],"inLanguage":"en-US"},{"@type":"Organization","@id":"https:\/\/tiranadentalhospital.com\/al\/#organization","name":"Tirana Dental Hospital","alternateName":"Tirana Dental Hospital | Klinik\u00eb Dentare","url":"https:\/\/tiranadentalhospital.com\/al\/","logo":{"@type":"ImageObject","inLanguage":"en-US","@id":"https:\/\/tiranadentalhospital.com\/al\/#\/schema\/logo\/image\/","url":"https:\/\/i0.wp.com\/tiranadentalhospital.com\/al\/wp-content\/uploads\/2025\/04\/tdh-logo.png?fit=696%2C696&ssl=1","contentUrl":"https:\/\/i0.wp.com\/tiranadentalhospital.com\/al\/wp-content\/uploads\/2025\/04\/tdh-logo.png?fit=696%2C696&ssl=1","width":696,"height":696,"caption":"Tirana Dental Hospital"},"image":{"@id":"https:\/\/tiranadentalhospital.com\/al\/#\/schema\/logo\/image\/"},"sameAs":["https:\/\/www.facebook.com\/tiranadentalhospital"]}]}},"jetpack_sharing_enabled":true,"_links":{"self":[{"href":"https:\/\/tiranadentalhospital.com\/al\/wp-json\/wp\/v2\/pages\/7928","targetHints":{"allow":["GET"]}}],"collection":[{"href":"https:\/\/tiranadentalhospital.com\/al\/wp-json\/wp\/v2\/pages"}],"about":[{"href":"https:\/\/tiranadentalhospital.com\/al\/wp-json\/wp\/v2\/types\/page"}],"author":[{"embeddable":true,"href":"https:\/\/tiranadentalhospital.com\/al\/wp-json\/wp\/v2\/users\/1"}],"replies":[{"embeddable":true,"href":"https:\/\/tiranadentalhospital.com\/al\/wp-json\/wp\/v2\/comments?post=7928"}],"version-history":[{"count":2,"href":"https:\/\/tiranadentalhospital.com\/al\/wp-json\/wp\/v2\/pages\/7928\/revisions"}],"predecessor-version":[{"id":7931,"href":"https:\/\/tiranadentalhospital.com\/al\/wp-json\/wp\/v2\/pages\/7928\/revisions\/7931"}],"wp:attachment":[{"href":"https:\/\/tiranadentalhospital.com\/al\/wp-json\/wp\/v2\/media?parent=7928"}],"curies":[{"name":"wp","href":"https:\/\/api.w.org\/{rel}","templated":true}]}}