{"id":7932,"date":"2023-12-11T14:57:03","date_gmt":"2023-12-11T14:57:03","guid":{"rendered":"https:\/\/tiranadentalhospital.com\/al\/?page_id=7932"},"modified":"2023-12-11T15:02:58","modified_gmt":"2023-12-11T15:02:58","slug":"blefaroplastika","status":"publish","type":"page","link":"https:\/\/tiranadentalhospital.com\/al\/blefaroplastika\/","title":{"rendered":"Blefaroplastika"},"content":{"rendered":"<section class=\"l-section wpb_row height_custom\"><div class=\"l-section-h i-cf\"><div class=\"g-cols vc_row via_grid cols_1 laptops-cols_inherit tablets-cols_inherit mobiles-cols_1 valign_top type_default stacking_default\"><div class=\"wpb_column vc_column_container\"><div class=\"vc_column-inner\"><div class=\"wpb_text_column\"><div class=\"wpb_wrapper\"><h2>\u00c7far\u00eb \u00ebsht\u00eb Blefaroplastika?<\/h2>\n<p>Blefaroplastika \u00ebsht\u00eb nj\u00eb operacion estetik q\u00eb ndihmon n\u00eb fshirjen e shenjave t\u00eb plakjes dhe rikthimin e freskis\u00eb n\u00eb shikim, duke mos harruar kurr\u00eb r\u00ebnd\u00ebsin\u00eb e ekuilibrit t\u00eb p\u00ebrgjithsh\u00ebm t\u00eb fytyr\u00ebs q\u00eb \u00ebsht\u00eb objektivi kryesor i kirurgut okuloplastik.<br \/>Blefaroplastika (ose blefarokalaza) \u00ebsht\u00eb operacioni q\u00eb ju lejon t\u00eb eliminoni l\u00ebkur\u00ebn e tep\u00ebrt t\u00eb qepallave s\u00eb bashku me herniet yndyrore q\u00eb p\u00ebrb\u00ebjn\u00eb qeskat e qepallave.<br \/>Blefaroplastika mund t\u00eb kryhet vet\u00ebm ose n\u00eb kombinim me procedura t\u00eb tjera p\u00ebrt\u00ebritjeje t\u00eb fytyr\u00ebs. N\u00eb raste t\u00eb ve\u00e7anta, kjo nd\u00ebrhyrje mund t\u00eb ket\u00eb nj\u00eb vler\u00eb funksionale dhe jo vet\u00ebm estetike.<\/p>\n<h4>Cilat jan\u00eb indikacionet p\u00ebr nd\u00ebrhyrjen e blefaroplastik\u00ebs?<\/h4>\n<p>Blefaroplastika rekomandohet n\u00eb rastet e:<\/p>\n<ul>\n<li>qese n\u00eb sy, p\u00ebr shkak t\u00eb akumulimit t\u00eb yndyr\u00ebs periorbitale<\/li>\n<li>sy t\u00eb varur, form\u00eb e varur e qepallave, duke dh\u00ebn\u00eb nj\u00eb pamje t\u00eb trishtuar dhe t\u00eb lodhur<\/li>\n<li>l\u00ebkura e tep\u00ebrt sip\u00ebr syve q\u00eb mbulon rrudh\u00ebn e qepall\u00ebs<\/li>\n<li>rrath\u00ebt e err\u00ebt dhe depresioni periorbital i l\u00ebkur\u00ebs<\/li>\n<li>k\u00ebmb\u00ebt e sorr\u00ebs dhe l\u00ebkura e varur<\/li>\n<li>\u00ebnjtje e qepallave e cila shpesh shkakton probleme t\u00eb vogla dhe t\u00eb bezdisshme, t\u00eb tilla si skuqje, grisje ose ngushtim i fush\u00ebs vizuale<\/li>\n<\/ul>\n<h4><img data-recalc-dims=\"1\" loading=\"lazy\" decoding=\"async\" class=\"size-medium wp-image-9023 alignright\" style=\"color: #333333; font-size: 16px; letter-spacing: normal;\" src=\"https:\/\/i0.wp.com\/tiranadentalhospital.com\/it\/wp-content\/uploads\/2023\/11\/cantopessi-300x200.jpg?resize=300%2C200&#038;ssl=1\" alt=\"\" width=\"300\" height=\"200\" \/>Si kryhet operacioni blefaroplastik?<\/h4>\n<p>Blefaroplastika mund t\u00eb kryhet n\u00eb qepall\u00ebn e sip\u00ebrme, n\u00eb qepall\u00ebn e poshtme ose t\u00eb dyja (blefaroplastika e plot\u00eb). Prerjet dhe plag\u00ebt q\u00eb rezultojn\u00eb ndodhen n\u00eb qepall\u00ebn e sip\u00ebrme (n\u00eb nivelin e rrudh\u00ebs s\u00eb qepall\u00ebs) dhe ndonj\u00ebher\u00eb mund t\u00eb dalin disa milimetra nga harku orbital. Sidoqoft\u00eb, n\u00eb nivelin e qepall\u00ebs s\u00eb poshtme, plag\u00ebt ndodhen disa milimetra nga kufiri i posht\u00ebm ciliar.<br \/>Kirurgu ndan indin e l\u00ebkur\u00ebs nga indi dhjamor dhe muskulor, duke eliminuar porcionet e tep\u00ebrta, si n\u00eb rastin e qeseve n\u00ebn sy. Qepjet vendosen n\u00eb m\u00ebnyr\u00eb t\u00eb till\u00eb q\u00eb t\u00eb minimizojn\u00eb plag\u00ebt, t\u00eb cilat n\u00eb \u00e7do rast do t\u00eb p\u00ebrputhen me palosjet natyrale t\u00eb qepallave t\u00eb sip\u00ebrme dhe, p\u00ebr blefaroplastik\u00ebn e poshtme, do t\u00eb vendosen pik\u00ebrisht posht\u00eb \u00e7arjes s\u00eb qepall\u00ebs.<\/p>\n<p>Blefaroplastika kryhet me anestezi lokale, p\u00ebrgjith\u00ebsisht n\u00eb kombinim me qet\u00ebsim intravenoz, p\u00ebr t\u00eb mos qen\u00eb plot\u00ebsisht vigjilent gjat\u00eb operacionit.<br \/>Operacioni zgjat nga 20 minuta deri n\u00eb 2 or\u00eb n\u00eb var\u00ebsi t\u00eb kompleksitetit dhe n\u00ebse b\u00ebhet fjal\u00eb p\u00ebr blefaroplastik\u00eb t\u00eb sip\u00ebrme, t\u00eb poshtme apo t\u00eb plot\u00eb (blefaroplastik\u00eb super-inferiore).<\/p>\n<h4>Cilat jan\u00eb rregullat e sjelljes p\u00ebr sh\u00ebrimin e duhur?<\/h4>\n<ul>\n<li>higjiena e duhur e syve<\/li>\n<li>p\u00ebrdorimi i kompresave t\u00eb ftohta ose akulli<\/li>\n<li>p\u00ebrdorimi i pikave t\u00eb syve<\/li>\n<li>mbani kok\u00ebn lart dhe flini me dy jast\u00ebk p\u00ebr t\u00eb pakt\u00ebn nj\u00eb jav\u00eb<\/li>\n<li>mos e tendosni shikimin (televizor, lexim, etj.)<\/li>\n<li>mos pini alkool<\/li>\n<li>mos p\u00ebrdorni lentet e kontaktit derisa t\u00eb sh\u00ebrohen plot\u00ebsisht<\/li>\n<li>mund\u00ebsisht t\u00eb dilni me syze t\u00eb err\u00ebta<\/li>\n<li>mos e ekspozoni veten n\u00eb diell<\/li>\n<\/ul>\n<\/div><\/div><\/div><\/div><\/div><\/div><\/section>\n","protected":false},"excerpt":{"rendered":"\u00c7far\u00eb \u00ebsht\u00eb Blefaroplastika? Blefaroplastika \u00ebsht\u00eb nj\u00eb operacion estetik q\u00eb ndihmon n\u00eb fshirjen e shenjave t\u00eb plakjes dhe rikthimin e freskis\u00eb n\u00eb shikim, duke mos harruar kurr\u00eb r\u00ebnd\u00ebsin\u00eb e ekuilibrit t\u00eb p\u00ebrgjithsh\u00ebm t\u00eb fytyr\u00ebs q\u00eb \u00ebsht\u00eb objektivi kryesor i kirurgut okuloplastik.Blefaroplastika (ose blefarokalaza) \u00ebsht\u00eb operacioni q\u00eb ju lejon t\u00eb eliminoni l\u00ebkur\u00ebn e tep\u00ebrt t\u00eb qepallave s\u00eb...","protected":false},"author":1,"featured_media":0,"parent":0,"menu_order":0,"comment_status":"closed","ping_status":"closed","template":"","meta":{"nf_dc_page":"","footnotes":""},"class_list":["post-7932","page","type-page","status-publish","hentry"],"yoast_head":"<!-- This site is optimized with the Yoast SEO plugin v27.4 - https:\/\/yoast.com\/product\/yoast-seo-wordpress\/ -->\n<title>Blefaroplastika | Tirana Dental Hospital<\/title>\n<meta name=\"description\" content=\"Tirana Dental Hospital - Klinik\u00eb dentare moderne e specializuar n\u00eb implantologji duke ofruar sh\u00ebrbime dentare t\u00eb standardeve m\u00eb t\u00eb larta evropiane. Tirana Dental Hospital ofron nj\u00eb mori sh\u00ebrbimesh: implantologji, faceta, estetike dentare etj.\" \/>\n<meta name=\"robots\" content=\"index, follow, max-snippet:-1, max-image-preview:large, max-video-preview:-1\" \/>\n<link rel=\"canonical\" href=\"https:\/\/tiranadentalhospital.com\/al\/blefaroplastika\/\" \/>\n<meta property=\"og:locale\" content=\"en_US\" \/>\n<meta property=\"og:type\" content=\"article\" \/>\n<meta property=\"og:title\" content=\"Blefaroplastika | Tirana Dental Hospital\" \/>\n<meta property=\"og:description\" content=\"Tirana Dental Hospital - Klinik\u00eb dentare moderne e specializuar n\u00eb implantologji duke ofruar sh\u00ebrbime dentare t\u00eb standardeve m\u00eb t\u00eb larta evropiane. Tirana Dental Hospital ofron nj\u00eb mori sh\u00ebrbimesh: implantologji, faceta, estetike dentare etj.\" \/>\n<meta property=\"og:url\" content=\"https:\/\/tiranadentalhospital.com\/al\/blefaroplastika\/\" \/>\n<meta property=\"og:site_name\" content=\"Tirana Dental Hospital\" \/>\n<meta property=\"article:publisher\" content=\"https:\/\/www.facebook.com\/tiranadentalhospital\" \/>\n<meta property=\"article:modified_time\" content=\"2023-12-11T15:02:58+00:00\" \/>\n<meta property=\"og:image\" content=\"https:\/\/tiranadentalhospital.com\/it\/wp-content\/uploads\/2023\/11\/cantopessi-300x200.jpg\" \/>\n<meta name=\"twitter:card\" content=\"summary_large_image\" \/>\n<script type=\"application\/ld+json\" class=\"yoast-schema-graph\">{\"@context\":\"https:\\\/\\\/schema.org\",\"@graph\":[{\"@type\":\"WebPage\",\"@id\":\"https:\\\/\\\/tiranadentalhospital.com\\\/al\\\/blefaroplastika\\\/\",\"url\":\"https:\\\/\\\/tiranadentalhospital.com\\\/al\\\/blefaroplastika\\\/\",\"name\":\"Blefaroplastika | Tirana Dental Hospital\",\"isPartOf\":{\"@id\":\"https:\\\/\\\/tiranadentalhospital.com\\\/al\\\/#website\"},\"primaryImageOfPage\":{\"@id\":\"https:\\\/\\\/tiranadentalhospital.com\\\/al\\\/blefaroplastika\\\/#primaryimage\"},\"image\":{\"@id\":\"https:\\\/\\\/tiranadentalhospital.com\\\/al\\\/blefaroplastika\\\/#primaryimage\"},\"thumbnailUrl\":\"https:\\\/\\\/tiranadentalhospital.com\\\/it\\\/wp-content\\\/uploads\\\/2023\\\/11\\\/cantopessi-300x200.jpg\",\"datePublished\":\"2023-12-11T14:57:03+00:00\",\"dateModified\":\"2023-12-11T15:02:58+00:00\",\"description\":\"Tirana Dental Hospital - Klinik\u00eb dentare moderne e specializuar n\u00eb implantologji duke ofruar sh\u00ebrbime dentare t\u00eb standardeve m\u00eb t\u00eb larta evropiane. Tirana Dental Hospital ofron nj\u00eb mori sh\u00ebrbimesh: implantologji, faceta, estetike dentare etj.\",\"breadcrumb\":{\"@id\":\"https:\\\/\\\/tiranadentalhospital.com\\\/al\\\/blefaroplastika\\\/#breadcrumb\"},\"inLanguage\":\"en-US\",\"potentialAction\":[{\"@type\":\"ReadAction\",\"target\":[\"https:\\\/\\\/tiranadentalhospital.com\\\/al\\\/blefaroplastika\\\/\"]}]},{\"@type\":\"ImageObject\",\"inLanguage\":\"en-US\",\"@id\":\"https:\\\/\\\/tiranadentalhospital.com\\\/al\\\/blefaroplastika\\\/#primaryimage\",\"url\":\"https:\\\/\\\/tiranadentalhospital.com\\\/it\\\/wp-content\\\/uploads\\\/2023\\\/11\\\/cantopessi-300x200.jpg\",\"contentUrl\":\"https:\\\/\\\/tiranadentalhospital.com\\\/it\\\/wp-content\\\/uploads\\\/2023\\\/11\\\/cantopessi-300x200.jpg\"},{\"@type\":\"BreadcrumbList\",\"@id\":\"https:\\\/\\\/tiranadentalhospital.com\\\/al\\\/blefaroplastika\\\/#breadcrumb\",\"itemListElement\":[{\"@type\":\"ListItem\",\"position\":1,\"name\":\"Home\",\"item\":\"https:\\\/\\\/tiranadentalhospital.com\\\/al\\\/\"},{\"@type\":\"ListItem\",\"position\":2,\"name\":\"Blefaroplastika\"}]},{\"@type\":\"WebSite\",\"@id\":\"https:\\\/\\\/tiranadentalhospital.com\\\/al\\\/#website\",\"url\":\"https:\\\/\\\/tiranadentalhospital.com\\\/al\\\/\",\"name\":\"Tirana Dental Hospital\",\"description\":\"Klinik\u00eb Dentare n\u00eb Tiran\u00eb\",\"publisher\":{\"@id\":\"https:\\\/\\\/tiranadentalhospital.com\\\/al\\\/#organization\"},\"alternateName\":\"TDH\",\"potentialAction\":[{\"@type\":\"SearchAction\",\"target\":{\"@type\":\"EntryPoint\",\"urlTemplate\":\"https:\\\/\\\/tiranadentalhospital.com\\\/al\\\/?s={search_term_string}\"},\"query-input\":{\"@type\":\"PropertyValueSpecification\",\"valueRequired\":true,\"valueName\":\"search_term_string\"}}],\"inLanguage\":\"en-US\"},{\"@type\":\"Organization\",\"@id\":\"https:\\\/\\\/tiranadentalhospital.com\\\/al\\\/#organization\",\"name\":\"Tirana Dental Hospital\",\"alternateName\":\"Tirana Dental Hospital | Klinik\u00eb Dentare\",\"url\":\"https:\\\/\\\/tiranadentalhospital.com\\\/al\\\/\",\"logo\":{\"@type\":\"ImageObject\",\"inLanguage\":\"en-US\",\"@id\":\"https:\\\/\\\/tiranadentalhospital.com\\\/al\\\/#\\\/schema\\\/logo\\\/image\\\/\",\"url\":\"https:\\\/\\\/i0.wp.com\\\/tiranadentalhospital.com\\\/al\\\/wp-content\\\/uploads\\\/2025\\\/04\\\/tdh-logo.png?fit=696%2C696&ssl=1\",\"contentUrl\":\"https:\\\/\\\/i0.wp.com\\\/tiranadentalhospital.com\\\/al\\\/wp-content\\\/uploads\\\/2025\\\/04\\\/tdh-logo.png?fit=696%2C696&ssl=1\",\"width\":696,\"height\":696,\"caption\":\"Tirana Dental Hospital\"},\"image\":{\"@id\":\"https:\\\/\\\/tiranadentalhospital.com\\\/al\\\/#\\\/schema\\\/logo\\\/image\\\/\"},\"sameAs\":[\"https:\\\/\\\/www.facebook.com\\\/tiranadentalhospital\"]}]}<\/script>\n<!-- \/ Yoast SEO plugin. -->","yoast_head_json":{"title":"Blefaroplastika | Tirana Dental Hospital","description":"Tirana Dental Hospital - Klinik\u00eb dentare moderne e specializuar n\u00eb implantologji duke ofruar sh\u00ebrbime dentare t\u00eb standardeve m\u00eb t\u00eb larta evropiane. Tirana Dental Hospital ofron nj\u00eb mori sh\u00ebrbimesh: implantologji, faceta, estetike dentare etj.","robots":{"index":"index","follow":"follow","max-snippet":"max-snippet:-1","max-image-preview":"max-image-preview:large","max-video-preview":"max-video-preview:-1"},"canonical":"https:\/\/tiranadentalhospital.com\/al\/blefaroplastika\/","og_locale":"en_US","og_type":"article","og_title":"Blefaroplastika | Tirana Dental Hospital","og_description":"Tirana Dental Hospital - Klinik\u00eb dentare moderne e specializuar n\u00eb implantologji duke ofruar sh\u00ebrbime dentare t\u00eb standardeve m\u00eb t\u00eb larta evropiane. Tirana Dental Hospital ofron nj\u00eb mori sh\u00ebrbimesh: implantologji, faceta, estetike dentare etj.","og_url":"https:\/\/tiranadentalhospital.com\/al\/blefaroplastika\/","og_site_name":"Tirana Dental Hospital","article_publisher":"https:\/\/www.facebook.com\/tiranadentalhospital","article_modified_time":"2023-12-11T15:02:58+00:00","og_image":[{"url":"https:\/\/tiranadentalhospital.com\/it\/wp-content\/uploads\/2023\/11\/cantopessi-300x200.jpg","type":"","width":"","height":""}],"twitter_card":"summary_large_image","schema":{"@context":"https:\/\/schema.org","@graph":[{"@type":"WebPage","@id":"https:\/\/tiranadentalhospital.com\/al\/blefaroplastika\/","url":"https:\/\/tiranadentalhospital.com\/al\/blefaroplastika\/","name":"Blefaroplastika | Tirana Dental Hospital","isPartOf":{"@id":"https:\/\/tiranadentalhospital.com\/al\/#website"},"primaryImageOfPage":{"@id":"https:\/\/tiranadentalhospital.com\/al\/blefaroplastika\/#primaryimage"},"image":{"@id":"https:\/\/tiranadentalhospital.com\/al\/blefaroplastika\/#primaryimage"},"thumbnailUrl":"https:\/\/tiranadentalhospital.com\/it\/wp-content\/uploads\/2023\/11\/cantopessi-300x200.jpg","datePublished":"2023-12-11T14:57:03+00:00","dateModified":"2023-12-11T15:02:58+00:00","description":"Tirana Dental Hospital - Klinik\u00eb dentare moderne e specializuar n\u00eb implantologji duke ofruar sh\u00ebrbime dentare t\u00eb standardeve m\u00eb t\u00eb larta evropiane. Tirana Dental Hospital ofron nj\u00eb mori sh\u00ebrbimesh: implantologji, faceta, estetike dentare etj.","breadcrumb":{"@id":"https:\/\/tiranadentalhospital.com\/al\/blefaroplastika\/#breadcrumb"},"inLanguage":"en-US","potentialAction":[{"@type":"ReadAction","target":["https:\/\/tiranadentalhospital.com\/al\/blefaroplastika\/"]}]},{"@type":"ImageObject","inLanguage":"en-US","@id":"https:\/\/tiranadentalhospital.com\/al\/blefaroplastika\/#primaryimage","url":"https:\/\/tiranadentalhospital.com\/it\/wp-content\/uploads\/2023\/11\/cantopessi-300x200.jpg","contentUrl":"https:\/\/tiranadentalhospital.com\/it\/wp-content\/uploads\/2023\/11\/cantopessi-300x200.jpg"},{"@type":"BreadcrumbList","@id":"https:\/\/tiranadentalhospital.com\/al\/blefaroplastika\/#breadcrumb","itemListElement":[{"@type":"ListItem","position":1,"name":"Home","item":"https:\/\/tiranadentalhospital.com\/al\/"},{"@type":"ListItem","position":2,"name":"Blefaroplastika"}]},{"@type":"WebSite","@id":"https:\/\/tiranadentalhospital.com\/al\/#website","url":"https:\/\/tiranadentalhospital.com\/al\/","name":"Tirana Dental Hospital","description":"Klinik\u00eb Dentare n\u00eb Tiran\u00eb","publisher":{"@id":"https:\/\/tiranadentalhospital.com\/al\/#organization"},"alternateName":"TDH","potentialAction":[{"@type":"SearchAction","target":{"@type":"EntryPoint","urlTemplate":"https:\/\/tiranadentalhospital.com\/al\/?s={search_term_string}"},"query-input":{"@type":"PropertyValueSpecification","valueRequired":true,"valueName":"search_term_string"}}],"inLanguage":"en-US"},{"@type":"Organization","@id":"https:\/\/tiranadentalhospital.com\/al\/#organization","name":"Tirana Dental Hospital","alternateName":"Tirana Dental Hospital | Klinik\u00eb Dentare","url":"https:\/\/tiranadentalhospital.com\/al\/","logo":{"@type":"ImageObject","inLanguage":"en-US","@id":"https:\/\/tiranadentalhospital.com\/al\/#\/schema\/logo\/image\/","url":"https:\/\/i0.wp.com\/tiranadentalhospital.com\/al\/wp-content\/uploads\/2025\/04\/tdh-logo.png?fit=696%2C696&ssl=1","contentUrl":"https:\/\/i0.wp.com\/tiranadentalhospital.com\/al\/wp-content\/uploads\/2025\/04\/tdh-logo.png?fit=696%2C696&ssl=1","width":696,"height":696,"caption":"Tirana Dental Hospital"},"image":{"@id":"https:\/\/tiranadentalhospital.com\/al\/#\/schema\/logo\/image\/"},"sameAs":["https:\/\/www.facebook.com\/tiranadentalhospital"]}]}},"jetpack_sharing_enabled":true,"_links":{"self":[{"href":"https:\/\/tiranadentalhospital.com\/al\/wp-json\/wp\/v2\/pages\/7932","targetHints":{"allow":["GET"]}}],"collection":[{"href":"https:\/\/tiranadentalhospital.com\/al\/wp-json\/wp\/v2\/pages"}],"about":[{"href":"https:\/\/tiranadentalhospital.com\/al\/wp-json\/wp\/v2\/types\/page"}],"author":[{"embeddable":true,"href":"https:\/\/tiranadentalhospital.com\/al\/wp-json\/wp\/v2\/users\/1"}],"replies":[{"embeddable":true,"href":"https:\/\/tiranadentalhospital.com\/al\/wp-json\/wp\/v2\/comments?post=7932"}],"version-history":[{"count":2,"href":"https:\/\/tiranadentalhospital.com\/al\/wp-json\/wp\/v2\/pages\/7932\/revisions"}],"predecessor-version":[{"id":7935,"href":"https:\/\/tiranadentalhospital.com\/al\/wp-json\/wp\/v2\/pages\/7932\/revisions\/7935"}],"wp:attachment":[{"href":"https:\/\/tiranadentalhospital.com\/al\/wp-json\/wp\/v2\/media?parent=7932"}],"curies":[{"name":"wp","href":"https:\/\/api.w.org\/{rel}","templated":true}]}}