{"id":7936,"date":"2023-12-11T15:03:46","date_gmt":"2023-12-11T15:03:46","guid":{"rendered":"https:\/\/tiranadentalhospital.com\/al\/?page_id=7936"},"modified":"2023-12-11T15:05:27","modified_gmt":"2023-12-11T15:05:27","slug":"lip-lift","status":"publish","type":"page","link":"https:\/\/tiranadentalhospital.com\/al\/lip-lift\/","title":{"rendered":"Lip Lift"},"content":{"rendered":"<section class=\"l-section wpb_row height_custom\"><div class=\"l-section-h i-cf\"><div class=\"g-cols vc_row via_grid cols_1 laptops-cols_inherit tablets-cols_inherit mobiles-cols_1 valign_top type_default stacking_default\"><div class=\"wpb_column vc_column_container\"><div class=\"vc_column-inner\"><div class=\"wpb_text_column\"><div class=\"wpb_wrapper\"><h2>Lip Lift<\/h2>\n<p><img data-recalc-dims=\"1\" loading=\"lazy\" decoding=\"async\" class=\"size-medium wp-image-9027 alignright\" src=\"https:\/\/i0.wp.com\/tiranadentalhospital.com\/it\/wp-content\/uploads\/2023\/11\/fanny-liplift-1_-300x227.webp?resize=300%2C227&#038;ssl=1\" alt=\"\" width=\"300\" height=\"227\" \/>Shum\u00eb pacient\u00eb p\u00ebrdorin mbush\u00ebs t\u00eb acidit hialuronik p\u00ebr t&#8217;i dh\u00ebn\u00eb buz\u00ebve q\u00ebndrueshm\u00ebri dhe plot\u00ebsi, por kur buza e sip\u00ebrme, p\u00ebr shkak t\u00eb karakteristikave gjenetike ose plakjes, \u00ebsht\u00eb ve\u00e7an\u00ebrisht e holl\u00eb, \u00ebsht\u00eb e mundur t\u00eb p\u00ebrdoret liftingu i buz\u00ebve ose keiloplastika, e cila ju lejon t\u00eb merrni nj\u00eb subversion efektiv dhe riform\u00ebsim i buz\u00ebve, me rezultate natyrale dhe afatgjata. Nd\u00ebrhyrja sygjerohet p\u00ebr:<\/p>\n<ul>\n<li>Buza e sip\u00ebrme \u00ebsht\u00eb ve\u00e7an\u00ebrisht e holl\u00eb dhe e p\u00ebrmbysur<\/li>\n<li>Pacient\u00ebt tek t\u00eb cil\u00ebt ka nj\u00eb distanc\u00eb t\u00eb konsiderueshme midis baz\u00ebs s\u00eb hund\u00ebs dhe buz\u00ebs s\u00eb sip\u00ebrme, duke rezultuar n\u00eb nj\u00eb pamje &#8220;senile&#8221; t\u00eb buz\u00ebs.<\/li>\n<li>Pacient\u00ebt q\u00eb d\u00ebshirojn\u00eb t\u00eb riformojn\u00eb buz\u00ebn e sip\u00ebrme n\u00eb m\u00ebnyr\u00eb t\u00eb q\u00ebndrueshme dhe pa p\u00ebrdorur acidin hialuronik<\/li>\n<\/ul>\n<\/div><\/div><\/div><\/div><\/div><\/div><\/section>\n","protected":false},"excerpt":{"rendered":"Lip Lift Shum\u00eb pacient\u00eb p\u00ebrdorin mbush\u00ebs t\u00eb acidit hialuronik p\u00ebr t&#8217;i dh\u00ebn\u00eb buz\u00ebve q\u00ebndrueshm\u00ebri dhe plot\u00ebsi, por kur buza e sip\u00ebrme, p\u00ebr shkak t\u00eb karakteristikave gjenetike ose plakjes, \u00ebsht\u00eb ve\u00e7an\u00ebrisht e holl\u00eb, \u00ebsht\u00eb e mundur t\u00eb p\u00ebrdoret liftingu i buz\u00ebve ose keiloplastika, e cila ju lejon t\u00eb merrni nj\u00eb subversion efektiv dhe riform\u00ebsim i buz\u00ebve,...","protected":false},"author":1,"featured_media":0,"parent":0,"menu_order":0,"comment_status":"closed","ping_status":"closed","template":"","meta":{"nf_dc_page":"","footnotes":""},"class_list":["post-7936","page","type-page","status-publish","hentry"],"yoast_head":"<!-- This site is optimized with the Yoast SEO plugin v27.4 - https:\/\/yoast.com\/product\/yoast-seo-wordpress\/ -->\n<title>Lip Lift | Tirana Dental Hospital<\/title>\n<meta name=\"description\" content=\"Tirana Dental Hospital - Klinik\u00eb dentare moderne e specializuar n\u00eb implantologji duke ofruar sh\u00ebrbime dentare t\u00eb standardeve m\u00eb t\u00eb larta evropiane. Tirana Dental Hospital ofron nj\u00eb mori sh\u00ebrbimesh: implantologji, faceta, estetike dentare etj.\" \/>\n<meta name=\"robots\" content=\"index, follow, max-snippet:-1, max-image-preview:large, max-video-preview:-1\" \/>\n<link rel=\"canonical\" href=\"https:\/\/tiranadentalhospital.com\/al\/lip-lift\/\" \/>\n<meta property=\"og:locale\" content=\"en_US\" \/>\n<meta property=\"og:type\" content=\"article\" \/>\n<meta property=\"og:title\" content=\"Lip Lift | Tirana Dental Hospital\" \/>\n<meta property=\"og:description\" content=\"Tirana Dental Hospital - Klinik\u00eb dentare moderne e specializuar n\u00eb implantologji duke ofruar sh\u00ebrbime dentare t\u00eb standardeve m\u00eb t\u00eb larta evropiane. Tirana Dental Hospital ofron nj\u00eb mori sh\u00ebrbimesh: implantologji, faceta, estetike dentare etj.\" \/>\n<meta property=\"og:url\" content=\"https:\/\/tiranadentalhospital.com\/al\/lip-lift\/\" \/>\n<meta property=\"og:site_name\" content=\"Tirana Dental Hospital\" \/>\n<meta property=\"article:publisher\" content=\"https:\/\/www.facebook.com\/tiranadentalhospital\" \/>\n<meta property=\"article:modified_time\" content=\"2023-12-11T15:05:27+00:00\" \/>\n<meta property=\"og:image\" content=\"https:\/\/tiranadentalhospital.com\/it\/wp-content\/uploads\/2023\/11\/fanny-liplift-1_-300x227.webp\" \/>\n<meta name=\"twitter:card\" content=\"summary_large_image\" \/>\n<script type=\"application\/ld+json\" class=\"yoast-schema-graph\">{\"@context\":\"https:\\\/\\\/schema.org\",\"@graph\":[{\"@type\":\"WebPage\",\"@id\":\"https:\\\/\\\/tiranadentalhospital.com\\\/al\\\/lip-lift\\\/\",\"url\":\"https:\\\/\\\/tiranadentalhospital.com\\\/al\\\/lip-lift\\\/\",\"name\":\"Lip Lift | Tirana Dental Hospital\",\"isPartOf\":{\"@id\":\"https:\\\/\\\/tiranadentalhospital.com\\\/al\\\/#website\"},\"primaryImageOfPage\":{\"@id\":\"https:\\\/\\\/tiranadentalhospital.com\\\/al\\\/lip-lift\\\/#primaryimage\"},\"image\":{\"@id\":\"https:\\\/\\\/tiranadentalhospital.com\\\/al\\\/lip-lift\\\/#primaryimage\"},\"thumbnailUrl\":\"https:\\\/\\\/tiranadentalhospital.com\\\/it\\\/wp-content\\\/uploads\\\/2023\\\/11\\\/fanny-liplift-1_-300x227.webp\",\"datePublished\":\"2023-12-11T15:03:46+00:00\",\"dateModified\":\"2023-12-11T15:05:27+00:00\",\"description\":\"Tirana Dental Hospital - Klinik\u00eb dentare moderne e specializuar n\u00eb implantologji duke ofruar sh\u00ebrbime dentare t\u00eb standardeve m\u00eb t\u00eb larta evropiane. Tirana Dental Hospital ofron nj\u00eb mori sh\u00ebrbimesh: implantologji, faceta, estetike dentare etj.\",\"breadcrumb\":{\"@id\":\"https:\\\/\\\/tiranadentalhospital.com\\\/al\\\/lip-lift\\\/#breadcrumb\"},\"inLanguage\":\"en-US\",\"potentialAction\":[{\"@type\":\"ReadAction\",\"target\":[\"https:\\\/\\\/tiranadentalhospital.com\\\/al\\\/lip-lift\\\/\"]}]},{\"@type\":\"ImageObject\",\"inLanguage\":\"en-US\",\"@id\":\"https:\\\/\\\/tiranadentalhospital.com\\\/al\\\/lip-lift\\\/#primaryimage\",\"url\":\"https:\\\/\\\/tiranadentalhospital.com\\\/it\\\/wp-content\\\/uploads\\\/2023\\\/11\\\/fanny-liplift-1_-300x227.webp\",\"contentUrl\":\"https:\\\/\\\/tiranadentalhospital.com\\\/it\\\/wp-content\\\/uploads\\\/2023\\\/11\\\/fanny-liplift-1_-300x227.webp\"},{\"@type\":\"BreadcrumbList\",\"@id\":\"https:\\\/\\\/tiranadentalhospital.com\\\/al\\\/lip-lift\\\/#breadcrumb\",\"itemListElement\":[{\"@type\":\"ListItem\",\"position\":1,\"name\":\"Home\",\"item\":\"https:\\\/\\\/tiranadentalhospital.com\\\/al\\\/\"},{\"@type\":\"ListItem\",\"position\":2,\"name\":\"Lip Lift\"}]},{\"@type\":\"WebSite\",\"@id\":\"https:\\\/\\\/tiranadentalhospital.com\\\/al\\\/#website\",\"url\":\"https:\\\/\\\/tiranadentalhospital.com\\\/al\\\/\",\"name\":\"Tirana Dental Hospital\",\"description\":\"Klinik\u00eb Dentare n\u00eb Tiran\u00eb\",\"publisher\":{\"@id\":\"https:\\\/\\\/tiranadentalhospital.com\\\/al\\\/#organization\"},\"alternateName\":\"TDH\",\"potentialAction\":[{\"@type\":\"SearchAction\",\"target\":{\"@type\":\"EntryPoint\",\"urlTemplate\":\"https:\\\/\\\/tiranadentalhospital.com\\\/al\\\/?s={search_term_string}\"},\"query-input\":{\"@type\":\"PropertyValueSpecification\",\"valueRequired\":true,\"valueName\":\"search_term_string\"}}],\"inLanguage\":\"en-US\"},{\"@type\":\"Organization\",\"@id\":\"https:\\\/\\\/tiranadentalhospital.com\\\/al\\\/#organization\",\"name\":\"Tirana Dental Hospital\",\"alternateName\":\"Tirana Dental Hospital | Klinik\u00eb Dentare\",\"url\":\"https:\\\/\\\/tiranadentalhospital.com\\\/al\\\/\",\"logo\":{\"@type\":\"ImageObject\",\"inLanguage\":\"en-US\",\"@id\":\"https:\\\/\\\/tiranadentalhospital.com\\\/al\\\/#\\\/schema\\\/logo\\\/image\\\/\",\"url\":\"https:\\\/\\\/i0.wp.com\\\/tiranadentalhospital.com\\\/al\\\/wp-content\\\/uploads\\\/2025\\\/04\\\/tdh-logo.png?fit=696%2C696&ssl=1\",\"contentUrl\":\"https:\\\/\\\/i0.wp.com\\\/tiranadentalhospital.com\\\/al\\\/wp-content\\\/uploads\\\/2025\\\/04\\\/tdh-logo.png?fit=696%2C696&ssl=1\",\"width\":696,\"height\":696,\"caption\":\"Tirana Dental Hospital\"},\"image\":{\"@id\":\"https:\\\/\\\/tiranadentalhospital.com\\\/al\\\/#\\\/schema\\\/logo\\\/image\\\/\"},\"sameAs\":[\"https:\\\/\\\/www.facebook.com\\\/tiranadentalhospital\"]}]}<\/script>\n<!-- \/ Yoast SEO plugin. -->","yoast_head_json":{"title":"Lip Lift | Tirana Dental Hospital","description":"Tirana Dental Hospital - Klinik\u00eb dentare moderne e specializuar n\u00eb implantologji duke ofruar sh\u00ebrbime dentare t\u00eb standardeve m\u00eb t\u00eb larta evropiane. Tirana Dental Hospital ofron nj\u00eb mori sh\u00ebrbimesh: implantologji, faceta, estetike dentare etj.","robots":{"index":"index","follow":"follow","max-snippet":"max-snippet:-1","max-image-preview":"max-image-preview:large","max-video-preview":"max-video-preview:-1"},"canonical":"https:\/\/tiranadentalhospital.com\/al\/lip-lift\/","og_locale":"en_US","og_type":"article","og_title":"Lip Lift | Tirana Dental Hospital","og_description":"Tirana Dental Hospital - Klinik\u00eb dentare moderne e specializuar n\u00eb implantologji duke ofruar sh\u00ebrbime dentare t\u00eb standardeve m\u00eb t\u00eb larta evropiane. Tirana Dental Hospital ofron nj\u00eb mori sh\u00ebrbimesh: implantologji, faceta, estetike dentare etj.","og_url":"https:\/\/tiranadentalhospital.com\/al\/lip-lift\/","og_site_name":"Tirana Dental Hospital","article_publisher":"https:\/\/www.facebook.com\/tiranadentalhospital","article_modified_time":"2023-12-11T15:05:27+00:00","og_image":[{"url":"https:\/\/tiranadentalhospital.com\/it\/wp-content\/uploads\/2023\/11\/fanny-liplift-1_-300x227.webp","type":"","width":"","height":""}],"twitter_card":"summary_large_image","schema":{"@context":"https:\/\/schema.org","@graph":[{"@type":"WebPage","@id":"https:\/\/tiranadentalhospital.com\/al\/lip-lift\/","url":"https:\/\/tiranadentalhospital.com\/al\/lip-lift\/","name":"Lip Lift | Tirana Dental Hospital","isPartOf":{"@id":"https:\/\/tiranadentalhospital.com\/al\/#website"},"primaryImageOfPage":{"@id":"https:\/\/tiranadentalhospital.com\/al\/lip-lift\/#primaryimage"},"image":{"@id":"https:\/\/tiranadentalhospital.com\/al\/lip-lift\/#primaryimage"},"thumbnailUrl":"https:\/\/tiranadentalhospital.com\/it\/wp-content\/uploads\/2023\/11\/fanny-liplift-1_-300x227.webp","datePublished":"2023-12-11T15:03:46+00:00","dateModified":"2023-12-11T15:05:27+00:00","description":"Tirana Dental Hospital - Klinik\u00eb dentare moderne e specializuar n\u00eb implantologji duke ofruar sh\u00ebrbime dentare t\u00eb standardeve m\u00eb t\u00eb larta evropiane. Tirana Dental Hospital ofron nj\u00eb mori sh\u00ebrbimesh: implantologji, faceta, estetike dentare etj.","breadcrumb":{"@id":"https:\/\/tiranadentalhospital.com\/al\/lip-lift\/#breadcrumb"},"inLanguage":"en-US","potentialAction":[{"@type":"ReadAction","target":["https:\/\/tiranadentalhospital.com\/al\/lip-lift\/"]}]},{"@type":"ImageObject","inLanguage":"en-US","@id":"https:\/\/tiranadentalhospital.com\/al\/lip-lift\/#primaryimage","url":"https:\/\/tiranadentalhospital.com\/it\/wp-content\/uploads\/2023\/11\/fanny-liplift-1_-300x227.webp","contentUrl":"https:\/\/tiranadentalhospital.com\/it\/wp-content\/uploads\/2023\/11\/fanny-liplift-1_-300x227.webp"},{"@type":"BreadcrumbList","@id":"https:\/\/tiranadentalhospital.com\/al\/lip-lift\/#breadcrumb","itemListElement":[{"@type":"ListItem","position":1,"name":"Home","item":"https:\/\/tiranadentalhospital.com\/al\/"},{"@type":"ListItem","position":2,"name":"Lip Lift"}]},{"@type":"WebSite","@id":"https:\/\/tiranadentalhospital.com\/al\/#website","url":"https:\/\/tiranadentalhospital.com\/al\/","name":"Tirana Dental Hospital","description":"Klinik\u00eb Dentare n\u00eb Tiran\u00eb","publisher":{"@id":"https:\/\/tiranadentalhospital.com\/al\/#organization"},"alternateName":"TDH","potentialAction":[{"@type":"SearchAction","target":{"@type":"EntryPoint","urlTemplate":"https:\/\/tiranadentalhospital.com\/al\/?s={search_term_string}"},"query-input":{"@type":"PropertyValueSpecification","valueRequired":true,"valueName":"search_term_string"}}],"inLanguage":"en-US"},{"@type":"Organization","@id":"https:\/\/tiranadentalhospital.com\/al\/#organization","name":"Tirana Dental Hospital","alternateName":"Tirana Dental Hospital | Klinik\u00eb Dentare","url":"https:\/\/tiranadentalhospital.com\/al\/","logo":{"@type":"ImageObject","inLanguage":"en-US","@id":"https:\/\/tiranadentalhospital.com\/al\/#\/schema\/logo\/image\/","url":"https:\/\/i0.wp.com\/tiranadentalhospital.com\/al\/wp-content\/uploads\/2025\/04\/tdh-logo.png?fit=696%2C696&ssl=1","contentUrl":"https:\/\/i0.wp.com\/tiranadentalhospital.com\/al\/wp-content\/uploads\/2025\/04\/tdh-logo.png?fit=696%2C696&ssl=1","width":696,"height":696,"caption":"Tirana Dental Hospital"},"image":{"@id":"https:\/\/tiranadentalhospital.com\/al\/#\/schema\/logo\/image\/"},"sameAs":["https:\/\/www.facebook.com\/tiranadentalhospital"]}]}},"jetpack_sharing_enabled":true,"_links":{"self":[{"href":"https:\/\/tiranadentalhospital.com\/al\/wp-json\/wp\/v2\/pages\/7936","targetHints":{"allow":["GET"]}}],"collection":[{"href":"https:\/\/tiranadentalhospital.com\/al\/wp-json\/wp\/v2\/pages"}],"about":[{"href":"https:\/\/tiranadentalhospital.com\/al\/wp-json\/wp\/v2\/types\/page"}],"author":[{"embeddable":true,"href":"https:\/\/tiranadentalhospital.com\/al\/wp-json\/wp\/v2\/users\/1"}],"replies":[{"embeddable":true,"href":"https:\/\/tiranadentalhospital.com\/al\/wp-json\/wp\/v2\/comments?post=7936"}],"version-history":[{"count":2,"href":"https:\/\/tiranadentalhospital.com\/al\/wp-json\/wp\/v2\/pages\/7936\/revisions"}],"predecessor-version":[{"id":7939,"href":"https:\/\/tiranadentalhospital.com\/al\/wp-json\/wp\/v2\/pages\/7936\/revisions\/7939"}],"wp:attachment":[{"href":"https:\/\/tiranadentalhospital.com\/al\/wp-json\/wp\/v2\/media?parent=7936"}],"curies":[{"name":"wp","href":"https:\/\/api.w.org\/{rel}","templated":true}]}}