{"id":7946,"date":"2023-12-11T15:19:20","date_gmt":"2023-12-11T15:19:20","guid":{"rendered":"https:\/\/tiranadentalhospital.com\/al\/?page_id=7946"},"modified":"2026-02-18T13:11:13","modified_gmt":"2026-02-18T13:11:13","slug":"bikektomia","status":"publish","type":"page","link":"https:\/\/tiranadentalhospital.com\/al\/bikektomia\/","title":{"rendered":"Bikektomia"},"content":{"rendered":"<section class=\"l-section wpb_row height_custom\"><div class=\"l-section-h i-cf\"><div class=\"g-cols vc_row via_grid cols_1 laptops-cols_inherit tablets-cols_inherit mobiles-cols_1 valign_top type_default stacking_default\"><div class=\"wpb_column vc_column_container\"><div class=\"vc_column-inner\"><div class=\"wpb_text_column\"><div class=\"wpb_wrapper\"><h2>Bikektomia<\/h2>\n<h4>\u00c7far\u00eb \u00ebsht\u00eb bikektomia?<\/h4>\n<p>Bikektomia \u00ebsht\u00eb nj\u00eb procedur\u00eb kirurgjikale q\u00eb heq ose than struktur\u00ebn e fytyr\u00ebs t\u00eb njohur si dhjami Bichat, i cili n\u00eb disa raste mund t\u00eb b\u00ebj\u00eb q\u00eb nj\u00eb person i holl\u00eb t\u00eb duket mbipesh\u00eb ose thjesht jo konform struktur\u00ebs s\u00eb trupit t\u00eb tij.<\/p>\n<p>Bikektomia \u00ebsht\u00eb operacioni q\u00eb ju lejon t\u00eb rip\u00ebrcaktoni konturin e moll\u00ebzave dhe zonave t\u00eb faqeve.<\/p>\n<h4>\u00c7far\u00eb p\u00ebrmirson?<\/h4>\n<p><img data-recalc-dims=\"1\" loading=\"lazy\" decoding=\"async\" class=\"size-medium wp-image-9037 alignright\" src=\"https:\/\/i0.wp.com\/tiranadentalhospital.com\/it\/wp-content\/uploads\/2023\/11\/bichectomia-bolla-di-bichat2-300x295.jpg?resize=300%2C295&#038;ssl=1\" alt=\"\" width=\"300\" height=\"295\" \/><\/p>\n<p>Shumica e njer\u00ebzve e perceptojn\u00eb nj\u00eb fytyr\u00eb t\u00eb holl\u00eb n\u00eb form\u00eb V-je si t\u00ebrheq\u00ebse. P\u00ebrkundrazi, faqet e rrumbullak\u00ebta, shpesh t\u00eb quajtura \u201cfaqe topolake\u201d, mund t\u00eb krijojn\u00eb nj\u00eb pamje f\u00ebminore dhe t\u2019i b\u00ebjn\u00eb t\u00eb duken mbipesh\u00eb persona q\u00eb n\u00eb t\u00eb kund\u00ebrt jan\u00eb t\u00eb dob\u00ebt. Kirurgjia p\u00ebr heqjen e yndyr\u00ebs bukale \u00ebsht\u00eb nj\u00eb procedur\u00eb shum\u00eb e personalizuar.<\/p>\n<p>Konturimi i fytyr\u00ebs \u00ebsht\u00eb i r\u00ebnd\u00ebsish\u00ebm p\u00ebr pamjen e p\u00ebrgjithshme t\u00eb saj. Nd\u00ebrsa \u00ebsht\u00eb e r\u00ebnd\u00ebsishme t\u00eb ruhet nj\u00eb sasi e mir\u00eb yndyre n\u00eb fytyr\u00eb p\u00ebr t\u00eb mbajtur nj\u00eb pamje rinore, yndyra e tep\u00ebrt bukale mund t\u00eb \u00e7oj\u00eb n\u00eb nj\u00eb \u201cfytyr\u00eb h\u00ebne\u201d t\u00eb rrumbullakosur q\u00eb fsheh natyrsh\u00ebm vij\u00ebn e moll\u00ebzave dhe nofull\u00ebs.<\/p>\n<p>Nd\u00ebrsa \u00ebsht\u00eb e r\u00ebnd\u00ebsishme t\u00eb ruani nj\u00eb sasi t\u00eb mir\u00eb yndyre n\u00eb fytyr\u00eb p\u00ebr t\u00eb ruajtur nj\u00eb pamje rinore, dhjami i tep\u00ebrt bukal mund t\u00eb \u00e7oj\u00eb n\u00eb nj\u00eb &#8220;fytyr\u00eb h\u00ebne&#8221; t\u00eb rrumbullakosur q\u00eb fsheh natyrsh\u00ebm vij\u00ebn e moll\u00ebz\u00ebs dhe nofull\u00ebs. Nj\u00eb procedur\u00eb e heqjes s\u00eb dhjamit bukal eliminon n\u00eb m\u00ebnyr\u00eb konservative yndyr\u00ebn jo thelb\u00ebsore n\u00eb zon\u00ebn e faqeve, duke e dob\u00ebsuar k\u00ebt\u00eb zon\u00eb dhe duke rezultuar n\u00eb nj\u00eb pamje m\u00eb t\u00eb holl\u00eb.<\/p>\n<h4>\u00c7far\u00eb rezultatesh jep?<\/h4>\n<p>Bikektomia, e njohur gjithashtu si heqja e dhjamit bukal, synon t\u00eb holloj\u00eb fytyr\u00ebn e nj\u00eb personi dhe t\u00eb heq\u00eb indin dhjamor t\u00eb tep\u00ebrt. N\u00eb k\u00ebt\u00eb procedur\u00eb heqim dhjamin nga pjesa e brendshme e faqeve, duke theksuar dhe theksuar k\u00ebshtu moll\u00ebzat. Rezultati \u00ebsht\u00eb nj\u00eb fytyr\u00eb m\u00eb e holl\u00eb dhe me pamje m\u00eb t\u00eb re.<br \/>\nKush \u00ebsht\u00eb kandidat p\u00ebr bikektomi?<br \/>\nN\u00ebse nj\u00eb pacient vjen n\u00eb klinik\u00ebn ton\u00eb ambulatore p\u00ebr shkak se \u00ebsht\u00eb i pak\u00ebnaqur me p\u00ebrmasat e fytyr\u00ebs s\u00eb tij, ankohet p\u00ebr faqet e rrumbullakosura q\u00eb e b\u00ebjn\u00eb fytyr\u00ebn t\u00eb duket topolake, bikektomia \u00ebsht\u00eb procedura e duhur p\u00ebr t\u00eb hequr dhjamin e tep\u00ebrt nga faqet, p\u00ebr t\u00eb konturuar fytyr\u00ebn dhe p\u00ebr t\u00eb theksuar ve\u00e7orit\u00eb.<\/p>\n<h4>\u00c7far\u00eb avantzhesh ka?<\/h4>\n<p>Nj\u00eb nga avantazhet e heqjes s\u00eb dhjamit bukal \u00ebsht\u00eb se nuk ka prerje t\u00eb jashtme p\u00ebrmes nj\u00eb aksesi t\u00eb brendsh\u00ebm, dhjami bukal hiqet me kujdes. Sasia e sakt\u00eb e heqjes s\u00eb yndyr\u00ebs bukale mund t\u00eb b\u00ebhet n\u00eb m\u00ebnyr\u00eb q\u00eb t\u00eb dyja an\u00ebt e fytyr\u00ebs t\u00eb ken\u00eb t\u00eb nj\u00ebjt\u00ebn sasi yndyre t\u00eb hequr, p\u00ebr t\u00eb siguruar nj\u00eb pamje simetrike dhe t\u00eb ekuilibruar.<\/p>\n<\/div><\/div><\/div><\/div><\/div><\/div><\/section>\n","protected":false},"excerpt":{"rendered":"Bikektomia \u00c7far\u00eb \u00ebsht\u00eb bikektomia? Bikektomia \u00ebsht\u00eb nj\u00eb procedur\u00eb kirurgjikale q\u00eb heq ose than struktur\u00ebn e fytyr\u00ebs t\u00eb njohur si dhjami Bichat, i cili n\u00eb disa raste mund t\u00eb b\u00ebj\u00eb q\u00eb nj\u00eb person i holl\u00eb t\u00eb duket mbipesh\u00eb ose thjesht jo konform struktur\u00ebs s\u00eb trupit t\u00eb tij. Bikektomia \u00ebsht\u00eb operacioni q\u00eb ju lejon t\u00eb rip\u00ebrcaktoni konturin...","protected":false},"author":1,"featured_media":0,"parent":0,"menu_order":0,"comment_status":"closed","ping_status":"closed","template":"","meta":{"nf_dc_page":"","footnotes":""},"class_list":["post-7946","page","type-page","status-publish","hentry"],"yoast_head":"<!-- This site is optimized with the Yoast SEO plugin v27.4 - https:\/\/yoast.com\/product\/yoast-seo-wordpress\/ -->\n<title>Bikektomia | Tirana Dental Hospital<\/title>\n<meta name=\"description\" content=\"Tirana Dental Hospital - Klinik\u00eb dentare moderne e specializuar n\u00eb implantologji duke ofruar sh\u00ebrbime dentare t\u00eb standardeve m\u00eb t\u00eb larta evropiane. Tirana Dental Hospital ofron nj\u00eb mori sh\u00ebrbimesh: implantologji, faceta, estetike dentare etj.\" \/>\n<meta name=\"robots\" content=\"index, follow, max-snippet:-1, max-image-preview:large, max-video-preview:-1\" \/>\n<link rel=\"canonical\" href=\"https:\/\/tiranadentalhospital.com\/al\/bikektomia\/\" \/>\n<meta property=\"og:locale\" content=\"en_US\" \/>\n<meta property=\"og:type\" content=\"article\" \/>\n<meta property=\"og:title\" content=\"Bikektomia | Tirana Dental Hospital\" \/>\n<meta property=\"og:description\" content=\"Tirana Dental Hospital - Klinik\u00eb dentare moderne e specializuar n\u00eb implantologji duke ofruar sh\u00ebrbime dentare t\u00eb standardeve m\u00eb t\u00eb larta evropiane. Tirana Dental Hospital ofron nj\u00eb mori sh\u00ebrbimesh: implantologji, faceta, estetike dentare etj.\" \/>\n<meta property=\"og:url\" content=\"https:\/\/tiranadentalhospital.com\/al\/bikektomia\/\" \/>\n<meta property=\"og:site_name\" content=\"Tirana Dental Hospital\" \/>\n<meta property=\"article:publisher\" content=\"https:\/\/www.facebook.com\/tiranadentalhospital\" \/>\n<meta property=\"article:modified_time\" content=\"2026-02-18T13:11:13+00:00\" \/>\n<meta property=\"og:image\" content=\"https:\/\/tiranadentalhospital.com\/it\/wp-content\/uploads\/2023\/11\/bichectomia-bolla-di-bichat2-300x295.jpg\" \/>\n<meta name=\"twitter:card\" content=\"summary_large_image\" \/>\n<meta name=\"twitter:label1\" content=\"Est. reading time\" \/>\n\t<meta name=\"twitter:data1\" content=\"2 minutes\" \/>\n<script type=\"application\/ld+json\" class=\"yoast-schema-graph\">{\"@context\":\"https:\\\/\\\/schema.org\",\"@graph\":[{\"@type\":\"WebPage\",\"@id\":\"https:\\\/\\\/tiranadentalhospital.com\\\/al\\\/bikektomia\\\/\",\"url\":\"https:\\\/\\\/tiranadentalhospital.com\\\/al\\\/bikektomia\\\/\",\"name\":\"Bikektomia | Tirana Dental Hospital\",\"isPartOf\":{\"@id\":\"https:\\\/\\\/tiranadentalhospital.com\\\/al\\\/#website\"},\"primaryImageOfPage\":{\"@id\":\"https:\\\/\\\/tiranadentalhospital.com\\\/al\\\/bikektomia\\\/#primaryimage\"},\"image\":{\"@id\":\"https:\\\/\\\/tiranadentalhospital.com\\\/al\\\/bikektomia\\\/#primaryimage\"},\"thumbnailUrl\":\"https:\\\/\\\/tiranadentalhospital.com\\\/it\\\/wp-content\\\/uploads\\\/2023\\\/11\\\/bichectomia-bolla-di-bichat2-300x295.jpg\",\"datePublished\":\"2023-12-11T15:19:20+00:00\",\"dateModified\":\"2026-02-18T13:11:13+00:00\",\"description\":\"Tirana Dental Hospital - Klinik\u00eb dentare moderne e specializuar n\u00eb implantologji duke ofruar sh\u00ebrbime dentare t\u00eb standardeve m\u00eb t\u00eb larta evropiane. Tirana Dental Hospital ofron nj\u00eb mori sh\u00ebrbimesh: implantologji, faceta, estetike dentare etj.\",\"breadcrumb\":{\"@id\":\"https:\\\/\\\/tiranadentalhospital.com\\\/al\\\/bikektomia\\\/#breadcrumb\"},\"inLanguage\":\"en-US\",\"potentialAction\":[{\"@type\":\"ReadAction\",\"target\":[\"https:\\\/\\\/tiranadentalhospital.com\\\/al\\\/bikektomia\\\/\"]}]},{\"@type\":\"ImageObject\",\"inLanguage\":\"en-US\",\"@id\":\"https:\\\/\\\/tiranadentalhospital.com\\\/al\\\/bikektomia\\\/#primaryimage\",\"url\":\"https:\\\/\\\/tiranadentalhospital.com\\\/it\\\/wp-content\\\/uploads\\\/2023\\\/11\\\/bichectomia-bolla-di-bichat2-300x295.jpg\",\"contentUrl\":\"https:\\\/\\\/tiranadentalhospital.com\\\/it\\\/wp-content\\\/uploads\\\/2023\\\/11\\\/bichectomia-bolla-di-bichat2-300x295.jpg\"},{\"@type\":\"BreadcrumbList\",\"@id\":\"https:\\\/\\\/tiranadentalhospital.com\\\/al\\\/bikektomia\\\/#breadcrumb\",\"itemListElement\":[{\"@type\":\"ListItem\",\"position\":1,\"name\":\"Home\",\"item\":\"https:\\\/\\\/tiranadentalhospital.com\\\/al\\\/\"},{\"@type\":\"ListItem\",\"position\":2,\"name\":\"Bikektomia\"}]},{\"@type\":\"WebSite\",\"@id\":\"https:\\\/\\\/tiranadentalhospital.com\\\/al\\\/#website\",\"url\":\"https:\\\/\\\/tiranadentalhospital.com\\\/al\\\/\",\"name\":\"Tirana Dental Hospital\",\"description\":\"Klinik\u00eb Dentare n\u00eb Tiran\u00eb\",\"publisher\":{\"@id\":\"https:\\\/\\\/tiranadentalhospital.com\\\/al\\\/#organization\"},\"alternateName\":\"TDH\",\"potentialAction\":[{\"@type\":\"SearchAction\",\"target\":{\"@type\":\"EntryPoint\",\"urlTemplate\":\"https:\\\/\\\/tiranadentalhospital.com\\\/al\\\/?s={search_term_string}\"},\"query-input\":{\"@type\":\"PropertyValueSpecification\",\"valueRequired\":true,\"valueName\":\"search_term_string\"}}],\"inLanguage\":\"en-US\"},{\"@type\":\"Organization\",\"@id\":\"https:\\\/\\\/tiranadentalhospital.com\\\/al\\\/#organization\",\"name\":\"Tirana Dental Hospital\",\"alternateName\":\"Tirana Dental Hospital | Klinik\u00eb Dentare\",\"url\":\"https:\\\/\\\/tiranadentalhospital.com\\\/al\\\/\",\"logo\":{\"@type\":\"ImageObject\",\"inLanguage\":\"en-US\",\"@id\":\"https:\\\/\\\/tiranadentalhospital.com\\\/al\\\/#\\\/schema\\\/logo\\\/image\\\/\",\"url\":\"https:\\\/\\\/i0.wp.com\\\/tiranadentalhospital.com\\\/al\\\/wp-content\\\/uploads\\\/2025\\\/04\\\/tdh-logo.png?fit=696%2C696&ssl=1\",\"contentUrl\":\"https:\\\/\\\/i0.wp.com\\\/tiranadentalhospital.com\\\/al\\\/wp-content\\\/uploads\\\/2025\\\/04\\\/tdh-logo.png?fit=696%2C696&ssl=1\",\"width\":696,\"height\":696,\"caption\":\"Tirana Dental Hospital\"},\"image\":{\"@id\":\"https:\\\/\\\/tiranadentalhospital.com\\\/al\\\/#\\\/schema\\\/logo\\\/image\\\/\"},\"sameAs\":[\"https:\\\/\\\/www.facebook.com\\\/tiranadentalhospital\"]}]}<\/script>\n<!-- \/ Yoast SEO plugin. -->","yoast_head_json":{"title":"Bikektomia | Tirana Dental Hospital","description":"Tirana Dental Hospital - Klinik\u00eb dentare moderne e specializuar n\u00eb implantologji duke ofruar sh\u00ebrbime dentare t\u00eb standardeve m\u00eb t\u00eb larta evropiane. Tirana Dental Hospital ofron nj\u00eb mori sh\u00ebrbimesh: implantologji, faceta, estetike dentare etj.","robots":{"index":"index","follow":"follow","max-snippet":"max-snippet:-1","max-image-preview":"max-image-preview:large","max-video-preview":"max-video-preview:-1"},"canonical":"https:\/\/tiranadentalhospital.com\/al\/bikektomia\/","og_locale":"en_US","og_type":"article","og_title":"Bikektomia | Tirana Dental Hospital","og_description":"Tirana Dental Hospital - Klinik\u00eb dentare moderne e specializuar n\u00eb implantologji duke ofruar sh\u00ebrbime dentare t\u00eb standardeve m\u00eb t\u00eb larta evropiane. Tirana Dental Hospital ofron nj\u00eb mori sh\u00ebrbimesh: implantologji, faceta, estetike dentare etj.","og_url":"https:\/\/tiranadentalhospital.com\/al\/bikektomia\/","og_site_name":"Tirana Dental Hospital","article_publisher":"https:\/\/www.facebook.com\/tiranadentalhospital","article_modified_time":"2026-02-18T13:11:13+00:00","og_image":[{"url":"https:\/\/tiranadentalhospital.com\/it\/wp-content\/uploads\/2023\/11\/bichectomia-bolla-di-bichat2-300x295.jpg","type":"","width":"","height":""}],"twitter_card":"summary_large_image","twitter_misc":{"Est. reading time":"2 minutes"},"schema":{"@context":"https:\/\/schema.org","@graph":[{"@type":"WebPage","@id":"https:\/\/tiranadentalhospital.com\/al\/bikektomia\/","url":"https:\/\/tiranadentalhospital.com\/al\/bikektomia\/","name":"Bikektomia | Tirana Dental Hospital","isPartOf":{"@id":"https:\/\/tiranadentalhospital.com\/al\/#website"},"primaryImageOfPage":{"@id":"https:\/\/tiranadentalhospital.com\/al\/bikektomia\/#primaryimage"},"image":{"@id":"https:\/\/tiranadentalhospital.com\/al\/bikektomia\/#primaryimage"},"thumbnailUrl":"https:\/\/tiranadentalhospital.com\/it\/wp-content\/uploads\/2023\/11\/bichectomia-bolla-di-bichat2-300x295.jpg","datePublished":"2023-12-11T15:19:20+00:00","dateModified":"2026-02-18T13:11:13+00:00","description":"Tirana Dental Hospital - Klinik\u00eb dentare moderne e specializuar n\u00eb implantologji duke ofruar sh\u00ebrbime dentare t\u00eb standardeve m\u00eb t\u00eb larta evropiane. Tirana Dental Hospital ofron nj\u00eb mori sh\u00ebrbimesh: implantologji, faceta, estetike dentare etj.","breadcrumb":{"@id":"https:\/\/tiranadentalhospital.com\/al\/bikektomia\/#breadcrumb"},"inLanguage":"en-US","potentialAction":[{"@type":"ReadAction","target":["https:\/\/tiranadentalhospital.com\/al\/bikektomia\/"]}]},{"@type":"ImageObject","inLanguage":"en-US","@id":"https:\/\/tiranadentalhospital.com\/al\/bikektomia\/#primaryimage","url":"https:\/\/tiranadentalhospital.com\/it\/wp-content\/uploads\/2023\/11\/bichectomia-bolla-di-bichat2-300x295.jpg","contentUrl":"https:\/\/tiranadentalhospital.com\/it\/wp-content\/uploads\/2023\/11\/bichectomia-bolla-di-bichat2-300x295.jpg"},{"@type":"BreadcrumbList","@id":"https:\/\/tiranadentalhospital.com\/al\/bikektomia\/#breadcrumb","itemListElement":[{"@type":"ListItem","position":1,"name":"Home","item":"https:\/\/tiranadentalhospital.com\/al\/"},{"@type":"ListItem","position":2,"name":"Bikektomia"}]},{"@type":"WebSite","@id":"https:\/\/tiranadentalhospital.com\/al\/#website","url":"https:\/\/tiranadentalhospital.com\/al\/","name":"Tirana Dental Hospital","description":"Klinik\u00eb Dentare n\u00eb Tiran\u00eb","publisher":{"@id":"https:\/\/tiranadentalhospital.com\/al\/#organization"},"alternateName":"TDH","potentialAction":[{"@type":"SearchAction","target":{"@type":"EntryPoint","urlTemplate":"https:\/\/tiranadentalhospital.com\/al\/?s={search_term_string}"},"query-input":{"@type":"PropertyValueSpecification","valueRequired":true,"valueName":"search_term_string"}}],"inLanguage":"en-US"},{"@type":"Organization","@id":"https:\/\/tiranadentalhospital.com\/al\/#organization","name":"Tirana Dental Hospital","alternateName":"Tirana Dental Hospital | Klinik\u00eb Dentare","url":"https:\/\/tiranadentalhospital.com\/al\/","logo":{"@type":"ImageObject","inLanguage":"en-US","@id":"https:\/\/tiranadentalhospital.com\/al\/#\/schema\/logo\/image\/","url":"https:\/\/i0.wp.com\/tiranadentalhospital.com\/al\/wp-content\/uploads\/2025\/04\/tdh-logo.png?fit=696%2C696&ssl=1","contentUrl":"https:\/\/i0.wp.com\/tiranadentalhospital.com\/al\/wp-content\/uploads\/2025\/04\/tdh-logo.png?fit=696%2C696&ssl=1","width":696,"height":696,"caption":"Tirana Dental Hospital"},"image":{"@id":"https:\/\/tiranadentalhospital.com\/al\/#\/schema\/logo\/image\/"},"sameAs":["https:\/\/www.facebook.com\/tiranadentalhospital"]}]}},"jetpack_sharing_enabled":true,"_links":{"self":[{"href":"https:\/\/tiranadentalhospital.com\/al\/wp-json\/wp\/v2\/pages\/7946","targetHints":{"allow":["GET"]}}],"collection":[{"href":"https:\/\/tiranadentalhospital.com\/al\/wp-json\/wp\/v2\/pages"}],"about":[{"href":"https:\/\/tiranadentalhospital.com\/al\/wp-json\/wp\/v2\/types\/page"}],"author":[{"embeddable":true,"href":"https:\/\/tiranadentalhospital.com\/al\/wp-json\/wp\/v2\/users\/1"}],"replies":[{"embeddable":true,"href":"https:\/\/tiranadentalhospital.com\/al\/wp-json\/wp\/v2\/comments?post=7946"}],"version-history":[{"count":3,"href":"https:\/\/tiranadentalhospital.com\/al\/wp-json\/wp\/v2\/pages\/7946\/revisions"}],"predecessor-version":[{"id":8271,"href":"https:\/\/tiranadentalhospital.com\/al\/wp-json\/wp\/v2\/pages\/7946\/revisions\/8271"}],"wp:attachment":[{"href":"https:\/\/tiranadentalhospital.com\/al\/wp-json\/wp\/v2\/media?parent=7946"}],"curies":[{"name":"wp","href":"https:\/\/api.w.org\/{rel}","templated":true}]}}