{"id":7973,"date":"2023-12-12T14:40:47","date_gmt":"2023-12-12T14:40:47","guid":{"rendered":"https:\/\/tiranadentalhospital.com\/al\/?page_id=7973"},"modified":"2023-12-12T14:47:40","modified_gmt":"2023-12-12T14:47:40","slug":"implantologji-e-avancuar","status":"publish","type":"page","link":"https:\/\/tiranadentalhospital.com\/al\/implantologji-e-avancuar\/","title":{"rendered":"Implantologji e Avancuar"},"content":{"rendered":"<section class=\"l-section wpb_row height_custom\"><div class=\"l-section-h i-cf\"><div class=\"g-cols vc_row via_grid cols_2-1 laptops-cols_inherit tablets-cols_inherit mobiles-cols_1 valign_top type_default stacking_default\"><div class=\"wpb_column vc_column_container\"><div class=\"vc_column-inner\"><h1 class=\"w-text us_custom_eb849559\"><span class=\"w-text-h\"><span class=\"w-text-value\">Implantologji e avancuar<\/span><\/span><\/h1><div class=\"w-separator size_custom with_line width_default thick_1 style_solid color_primary align_center with_content\" style=\"height:32px\"><div class=\"w-separator-h\"><i class=\"fas fa-tooth\"><\/i><\/div><\/div><div class=\"wpb_text_column\"><div class=\"wpb_wrapper\"><div class=\"\" data-mesh-id=\"comp-k266tw06inlineContent\" data-testid=\"inline-content\">\n<div data-mesh-id=\"comp-k266tw06inlineContent-gridContainer\" data-testid=\"mesh-container-content\">\n<div id=\"comp-k266tw0i\" class=\"BaOVQ8 tz5f0K comp-k266tw0i wixui-rich-text\" data-testid=\"richTextElement\">\n<p>Implantet dentare p\u00ebrfaq\u00ebsojn\u00eb zgjidhjen m\u00eb moderne p\u00ebr z\u00ebvend\u00ebsimin e dh\u00ebmb\u00ebve q\u00eb mungojn\u00eb. Ata rikthen pamjen, ndjesin\u00eb dhe funksionin e dh\u00ebmb\u00ebve natyral\u00eb. Implantologjia moderne \u00ebsht\u00eb nj\u00eb teknik\u00eb kirurgjikale q\u00eb p\u00ebrfshin futjen e kunjave titani (material biokompatib\u00ebl p\u00ebr trupin) n\u00eb kock\u00ebn mandibulare ose maksilar, t\u00eb cilat z\u00ebvend\u00ebsojn\u00eb rr\u00ebnj\u00ebt natyrale t\u00eb dh\u00ebmb\u00ebve.<\/p>\n<p>Implantologjia dentare sot na lejon t\u00eb p\u00ebrballojm\u00eb humbjen e dh\u00ebmb\u00ebve natyral\u00eb duke i rikthyer buz\u00ebqeshjen pacientit n\u00eb nj\u00eb m\u00ebnyr\u00eb krejt\u00ebsisht funksionale dhe estetikisht natyrale.<br \/>P\u00ebrdorimi i implantologjis\u00eb dentare lejon nj\u00eb rehabilitim fiks t\u00eb p\u00ebrtypjes, duke shmangur shqet\u00ebsimet q\u00eb lidhen me p\u00ebrdorimin e protezave t\u00eb l\u00ebvizshme (protezave).<\/p>\n<p>Pas nxjerrjes s\u00eb dh\u00ebmbit, kocka fillon t\u00eb resorbohet me pasoj\u00eb humbjen e sasis\u00eb s\u00eb kockave duke shkaktuar nj\u00eb s\u00ebr\u00eb problemesh:<\/p>\n<\/div>\n<\/div>\n<\/div>\n<div id=\"comp-k2679vf3\" class=\"BaOVQ8 tz5f0K comp-k2679vf3 wixui-rich-text\" data-testid=\"richTextElement\">\n<ul class=\"font_8 wixui-rich-text__text\">\n<li class=\"wixui-rich-text__text\">\n<p class=\"font_8 wixui-rich-text__text\">Mb\u00ebshtetja e buz\u00ebve mungon<\/p>\n<\/li>\n<li class=\"wixui-rich-text__text\">\n<p class=\"font_8 wixui-rich-text__text\">Dimensioni vertikal i okluzionit zvog\u00eblohet<\/p>\n<\/li>\n<li class=\"wixui-rich-text__text\">\n<p class=\"font_8 wixui-rich-text__text\">Rrudhat e theksuara shfaqen rreth buz\u00ebve<\/p>\n<\/li>\n<li class=\"wixui-rich-text__text\">\n<p class=\"font_8 wixui-rich-text__text\">Shfaqen probleme n\u00eb lidhje me nyjet temporomandibulare<\/p>\n<\/li>\n<\/ul>\n<p>N\u00ebse ju mungojn\u00eb nj\u00eb, dy ose m\u00eb shum\u00eb dh\u00ebmb\u00eb ju jeni kandidat p\u00ebr instalimin e implantit dentar. Hapi i par\u00eb \u00ebsht\u00eb krijimi i nj\u00eb pasqyre, gjat\u00eb ekzaminimit p\u00ebr trajtimin e implantit, vler\u00ebsohen si gjendja ashtu edhe cil\u00ebsia e kock\u00ebs ku do t\u00eb vendosen implantet, dhe m\u00eb pas vler\u00ebsohen dh\u00ebmb\u00ebt e tjer\u00eb dhe indet e buta t\u00eb zgavr\u00ebs me goj\u00eb. N\u00eb disa raste mund t\u00eb jet\u00eb e nevojshme \u00a0t\u00eb b\u00ebhet nj\u00eb skanim CT.<\/p>\n<p>Gjat\u00eb faz\u00ebs s\u00eb par\u00eb kirurgjikale (n\u00ebn anestezi lokale ose me k\u00ebrkes\u00eb n\u00ebn qet\u00ebsim t\u00eb vet\u00ebdijsh\u00ebm), implantet e titanit futen n\u00eb zonat pa dh\u00ebmb\u00eb t\u00eb kockave t\u00eb nofull\u00ebs dhe pasi indet gingival jan\u00eb ngopur, implantet mbeten t\u00eb zhytura. Pas periudh\u00ebs 3\/6 mujore t\u00eb sh\u00ebrimit, vidhat sh\u00ebruese t\u00eb titanit vendosen dhe m\u00eb pas z\u00ebvend\u00ebsohen me kunja ku do t\u00eb \u00e7imentohen ose vidhohen kurorat e porcelanit, sikur t\u00eb ishin trungje dh\u00ebmb\u00ebsh natyral\u00eb.<\/p>\n<p>Oseointegrimi lejon q\u00eb implantet t\u00eb inkorporohen n\u00eb kock\u00ebn n\u00eb t\u00eb cil\u00ebn jan\u00eb vendosur. Implantet \u00a0kompensojn\u00eb dh\u00ebmb\u00ebt e humbur,\u00a0rriten rreth tyre dhe funksionojn\u00eb si dh\u00ebmb\u00ebt tuaj natyral\u00eb duke z\u00ebvend\u00ebsuar\u00a0funksionin e sistemit t\u00eb p\u00ebrtypjes q\u00eb keni pasur p\u00ebrpara humbjes s\u00eb dh\u00ebmbit. Kurora dhe urat n\u00eb implante duken si dh\u00ebmb\u00eb natyral\u00eb.<\/p>\n<h4 class=\"font_3 wixui-rich-text__text\">Z\u00ebvend\u00ebsimi i nj\u00eb dh\u00ebmbi t\u00eb vet\u00ebm<\/h4>\n<p class=\"font_8 wixui-rich-text__text\">N\u00eb munges\u00eb t\u00eb nj\u00eb dh\u00ebmbi t\u00eb p\u00ebrparm\u00eb, implantet p\u00ebrfaq\u00ebsojn\u00eb zgjidhjen m\u00eb t\u00eb mir\u00eb estetike q\u00eb zgjat me kalimin e koh\u00ebs: n\u00eb k\u00ebt\u00eb rast dh\u00ebmb\u00ebt e sh\u00ebndetsh\u00ebm ngjitur nuk preken apo p\u00ebrfshihen.<\/p>\n<h4 class=\"font_3 wixui-rich-text__text\">Z\u00ebvend\u00ebsimi i disa dh\u00ebmb\u00ebve<\/h4>\n<p class=\"font_8 wixui-rich-text__text\">Kurora prej porcelani t\u00eb ankoruara nga implante t\u00eb shumta p\u00ebrdoren me nj\u00eb ur\u00eb t\u00eb mb\u00ebshtetur nga dy ose m\u00eb shum\u00eb implante.<\/p>\n<h4 class=\"font_3 wixui-rich-text__text\">Z\u00ebvend\u00ebsimi i t\u00eb gjith\u00eb dh\u00ebmb\u00ebve<\/h4>\n<p class=\"font_8 wixui-rich-text__text\">P\u00ebrdorimi i nj\u00eb ure fikse n\u00eb disa implante me protez\u00eb t\u00eb l\u00ebvizshme t\u00eb ankoruar n\u00eb dy-kat\u00ebr ose m\u00eb shum\u00eb implante.<\/p>\n<\/div>\n<div id=\"comp-k410fsv0\" class=\"BaOVQ8 tz5f0K comp-k410fsv0 wixui-rich-text\" data-testid=\"richTextElement\">\n<h4 class=\"font_8 wixui-rich-text__text\"><span class=\"wixui-rich-text__text\">Zgjidhje All-on-six<\/span><\/h4>\n<p>Kjo \u00ebsht\u00eb nj\u00eb procedur\u00eb shum\u00eb e besueshme dhe e shpejt\u00eb e gjenerat\u00ebs s\u00eb re e krijuar p\u00ebr t\u00eb rehabilituar nj\u00eb goj\u00eb pa dh\u00ebmb\u00eb me 4 ose 6 implante dhe nj\u00eb protez\u00eb fikse.<\/p>\n<p>P\u00ebrdorimi i k\u00ebsaj teknike protetike lejon q\u00eb, fal\u00eb shartimit t\u00eb implanteve, t\u00eb vendoset nj\u00eb ur\u00eb fikse e p\u00ebrkohshme menj\u00ebher\u00eb pas shartimit t\u00eb 4 ose 6 implanteve endoseoze p\u00ebr nofull gjat\u00eb s\u00eb nj\u00ebjt\u00ebs seanc\u00eb. Disa muaj pas vendosjes s\u00eb implanteve, pasi t\u00eb ket\u00eb kaluar periudha e osteointegrimit, b\u00ebhet e mundur z\u00ebvend\u00ebsimi i ur\u00ebs s\u00eb p\u00ebrkohshme me at\u00eb p\u00ebrfundimtare.<\/p>\n<p>Ngritja e sinusit maksilar<\/p>\n<p>\u00cbsht\u00eb nj\u00eb teknik\u00eb e avancuar kirurgjikale. Rind\u00ebrtimi kockor i nofull\u00ebs s\u00eb sip\u00ebrme shpesh p\u00ebrfaq\u00ebson nj\u00eb faz\u00eb t\u00eb detyrueshme p\u00ebrpara se t\u00eb vazhdohet me nj\u00eb procedur\u00eb rehabilitimi implant.<br \/>Procedurat e shartimit t\u00eb kockave jan\u00eb t\u00eb nevojshme p\u00ebr t\u00eb \u00a0rikthyer v\u00ebllimet e kockave t\u00eb nevojshme p\u00ebr rehabilitimin implant-protetik.<\/p>\n<p>Sinusi maksilar \u00ebsht\u00eb nj\u00eb zgav\u00ebr kockore e vendosur n\u00eb an\u00ebn e zgavrave t\u00eb hund\u00ebs me t\u00eb cilat \u00ebsht\u00eb n\u00eb kontakt t\u00eb drejtp\u00ebrdrejt\u00eb. Inferiorisht kjo zgav\u00ebr kufizohet me rr\u00ebnj\u00ebt e dh\u00ebmb\u00ebve t\u00eb sip\u00ebrm t\u00eb pasm\u00eb. Kur dh\u00ebmb\u00ebt humbasin, mungesa e tyre shkakton resorbimin e kock\u00ebs, duke rezultuar n\u00eb nj\u00eb reduktim t\u00eb trash\u00ebsis\u00eb s\u00eb murit kockor q\u00eb ndan sinusin dhe zgavr\u00ebn me goj\u00eb. N\u00eb k\u00ebto raste, p\u00ebr t\u00eb vazhduar ende me vendosjen e implanteve, \u00ebsht\u00eb e mundur t\u00eb kryhet nj\u00eb sinus lift maksilar duke futur kock\u00eb t\u00eb re n\u00eb nivelin e vet\u00eb sinusit t\u00eb aft\u00eb p\u00ebr t\u00eb rikrijuar at\u00eb dimension q\u00eb ka humbur me kalimin e koh\u00ebs.<\/p>\n<\/div>\n<\/div><\/div><\/div><\/div><div class=\"wpb_column vc_column_container type_sticky\"><div class=\"vc_column-inner\"><div class=\"w-image align_none\"><div class=\"w-image-h\"><img decoding=\"async\" width=\"300\" height=\"240\" src=\"https:\/\/i0.wp.com\/tiranadentalhospital.com\/al\/wp-content\/uploads\/2023\/12\/implantologji_e_avancuar-1-300x240-1.jpg?fit=300%2C240&amp;ssl=1\" class=\"attachment-large size-large\" alt=\"\" loading=\"lazy\" \/><\/div><\/div><\/div><\/div><\/div><\/div><\/section><section class=\"l-section wpb_row us_custom_0969c719 height_custom\"><div class=\"l-section-h i-cf\"><div class=\"g-cols vc_row via_grid cols_1 laptops-cols_inherit tablets-cols_inherit mobiles-cols_1 valign_top type_default stacking_default\"><div class=\"wpb_column vc_column_container\"><div class=\"vc_column-inner\"><h2 class=\"w-text\"><span class=\"w-text-h\"><span class=\"w-text-value\">Interventi per Impianti Dentali e Chirurgia Orale<\/span><\/span><\/h2><div class=\"w-separator size_small with_line width_50 thick_1 style_solid color_primary align_center with_content\"><div class=\"w-separator-h\"><i class=\"fas fa-tooth\"><\/i><\/div><\/div><div class=\"g-cols wpb_row us_custom_53ca4618 via_grid cols_3 laptops-cols_inherit tablets-cols_inherit mobiles-cols_1 valign_top type_default stacking_default\" style=\"--columns-gap:3rem;\"><div class=\"wpb_column vc_column_container\"><div class=\"vc_column-inner\"><div class=\"w-ibanner us_custom_d6e28809 has_text_color animation_phorcys ratio_1x1 easing_ease\"><a title=\"All-on-4\" href=\"https:\/\/tiranadentalhospital.com\/it\/impianti-dentali-e-chirurgia-orale-tirana-albania\/all-on-4\/\" aria-label=\"All on 4\"><\/a><div class=\"w-ibanner-h\"><div class=\"w-ibanner-image\" style=\"background-image: url(https:\/\/tiranadentalhospital.com\/al\/wp-content\/plugins\/us-core\/assets\/images\/placeholder.svg)\"><\/div><div class=\"w-ibanner-content\"><div class=\"w-ibanner-content-h\"><h2 class=\"w-ibanner-title\">All on 4<\/h2><div class=\"w-ibanner-desc\"><p>Riabilitare un\u2019arcata con protesi fissa con 4 impianti<\/p>\n<\/div><\/div><\/div><\/div><\/div><\/div><\/div><div class=\"wpb_column vc_column_container\"><div class=\"vc_column-inner\"><div class=\"w-ibanner us_custom_d6e28809 has_text_color animation_phorcys ratio_1x1 easing_ease\"><a title=\"All-on-6\" href=\"https:\/\/tiranadentalhospital.com\/it\/impianti-dentali-e-chirurgia-orale-tirana-albania\/all-on-six-costo-albania\/\" aria-label=\"All on 6\"><\/a><div class=\"w-ibanner-h\"><div class=\"w-ibanner-image\" style=\"background-image: url(https:\/\/tiranadentalhospital.com\/al\/wp-content\/plugins\/us-core\/assets\/images\/placeholder.svg)\"><\/div><div class=\"w-ibanner-content\"><div class=\"w-ibanner-content-h\"><h2 class=\"w-ibanner-title\">All on 6<\/h2><div class=\"w-ibanner-desc\"><p>Riabilitare un\u2019arcata con protesi fissa con 6 impianti<\/p>\n<\/div><\/div><\/div><\/div><\/div><\/div><\/div><div class=\"wpb_column vc_column_container\"><div class=\"vc_column-inner\"><div class=\"w-ibanner us_custom_d6e28809 has_text_color animation_phorcys ratio_1x1 easing_ease\"><a href=\"https:\/\/tiranadentalhospital.com\/it\/impianti-dentali-e-chirurgia-orale-tirana-albania\/all-on-8-costo-albania\/\" aria-label=\"All on 8\"><\/a><div class=\"w-ibanner-h\"><div class=\"w-ibanner-image\" style=\"background-image: url(https:\/\/tiranadentalhospital.com\/al\/wp-content\/plugins\/us-core\/assets\/images\/placeholder.svg)\"><\/div><div class=\"w-ibanner-content\"><div class=\"w-ibanner-content-h\"><h2 class=\"w-ibanner-title\">All on 8<\/h2><div class=\"w-ibanner-desc\"><p>Riabilitare un\u2019arcata con protesi fissa con 8 impianti<\/p>\n<\/div><\/div><\/div><\/div><\/div><\/div><\/div><\/div><div class=\"g-cols wpb_row us_custom_53ca4618 via_grid cols_3 laptops-cols_inherit tablets-cols_inherit mobiles-cols_1 valign_top type_default stacking_default\" style=\"--columns-gap:3rem;\"><div class=\"wpb_column vc_column_container\"><div class=\"vc_column-inner\"><div class=\"w-ibanner us_custom_937f7430 has_text_color animation_phorcys ratio_1x1 easing_ease\"><a href=\"https:\/\/tiranadentalhospital.com\/it\/impianti-dentali-e-chirurgia-orale-tirana-albania\/espansione-ossea-cresta-divisa-costo-albania\/\" aria-label=\"Espansione ossea\"><\/a><div class=\"w-ibanner-h\"><div class=\"w-ibanner-image\" style=\"background-image: url(https:\/\/tiranadentalhospital.com\/al\/wp-content\/plugins\/us-core\/assets\/images\/placeholder.svg)\"><\/div><div class=\"w-ibanner-content\"><div class=\"w-ibanner-content-h\"><h2 class=\"w-ibanner-title\">Espansione ossea<\/h2><div class=\"w-ibanner-desc\"><\/div><\/div><\/div><\/div><\/div><\/div><\/div><div class=\"wpb_column vc_column_container\"><div class=\"vc_column-inner\"><div class=\"w-ibanner us_custom_937f7430 has_text_color animation_phorcys ratio_1x1 easing_ease\"><a href=\" https:\/\/tiranadentalhospital.com\/it\/impianti-dentali-e-chirurgia-orale-tirana-albania\/rigenerazione-ossea-guidata-2\/\" aria-label=\"Rigenerazione ossea guidata\"><\/a><div class=\"w-ibanner-h\"><div class=\"w-ibanner-image\" style=\"background-image: url(https:\/\/i0.wp.com\/tiranadentalhospital.com\/al\/wp-content\/uploads\/2022\/12\/Orthodontics-e1773526242885.webp?fit=600%2C400&#038;ssl=1)\"><\/div><div class=\"w-ibanner-content\"><div class=\"w-ibanner-content-h\"><h3 class=\"w-ibanner-title\">Rigenerazione ossea guidata<\/h3><div class=\"w-ibanner-desc\"><p>Voglio saperne di pi\u00f9<\/p>\n<\/div><\/div><\/div><\/div><\/div><\/div><\/div><div class=\"wpb_column vc_column_container\"><div class=\"vc_column-inner\"><div class=\"w-ibanner us_custom_937f7430 has_text_color animation_phorcys ratio_1x1 easing_ease\"><a title=\"Rialzo del Seno Mascellare\" href=\"https:\/\/tiranadentalhospital.com\/it\/impianti-dentali-e-chirurgia-orale-tirana-albania\/rialzo-seno-mascellare-costo-albania\/\" aria-label=\"Rialzo del seno mascellare\"><\/a><div class=\"w-ibanner-h\"><div class=\"w-ibanner-image\" style=\"background-image: url(https:\/\/tiranadentalhospital.com\/al\/wp-content\/plugins\/us-core\/assets\/images\/placeholder.svg)\"><\/div><div class=\"w-ibanner-content\"><div class=\"w-ibanner-content-h\"><h2 class=\"w-ibanner-title\">Rialzo del seno mascellare<\/h2><div class=\"w-ibanner-desc\"><p>Aumenta la quantit\u00e0 di osso nella mascella<\/p>\n<\/div><\/div><\/div><\/div><\/div><\/div><\/div><\/div><\/div><\/div><\/div><\/div><\/section>\n","protected":false},"excerpt":{"rendered":"Implantologji e avancuar Implantet dentare p\u00ebrfaq\u00ebsojn\u00eb zgjidhjen m\u00eb moderne p\u00ebr z\u00ebvend\u00ebsimin e dh\u00ebmb\u00ebve q\u00eb mungojn\u00eb. Ata rikthen pamjen, ndjesin\u00eb dhe funksionin e dh\u00ebmb\u00ebve natyral\u00eb. Implantologjia moderne \u00ebsht\u00eb nj\u00eb teknik\u00eb kirurgjikale q\u00eb p\u00ebrfshin futjen e kunjave titani (material biokompatib\u00ebl p\u00ebr trupin) n\u00eb kock\u00ebn mandibulare ose maksilar, t\u00eb cilat z\u00ebvend\u00ebsojn\u00eb rr\u00ebnj\u00ebt natyrale t\u00eb dh\u00ebmb\u00ebve. Implantologjia dentare sot...","protected":false},"author":1,"featured_media":0,"parent":0,"menu_order":0,"comment_status":"closed","ping_status":"closed","template":"","meta":{"nf_dc_page":"","footnotes":""},"class_list":["post-7973","page","type-page","status-publish","hentry"],"yoast_head":"<!-- This site is optimized with the Yoast SEO plugin v27.4 - https:\/\/yoast.com\/product\/yoast-seo-wordpress\/ -->\n<title>Implantologji e Avancuar | Tirana Dental Hospital<\/title>\n<meta name=\"description\" content=\"Tirana Dental Hospital - Klinik\u00eb dentare moderne e specializuar n\u00eb implantologji duke ofruar sh\u00ebrbime dentare t\u00eb standardeve m\u00eb t\u00eb larta evropiane. Tirana Dental Hospital ofron nj\u00eb mori sh\u00ebrbimesh: implantologji, faceta, estetike dentare etj.\" \/>\n<meta name=\"robots\" content=\"index, follow, max-snippet:-1, max-image-preview:large, max-video-preview:-1\" \/>\n<link rel=\"canonical\" href=\"https:\/\/tiranadentalhospital.com\/al\/implantologji-e-avancuar\/\" \/>\n<meta property=\"og:locale\" content=\"en_US\" \/>\n<meta property=\"og:type\" content=\"article\" \/>\n<meta property=\"og:title\" content=\"Implantologji e Avancuar | Tirana Dental Hospital\" \/>\n<meta property=\"og:description\" content=\"Tirana Dental Hospital - Klinik\u00eb dentare moderne e specializuar n\u00eb implantologji duke ofruar sh\u00ebrbime dentare t\u00eb standardeve m\u00eb t\u00eb larta evropiane. Tirana Dental Hospital ofron nj\u00eb mori sh\u00ebrbimesh: implantologji, faceta, estetike dentare etj.\" \/>\n<meta property=\"og:url\" content=\"https:\/\/tiranadentalhospital.com\/al\/implantologji-e-avancuar\/\" \/>\n<meta property=\"og:site_name\" content=\"Tirana Dental Hospital\" \/>\n<meta property=\"article:publisher\" content=\"https:\/\/www.facebook.com\/tiranadentalhospital\" \/>\n<meta property=\"article:modified_time\" content=\"2023-12-12T14:47:40+00:00\" \/>\n<meta property=\"og:image\" content=\"https:\/\/i0.wp.com\/tiranadentalhospital.com\/al\/wp-content\/uploads\/2025\/04\/tdh.png?fit=1200%2C675&ssl=1\" \/>\n\t<meta property=\"og:image:width\" content=\"1200\" \/>\n\t<meta property=\"og:image:height\" content=\"675\" \/>\n\t<meta property=\"og:image:type\" content=\"image\/png\" \/>\n<meta name=\"twitter:card\" content=\"summary_large_image\" \/>\n<script type=\"application\/ld+json\" class=\"yoast-schema-graph\">{\"@context\":\"https:\\\/\\\/schema.org\",\"@graph\":[{\"@type\":\"WebPage\",\"@id\":\"https:\\\/\\\/tiranadentalhospital.com\\\/al\\\/implantologji-e-avancuar\\\/\",\"url\":\"https:\\\/\\\/tiranadentalhospital.com\\\/al\\\/implantologji-e-avancuar\\\/\",\"name\":\"Implantologji e Avancuar | Tirana Dental Hospital\",\"isPartOf\":{\"@id\":\"https:\\\/\\\/tiranadentalhospital.com\\\/al\\\/#website\"},\"datePublished\":\"2023-12-12T14:40:47+00:00\",\"dateModified\":\"2023-12-12T14:47:40+00:00\",\"description\":\"Tirana Dental Hospital - Klinik\u00eb dentare moderne e specializuar n\u00eb implantologji duke ofruar sh\u00ebrbime dentare t\u00eb standardeve m\u00eb t\u00eb larta evropiane. Tirana Dental Hospital ofron nj\u00eb mori sh\u00ebrbimesh: implantologji, faceta, estetike dentare etj.\",\"breadcrumb\":{\"@id\":\"https:\\\/\\\/tiranadentalhospital.com\\\/al\\\/implantologji-e-avancuar\\\/#breadcrumb\"},\"inLanguage\":\"en-US\",\"potentialAction\":[{\"@type\":\"ReadAction\",\"target\":[\"https:\\\/\\\/tiranadentalhospital.com\\\/al\\\/implantologji-e-avancuar\\\/\"]}]},{\"@type\":\"BreadcrumbList\",\"@id\":\"https:\\\/\\\/tiranadentalhospital.com\\\/al\\\/implantologji-e-avancuar\\\/#breadcrumb\",\"itemListElement\":[{\"@type\":\"ListItem\",\"position\":1,\"name\":\"Home\",\"item\":\"https:\\\/\\\/tiranadentalhospital.com\\\/al\\\/\"},{\"@type\":\"ListItem\",\"position\":2,\"name\":\"Implantologji e Avancuar\"}]},{\"@type\":\"WebSite\",\"@id\":\"https:\\\/\\\/tiranadentalhospital.com\\\/al\\\/#website\",\"url\":\"https:\\\/\\\/tiranadentalhospital.com\\\/al\\\/\",\"name\":\"Tirana Dental Hospital\",\"description\":\"Klinik\u00eb Dentare n\u00eb Tiran\u00eb\",\"publisher\":{\"@id\":\"https:\\\/\\\/tiranadentalhospital.com\\\/al\\\/#organization\"},\"alternateName\":\"TDH\",\"potentialAction\":[{\"@type\":\"SearchAction\",\"target\":{\"@type\":\"EntryPoint\",\"urlTemplate\":\"https:\\\/\\\/tiranadentalhospital.com\\\/al\\\/?s={search_term_string}\"},\"query-input\":{\"@type\":\"PropertyValueSpecification\",\"valueRequired\":true,\"valueName\":\"search_term_string\"}}],\"inLanguage\":\"en-US\"},{\"@type\":\"Organization\",\"@id\":\"https:\\\/\\\/tiranadentalhospital.com\\\/al\\\/#organization\",\"name\":\"Tirana Dental Hospital\",\"alternateName\":\"Tirana Dental Hospital | Klinik\u00eb Dentare\",\"url\":\"https:\\\/\\\/tiranadentalhospital.com\\\/al\\\/\",\"logo\":{\"@type\":\"ImageObject\",\"inLanguage\":\"en-US\",\"@id\":\"https:\\\/\\\/tiranadentalhospital.com\\\/al\\\/#\\\/schema\\\/logo\\\/image\\\/\",\"url\":\"https:\\\/\\\/i0.wp.com\\\/tiranadentalhospital.com\\\/al\\\/wp-content\\\/uploads\\\/2025\\\/04\\\/tdh-logo.png?fit=696%2C696&ssl=1\",\"contentUrl\":\"https:\\\/\\\/i0.wp.com\\\/tiranadentalhospital.com\\\/al\\\/wp-content\\\/uploads\\\/2025\\\/04\\\/tdh-logo.png?fit=696%2C696&ssl=1\",\"width\":696,\"height\":696,\"caption\":\"Tirana Dental Hospital\"},\"image\":{\"@id\":\"https:\\\/\\\/tiranadentalhospital.com\\\/al\\\/#\\\/schema\\\/logo\\\/image\\\/\"},\"sameAs\":[\"https:\\\/\\\/www.facebook.com\\\/tiranadentalhospital\"]}]}<\/script>\n<!-- \/ Yoast SEO plugin. -->","yoast_head_json":{"title":"Implantologji e Avancuar | Tirana Dental Hospital","description":"Tirana Dental Hospital - Klinik\u00eb dentare moderne e specializuar n\u00eb implantologji duke ofruar sh\u00ebrbime dentare t\u00eb standardeve m\u00eb t\u00eb larta evropiane. Tirana Dental Hospital ofron nj\u00eb mori sh\u00ebrbimesh: implantologji, faceta, estetike dentare etj.","robots":{"index":"index","follow":"follow","max-snippet":"max-snippet:-1","max-image-preview":"max-image-preview:large","max-video-preview":"max-video-preview:-1"},"canonical":"https:\/\/tiranadentalhospital.com\/al\/implantologji-e-avancuar\/","og_locale":"en_US","og_type":"article","og_title":"Implantologji e Avancuar | Tirana Dental Hospital","og_description":"Tirana Dental Hospital - Klinik\u00eb dentare moderne e specializuar n\u00eb implantologji duke ofruar sh\u00ebrbime dentare t\u00eb standardeve m\u00eb t\u00eb larta evropiane. Tirana Dental Hospital ofron nj\u00eb mori sh\u00ebrbimesh: implantologji, faceta, estetike dentare etj.","og_url":"https:\/\/tiranadentalhospital.com\/al\/implantologji-e-avancuar\/","og_site_name":"Tirana Dental Hospital","article_publisher":"https:\/\/www.facebook.com\/tiranadentalhospital","article_modified_time":"2023-12-12T14:47:40+00:00","og_image":[{"width":1200,"height":675,"url":"https:\/\/i0.wp.com\/tiranadentalhospital.com\/al\/wp-content\/uploads\/2025\/04\/tdh.png?fit=1200%2C675&ssl=1","type":"image\/png"}],"twitter_card":"summary_large_image","schema":{"@context":"https:\/\/schema.org","@graph":[{"@type":"WebPage","@id":"https:\/\/tiranadentalhospital.com\/al\/implantologji-e-avancuar\/","url":"https:\/\/tiranadentalhospital.com\/al\/implantologji-e-avancuar\/","name":"Implantologji e Avancuar | Tirana Dental Hospital","isPartOf":{"@id":"https:\/\/tiranadentalhospital.com\/al\/#website"},"datePublished":"2023-12-12T14:40:47+00:00","dateModified":"2023-12-12T14:47:40+00:00","description":"Tirana Dental Hospital - Klinik\u00eb dentare moderne e specializuar n\u00eb implantologji duke ofruar sh\u00ebrbime dentare t\u00eb standardeve m\u00eb t\u00eb larta evropiane. Tirana Dental Hospital ofron nj\u00eb mori sh\u00ebrbimesh: implantologji, faceta, estetike dentare etj.","breadcrumb":{"@id":"https:\/\/tiranadentalhospital.com\/al\/implantologji-e-avancuar\/#breadcrumb"},"inLanguage":"en-US","potentialAction":[{"@type":"ReadAction","target":["https:\/\/tiranadentalhospital.com\/al\/implantologji-e-avancuar\/"]}]},{"@type":"BreadcrumbList","@id":"https:\/\/tiranadentalhospital.com\/al\/implantologji-e-avancuar\/#breadcrumb","itemListElement":[{"@type":"ListItem","position":1,"name":"Home","item":"https:\/\/tiranadentalhospital.com\/al\/"},{"@type":"ListItem","position":2,"name":"Implantologji e Avancuar"}]},{"@type":"WebSite","@id":"https:\/\/tiranadentalhospital.com\/al\/#website","url":"https:\/\/tiranadentalhospital.com\/al\/","name":"Tirana Dental Hospital","description":"Klinik\u00eb Dentare n\u00eb Tiran\u00eb","publisher":{"@id":"https:\/\/tiranadentalhospital.com\/al\/#organization"},"alternateName":"TDH","potentialAction":[{"@type":"SearchAction","target":{"@type":"EntryPoint","urlTemplate":"https:\/\/tiranadentalhospital.com\/al\/?s={search_term_string}"},"query-input":{"@type":"PropertyValueSpecification","valueRequired":true,"valueName":"search_term_string"}}],"inLanguage":"en-US"},{"@type":"Organization","@id":"https:\/\/tiranadentalhospital.com\/al\/#organization","name":"Tirana Dental Hospital","alternateName":"Tirana Dental Hospital | Klinik\u00eb Dentare","url":"https:\/\/tiranadentalhospital.com\/al\/","logo":{"@type":"ImageObject","inLanguage":"en-US","@id":"https:\/\/tiranadentalhospital.com\/al\/#\/schema\/logo\/image\/","url":"https:\/\/i0.wp.com\/tiranadentalhospital.com\/al\/wp-content\/uploads\/2025\/04\/tdh-logo.png?fit=696%2C696&ssl=1","contentUrl":"https:\/\/i0.wp.com\/tiranadentalhospital.com\/al\/wp-content\/uploads\/2025\/04\/tdh-logo.png?fit=696%2C696&ssl=1","width":696,"height":696,"caption":"Tirana Dental Hospital"},"image":{"@id":"https:\/\/tiranadentalhospital.com\/al\/#\/schema\/logo\/image\/"},"sameAs":["https:\/\/www.facebook.com\/tiranadentalhospital"]}]}},"jetpack_sharing_enabled":true,"_links":{"self":[{"href":"https:\/\/tiranadentalhospital.com\/al\/wp-json\/wp\/v2\/pages\/7973","targetHints":{"allow":["GET"]}}],"collection":[{"href":"https:\/\/tiranadentalhospital.com\/al\/wp-json\/wp\/v2\/pages"}],"about":[{"href":"https:\/\/tiranadentalhospital.com\/al\/wp-json\/wp\/v2\/types\/page"}],"author":[{"embeddable":true,"href":"https:\/\/tiranadentalhospital.com\/al\/wp-json\/wp\/v2\/users\/1"}],"replies":[{"embeddable":true,"href":"https:\/\/tiranadentalhospital.com\/al\/wp-json\/wp\/v2\/comments?post=7973"}],"version-history":[{"count":2,"href":"https:\/\/tiranadentalhospital.com\/al\/wp-json\/wp\/v2\/pages\/7973\/revisions"}],"predecessor-version":[{"id":7977,"href":"https:\/\/tiranadentalhospital.com\/al\/wp-json\/wp\/v2\/pages\/7973\/revisions\/7977"}],"wp:attachment":[{"href":"https:\/\/tiranadentalhospital.com\/al\/wp-json\/wp\/v2\/media?parent=7973"}],"curies":[{"name":"wp","href":"https:\/\/api.w.org\/{rel}","templated":true}]}}