{"id":8097,"date":"2024-07-05T12:14:56","date_gmt":"2024-07-05T12:14:56","guid":{"rendered":"https:\/\/tiranadentalhospital.com\/al\/?page_id=8097"},"modified":"2024-07-05T12:18:10","modified_gmt":"2024-07-05T12:18:10","slug":"dr-lauren-muhametaj-kirurg-omf-ph-d","status":"publish","type":"page","link":"https:\/\/tiranadentalhospital.com\/al\/dr-lauren-muhametaj-kirurg-omf-ph-d\/","title":{"rendered":"Dr. Lauren Muhametaj, Kirurg OMF, Ph.D"},"content":{"rendered":"<section class=\"l-section wpb_row height_custom\"><div class=\"l-section-h i-cf\"><div class=\"g-cols vc_row via_grid cols_1 laptops-cols_inherit tablets-cols_inherit mobiles-cols_1 valign_top type_default stacking_default\"><div class=\"wpb_column vc_column_container\"><div class=\"vc_column-inner\"><div class=\"g-cols wpb_row via_grid cols_1 laptops-cols_inherit tablets-cols_inherit mobiles-cols_1 valign_top type_default stacking_default\" style=\"--columns-gap:3rem;\"><div class=\"wpb_column vc_column_container\"><div class=\"vc_column-inner\"><div class=\"w-person us_custom_1f257949 layout_simple with_desc\" itemscope itemtype=\"https:\/\/schema.org\/Person\"><div class=\"w-person-image\"><img loading=\"lazy\" decoding=\"async\" width=\"683\" height=\"1024\" src=\"https:\/\/i0.wp.com\/tiranadentalhospital.com\/al\/wp-content\/uploads\/2023\/01\/Dr-Lauren-min-scaled.jpg?fit=683%2C1024&amp;ssl=1\" class=\"attachment-large size-large\" alt=\"\" itemprop=\"image\" srcset=\"https:\/\/i0.wp.com\/tiranadentalhospital.com\/al\/wp-content\/uploads\/2023\/01\/Dr-Lauren-min-scaled.jpg?w=1707&amp;ssl=1 1707w, https:\/\/i0.wp.com\/tiranadentalhospital.com\/al\/wp-content\/uploads\/2023\/01\/Dr-Lauren-min-scaled.jpg?resize=200%2C300&amp;ssl=1 200w, https:\/\/i0.wp.com\/tiranadentalhospital.com\/al\/wp-content\/uploads\/2023\/01\/Dr-Lauren-min-scaled.jpg?resize=683%2C1024&amp;ssl=1 683w, https:\/\/i0.wp.com\/tiranadentalhospital.com\/al\/wp-content\/uploads\/2023\/01\/Dr-Lauren-min-scaled.jpg?resize=1024%2C1536&amp;ssl=1 1024w\" sizes=\"auto, (max-width: 683px) 100vw, 683px\" \/><\/div><div class=\"w-person-content\"><h4 itemprop=\"name\" class=\"w-person-name\"><span>Dr. Lauren Muhametaj, Chirurgo OMF, Ph.D<\/span><\/h4><div class=\"w-person-role\" itemprop=\"jobTitle\">Themelues<\/div><div class=\"w-person-description\" itemprop=\"description\"><p><span>Diplomuar n\u00eb 2003 pran\u00eb Universitetit s\u00eb Mjek\u00ebsis\u00eb n\u00eb Tiran\u00eb, pas marrjes s\u00eb grad\u00ebs \u201cAssociate in Science\u201d n\u00eb Oakland University, Michigan, SHBA, dhe ka kryer specializimin 4-vje\u00e7ar p\u00ebr Kirurgji Orale dhe Maksilofaciale n\u00eb Spitalin Universitar \u201cN\u00ebn\u00eb Tereza\u201d.<\/span><br \/>\n<span><\/p>\n<p>Angazhimi profesional dhe bashkepunimi me ekipe kirurg\u00ebsh dhe mjek\u00ebsh t\u00eb shquar ka evidentuar vlerat e tij n\u00eb fush\u00ebn e kirurgjis\u00eb orale.<\/span><\/p>\n<p>Angazhimi afatgjat\u00eb profesional dhe bashk\u00ebpunimi me ekipe t\u00eb kirurg\u00ebve dhe mjek\u00ebve t\u00eb shquar kan\u00eb d\u00ebshmuar vler\u00ebn e tij n\u00eb fush\u00ebn e kirurgjis\u00eb orale, implantologjis\u00eb s\u00eb avancuar dentare dhe estetik\u00ebs s\u00eb fytyr\u00ebs.<\/p>\n<p>Gjat\u00eb karrier\u00ebs s\u00eb tij profesionale \u00ebsht\u00eb p\u00ebrfshir\u00eb n\u00eb fush\u00ebn akademike n\u00eb universitete private dhe kurse kirurgjie si m\u00ebsues dhe kirurg.<\/p>\n<p>Mban titullin \u201cDoktor i Shkencave Mjek\u00ebsore\u201d dhe \u00ebsht\u00eb autor i botimeve t\u00eb shumta shkencore n\u00eb revista komb\u00ebtare dhe nd\u00ebrkomb\u00ebtare, si dhe pjes\u00ebmarr\u00ebs aktiv n\u00eb konferenca dhe simpoziume shkencore.<\/p>\n<p>Vitet e fundit karriera profesionale dhe akademike \u00ebsht\u00eb p\u00ebrqendruar n\u00eb institutin mjek\u00ebsor &#8220;Tirana Dental Hospital&#8221;.<\/p>\n<\/div><\/div><\/div><\/div><\/div><\/div><\/div><\/div><\/div><\/div><\/section>\n","protected":false},"excerpt":{"rendered":"Dr. Lauren Muhametaj, Chirurgo OMF, Ph.DThemeluesDiplomuar n\u00eb 2003 pran\u00eb Universitetit s\u00eb Mjek\u00ebsis\u00eb n\u00eb Tiran\u00eb, pas marrjes s\u00eb grad\u00ebs \u201cAssociate in Science\u201d n\u00eb Oakland University, Michigan, SHBA, dhe ka kryer specializimin 4-vje\u00e7ar p\u00ebr Kirurgji Orale dhe Maksilofaciale n\u00eb Spitalin Universitar \u201cN\u00ebn\u00eb Tereza\u201d. Angazhimi profesional dhe bashkepunimi me ekipe kirurg\u00ebsh dhe mjek\u00ebsh t\u00eb shquar ka evidentuar vlerat...","protected":false},"author":1,"featured_media":0,"parent":0,"menu_order":0,"comment_status":"closed","ping_status":"closed","template":"","meta":{"nf_dc_page":"","footnotes":""},"class_list":["post-8097","page","type-page","status-publish","hentry"],"yoast_head":"<!-- This site is optimized with the Yoast SEO plugin v27.4 - https:\/\/yoast.com\/product\/yoast-seo-wordpress\/ -->\n<title>Dr. Lauren Muhametaj, Kirurg OMF, Ph.D | Tirana Dental Hospital<\/title>\n<meta name=\"description\" content=\"Tirana Dental Hospital - Klinik\u00eb dentare moderne e specializuar n\u00eb implantologji duke ofruar sh\u00ebrbime dentare t\u00eb standardeve m\u00eb t\u00eb larta evropiane. Tirana Dental Hospital ofron nj\u00eb mori sh\u00ebrbimesh: implantologji, faceta, estetike dentare etj.\" \/>\n<meta name=\"robots\" content=\"index, follow, max-snippet:-1, max-image-preview:large, max-video-preview:-1\" \/>\n<link rel=\"canonical\" href=\"https:\/\/tiranadentalhospital.com\/al\/dr-lauren-muhametaj-kirurg-omf-ph-d\/\" \/>\n<meta property=\"og:locale\" content=\"en_US\" \/>\n<meta property=\"og:type\" content=\"article\" \/>\n<meta property=\"og:title\" content=\"Dr. Lauren Muhametaj, Kirurg OMF, Ph.D | Tirana Dental Hospital\" \/>\n<meta property=\"og:description\" content=\"Tirana Dental Hospital - Klinik\u00eb dentare moderne e specializuar n\u00eb implantologji duke ofruar sh\u00ebrbime dentare t\u00eb standardeve m\u00eb t\u00eb larta evropiane. Tirana Dental Hospital ofron nj\u00eb mori sh\u00ebrbimesh: implantologji, faceta, estetike dentare etj.\" \/>\n<meta property=\"og:url\" content=\"https:\/\/tiranadentalhospital.com\/al\/dr-lauren-muhametaj-kirurg-omf-ph-d\/\" \/>\n<meta property=\"og:site_name\" content=\"Tirana Dental Hospital\" \/>\n<meta property=\"article:publisher\" content=\"https:\/\/www.facebook.com\/tiranadentalhospital\" \/>\n<meta property=\"article:modified_time\" content=\"2024-07-05T12:18:10+00:00\" \/>\n<meta property=\"og:image\" content=\"https:\/\/i0.wp.com\/tiranadentalhospital.com\/al\/wp-content\/uploads\/2025\/04\/tdh.png?fit=1200%2C675&ssl=1\" \/>\n\t<meta property=\"og:image:width\" content=\"1200\" \/>\n\t<meta property=\"og:image:height\" content=\"675\" \/>\n\t<meta property=\"og:image:type\" content=\"image\/png\" \/>\n<meta name=\"twitter:card\" content=\"summary_large_image\" \/>\n<meta name=\"twitter:label1\" content=\"Est. reading time\" \/>\n\t<meta name=\"twitter:data1\" content=\"1 minute\" \/>\n<script type=\"application\/ld+json\" class=\"yoast-schema-graph\">{\"@context\":\"https:\\\/\\\/schema.org\",\"@graph\":[{\"@type\":\"WebPage\",\"@id\":\"https:\\\/\\\/tiranadentalhospital.com\\\/al\\\/dr-lauren-muhametaj-kirurg-omf-ph-d\\\/\",\"url\":\"https:\\\/\\\/tiranadentalhospital.com\\\/al\\\/dr-lauren-muhametaj-kirurg-omf-ph-d\\\/\",\"name\":\"Dr. Lauren Muhametaj, Kirurg OMF, Ph.D | Tirana Dental Hospital\",\"isPartOf\":{\"@id\":\"https:\\\/\\\/tiranadentalhospital.com\\\/al\\\/#website\"},\"datePublished\":\"2024-07-05T12:14:56+00:00\",\"dateModified\":\"2024-07-05T12:18:10+00:00\",\"description\":\"Tirana Dental Hospital - Klinik\u00eb dentare moderne e specializuar n\u00eb implantologji duke ofruar sh\u00ebrbime dentare t\u00eb standardeve m\u00eb t\u00eb larta evropiane. Tirana Dental Hospital ofron nj\u00eb mori sh\u00ebrbimesh: implantologji, faceta, estetike dentare etj.\",\"breadcrumb\":{\"@id\":\"https:\\\/\\\/tiranadentalhospital.com\\\/al\\\/dr-lauren-muhametaj-kirurg-omf-ph-d\\\/#breadcrumb\"},\"inLanguage\":\"en-US\",\"potentialAction\":[{\"@type\":\"ReadAction\",\"target\":[\"https:\\\/\\\/tiranadentalhospital.com\\\/al\\\/dr-lauren-muhametaj-kirurg-omf-ph-d\\\/\"]}]},{\"@type\":\"BreadcrumbList\",\"@id\":\"https:\\\/\\\/tiranadentalhospital.com\\\/al\\\/dr-lauren-muhametaj-kirurg-omf-ph-d\\\/#breadcrumb\",\"itemListElement\":[{\"@type\":\"ListItem\",\"position\":1,\"name\":\"Home\",\"item\":\"https:\\\/\\\/tiranadentalhospital.com\\\/al\\\/\"},{\"@type\":\"ListItem\",\"position\":2,\"name\":\"Dr. Lauren Muhametaj, Kirurg OMF, Ph.D\"}]},{\"@type\":\"WebSite\",\"@id\":\"https:\\\/\\\/tiranadentalhospital.com\\\/al\\\/#website\",\"url\":\"https:\\\/\\\/tiranadentalhospital.com\\\/al\\\/\",\"name\":\"Tirana Dental Hospital\",\"description\":\"Klinik\u00eb Dentare n\u00eb Tiran\u00eb\",\"publisher\":{\"@id\":\"https:\\\/\\\/tiranadentalhospital.com\\\/al\\\/#organization\"},\"alternateName\":\"TDH\",\"potentialAction\":[{\"@type\":\"SearchAction\",\"target\":{\"@type\":\"EntryPoint\",\"urlTemplate\":\"https:\\\/\\\/tiranadentalhospital.com\\\/al\\\/?s={search_term_string}\"},\"query-input\":{\"@type\":\"PropertyValueSpecification\",\"valueRequired\":true,\"valueName\":\"search_term_string\"}}],\"inLanguage\":\"en-US\"},{\"@type\":\"Organization\",\"@id\":\"https:\\\/\\\/tiranadentalhospital.com\\\/al\\\/#organization\",\"name\":\"Tirana Dental Hospital\",\"alternateName\":\"Tirana Dental Hospital | Klinik\u00eb Dentare\",\"url\":\"https:\\\/\\\/tiranadentalhospital.com\\\/al\\\/\",\"logo\":{\"@type\":\"ImageObject\",\"inLanguage\":\"en-US\",\"@id\":\"https:\\\/\\\/tiranadentalhospital.com\\\/al\\\/#\\\/schema\\\/logo\\\/image\\\/\",\"url\":\"https:\\\/\\\/i0.wp.com\\\/tiranadentalhospital.com\\\/al\\\/wp-content\\\/uploads\\\/2025\\\/04\\\/tdh-logo.png?fit=696%2C696&ssl=1\",\"contentUrl\":\"https:\\\/\\\/i0.wp.com\\\/tiranadentalhospital.com\\\/al\\\/wp-content\\\/uploads\\\/2025\\\/04\\\/tdh-logo.png?fit=696%2C696&ssl=1\",\"width\":696,\"height\":696,\"caption\":\"Tirana Dental Hospital\"},\"image\":{\"@id\":\"https:\\\/\\\/tiranadentalhospital.com\\\/al\\\/#\\\/schema\\\/logo\\\/image\\\/\"},\"sameAs\":[\"https:\\\/\\\/www.facebook.com\\\/tiranadentalhospital\"]}]}<\/script>\n<!-- \/ Yoast SEO plugin. -->","yoast_head_json":{"title":"Dr. Lauren Muhametaj, Kirurg OMF, Ph.D | Tirana Dental Hospital","description":"Tirana Dental Hospital - Klinik\u00eb dentare moderne e specializuar n\u00eb implantologji duke ofruar sh\u00ebrbime dentare t\u00eb standardeve m\u00eb t\u00eb larta evropiane. Tirana Dental Hospital ofron nj\u00eb mori sh\u00ebrbimesh: implantologji, faceta, estetike dentare etj.","robots":{"index":"index","follow":"follow","max-snippet":"max-snippet:-1","max-image-preview":"max-image-preview:large","max-video-preview":"max-video-preview:-1"},"canonical":"https:\/\/tiranadentalhospital.com\/al\/dr-lauren-muhametaj-kirurg-omf-ph-d\/","og_locale":"en_US","og_type":"article","og_title":"Dr. Lauren Muhametaj, Kirurg OMF, Ph.D | Tirana Dental Hospital","og_description":"Tirana Dental Hospital - Klinik\u00eb dentare moderne e specializuar n\u00eb implantologji duke ofruar sh\u00ebrbime dentare t\u00eb standardeve m\u00eb t\u00eb larta evropiane. Tirana Dental Hospital ofron nj\u00eb mori sh\u00ebrbimesh: implantologji, faceta, estetike dentare etj.","og_url":"https:\/\/tiranadentalhospital.com\/al\/dr-lauren-muhametaj-kirurg-omf-ph-d\/","og_site_name":"Tirana Dental Hospital","article_publisher":"https:\/\/www.facebook.com\/tiranadentalhospital","article_modified_time":"2024-07-05T12:18:10+00:00","og_image":[{"width":1200,"height":675,"url":"https:\/\/i0.wp.com\/tiranadentalhospital.com\/al\/wp-content\/uploads\/2025\/04\/tdh.png?fit=1200%2C675&ssl=1","type":"image\/png"}],"twitter_card":"summary_large_image","twitter_misc":{"Est. reading time":"1 minute"},"schema":{"@context":"https:\/\/schema.org","@graph":[{"@type":"WebPage","@id":"https:\/\/tiranadentalhospital.com\/al\/dr-lauren-muhametaj-kirurg-omf-ph-d\/","url":"https:\/\/tiranadentalhospital.com\/al\/dr-lauren-muhametaj-kirurg-omf-ph-d\/","name":"Dr. Lauren Muhametaj, Kirurg OMF, Ph.D | Tirana Dental Hospital","isPartOf":{"@id":"https:\/\/tiranadentalhospital.com\/al\/#website"},"datePublished":"2024-07-05T12:14:56+00:00","dateModified":"2024-07-05T12:18:10+00:00","description":"Tirana Dental Hospital - Klinik\u00eb dentare moderne e specializuar n\u00eb implantologji duke ofruar sh\u00ebrbime dentare t\u00eb standardeve m\u00eb t\u00eb larta evropiane. Tirana Dental Hospital ofron nj\u00eb mori sh\u00ebrbimesh: implantologji, faceta, estetike dentare etj.","breadcrumb":{"@id":"https:\/\/tiranadentalhospital.com\/al\/dr-lauren-muhametaj-kirurg-omf-ph-d\/#breadcrumb"},"inLanguage":"en-US","potentialAction":[{"@type":"ReadAction","target":["https:\/\/tiranadentalhospital.com\/al\/dr-lauren-muhametaj-kirurg-omf-ph-d\/"]}]},{"@type":"BreadcrumbList","@id":"https:\/\/tiranadentalhospital.com\/al\/dr-lauren-muhametaj-kirurg-omf-ph-d\/#breadcrumb","itemListElement":[{"@type":"ListItem","position":1,"name":"Home","item":"https:\/\/tiranadentalhospital.com\/al\/"},{"@type":"ListItem","position":2,"name":"Dr. Lauren Muhametaj, Kirurg OMF, Ph.D"}]},{"@type":"WebSite","@id":"https:\/\/tiranadentalhospital.com\/al\/#website","url":"https:\/\/tiranadentalhospital.com\/al\/","name":"Tirana Dental Hospital","description":"Klinik\u00eb Dentare n\u00eb Tiran\u00eb","publisher":{"@id":"https:\/\/tiranadentalhospital.com\/al\/#organization"},"alternateName":"TDH","potentialAction":[{"@type":"SearchAction","target":{"@type":"EntryPoint","urlTemplate":"https:\/\/tiranadentalhospital.com\/al\/?s={search_term_string}"},"query-input":{"@type":"PropertyValueSpecification","valueRequired":true,"valueName":"search_term_string"}}],"inLanguage":"en-US"},{"@type":"Organization","@id":"https:\/\/tiranadentalhospital.com\/al\/#organization","name":"Tirana Dental Hospital","alternateName":"Tirana Dental Hospital | Klinik\u00eb Dentare","url":"https:\/\/tiranadentalhospital.com\/al\/","logo":{"@type":"ImageObject","inLanguage":"en-US","@id":"https:\/\/tiranadentalhospital.com\/al\/#\/schema\/logo\/image\/","url":"https:\/\/i0.wp.com\/tiranadentalhospital.com\/al\/wp-content\/uploads\/2025\/04\/tdh-logo.png?fit=696%2C696&ssl=1","contentUrl":"https:\/\/i0.wp.com\/tiranadentalhospital.com\/al\/wp-content\/uploads\/2025\/04\/tdh-logo.png?fit=696%2C696&ssl=1","width":696,"height":696,"caption":"Tirana Dental Hospital"},"image":{"@id":"https:\/\/tiranadentalhospital.com\/al\/#\/schema\/logo\/image\/"},"sameAs":["https:\/\/www.facebook.com\/tiranadentalhospital"]}]}},"jetpack_sharing_enabled":true,"_links":{"self":[{"href":"https:\/\/tiranadentalhospital.com\/al\/wp-json\/wp\/v2\/pages\/8097","targetHints":{"allow":["GET"]}}],"collection":[{"href":"https:\/\/tiranadentalhospital.com\/al\/wp-json\/wp\/v2\/pages"}],"about":[{"href":"https:\/\/tiranadentalhospital.com\/al\/wp-json\/wp\/v2\/types\/page"}],"author":[{"embeddable":true,"href":"https:\/\/tiranadentalhospital.com\/al\/wp-json\/wp\/v2\/users\/1"}],"replies":[{"embeddable":true,"href":"https:\/\/tiranadentalhospital.com\/al\/wp-json\/wp\/v2\/comments?post=8097"}],"version-history":[{"count":4,"href":"https:\/\/tiranadentalhospital.com\/al\/wp-json\/wp\/v2\/pages\/8097\/revisions"}],"predecessor-version":[{"id":8104,"href":"https:\/\/tiranadentalhospital.com\/al\/wp-json\/wp\/v2\/pages\/8097\/revisions\/8104"}],"wp:attachment":[{"href":"https:\/\/tiranadentalhospital.com\/al\/wp-json\/wp\/v2\/media?parent=8097"}],"curies":[{"name":"wp","href":"https:\/\/api.w.org\/{rel}","templated":true}]}}