{"id":8431,"date":"2026-03-14T18:17:04","date_gmt":"2026-03-14T18:17:04","guid":{"rendered":"https:\/\/tiranadentalhospital.com\/al\/?page_id=8431"},"modified":"2026-03-14T22:05:26","modified_gmt":"2026-03-14T22:05:26","slug":"kirurgji-estetike-e-fytyres","status":"publish","type":"page","link":"https:\/\/tiranadentalhospital.com\/al\/kirurgji-estetike-e-fytyres\/","title":{"rendered":"Kirurgji estetike e fytyr\u00ebs"},"content":{"rendered":"<section class=\"l-section wpb_row us_custom_cc30155e height_auto\"><div class=\"l-section-h i-cf\"><div class=\"g-cols vc_row via_grid cols_1 laptops-cols_inherit tablets-cols_inherit mobiles-cols_1 valign_top type_default stacking_default\"><div class=\"wpb_column vc_column_container\"><div class=\"vc_column-inner\"><h2 class=\"w-text us_custom_eb849559\"><span class=\"w-text-h\"><span class=\"w-text-value\">Kirurgji Estetike dhe e Fytyr\u00ebs<\/span><\/span><\/h2><div class=\"w-separator size_small with_line width_50 thick_1 style_solid color_primary align_center with_content\"><div class=\"w-separator-h\"><i class=\"fas fa-tooth\"><\/i><\/div><\/div><div class=\"g-cols wpb_row via_grid cols_1 laptops-cols_inherit tablets-cols_inherit mobiles-cols_1 valign_top type_default stacking_default\" style=\"--columns-gap:3rem;\"><div class=\"wpb_column vc_column_container\"><div class=\"vc_column-inner\"><div class=\"w-tabs layout_ver navwidth_auto navpos_left style_trendy switch_click has_scrolling\" style=\"--sections-title-size:1em\"><div class=\"w-tabs-list items_7 align_none\"><div class=\"w-tabs-list-h\"><button class=\"w-tabs-item active\" aria-controls=\"content-z1db\" aria-expanded=\"false\"><span class=\"w-tabs-item-title\">Rinoplastika<\/span><\/button><button class=\"w-tabs-item\" aria-controls=\"content-y361\" aria-expanded=\"false\"><span class=\"w-tabs-item-title\">Otoplastika<\/span><\/button><button class=\"w-tabs-item\" aria-controls=\"content-q4d6\" aria-expanded=\"false\"><span class=\"w-tabs-item-title\">Mentoplastika<\/span><\/button><button class=\"w-tabs-item\" aria-controls=\"content-e624\" aria-expanded=\"false\"><span class=\"w-tabs-item-title\">Blefaroplastika<\/span><\/button><button class=\"w-tabs-item\" aria-controls=\"content-r74b\" aria-expanded=\"false\"><span class=\"w-tabs-item-title\">Lip Lift<\/span><\/button><button class=\"w-tabs-item\" aria-controls=\"content-o879\" aria-expanded=\"false\"><span class=\"w-tabs-item-title\">Browlifting<\/span><\/button><button class=\"w-tabs-item\" aria-controls=\"content-n9b0\" aria-expanded=\"false\"><span class=\"w-tabs-item-title\">Bikektomia<\/span><\/button><\/div><\/div><div class=\"w-tabs-sections titles-align_none icon_chevron cpos_right\"><div class=\"w-tabs-section active\" id=\"z1db\"><button class=\"w-tabs-section-header active\" aria-controls=\"content-z1db\" aria-expanded=\"true\"><div class=\"w-tabs-section-title\">Rinoplastika<\/div><div class=\"w-tabs-section-control\"><\/div><\/button><div  class=\"w-tabs-section-content us_custom_d5485338\" id=\"content-z1db\"><div class=\"w-tabs-section-content-h i-cf\"><div class=\"wpb_text_column\"><div class=\"wpb_wrapper\"><p>Rinoplastika \u00ebsht\u00eb procedura kirurgjikale q\u00eb ju lejon t\u00eb korrigjoni defektet estetike t\u00eb hund\u00ebs dhe t\u00eb p\u00ebrmir\u00ebsoni frym\u00ebmarrjen. Ju lejon t\u00eb modifikoni form\u00ebn dhe madh\u00ebsin\u00eb e hund\u00ebs, duke p\u00ebrmir\u00ebsuar harmonin\u00eb e fytyr\u00ebs pa e shtremb\u00ebruar fizionomin\u00eb e saj.<\/p>\n<p><a href=\"https:\/\/tiranadentalhospital.com\/al\/rinoplastika\/\">Lexo m\u00eb shum\u00eb\u2192<\/a><\/p>\n<\/div><\/div><\/div><\/div><\/div><div class=\"w-tabs-section\" id=\"y361\"><button class=\"w-tabs-section-header\" aria-controls=\"content-y361\" aria-expanded=\"false\"><div class=\"w-tabs-section-title\">Otoplastika<\/div><div class=\"w-tabs-section-control\"><\/div><\/button><div  class=\"w-tabs-section-content us_custom_d5485338\" id=\"content-y361\"><div class=\"w-tabs-section-content-h i-cf\"><div class=\"wpb_text_column\"><div class=\"wpb_wrapper\"><p>Otoplastika \u00ebsht\u00eb nj\u00eb operacion kirurgjik estetik q\u00eb synon korrigjimin e njollave t\u00eb veshit, si\u00e7 jan\u00eb t\u00eb ashtuquajturit vesh\u00ebt e dal\u00eb, ata t\u00eb keqformuar ose ata q\u00eb jan\u00eb shum\u00eb t\u00eb m\u00ebdhenj dhe joproporcional\u00eb. Operacioni n\u00eb fakt konsiston n\u00eb rimodelimin e k\u00ebrcit t\u00eb t\u00eb dy vesh\u00ebve.<\/p>\n<p><a href=\"https:\/\/tiranadentalhospital.com\/al\/otoplastika\/\">Lexo m\u00eb shum\u00eb\u2192<\/a><\/p>\n<\/div><\/div><\/div><\/div><\/div><div class=\"w-tabs-section\" id=\"q4d6\"><button class=\"w-tabs-section-header\" aria-controls=\"content-q4d6\" aria-expanded=\"false\"><div class=\"w-tabs-section-title\">Mentoplastika<\/div><div class=\"w-tabs-section-control\"><\/div><\/button><div  class=\"w-tabs-section-content us_custom_d5485338\" id=\"content-q4d6\"><div class=\"w-tabs-section-content-h i-cf\"><div class=\"wpb_text_column\"><div class=\"wpb_wrapper\"><p>Mentoplastika \u00ebsht\u00eb nj\u00eb operacion kirurgjik q\u00eb synon modifikimin e madh\u00ebsis\u00eb s\u00eb mjekr\u00ebs p\u00ebr t\u00eb marr\u00eb nj\u00eb fytyr\u00eb m\u00eb proporcionale dhe t\u00ebrheq\u00ebse, e kryer p\u00ebr t\u00eb korrigjuar asimetrit\u00eb e lindura t\u00eb fytyr\u00ebs ose ato t\u00eb shkaktuara nga ndonj\u00eb aksident.<\/p>\n<p><a href=\"https:\/\/tiranadentalhospital.com\/al\/mentoplastika\/\">Lexo m\u00eb shum\u00eb\u2192<\/a><\/p>\n<\/div><\/div><\/div><\/div><\/div><div class=\"w-tabs-section\" id=\"e624\"><button class=\"w-tabs-section-header\" aria-controls=\"content-e624\" aria-expanded=\"false\"><div class=\"w-tabs-section-title\">Blefaroplastika<\/div><div class=\"w-tabs-section-control\"><\/div><\/button><div  class=\"w-tabs-section-content us_custom_d5485338\" id=\"content-e624\"><div class=\"w-tabs-section-content-h i-cf\"><div class=\"wpb_text_column\"><div class=\"wpb_wrapper\"><p>Blefaroplastika (ose blefarokalaza) \u00ebsht\u00eb operacioni q\u00eb lejon eliminimin e l\u00ebkur\u00ebs s\u00eb tep\u00ebrt nga qepallat s\u00eb bashku me herniet e yndyr\u00ebs q\u00eb p\u00ebrb\u00ebjn\u00eb qeskat e qepallave. Blefaroplastika mund t\u00eb kryhet vet\u00ebm ose n\u00eb kombinim me procedura t\u00eb tjera p\u00ebrt\u00ebritjeje t\u00eb fytyr\u00ebs. N\u00eb raste t\u00eb ve\u00e7anta, kjo nd\u00ebrhyrje mund t\u00eb ket\u00eb nj\u00eb vler\u00eb funksionale, dhe jo vet\u00ebm estetike.<\/p>\n<p><a href=\"https:\/\/tiranadentalhospital.com\/al\/blefaroplastika\/\">Lexo m\u00eb shum\u00eb\u2192<\/a><\/p>\n<\/div><\/div><\/div><\/div><\/div><div class=\"w-tabs-section\" id=\"r74b\"><button class=\"w-tabs-section-header\" aria-controls=\"content-r74b\" aria-expanded=\"false\"><div class=\"w-tabs-section-title\">Lip Lift<\/div><div class=\"w-tabs-section-control\"><\/div><\/button><div  class=\"w-tabs-section-content us_custom_d5485338\" id=\"content-r74b\"><div class=\"w-tabs-section-content-h i-cf\"><div class=\"wpb_text_column\"><div class=\"wpb_wrapper\"><p>Sot shum\u00eb pacient\u00eb p\u00ebrdorin mbush\u00ebs t\u00eb acidit hialuronik p\u00ebr t&#8217;i dh\u00ebn\u00eb q\u00ebndrueshm\u00ebri dhe plot\u00ebsi buz\u00ebve, megjithat\u00eb kur buza e sip\u00ebrme, p\u00ebr shkak t\u00eb karakteristikave gjenetike ose t\u00eb plakjes, \u00ebsht\u00eb ve\u00e7an\u00ebrisht e holl\u00eb, \u00ebsht\u00eb e mundur t\u00eb drejtoheni n\u00eb ngritjen e buz\u00ebve ose kiloplastik\u00eb, me rezultate natyrale dhe afatgjata.<\/p>\n<p><a href=\"https:\/\/tiranadentalhospital.com\/al\/lip-lift\/\">Lexo m\u00eb shum\u00eb\u2192<\/a><\/p>\n<\/div><\/div><\/div><\/div><\/div><div class=\"w-tabs-section\" id=\"o879\"><button class=\"w-tabs-section-header\" aria-controls=\"content-o879\" aria-expanded=\"false\"><div class=\"w-tabs-section-title\">Browlifting<\/div><div class=\"w-tabs-section-control\"><\/div><\/button><div  class=\"w-tabs-section-content us_custom_d5485338\" id=\"content-o879\"><div class=\"w-tabs-section-content-h i-cf\"><div class=\"wpb_text_column\"><div class=\"wpb_wrapper\"><p>Varja normale e indeve t\u00eb fytyr\u00ebs dhe ballit mund t\u00eb p\u00ebrcaktoj\u00eb zbritjen e vetull\u00ebs dhe zvog\u00eblimin e distanc\u00ebs midis k\u00ebsaj t\u00eb fundit dhe qepall\u00ebs s\u00eb l\u00ebvizshme, duke kontribuar n\u00eb nj\u00eb pamje t\u00eb lodhur dhe t\u00eb vrenjtur. Operacioni i heqjes s\u00eb vetullave, i shoq\u00ebruar shpesh me blefaroplastik\u00ebn, \u00ebsht\u00eb nj\u00eb operacion shum\u00eb efektiv p\u00ebr t\u00eb rikthyer hapjen dhe freskin\u00eb e shikimit.<\/p>\n<p><a href=\"https:\/\/tiranadentalhospital.com\/al\/browlifting\/\">Lexo m\u00eb shum\u00eb\u2192<\/a><\/p>\n<\/div><\/div><\/div><\/div><\/div><div class=\"w-tabs-section\" id=\"n9b0\"><button class=\"w-tabs-section-header\" aria-controls=\"content-n9b0\" aria-expanded=\"false\"><div class=\"w-tabs-section-title\">Bikektomia<\/div><div class=\"w-tabs-section-control\"><\/div><\/button><div  class=\"w-tabs-section-content us_custom_d5485338\" id=\"content-n9b0\"><div class=\"w-tabs-section-content-h i-cf\"><div class=\"wpb_text_column\"><div class=\"wpb_wrapper\"><p>Bikektomia \u00ebsht\u00eb nj\u00eb procedur\u00eb kirurgjikale ku hiqet, ose thahet, nj\u00eb struktur\u00eb e fytyr\u00ebs e njohur si dhjami Bichat, i cili n\u00eb disa raste mund t\u00eb b\u00ebj\u00eb q\u00eb nj\u00eb person i holl\u00eb t\u00eb duket mbipesh\u00eb ose thjesht jo konform struktur\u00ebs s\u00eb trupit t\u00eb tij.<\/p>\n<p>Bikektomia \u00ebsht\u00eb operacioni q\u00eb ju lejon t\u00eb rip\u00ebrcaktoni konturin e moll\u00ebzave dhe zonave t\u00eb faqeve.<\/p>\n<p><a href=\"https:\/\/tiranadentalhospital.com\/al\/bikektomia\/\">Lexo m\u00eb shum\u00eb\u2192<\/a><\/p>\n<\/div><\/div><\/div><\/div><\/div><\/div><\/div><\/div><\/div><\/div><div class=\"wpb_column vc_column_container\"><div class=\"vc_column-inner\"><\/div><\/div><\/div><\/div><\/div><\/div><\/section>\n","protected":false},"excerpt":{"rendered":"Kirurgji Estetike dhe e Fytyr\u00ebsRinoplastikaOtoplastikaMentoplastikaBlefaroplastikaLip LiftBrowliftingBikektomiaRinoplastika Rinoplastika \u00ebsht\u00eb procedura kirurgjikale q\u00eb ju lejon t\u00eb korrigjoni defektet estetike t\u00eb hund\u00ebs dhe t\u00eb p\u00ebrmir\u00ebsoni frym\u00ebmarrjen. Ju lejon t\u00eb modifikoni form\u00ebn dhe madh\u00ebsin\u00eb e hund\u00ebs, duke p\u00ebrmir\u00ebsuar harmonin\u00eb e fytyr\u00ebs pa e shtremb\u00ebruar fizionomin\u00eb e saj. Lexo m\u00eb shum\u00eb\u2192 Otoplastika Otoplastika \u00ebsht\u00eb nj\u00eb operacion kirurgjik estetik q\u00eb synon...","protected":false},"author":1,"featured_media":0,"parent":0,"menu_order":0,"comment_status":"closed","ping_status":"closed","template":"","meta":{"nf_dc_page":"","footnotes":""},"class_list":["post-8431","page","type-page","status-publish","hentry"],"yoast_head":"<!-- This site is optimized with the Yoast SEO plugin v27.4 - https:\/\/yoast.com\/product\/yoast-seo-wordpress\/ -->\n<title>Kirurgji estetike e fytyr\u00ebs | Tirana Dental Hospital<\/title>\n<meta name=\"description\" content=\"Tirana Dental Hospital - Klinik\u00eb dentare moderne e specializuar n\u00eb implantologji duke ofruar sh\u00ebrbime dentare t\u00eb standardeve m\u00eb t\u00eb larta evropiane. Tirana Dental Hospital ofron nj\u00eb mori sh\u00ebrbimesh: implantologji, faceta, estetike dentare etj.\" \/>\n<meta name=\"robots\" content=\"index, follow, max-snippet:-1, max-image-preview:large, max-video-preview:-1\" \/>\n<link rel=\"canonical\" href=\"https:\/\/tiranadentalhospital.com\/al\/kirurgji-estetike-e-fytyres\/\" \/>\n<meta property=\"og:locale\" content=\"en_US\" \/>\n<meta property=\"og:type\" content=\"article\" \/>\n<meta property=\"og:title\" content=\"Kirurgji estetike e fytyr\u00ebs | Tirana Dental Hospital\" \/>\n<meta property=\"og:description\" content=\"Tirana Dental Hospital - Klinik\u00eb dentare moderne e specializuar n\u00eb implantologji duke ofruar sh\u00ebrbime dentare t\u00eb standardeve m\u00eb t\u00eb larta evropiane. Tirana Dental Hospital ofron nj\u00eb mori sh\u00ebrbimesh: implantologji, faceta, estetike dentare etj.\" \/>\n<meta property=\"og:url\" content=\"https:\/\/tiranadentalhospital.com\/al\/kirurgji-estetike-e-fytyres\/\" \/>\n<meta property=\"og:site_name\" content=\"Tirana Dental Hospital\" \/>\n<meta property=\"article:publisher\" content=\"https:\/\/www.facebook.com\/tiranadentalhospital\" \/>\n<meta property=\"article:modified_time\" content=\"2026-03-14T22:05:26+00:00\" \/>\n<meta property=\"og:image\" content=\"https:\/\/i0.wp.com\/tiranadentalhospital.com\/al\/wp-content\/uploads\/2025\/04\/tdh.png?fit=1200%2C675&ssl=1\" \/>\n\t<meta property=\"og:image:width\" content=\"1200\" \/>\n\t<meta property=\"og:image:height\" content=\"675\" \/>\n\t<meta property=\"og:image:type\" content=\"image\/png\" \/>\n<meta name=\"twitter:card\" content=\"summary_large_image\" \/>\n<meta name=\"twitter:label1\" content=\"Est. reading time\" \/>\n\t<meta name=\"twitter:data1\" content=\"9 minutes\" \/>\n<script type=\"application\/ld+json\" class=\"yoast-schema-graph\">{\"@context\":\"https:\\\/\\\/schema.org\",\"@graph\":[{\"@type\":\"WebPage\",\"@id\":\"https:\\\/\\\/tiranadentalhospital.com\\\/al\\\/kirurgji-estetike-e-fytyres\\\/\",\"url\":\"https:\\\/\\\/tiranadentalhospital.com\\\/al\\\/kirurgji-estetike-e-fytyres\\\/\",\"name\":\"Kirurgji estetike e fytyr\u00ebs | Tirana Dental Hospital\",\"isPartOf\":{\"@id\":\"https:\\\/\\\/tiranadentalhospital.com\\\/al\\\/#website\"},\"datePublished\":\"2026-03-14T18:17:04+00:00\",\"dateModified\":\"2026-03-14T22:05:26+00:00\",\"description\":\"Tirana Dental Hospital - Klinik\u00eb dentare moderne e specializuar n\u00eb implantologji duke ofruar sh\u00ebrbime dentare t\u00eb standardeve m\u00eb t\u00eb larta evropiane. Tirana Dental Hospital ofron nj\u00eb mori sh\u00ebrbimesh: implantologji, faceta, estetike dentare etj.\",\"breadcrumb\":{\"@id\":\"https:\\\/\\\/tiranadentalhospital.com\\\/al\\\/kirurgji-estetike-e-fytyres\\\/#breadcrumb\"},\"inLanguage\":\"en-US\",\"potentialAction\":[{\"@type\":\"ReadAction\",\"target\":[\"https:\\\/\\\/tiranadentalhospital.com\\\/al\\\/kirurgji-estetike-e-fytyres\\\/\"]}]},{\"@type\":\"BreadcrumbList\",\"@id\":\"https:\\\/\\\/tiranadentalhospital.com\\\/al\\\/kirurgji-estetike-e-fytyres\\\/#breadcrumb\",\"itemListElement\":[{\"@type\":\"ListItem\",\"position\":1,\"name\":\"Home\",\"item\":\"https:\\\/\\\/tiranadentalhospital.com\\\/al\\\/\"},{\"@type\":\"ListItem\",\"position\":2,\"name\":\"Kirurgji estetike e fytyr\u00ebs\"}]},{\"@type\":\"WebSite\",\"@id\":\"https:\\\/\\\/tiranadentalhospital.com\\\/al\\\/#website\",\"url\":\"https:\\\/\\\/tiranadentalhospital.com\\\/al\\\/\",\"name\":\"Tirana Dental Hospital\",\"description\":\"Klinik\u00eb Dentare n\u00eb Tiran\u00eb\",\"publisher\":{\"@id\":\"https:\\\/\\\/tiranadentalhospital.com\\\/al\\\/#organization\"},\"alternateName\":\"TDH\",\"potentialAction\":[{\"@type\":\"SearchAction\",\"target\":{\"@type\":\"EntryPoint\",\"urlTemplate\":\"https:\\\/\\\/tiranadentalhospital.com\\\/al\\\/?s={search_term_string}\"},\"query-input\":{\"@type\":\"PropertyValueSpecification\",\"valueRequired\":true,\"valueName\":\"search_term_string\"}}],\"inLanguage\":\"en-US\"},{\"@type\":\"Organization\",\"@id\":\"https:\\\/\\\/tiranadentalhospital.com\\\/al\\\/#organization\",\"name\":\"Tirana Dental Hospital\",\"alternateName\":\"Tirana Dental Hospital | Klinik\u00eb Dentare\",\"url\":\"https:\\\/\\\/tiranadentalhospital.com\\\/al\\\/\",\"logo\":{\"@type\":\"ImageObject\",\"inLanguage\":\"en-US\",\"@id\":\"https:\\\/\\\/tiranadentalhospital.com\\\/al\\\/#\\\/schema\\\/logo\\\/image\\\/\",\"url\":\"https:\\\/\\\/i0.wp.com\\\/tiranadentalhospital.com\\\/al\\\/wp-content\\\/uploads\\\/2025\\\/04\\\/tdh-logo.png?fit=696%2C696&ssl=1\",\"contentUrl\":\"https:\\\/\\\/i0.wp.com\\\/tiranadentalhospital.com\\\/al\\\/wp-content\\\/uploads\\\/2025\\\/04\\\/tdh-logo.png?fit=696%2C696&ssl=1\",\"width\":696,\"height\":696,\"caption\":\"Tirana Dental Hospital\"},\"image\":{\"@id\":\"https:\\\/\\\/tiranadentalhospital.com\\\/al\\\/#\\\/schema\\\/logo\\\/image\\\/\"},\"sameAs\":[\"https:\\\/\\\/www.facebook.com\\\/tiranadentalhospital\"]}]}<\/script>\n<!-- \/ Yoast SEO plugin. -->","yoast_head_json":{"title":"Kirurgji estetike e fytyr\u00ebs | Tirana Dental Hospital","description":"Tirana Dental Hospital - Klinik\u00eb dentare moderne e specializuar n\u00eb implantologji duke ofruar sh\u00ebrbime dentare t\u00eb standardeve m\u00eb t\u00eb larta evropiane. Tirana Dental Hospital ofron nj\u00eb mori sh\u00ebrbimesh: implantologji, faceta, estetike dentare etj.","robots":{"index":"index","follow":"follow","max-snippet":"max-snippet:-1","max-image-preview":"max-image-preview:large","max-video-preview":"max-video-preview:-1"},"canonical":"https:\/\/tiranadentalhospital.com\/al\/kirurgji-estetike-e-fytyres\/","og_locale":"en_US","og_type":"article","og_title":"Kirurgji estetike e fytyr\u00ebs | Tirana Dental Hospital","og_description":"Tirana Dental Hospital - Klinik\u00eb dentare moderne e specializuar n\u00eb implantologji duke ofruar sh\u00ebrbime dentare t\u00eb standardeve m\u00eb t\u00eb larta evropiane. Tirana Dental Hospital ofron nj\u00eb mori sh\u00ebrbimesh: implantologji, faceta, estetike dentare etj.","og_url":"https:\/\/tiranadentalhospital.com\/al\/kirurgji-estetike-e-fytyres\/","og_site_name":"Tirana Dental Hospital","article_publisher":"https:\/\/www.facebook.com\/tiranadentalhospital","article_modified_time":"2026-03-14T22:05:26+00:00","og_image":[{"width":1200,"height":675,"url":"https:\/\/i0.wp.com\/tiranadentalhospital.com\/al\/wp-content\/uploads\/2025\/04\/tdh.png?fit=1200%2C675&ssl=1","type":"image\/png"}],"twitter_card":"summary_large_image","twitter_misc":{"Est. reading time":"9 minutes"},"schema":{"@context":"https:\/\/schema.org","@graph":[{"@type":"WebPage","@id":"https:\/\/tiranadentalhospital.com\/al\/kirurgji-estetike-e-fytyres\/","url":"https:\/\/tiranadentalhospital.com\/al\/kirurgji-estetike-e-fytyres\/","name":"Kirurgji estetike e fytyr\u00ebs | Tirana Dental Hospital","isPartOf":{"@id":"https:\/\/tiranadentalhospital.com\/al\/#website"},"datePublished":"2026-03-14T18:17:04+00:00","dateModified":"2026-03-14T22:05:26+00:00","description":"Tirana Dental Hospital - Klinik\u00eb dentare moderne e specializuar n\u00eb implantologji duke ofruar sh\u00ebrbime dentare t\u00eb standardeve m\u00eb t\u00eb larta evropiane. Tirana Dental Hospital ofron nj\u00eb mori sh\u00ebrbimesh: implantologji, faceta, estetike dentare etj.","breadcrumb":{"@id":"https:\/\/tiranadentalhospital.com\/al\/kirurgji-estetike-e-fytyres\/#breadcrumb"},"inLanguage":"en-US","potentialAction":[{"@type":"ReadAction","target":["https:\/\/tiranadentalhospital.com\/al\/kirurgji-estetike-e-fytyres\/"]}]},{"@type":"BreadcrumbList","@id":"https:\/\/tiranadentalhospital.com\/al\/kirurgji-estetike-e-fytyres\/#breadcrumb","itemListElement":[{"@type":"ListItem","position":1,"name":"Home","item":"https:\/\/tiranadentalhospital.com\/al\/"},{"@type":"ListItem","position":2,"name":"Kirurgji estetike e fytyr\u00ebs"}]},{"@type":"WebSite","@id":"https:\/\/tiranadentalhospital.com\/al\/#website","url":"https:\/\/tiranadentalhospital.com\/al\/","name":"Tirana Dental Hospital","description":"Klinik\u00eb Dentare n\u00eb Tiran\u00eb","publisher":{"@id":"https:\/\/tiranadentalhospital.com\/al\/#organization"},"alternateName":"TDH","potentialAction":[{"@type":"SearchAction","target":{"@type":"EntryPoint","urlTemplate":"https:\/\/tiranadentalhospital.com\/al\/?s={search_term_string}"},"query-input":{"@type":"PropertyValueSpecification","valueRequired":true,"valueName":"search_term_string"}}],"inLanguage":"en-US"},{"@type":"Organization","@id":"https:\/\/tiranadentalhospital.com\/al\/#organization","name":"Tirana Dental Hospital","alternateName":"Tirana Dental Hospital | Klinik\u00eb Dentare","url":"https:\/\/tiranadentalhospital.com\/al\/","logo":{"@type":"ImageObject","inLanguage":"en-US","@id":"https:\/\/tiranadentalhospital.com\/al\/#\/schema\/logo\/image\/","url":"https:\/\/i0.wp.com\/tiranadentalhospital.com\/al\/wp-content\/uploads\/2025\/04\/tdh-logo.png?fit=696%2C696&ssl=1","contentUrl":"https:\/\/i0.wp.com\/tiranadentalhospital.com\/al\/wp-content\/uploads\/2025\/04\/tdh-logo.png?fit=696%2C696&ssl=1","width":696,"height":696,"caption":"Tirana Dental Hospital"},"image":{"@id":"https:\/\/tiranadentalhospital.com\/al\/#\/schema\/logo\/image\/"},"sameAs":["https:\/\/www.facebook.com\/tiranadentalhospital"]}]}},"jetpack_sharing_enabled":true,"_links":{"self":[{"href":"https:\/\/tiranadentalhospital.com\/al\/wp-json\/wp\/v2\/pages\/8431","targetHints":{"allow":["GET"]}}],"collection":[{"href":"https:\/\/tiranadentalhospital.com\/al\/wp-json\/wp\/v2\/pages"}],"about":[{"href":"https:\/\/tiranadentalhospital.com\/al\/wp-json\/wp\/v2\/types\/page"}],"author":[{"embeddable":true,"href":"https:\/\/tiranadentalhospital.com\/al\/wp-json\/wp\/v2\/users\/1"}],"replies":[{"embeddable":true,"href":"https:\/\/tiranadentalhospital.com\/al\/wp-json\/wp\/v2\/comments?post=8431"}],"version-history":[{"count":3,"href":"https:\/\/tiranadentalhospital.com\/al\/wp-json\/wp\/v2\/pages\/8431\/revisions"}],"predecessor-version":[{"id":8459,"href":"https:\/\/tiranadentalhospital.com\/al\/wp-json\/wp\/v2\/pages\/8431\/revisions\/8459"}],"wp:attachment":[{"href":"https:\/\/tiranadentalhospital.com\/al\/wp-json\/wp\/v2\/media?parent=8431"}],"curies":[{"name":"wp","href":"https:\/\/api.w.org\/{rel}","templated":true}]}}