{"id":7544,"date":"2022-01-22T17:50:56","date_gmt":"2022-01-22T17:50:56","guid":{"rendered":"https:\/\/tiranadentalhospital.com\/it\/?page_id=7544"},"modified":"2023-11-17T16:32:03","modified_gmt":"2023-11-17T16:32:03","slug":"faq-domande-frequenti","status":"publish","type":"page","link":"https:\/\/tiranadentalhospital.com\/it\/faq-domande-frequenti\/","title":{"rendered":"Domande frequenti"},"content":{"rendered":"<section class=\"l-section wpb_row height_custom\"><div class=\"l-section-h i-cf\"><div class=\"g-cols vc_row via_grid cols_3-1 laptops-cols_inherit tablets-cols_inherit mobiles-cols_1 valign_top type_default stacking_default\"><div class=\"wpb_column vc_column_container\"><div class=\"vc_column-inner\"><h2 class=\"w-text us_custom_40824568\"><span class=\"w-text-h\"><span class=\"w-text-value\">Domande Frequenti<\/span><\/span><\/h2><div class=\"w-separator size_small with_line width_default thick_1 style_solid color_primary align_center with_content\"><div class=\"w-separator-h\"><i class=\"fas fa-tooth\"><\/i><\/div><\/div><div class=\"w-tabs style_default switch_click accordion type_togglable has_scrolling\" style=\"--sections-title-size:1.4rem\"><div class=\"w-tabs-sections titles-align_none icon_chevron cpos_right\"><div class=\"w-tabs-section\" id=\"faq1\"><button class=\"w-tabs-section-header with_icon\" aria-controls=\"content-faq1\" aria-expanded=\"false\"><i class=\"far fa-question-circle\"><\/i><div class=\"w-tabs-section-title\">Non voglio usufruire del pacchetto VACAY, ho un ulteriore sconto?<\/div><div class=\"w-tabs-section-control\"><\/div><\/button><div  class=\"w-tabs-section-content\" id=\"content-faq1\"><div class=\"w-tabs-section-content-h i-cf\"><div class=\"wpb_text_column\"><div class=\"wpb_wrapper\"><p>Se non si vuole usufruire della possibilit\u00e0 di avere un volo e un albergo prenotato e pagato \u00e8 possibile? La risposta \u00e8 SI. Ogni nostro paziente \u00e8 libero di scegliere di non usufruire del nostro pacchetto e nel caso in cui si vuole organizzare in un altro modo \u00e8 completamente libero.<\/p>\n<p>Facciamo un esempio pratico: Se l&#8217;approvazione del preventivo e con largo anticipo dal giorno di arrivo l&#8217;impatto sul preventivo non sar\u00e0 molto notevole in quanto i biglietti sono meno costosi se prenotati in anticipo, valido sia per il volo che per l&#8217;albergo.<\/p>\n<p>Se la partenza si decide a pochi giorni di distanza dall&#8217;approvazione del preventivo, se non si vuole approfittare del pacchetto sicuramente lo sconto \u00e8 notevole. Ma anche in quest&#8217;ultimo caso consigliamo di usufruire del pacchetto in quanto la nostra struttura collabora con gli hotel e i prezzi applicati sono sicuramente pi\u00f9 vantaggiosi.<\/p>\n<\/div><\/div><\/div><\/div><\/div><div class=\"w-tabs-section\" id=\"faq1\"><button class=\"w-tabs-section-header with_icon\" aria-controls=\"content-faq1\" aria-expanded=\"false\"><i class=\"far fa-question-circle\"><\/i><div class=\"w-tabs-section-title\">Ho un&#8217;assicurazione privata Italiana, \u00e8 valida anche in Albania?<\/div><div class=\"w-tabs-section-control\"><\/div><\/button><div  class=\"w-tabs-section-content\" id=\"content-faq1\"><div class=\"w-tabs-section-content-h i-cf\"><div class=\"wpb_text_column\"><div class=\"wpb_wrapper\"><p>Se sei assicurato in Italia, purtroppo in Albania la Sua <strong>assicurazione<\/strong> <strong>non<\/strong> \u00e8 <strong>valida<\/strong>.<\/p>\n<\/div><\/div><\/div><\/div><\/div><div class=\"w-tabs-section\" id=\"faq1\"><button class=\"w-tabs-section-header with_icon\" aria-controls=\"content-faq1\" aria-expanded=\"false\"><i class=\"far fa-question-circle\"><\/i><div class=\"w-tabs-section-title\">Cos&#8217;\u00e8 l&#8217;odontoiatria cosmetica e come \u00e8 diversa dall&#8217;odontoiatria generale?<\/div><div class=\"w-tabs-section-control\"><\/div><\/button><div  class=\"w-tabs-section-content\" id=\"content-faq1\"><div class=\"w-tabs-section-content-h i-cf\"><div class=\"wpb_text_column\"><div class=\"wpb_wrapper\"><p>L&#8217;odontoiatria cosmetica combina arte e scienza per darvi un sorriso sano, estetico e impeccabile. Mentre l&#8217;odontoiatria generale mira a mantenere la salute dei vostri denti e delle gengive, l&#8217;odontoiatria cosmetica fornisce opzioni di trattamento complete che migliorano e preservano l&#8217;aspetto e la sensazione del vostro sorriso.<\/p>\n<h3>I trattamenti cosmetici comuni includono:<\/h3>\n<ul>\n<li>Sbiancamento dei denti<\/li>\n<li>Contorno\/rimodellamento dei denti<\/li>\n<li>Bonding<\/li>\n<li>Ponti<\/li>\n<li>Faccette<\/li>\n<li>Impianti dentali<\/li>\n<li>Otturazioni colorate<\/li>\n<li>Rifacimento del sorriso<\/li>\n<\/ul>\n<\/div><\/div><\/div><\/div><\/div><div class=\"w-tabs-section\" id=\"faq2\"><button class=\"w-tabs-section-header with_icon\" aria-controls=\"content-faq2\" aria-expanded=\"false\"><i class=\"far fa-question-circle\"><\/i><div class=\"w-tabs-section-title\">Perch\u00e9 dovrei andare da un dentista estetico?<\/div><div class=\"w-tabs-section-control\"><\/div><\/button><div  class=\"w-tabs-section-content\" id=\"content-faq2\"><div class=\"w-tabs-section-content-h i-cf\"><div class=\"wpb_text_column\"><div class=\"wpb_wrapper\"><p>Un dentista cosmetico \u00e8 addestrato a fornire in modo sicuro ed efficace una variet\u00e0 di trattamenti che sono progettati per migliorare il tuo sorriso. Se ti mancano dei denti, se senti che i tuoi denti sono storti o se sei un adulto che cerca un&#8217;alternativa all&#8217;apparecchio, un dentista cosmetico pu\u00f2 aiutarti a ottenere il bel sorriso che hai sempre desiderato.<\/p>\n<\/div><\/div><\/div><\/div><\/div><div class=\"w-tabs-section\" id=\"faq3\"><button class=\"w-tabs-section-header with_icon\" aria-controls=\"content-faq3\" aria-expanded=\"false\"><i class=\"far fa-question-circle\"><\/i><div class=\"w-tabs-section-title\">Quanto pu\u00f2 durare ogni trattamento cosmetico?<\/div><div class=\"w-tabs-section-control\"><\/div><\/button><div  class=\"w-tabs-section-content\" id=\"content-faq3\"><div class=\"w-tabs-section-content-h i-cf\"><div class=\"wpb_text_column\"><div class=\"wpb_wrapper\"><p>Proprio come ogni sorriso che trattiamo \u00e8 unico, cos\u00ec lo sono i trattamenti che forniamo. Sebbene i tempi dei trattamenti cosmetici possano variare, alcuni trattamenti vengono completati entro una visita ambulatoriale<\/p>\n<\/div><\/div><\/div><\/div><\/div><div class=\"w-tabs-section\" id=\"faq4\"><button class=\"w-tabs-section-header with_icon\" aria-controls=\"content-faq4\" aria-expanded=\"false\"><i class=\"far fa-question-circle\"><\/i><div class=\"w-tabs-section-title\">La mia assicurazione coprir\u00e0 le cure dentali cosmetiche?<\/div><div class=\"w-tabs-section-control\"><\/div><\/button><div  class=\"w-tabs-section-content\" id=\"content-faq4\"><div class=\"w-tabs-section-content-h i-cf\"><div class=\"wpb_text_column\"><div class=\"wpb_wrapper\"><p>La copertura assicurativa e le spese extra per i trattamenti cosmetici variano. Il nostro studio lavorer\u00e0 con te per fornire diverse opzioni di trattamento e ci coordineremo con il tuo assicuratore, se la copertura \u00e8 disponibile. Conoscerai in anticipo tutti i costi del tuo trattamento in modo da poter scegliere il piano di pagamento migliore per le tue esigenze e il tuo budget.<\/p>\n<\/div><\/div><\/div><\/div><\/div><div class=\"w-tabs-section\" id=\"faq5\"><button class=\"w-tabs-section-header with_icon\" aria-controls=\"content-faq5\" aria-expanded=\"false\"><i class=\"far fa-question-circle\"><\/i><div class=\"w-tabs-section-title\">Sono un buon candidato per lo sbiancamento dentale?<\/div><div class=\"w-tabs-section-control\"><\/div><\/button><div  class=\"w-tabs-section-content\" id=\"content-faq5\"><div class=\"w-tabs-section-content-h i-cf\"><div class=\"wpb_text_column\"><div class=\"wpb_wrapper\"><p>I pazienti che hanno i maggiori benefici dallo sbiancamento dei loro denti:<\/p>\n<ul>\n<li>Sono in buona salute dentale<\/li>\n<li>Mantengono una buona salute dentale (cio\u00e8 si lavano i denti tre volte al<\/li>\n<li>giorno, passano il filo interdentale, ricevono regolari controlli dentali ogni sei mesi, ecc.)<\/li>\n<li>Possono soffrire di denti leggermente scoloriti o gialli<\/li>\n<li>Desiderano migliorare l&#8217;aspetto del loro sorriso a fini estetici<\/li>\n<li>Sono in buona salute fisica<\/li>\n<\/ul>\n<\/div><\/div><\/div><\/div><\/div><\/div><\/div><div class=\"w-separator size_large\"><\/div><div class=\"wpb_text_column\"><div class=\"wpb_wrapper\"><h3 style=\"text-align: center;\">Hai delle domande da fare? Ecco come puoi:<\/h3>\n<\/div><\/div><div class=\"w-separator size_medium\"><\/div><div class=\"g-cols wpb_row via_grid cols_2 laptops-cols_inherit tablets-cols_inherit mobiles-cols_1 valign_top type_default stacking_default\" style=\"--columns-gap:3rem;\"><div class=\"wpb_column vc_column_container\"><div class=\"vc_column-inner\"><div class=\"w-iconbox iconpos_top style_circle color_primary align_center\"><a href=\"mailto:tiranadentalhospital@gmail.com\" class=\"w-iconbox-link\" aria-label=\"Scrivici nei commenti\"><div class=\"w-iconbox-icon\" style=\"font-size:2rem;\"><i class=\"far fa-comments\"><\/i><\/div><\/a><div class=\"w-iconbox-meta\"><h4 class=\"w-iconbox-title\"><a href=\"mailto:tiranadentalhospital@gmail.com\" class=\"w-iconbox-link\" aria-label=\"Scrivici nei commenti\">Scrivici nei commenti<\/a><\/h4><div class=\"w-iconbox-text\"><p>Se hai delle domande sui nostri contenuti. Vuoi chiederci informazioni che di solito non trovi in rete. Scrivici sui commenti dei nostri articoli. Saremo lieti di condividere il nostro pensiero scientifico con tutti voi.<\/p>\n<\/div><\/div><\/div><\/div><\/div><div class=\"wpb_column vc_column_container\"><div class=\"vc_column-inner\"><div class=\"w-iconbox iconpos_top style_circle color_primary align_center\"><a href=\"tel:+355693191377\" class=\"w-iconbox-link\" aria-label=\"Scrivi al supporto\"><div class=\"w-iconbox-icon\" style=\"font-size:2rem;\"><i class=\"far fa-bullhorn\"><\/i><\/div><\/a><div class=\"w-iconbox-meta\"><h4 class=\"w-iconbox-title\"><a href=\"tel:+355693191377\" class=\"w-iconbox-link\" aria-label=\"Scrivi al supporto\">Scrivi al supporto<\/a><\/h4><div class=\"w-iconbox-text\"><p>Per qualsiasi dubbio non esitare a contattarci tramite il form di contatto. I nostri specialisti risponderanno alle tue domande in privato rispettando la privacy.<\/p>\n<\/div><\/div><\/div><\/div><\/div><\/div><\/div><\/div><div class=\"wpb_column vc_column_container type_sticky\"><div class=\"vc_column-inner\"><div class=\"wpb_text_column\"><div class=\"wpb_wrapper\"><h4>Altre domande?<\/h4>\n<p>Se hai altre domande siamo alla tua disposizione. Puoi usufruire di tutti i nostri canali di comunicazione oltre al nostro sito.<\/p>\n<\/div><\/div><div class=\"w-separator size_small\"><\/div><div class=\"w-btn-wrapper align_none\"><a class=\"w-btn us-btn-style_1 us_custom_4772ad6f\" title=\"Contact\" href=\"\/it\/contatto-tirana-dental-hospital-albania\/\"><span class=\"w-btn-label\">Contattaci<\/span><\/a><\/div><\/div><\/div><\/div><\/div><\/section><section class=\"l-section wpb_row height_custom\"><div class=\"l-section-h i-cf\"><div class=\"g-cols vc_row via_grid cols_1 laptops-cols_inherit tablets-cols_inherit mobiles-cols_1 valign_top type_default stacking_default\"><div class=\"wpb_column vc_column_container\"><div class=\"vc_column-inner\"><\/div><\/div><\/div><\/div><\/section>\n","protected":false},"excerpt":{"rendered":"Domande FrequentiNon voglio usufruire del pacchetto VACAY, ho un ulteriore sconto?Se non si vuole usufruire della possibilit\u00e0 di avere un volo e un albergo prenotato e pagato \u00e8 possibile? La risposta \u00e8 SI. Ogni nostro paziente \u00e8 libero di scegliere di non usufruire del nostro pacchetto e nel caso in cui si vuole organizzare in...","protected":false},"author":1,"featured_media":0,"parent":0,"menu_order":0,"comment_status":"closed","ping_status":"closed","template":"","meta":{"nf_dc_page":"","footnotes":""},"class_list":["post-7544","page","type-page","status-publish","hentry"],"yoast_head":"<!-- This site is optimized with the Yoast SEO plugin v27.4 - https:\/\/yoast.com\/product\/yoast-seo-wordpress\/ -->\n<title>Domande frequenti - Tirana Dental Hospital<\/title>\n<meta name=\"description\" content=\"FAQ e Domande Frequenti sui servizi offerti dalla nostra clinica, poste dai nostri stessi clienti e rendendole di comoda consultabilit\u00e0\" \/>\n<meta name=\"robots\" content=\"index, follow, max-snippet:-1, max-video-preview:-1, noimageindex\" \/>\n<link rel=\"canonical\" href=\"https:\/\/tiranadentalhospital.com\/it\/faq-domande-frequenti\/\" \/>\n<meta property=\"og:locale\" content=\"it_IT\" \/>\n<meta property=\"og:type\" content=\"article\" \/>\n<meta property=\"og:title\" content=\"Domande frequenti - Tirana Dental Hospital\" \/>\n<meta property=\"og:description\" content=\"FAQ e Domande Frequenti sui servizi offerti dalla nostra clinica, poste dai nostri stessi clienti e rendendole di comoda consultabilit\u00e0\" \/>\n<meta property=\"og:url\" content=\"https:\/\/tiranadentalhospital.com\/it\/faq-domande-frequenti\/\" \/>\n<meta property=\"og:site_name\" content=\"Tirana Dental Hospital\" \/>\n<meta property=\"article:publisher\" content=\"https:\/\/www.facebook.com\/tiranadentalhospitalcuredentaliinalbania\" \/>\n<meta property=\"article:modified_time\" content=\"2023-11-17T16:32:03+00:00\" \/>\n<meta property=\"og:image\" content=\"https:\/\/i0.wp.com\/tiranadentalhospital.com\/it\/wp-content\/uploads\/2025\/04\/tiranadentalhospital-1.png?fit=1200%2C675&ssl=1\" \/>\n\t<meta property=\"og:image:width\" content=\"1200\" \/>\n\t<meta property=\"og:image:height\" content=\"675\" \/>\n\t<meta property=\"og:image:type\" content=\"image\/png\" \/>\n<meta name=\"twitter:card\" content=\"summary_large_image\" \/>\n<meta name=\"twitter:label1\" content=\"Tempo di lettura stimato\" \/>\n\t<meta name=\"twitter:data1\" content=\"4 minuti\" \/>\n<script type=\"application\/ld+json\" class=\"yoast-schema-graph\">{\"@context\":\"https:\\\/\\\/schema.org\",\"@graph\":[{\"@type\":\"WebPage\",\"@id\":\"https:\\\/\\\/tiranadentalhospital.com\\\/it\\\/faq-domande-frequenti\\\/\",\"url\":\"https:\\\/\\\/tiranadentalhospital.com\\\/it\\\/faq-domande-frequenti\\\/\",\"name\":\"Domande frequenti - Tirana Dental Hospital\",\"isPartOf\":{\"@id\":\"https:\\\/\\\/tiranadentalhospital.com\\\/it\\\/#website\"},\"datePublished\":\"2022-01-22T17:50:56+00:00\",\"dateModified\":\"2023-11-17T16:32:03+00:00\",\"description\":\"FAQ e Domande Frequenti sui servizi offerti dalla nostra clinica, poste dai nostri stessi clienti e rendendole di comoda consultabilit\u00e0\",\"breadcrumb\":{\"@id\":\"https:\\\/\\\/tiranadentalhospital.com\\\/it\\\/faq-domande-frequenti\\\/#breadcrumb\"},\"inLanguage\":\"it-IT\",\"potentialAction\":[{\"@type\":\"ReadAction\",\"target\":[\"https:\\\/\\\/tiranadentalhospital.com\\\/it\\\/faq-domande-frequenti\\\/\"]}]},{\"@type\":\"BreadcrumbList\",\"@id\":\"https:\\\/\\\/tiranadentalhospital.com\\\/it\\\/faq-domande-frequenti\\\/#breadcrumb\",\"itemListElement\":[{\"@type\":\"ListItem\",\"position\":1,\"name\":\"Home\",\"item\":\"https:\\\/\\\/tiranadentalhospital.com\\\/it\\\/\"},{\"@type\":\"ListItem\",\"position\":2,\"name\":\"home\\\/domande frequenti\"}]},{\"@type\":\"WebSite\",\"@id\":\"https:\\\/\\\/tiranadentalhospital.com\\\/it\\\/#website\",\"url\":\"https:\\\/\\\/tiranadentalhospital.com\\\/it\\\/\",\"name\":\"Tirana Dental Hospital\",\"description\":\"Clinica odontoiatrica a Tirana\",\"publisher\":{\"@id\":\"https:\\\/\\\/tiranadentalhospital.com\\\/it\\\/#organization\"},\"alternateName\":\"Dental Hospital a Tirana\",\"potentialAction\":[{\"@type\":\"SearchAction\",\"target\":{\"@type\":\"EntryPoint\",\"urlTemplate\":\"https:\\\/\\\/tiranadentalhospital.com\\\/it\\\/?s={search_term_string}\"},\"query-input\":{\"@type\":\"PropertyValueSpecification\",\"valueRequired\":true,\"valueName\":\"search_term_string\"}}],\"inLanguage\":\"it-IT\"},{\"@type\":\"Organization\",\"@id\":\"https:\\\/\\\/tiranadentalhospital.com\\\/it\\\/#organization\",\"name\":\"Tirana Dental Hospital\",\"alternateName\":\"Dental Hospital a Tirana\",\"url\":\"https:\\\/\\\/tiranadentalhospital.com\\\/it\\\/\",\"logo\":{\"@type\":\"ImageObject\",\"inLanguage\":\"it-IT\",\"@id\":\"https:\\\/\\\/tiranadentalhospital.com\\\/it\\\/#\\\/schema\\\/logo\\\/image\\\/\",\"url\":\"https:\\\/\\\/tiranadentalhospital.com\\\/it\\\/wp-content\\\/uploads\\\/2022\\\/02\\\/TDH_Logo-2-1.svg\",\"contentUrl\":\"https:\\\/\\\/tiranadentalhospital.com\\\/it\\\/wp-content\\\/uploads\\\/2022\\\/02\\\/TDH_Logo-2-1.svg\",\"width\":\"1024\",\"height\":\"1024\",\"caption\":\"Tirana Dental Hospital\"},\"image\":{\"@id\":\"https:\\\/\\\/tiranadentalhospital.com\\\/it\\\/#\\\/schema\\\/logo\\\/image\\\/\"},\"sameAs\":[\"https:\\\/\\\/www.facebook.com\\\/tiranadentalhospitalcuredentaliinalbania\",\"https:\\\/\\\/www.youtube.com\\\/channel\\\/UCJV1YJNOw9Z0y7eD3KhD-7g\\\/videos\",\"https:\\\/\\\/www.instagram.com\\\/tirana.dental.hospital\\\/\"]}]}<\/script>\n<!-- \/ Yoast SEO plugin. -->","yoast_head_json":{"title":"Domande frequenti - Tirana Dental Hospital","description":"FAQ e Domande Frequenti sui servizi offerti dalla nostra clinica, poste dai nostri stessi clienti e rendendole di comoda consultabilit\u00e0","robots":{"index":"index","follow":"follow","max-snippet":"max-snippet:-1","max-video-preview":"max-video-preview:-1","imageindex":"noimageindex"},"canonical":"https:\/\/tiranadentalhospital.com\/it\/faq-domande-frequenti\/","og_locale":"it_IT","og_type":"article","og_title":"Domande frequenti - Tirana Dental Hospital","og_description":"FAQ e Domande Frequenti sui servizi offerti dalla nostra clinica, poste dai nostri stessi clienti e rendendole di comoda consultabilit\u00e0","og_url":"https:\/\/tiranadentalhospital.com\/it\/faq-domande-frequenti\/","og_site_name":"Tirana Dental Hospital","article_publisher":"https:\/\/www.facebook.com\/tiranadentalhospitalcuredentaliinalbania","article_modified_time":"2023-11-17T16:32:03+00:00","og_image":[{"width":1200,"height":675,"url":"https:\/\/i0.wp.com\/tiranadentalhospital.com\/it\/wp-content\/uploads\/2025\/04\/tiranadentalhospital-1.png?fit=1200%2C675&ssl=1","type":"image\/png"}],"twitter_card":"summary_large_image","twitter_misc":{"Tempo di lettura stimato":"4 minuti"},"schema":{"@context":"https:\/\/schema.org","@graph":[{"@type":"WebPage","@id":"https:\/\/tiranadentalhospital.com\/it\/faq-domande-frequenti\/","url":"https:\/\/tiranadentalhospital.com\/it\/faq-domande-frequenti\/","name":"Domande frequenti - Tirana Dental Hospital","isPartOf":{"@id":"https:\/\/tiranadentalhospital.com\/it\/#website"},"datePublished":"2022-01-22T17:50:56+00:00","dateModified":"2023-11-17T16:32:03+00:00","description":"FAQ e Domande Frequenti sui servizi offerti dalla nostra clinica, poste dai nostri stessi clienti e rendendole di comoda consultabilit\u00e0","breadcrumb":{"@id":"https:\/\/tiranadentalhospital.com\/it\/faq-domande-frequenti\/#breadcrumb"},"inLanguage":"it-IT","potentialAction":[{"@type":"ReadAction","target":["https:\/\/tiranadentalhospital.com\/it\/faq-domande-frequenti\/"]}]},{"@type":"BreadcrumbList","@id":"https:\/\/tiranadentalhospital.com\/it\/faq-domande-frequenti\/#breadcrumb","itemListElement":[{"@type":"ListItem","position":1,"name":"Home","item":"https:\/\/tiranadentalhospital.com\/it\/"},{"@type":"ListItem","position":2,"name":"home\/domande frequenti"}]},{"@type":"WebSite","@id":"https:\/\/tiranadentalhospital.com\/it\/#website","url":"https:\/\/tiranadentalhospital.com\/it\/","name":"Tirana Dental Hospital","description":"Clinica odontoiatrica a Tirana","publisher":{"@id":"https:\/\/tiranadentalhospital.com\/it\/#organization"},"alternateName":"Dental Hospital a Tirana","potentialAction":[{"@type":"SearchAction","target":{"@type":"EntryPoint","urlTemplate":"https:\/\/tiranadentalhospital.com\/it\/?s={search_term_string}"},"query-input":{"@type":"PropertyValueSpecification","valueRequired":true,"valueName":"search_term_string"}}],"inLanguage":"it-IT"},{"@type":"Organization","@id":"https:\/\/tiranadentalhospital.com\/it\/#organization","name":"Tirana Dental Hospital","alternateName":"Dental Hospital a Tirana","url":"https:\/\/tiranadentalhospital.com\/it\/","logo":{"@type":"ImageObject","inLanguage":"it-IT","@id":"https:\/\/tiranadentalhospital.com\/it\/#\/schema\/logo\/image\/","url":"https:\/\/tiranadentalhospital.com\/it\/wp-content\/uploads\/2022\/02\/TDH_Logo-2-1.svg","contentUrl":"https:\/\/tiranadentalhospital.com\/it\/wp-content\/uploads\/2022\/02\/TDH_Logo-2-1.svg","width":"1024","height":"1024","caption":"Tirana Dental Hospital"},"image":{"@id":"https:\/\/tiranadentalhospital.com\/it\/#\/schema\/logo\/image\/"},"sameAs":["https:\/\/www.facebook.com\/tiranadentalhospitalcuredentaliinalbania","https:\/\/www.youtube.com\/channel\/UCJV1YJNOw9Z0y7eD3KhD-7g\/videos","https:\/\/www.instagram.com\/tirana.dental.hospital\/"]}]}},"jetpack_sharing_enabled":true,"_links":{"self":[{"href":"https:\/\/tiranadentalhospital.com\/it\/wp-json\/wp\/v2\/pages\/7544","targetHints":{"allow":["GET"]}}],"collection":[{"href":"https:\/\/tiranadentalhospital.com\/it\/wp-json\/wp\/v2\/pages"}],"about":[{"href":"https:\/\/tiranadentalhospital.com\/it\/wp-json\/wp\/v2\/types\/page"}],"author":[{"embeddable":true,"href":"https:\/\/tiranadentalhospital.com\/it\/wp-json\/wp\/v2\/users\/1"}],"replies":[{"embeddable":true,"href":"https:\/\/tiranadentalhospital.com\/it\/wp-json\/wp\/v2\/comments?post=7544"}],"version-history":[{"count":8,"href":"https:\/\/tiranadentalhospital.com\/it\/wp-json\/wp\/v2\/pages\/7544\/revisions"}],"predecessor-version":[{"id":8997,"href":"https:\/\/tiranadentalhospital.com\/it\/wp-json\/wp\/v2\/pages\/7544\/revisions\/8997"}],"wp:attachment":[{"href":"https:\/\/tiranadentalhospital.com\/it\/wp-json\/wp\/v2\/media?parent=7544"}],"curies":[{"name":"wp","href":"https:\/\/api.w.org\/{rel}","templated":true}]}}