{"id":7561,"date":"2022-01-22T20:27:48","date_gmt":"2022-01-22T20:27:48","guid":{"rendered":"https:\/\/tiranadentalhospital.com\/it\/?page_id=7561"},"modified":"2023-11-21T15:19:21","modified_gmt":"2023-11-21T15:19:21","slug":"all-on-six-costo-albania","status":"publish","type":"page","link":"https:\/\/tiranadentalhospital.com\/it\/impianti-dentali-tirana\/all-on-six-costo-albania\/","title":{"rendered":"All-on-6"},"content":{"rendered":"<section class=\"l-section wpb_row height_custom\"><div class=\"l-section-h i-cf\"><div class=\"g-cols vc_row via_grid cols_2-1 laptops-cols_inherit tablets-cols_inherit mobiles-cols_1 valign_top type_default stacking_default\"><div class=\"wpb_column vc_column_container\"><div class=\"vc_column-inner\"><h2 class=\"w-text\"><span class=\"w-text-h\"><span class=\"w-text-value\">Che cos&#8217;\u00e8 l&#8217;All-on-6?<\/span><\/span><\/h2><div class=\"wpb_text_column\"><div class=\"wpb_wrapper\"><p>Si parla di All-on-6 quando lo specialista va a posizionare <strong>6 impianti<\/strong> invece di 4.<\/p>\n<p>Sei \u00e8 il numero giusto d&#8217;impianti per poter mettere le <em>fixture<\/em> (o viti) in titanio dritte, perch\u00e9 non \u00e8 ne troppo elevato (10 sarebbero troppo e potrebbe essere rischioso per l\u2019estetica), e n\u00e9 troppo basso.<\/p>\n<\/div><\/div><\/div><\/div><div class=\"wpb_column vc_column_container\"><div class=\"vc_column-inner\"><div class=\"w-image align_none\"><div class=\"w-image-h\"><img decoding=\"async\" width=\"355\" height=\"225\" src=\"https:\/\/i0.wp.com\/tiranadentalhospital.com\/it\/wp-content\/uploads\/2022\/05\/all-on-6.jpg?fit=355%2C225&amp;ssl=1\" class=\"attachment-large size-large\" alt=\"all-on-6\" loading=\"lazy\" srcset=\"https:\/\/i0.wp.com\/tiranadentalhospital.com\/it\/wp-content\/uploads\/2022\/05\/all-on-6.jpg?w=355&amp;ssl=1 355w, https:\/\/i0.wp.com\/tiranadentalhospital.com\/it\/wp-content\/uploads\/2022\/05\/all-on-6.jpg?resize=300%2C190&amp;ssl=1 300w\" sizes=\"auto, (max-width: 355px) 100vw, 355px\" \/><\/div><\/div><\/div><\/div><\/div><\/div><\/section><section class=\"l-section wpb_row height_custom\"><div class=\"l-section-h i-cf\"><div class=\"g-cols vc_row via_grid cols_1 laptops-cols_inherit tablets-cols_inherit mobiles-cols_1 valign_top type_default stacking_default\"><div class=\"wpb_column vc_column_container\"><div class=\"vc_column-inner\"><h2 class=\"w-text\"><span class=\"w-text-h\"><span class=\"w-text-value\">Quali sono in vantaggi dell&#8217;All on 6?<\/span><\/span><\/h2><div class=\"wpb_text_column\"><div class=\"wpb_wrapper\"><p>Molto spesso questi pazienti utilizzano protesi totali mobili, ossia la dentiera. Questa soluzione, anche se ancora molto utilizzata, \u00e8 causa di diversi disagi.<\/p>\n<p>Le ragioni che rendono preferibile, quando possibile, usare la tecnica <a href=\"https:\/\/tiranadentalhospital.com\/it\/impianti-dentali-e-chirurgia-orale-tirana-albania\/all-on-four-costo-albania-tirana\/\">All-on-4<\/a> e All-on-6 sono diverse, come \u00e8 ben risaputo nelle cliniche dentali dove viene applicata. Eccole:<\/p>\n<ul>\n<li>elimina i tempi di attesa dell\u2019osteorigenerazione;<\/li>\n<li>notevole\u00a0risparmio di tempo: \u00e8 possibile finire il lavoro anche in un\u2019unica seduta;<\/li>\n<li>minima invasivit\u00e0 di intervento;<\/li>\n<li>possibilit\u00e0 di applicazione della tecnica a un grande numero di casi;<\/li>\n<li>risultato estetico\u00a0ottimale: i denti sembreranno normali, perfettamente abbinati al palato, senza notare nessuna differenza<\/li>\n<li>valida alternativa alla dentiera. Soprattutto nei pazienti pi\u00f9 giovani per i quali la dentiera potrebbe rappresentare uno shock, questo metodo \u00e8 un\u2019ottima soluzione; inoltre non si corrono rischi di esporsi a situazioni imbarazzanti.<\/li>\n<li>risoluzione dei problemi di masticazione.<\/li>\n<\/ul>\n<\/div><\/div><\/div><\/div><\/div><\/div><\/section><section class=\"l-section wpb_row height_custom\"><div class=\"l-section-h i-cf\"><div class=\"g-cols vc_row via_grid cols_2-1 laptops-cols_inherit tablets-cols_inherit mobiles-cols_1 valign_top type_default stacking_default\"><div class=\"wpb_column vc_column_container\"><div class=\"vc_column-inner\"><h2 class=\"w-text\"><span class=\"w-text-h\"><span class=\"w-text-value\">Come funziona il trattamento All-on-6?<\/span><\/span><\/h2><div class=\"wpb_text_column\"><div class=\"wpb_wrapper\"><p>La tecnica \u00e8 la stessa utilizzata per il trattamento All-in-4, ma in questo caso ci si rivolge sempre a pazienti che soffrono di edentulia totale, ma che vogliono avere un\u2019arcata dentale completa.<\/p>\n<\/div><\/div><\/div><\/div><div class=\"wpb_column vc_column_container\"><div class=\"vc_column-inner\"><div class=\"w-image align_none\"><div class=\"w-image-h\"><img decoding=\"async\" width=\"280\" height=\"253\" src=\"https:\/\/i0.wp.com\/tiranadentalhospital.com\/it\/wp-content\/uploads\/2022\/05\/all-on-6-2.jpg?fit=280%2C253&amp;ssl=1\" class=\"attachment-large size-large\" alt=\"all-on-6-2\" loading=\"lazy\" \/><\/div><\/div><\/div><\/div><\/div><\/div><\/section><section class=\"l-section wpb_row height_custom\"><div class=\"l-section-h i-cf\"><div class=\"g-cols vc_row via_grid cols_1 laptops-cols_inherit tablets-cols_inherit mobiles-cols_1 valign_top type_default stacking_default\"><div class=\"wpb_column vc_column_container\"><div class=\"vc_column-inner\"><h2 class=\"w-text\"><span class=\"w-text-h\"><span class=\"w-text-value\">Quanto tempo ci vuole per l&#8217;All-on-6?<\/span><\/span><\/h2><div class=\"wpb_text_column\"><div class=\"wpb_wrapper\"><p>L\u2019intervento \u00e8 poco invasivo e conferisce dei risultati immediati. Entro pochi giorni, il paziente riprende la sua quotidianit\u00e0, e l\u2019alimentazione tenuta, senza alcun tipo di scompenso.<\/p>\n<\/div><\/div><\/div><\/div><\/div><\/div><\/section>\n","protected":false},"excerpt":{"rendered":"Che cos&#8217;\u00e8 l&#8217;All-on-6?Si parla di All-on-6 quando lo specialista va a posizionare 6 impianti invece di 4. Sei \u00e8 il numero giusto d&#8217;impianti per poter mettere le fixture (o viti) in titanio dritte, perch\u00e9 non \u00e8 ne troppo elevato (10 sarebbero troppo e potrebbe essere rischioso per l\u2019estetica), e n\u00e9 troppo basso. Quali sono in...","protected":false},"author":1,"featured_media":0,"parent":7549,"menu_order":0,"comment_status":"closed","ping_status":"closed","template":"","meta":{"nf_dc_page":"","footnotes":""},"class_list":["post-7561","page","type-page","status-publish","hentry"],"yoast_head":"<!-- This site is optimized with the Yoast SEO plugin v27.4 - https:\/\/yoast.com\/product\/yoast-seo-wordpress\/ -->\n<title>All-on-6 - Tirana Dental Hospital<\/title>\n<meta name=\"description\" content=\"All-on-6 in Albania. Costi, Trattamento, Organizzazione del viaggio e tutti i dettagli tecnici. Chiama Tirana Dental Hospital\" \/>\n<meta name=\"robots\" content=\"index, follow, max-snippet:-1, max-image-preview:large, max-video-preview:-1\" \/>\n<link rel=\"canonical\" href=\"https:\/\/tiranadentalhospital.com\/it\/impianti-dentali-tirana\/all-on-six-costo-albania\/\" \/>\n<meta property=\"og:locale\" content=\"it_IT\" \/>\n<meta property=\"og:type\" content=\"article\" \/>\n<meta property=\"og:title\" content=\"All-on-6 - Tirana Dental Hospital\" \/>\n<meta property=\"og:description\" content=\"All-on-6 in Albania. Costi, Trattamento, Organizzazione del viaggio e tutti i dettagli tecnici. Chiama Tirana Dental Hospital\" \/>\n<meta property=\"og:url\" content=\"https:\/\/tiranadentalhospital.com\/it\/impianti-dentali-tirana\/all-on-six-costo-albania\/\" \/>\n<meta property=\"og:site_name\" content=\"Tirana Dental Hospital\" \/>\n<meta property=\"article:publisher\" content=\"https:\/\/www.facebook.com\/tiranadentalhospitalcuredentaliinalbania\" \/>\n<meta property=\"article:modified_time\" content=\"2023-11-21T15:19:21+00:00\" \/>\n<meta property=\"og:image\" content=\"https:\/\/i0.wp.com\/tiranadentalhospital.com\/it\/wp-content\/uploads\/2025\/04\/tiranadentalhospital-1.png?fit=1200%2C675&ssl=1\" \/>\n\t<meta property=\"og:image:width\" content=\"1200\" \/>\n\t<meta property=\"og:image:height\" content=\"675\" \/>\n\t<meta property=\"og:image:type\" content=\"image\/png\" \/>\n<meta name=\"twitter:card\" content=\"summary_large_image\" \/>\n<meta name=\"twitter:label1\" content=\"Tempo di lettura stimato\" \/>\n\t<meta name=\"twitter:data1\" content=\"2 minuti\" \/>\n<script type=\"application\/ld+json\" class=\"yoast-schema-graph\">{\"@context\":\"https:\\\/\\\/schema.org\",\"@graph\":[{\"@type\":\"WebPage\",\"@id\":\"https:\\\/\\\/tiranadentalhospital.com\\\/it\\\/impianti-dentali-tirana\\\/all-on-six-costo-albania\\\/\",\"url\":\"https:\\\/\\\/tiranadentalhospital.com\\\/it\\\/impianti-dentali-tirana\\\/all-on-six-costo-albania\\\/\",\"name\":\"All-on-6 - Tirana Dental Hospital\",\"isPartOf\":{\"@id\":\"https:\\\/\\\/tiranadentalhospital.com\\\/it\\\/#website\"},\"datePublished\":\"2022-01-22T20:27:48+00:00\",\"dateModified\":\"2023-11-21T15:19:21+00:00\",\"description\":\"All-on-6 in Albania. Costi, Trattamento, Organizzazione del viaggio e tutti i dettagli tecnici. Chiama Tirana Dental Hospital\",\"breadcrumb\":{\"@id\":\"https:\\\/\\\/tiranadentalhospital.com\\\/it\\\/impianti-dentali-tirana\\\/all-on-six-costo-albania\\\/#breadcrumb\"},\"inLanguage\":\"it-IT\",\"potentialAction\":[{\"@type\":\"ReadAction\",\"target\":[\"https:\\\/\\\/tiranadentalhospital.com\\\/it\\\/impianti-dentali-tirana\\\/all-on-six-costo-albania\\\/\"]}]},{\"@type\":\"BreadcrumbList\",\"@id\":\"https:\\\/\\\/tiranadentalhospital.com\\\/it\\\/impianti-dentali-tirana\\\/all-on-six-costo-albania\\\/#breadcrumb\",\"itemListElement\":[{\"@type\":\"ListItem\",\"position\":1,\"name\":\"Home\",\"item\":\"https:\\\/\\\/tiranadentalhospital.com\\\/it\\\/\"},{\"@type\":\"ListItem\",\"position\":2,\"name\":\"Impianti Dentali Tirana\",\"item\":\"https:\\\/\\\/tiranadentalhospital.com\\\/it\\\/impianti-dentali-tirana\\\/\"},{\"@type\":\"ListItem\",\"position\":3,\"name\":\"All-on-6\"}]},{\"@type\":\"WebSite\",\"@id\":\"https:\\\/\\\/tiranadentalhospital.com\\\/it\\\/#website\",\"url\":\"https:\\\/\\\/tiranadentalhospital.com\\\/it\\\/\",\"name\":\"Tirana Dental Hospital\",\"description\":\"Clinica odontoiatrica a Tirana\",\"publisher\":{\"@id\":\"https:\\\/\\\/tiranadentalhospital.com\\\/it\\\/#organization\"},\"alternateName\":\"Dental Hospital a Tirana\",\"potentialAction\":[{\"@type\":\"SearchAction\",\"target\":{\"@type\":\"EntryPoint\",\"urlTemplate\":\"https:\\\/\\\/tiranadentalhospital.com\\\/it\\\/?s={search_term_string}\"},\"query-input\":{\"@type\":\"PropertyValueSpecification\",\"valueRequired\":true,\"valueName\":\"search_term_string\"}}],\"inLanguage\":\"it-IT\"},{\"@type\":\"Organization\",\"@id\":\"https:\\\/\\\/tiranadentalhospital.com\\\/it\\\/#organization\",\"name\":\"Tirana Dental Hospital\",\"alternateName\":\"Dental Hospital a Tirana\",\"url\":\"https:\\\/\\\/tiranadentalhospital.com\\\/it\\\/\",\"logo\":{\"@type\":\"ImageObject\",\"inLanguage\":\"it-IT\",\"@id\":\"https:\\\/\\\/tiranadentalhospital.com\\\/it\\\/#\\\/schema\\\/logo\\\/image\\\/\",\"url\":\"https:\\\/\\\/tiranadentalhospital.com\\\/it\\\/wp-content\\\/uploads\\\/2022\\\/02\\\/TDH_Logo-2-1.svg\",\"contentUrl\":\"https:\\\/\\\/tiranadentalhospital.com\\\/it\\\/wp-content\\\/uploads\\\/2022\\\/02\\\/TDH_Logo-2-1.svg\",\"width\":\"1024\",\"height\":\"1024\",\"caption\":\"Tirana Dental Hospital\"},\"image\":{\"@id\":\"https:\\\/\\\/tiranadentalhospital.com\\\/it\\\/#\\\/schema\\\/logo\\\/image\\\/\"},\"sameAs\":[\"https:\\\/\\\/www.facebook.com\\\/tiranadentalhospitalcuredentaliinalbania\",\"https:\\\/\\\/www.youtube.com\\\/channel\\\/UCJV1YJNOw9Z0y7eD3KhD-7g\\\/videos\",\"https:\\\/\\\/www.instagram.com\\\/tirana.dental.hospital\\\/\"]}]}<\/script>\n<!-- \/ Yoast SEO plugin. -->","yoast_head_json":{"title":"All-on-6 - Tirana Dental Hospital","description":"All-on-6 in Albania. Costi, Trattamento, Organizzazione del viaggio e tutti i dettagli tecnici. Chiama Tirana Dental Hospital","robots":{"index":"index","follow":"follow","max-snippet":"max-snippet:-1","max-image-preview":"max-image-preview:large","max-video-preview":"max-video-preview:-1"},"canonical":"https:\/\/tiranadentalhospital.com\/it\/impianti-dentali-tirana\/all-on-six-costo-albania\/","og_locale":"it_IT","og_type":"article","og_title":"All-on-6 - Tirana Dental Hospital","og_description":"All-on-6 in Albania. Costi, Trattamento, Organizzazione del viaggio e tutti i dettagli tecnici. Chiama Tirana Dental Hospital","og_url":"https:\/\/tiranadentalhospital.com\/it\/impianti-dentali-tirana\/all-on-six-costo-albania\/","og_site_name":"Tirana Dental Hospital","article_publisher":"https:\/\/www.facebook.com\/tiranadentalhospitalcuredentaliinalbania","article_modified_time":"2023-11-21T15:19:21+00:00","og_image":[{"width":1200,"height":675,"url":"https:\/\/i0.wp.com\/tiranadentalhospital.com\/it\/wp-content\/uploads\/2025\/04\/tiranadentalhospital-1.png?fit=1200%2C675&ssl=1","type":"image\/png"}],"twitter_card":"summary_large_image","twitter_misc":{"Tempo di lettura stimato":"2 minuti"},"schema":{"@context":"https:\/\/schema.org","@graph":[{"@type":"WebPage","@id":"https:\/\/tiranadentalhospital.com\/it\/impianti-dentali-tirana\/all-on-six-costo-albania\/","url":"https:\/\/tiranadentalhospital.com\/it\/impianti-dentali-tirana\/all-on-six-costo-albania\/","name":"All-on-6 - Tirana Dental Hospital","isPartOf":{"@id":"https:\/\/tiranadentalhospital.com\/it\/#website"},"datePublished":"2022-01-22T20:27:48+00:00","dateModified":"2023-11-21T15:19:21+00:00","description":"All-on-6 in Albania. Costi, Trattamento, Organizzazione del viaggio e tutti i dettagli tecnici. Chiama Tirana Dental Hospital","breadcrumb":{"@id":"https:\/\/tiranadentalhospital.com\/it\/impianti-dentali-tirana\/all-on-six-costo-albania\/#breadcrumb"},"inLanguage":"it-IT","potentialAction":[{"@type":"ReadAction","target":["https:\/\/tiranadentalhospital.com\/it\/impianti-dentali-tirana\/all-on-six-costo-albania\/"]}]},{"@type":"BreadcrumbList","@id":"https:\/\/tiranadentalhospital.com\/it\/impianti-dentali-tirana\/all-on-six-costo-albania\/#breadcrumb","itemListElement":[{"@type":"ListItem","position":1,"name":"Home","item":"https:\/\/tiranadentalhospital.com\/it\/"},{"@type":"ListItem","position":2,"name":"Impianti Dentali Tirana","item":"https:\/\/tiranadentalhospital.com\/it\/impianti-dentali-tirana\/"},{"@type":"ListItem","position":3,"name":"All-on-6"}]},{"@type":"WebSite","@id":"https:\/\/tiranadentalhospital.com\/it\/#website","url":"https:\/\/tiranadentalhospital.com\/it\/","name":"Tirana Dental Hospital","description":"Clinica odontoiatrica a Tirana","publisher":{"@id":"https:\/\/tiranadentalhospital.com\/it\/#organization"},"alternateName":"Dental Hospital a Tirana","potentialAction":[{"@type":"SearchAction","target":{"@type":"EntryPoint","urlTemplate":"https:\/\/tiranadentalhospital.com\/it\/?s={search_term_string}"},"query-input":{"@type":"PropertyValueSpecification","valueRequired":true,"valueName":"search_term_string"}}],"inLanguage":"it-IT"},{"@type":"Organization","@id":"https:\/\/tiranadentalhospital.com\/it\/#organization","name":"Tirana Dental Hospital","alternateName":"Dental Hospital a Tirana","url":"https:\/\/tiranadentalhospital.com\/it\/","logo":{"@type":"ImageObject","inLanguage":"it-IT","@id":"https:\/\/tiranadentalhospital.com\/it\/#\/schema\/logo\/image\/","url":"https:\/\/tiranadentalhospital.com\/it\/wp-content\/uploads\/2022\/02\/TDH_Logo-2-1.svg","contentUrl":"https:\/\/tiranadentalhospital.com\/it\/wp-content\/uploads\/2022\/02\/TDH_Logo-2-1.svg","width":"1024","height":"1024","caption":"Tirana Dental Hospital"},"image":{"@id":"https:\/\/tiranadentalhospital.com\/it\/#\/schema\/logo\/image\/"},"sameAs":["https:\/\/www.facebook.com\/tiranadentalhospitalcuredentaliinalbania","https:\/\/www.youtube.com\/channel\/UCJV1YJNOw9Z0y7eD3KhD-7g\/videos","https:\/\/www.instagram.com\/tirana.dental.hospital\/"]}]}},"jetpack_sharing_enabled":true,"_links":{"self":[{"href":"https:\/\/tiranadentalhospital.com\/it\/wp-json\/wp\/v2\/pages\/7561","targetHints":{"allow":["GET"]}}],"collection":[{"href":"https:\/\/tiranadentalhospital.com\/it\/wp-json\/wp\/v2\/pages"}],"about":[{"href":"https:\/\/tiranadentalhospital.com\/it\/wp-json\/wp\/v2\/types\/page"}],"author":[{"embeddable":true,"href":"https:\/\/tiranadentalhospital.com\/it\/wp-json\/wp\/v2\/users\/1"}],"replies":[{"embeddable":true,"href":"https:\/\/tiranadentalhospital.com\/it\/wp-json\/wp\/v2\/comments?post=7561"}],"version-history":[{"count":7,"href":"https:\/\/tiranadentalhospital.com\/it\/wp-json\/wp\/v2\/pages\/7561\/revisions"}],"predecessor-version":[{"id":9010,"href":"https:\/\/tiranadentalhospital.com\/it\/wp-json\/wp\/v2\/pages\/7561\/revisions\/9010"}],"up":[{"embeddable":true,"href":"https:\/\/tiranadentalhospital.com\/it\/wp-json\/wp\/v2\/pages\/7549"}],"wp:attachment":[{"href":"https:\/\/tiranadentalhospital.com\/it\/wp-json\/wp\/v2\/media?parent=7561"}],"curies":[{"name":"wp","href":"https:\/\/api.w.org\/{rel}","templated":true}]}}