{"id":7671,"date":"2022-02-05T14:37:07","date_gmt":"2022-02-05T14:37:07","guid":{"rendered":"https:\/\/tiranadentalhospital.com\/it\/?page_id=7671"},"modified":"2024-10-24T12:14:14","modified_gmt":"2024-10-24T12:14:14","slug":"sbiancamento-denti-albania-costi","status":"publish","type":"page","link":"https:\/\/tiranadentalhospital.com\/it\/protesi-dentale-estetica-a-tirana\/sbiancamento-denti-albania-costi\/","title":{"rendered":"Sbiancamento dei denti"},"content":{"rendered":"<section class=\"l-section wpb_row us_custom_bff1d887 height_custom\"><div class=\"l-section-h i-cf\"><div class=\"g-cols vc_row via_grid cols_1 laptops-cols_inherit tablets-cols_inherit mobiles-cols_1 valign_top type_default stacking_default\"><div class=\"wpb_column vc_column_container\"><div class=\"vc_column-inner\"><nav class=\"g-breadcrumbs separator_icon align_none\" itemscope itemtype=\"http:\/\/schema.org\/BreadcrumbList\"><div class=\"g-breadcrumbs-item\" itemscope itemprop=\"itemListElement\" itemtype=\"http:\/\/schema.org\/ListItem\"><a itemprop=\"item\" href=\"https:\/\/tiranadentalhospital.com\/it\/\"><span itemprop=\"name\">Home<\/span><\/a><meta itemprop=\"position\" content=\"1\"\/><\/div><div class=\"g-breadcrumbs-separator\"><i class=\"far fa-angle-right\"><\/i><\/div><div class=\"g-breadcrumbs-item\">Pagine<\/div><\/nav><\/div><\/div><\/div><\/div><\/section><section class=\"l-section wpb_row us_custom_85aebea1 height_custom\"><div class=\"l-section-h i-cf\"><div class=\"g-cols vc_row via_grid cols_2-1 laptops-cols_inherit tablets-cols_inherit mobiles-cols_1 valign_top type_default stacking_default\"><div class=\"wpb_column vc_column_container\"><div class=\"vc_column-inner\"><h2 class=\"w-text us_custom_eb849559\"><span class=\"w-text-h\"><span class=\"w-text-value\">Sbiancamento denti<\/span><\/span><\/h2><div class=\"w-separator size_small with_line width_50 thick_1 style_solid color_primary align_center with_content\"><div class=\"w-separator-h\"><i class=\"fas fa-tooth\"><\/i><\/div><\/div><div class=\"wpb_text_column\"><div class=\"wpb_wrapper\"><p>Lo sbiancamento denti \u00e8 una pratica molto importante e quindi avere un sorriso candido e smagliante pu\u00f2 fornire motivazioni psicologiche per farle sentire a proprio agio e farlo in Albania \u00e8 diventato ancora pi\u00f9 conveniente. Questo fattore \u00e8 molto importante soprattutto tra i giovani, per questo consigliamo di affrontare lo sbiancamento denti da noi.<\/p>\n<p>Lo smalto dentale tende a peggiorare con il passare degli anni e ad assumere una colorazione che tende al giallo dando l\u2019impressione di scarsa igiene orale. Per questo lo sbiancamento pu\u00f2 risultare molto utile.<\/p>\n<p>I prodotti utilizzati sono totalmente sicuri.<\/p>\n<p>Effetto visibile immediatamente e migliora nei giorni successivi.<\/p>\n<p>I risultato dello\u00a0<strong>sbiancamento denti <\/strong>\u00e8 quello di migliorare l\u2019estetica del proprio sorriso e avere dei denti pi\u00f9 bianchi e un sorriso pi\u00f9 gradevole.<\/p>\n<\/div><\/div><\/div><\/div><div class=\"wpb_column vc_column_container type_sticky\"><div class=\"vc_column-inner\"><div class=\"w-image align_none\"><div class=\"w-image-h\"><img decoding=\"async\" width=\"382\" height=\"240\" src=\"https:\/\/i0.wp.com\/tiranadentalhospital.com\/it\/wp-content\/uploads\/2022\/05\/sbiancamento_denti_albania.jpg?fit=382%2C240&amp;ssl=1\" class=\"attachment-large size-large\" alt=\"sbiancamento denti albania\" loading=\"lazy\" srcset=\"https:\/\/i0.wp.com\/tiranadentalhospital.com\/it\/wp-content\/uploads\/2022\/05\/sbiancamento_denti_albania.jpg?w=382&amp;ssl=1 382w, https:\/\/i0.wp.com\/tiranadentalhospital.com\/it\/wp-content\/uploads\/2022\/05\/sbiancamento_denti_albania.jpg?resize=300%2C188&amp;ssl=1 300w\" sizes=\"auto, (max-width: 382px) 100vw, 382px\" \/><\/div><\/div><\/div><\/div><\/div><\/div><\/section>\n","protected":false},"excerpt":{"rendered":"HomePagineSbiancamento dentiLo sbiancamento denti \u00e8 una pratica molto importante e quindi avere un sorriso candido e smagliante pu\u00f2 fornire motivazioni psicologiche per farle sentire a proprio agio e farlo in Albania \u00e8 diventato ancora pi\u00f9 conveniente. Questo fattore \u00e8 molto importante soprattutto tra i giovani, per questo consigliamo di affrontare lo sbiancamento denti da noi....","protected":false},"author":1,"featured_media":0,"parent":7574,"menu_order":0,"comment_status":"closed","ping_status":"closed","template":"","meta":{"nf_dc_page":"","footnotes":""},"class_list":["post-7671","page","type-page","status-publish","hentry"],"yoast_head":"<!-- This site is optimized with the Yoast SEO plugin v27.4 - https:\/\/yoast.com\/product\/yoast-seo-wordpress\/ -->\n<title>Sbiancamento dei denti - Tirana Dental Hospital<\/title>\n<meta name=\"description\" content=\"Lo sbiancamento dei denti \u00e8 molto importante e e farlo da Tirana in Albania ti permette di svolgere la seduta ad un prezzo conveniente.\" \/>\n<meta name=\"robots\" content=\"index, follow, max-snippet:-1, max-image-preview:large, max-video-preview:-1\" \/>\n<link rel=\"canonical\" href=\"https:\/\/tiranadentalhospital.com\/it\/protesi-dentale-estetica-a-tirana\/sbiancamento-denti-albania-costi\/\" \/>\n<meta property=\"og:locale\" content=\"it_IT\" \/>\n<meta property=\"og:type\" content=\"article\" \/>\n<meta property=\"og:title\" content=\"Sbiancamento dei denti - Tirana Dental Hospital\" \/>\n<meta property=\"og:description\" content=\"Lo sbiancamento dei denti \u00e8 molto importante e e farlo da Tirana in Albania ti permette di svolgere la seduta ad un prezzo conveniente.\" \/>\n<meta property=\"og:url\" content=\"https:\/\/tiranadentalhospital.com\/it\/protesi-dentale-estetica-a-tirana\/sbiancamento-denti-albania-costi\/\" \/>\n<meta property=\"og:site_name\" content=\"Tirana Dental Hospital\" \/>\n<meta property=\"article:publisher\" content=\"https:\/\/www.facebook.com\/tiranadentalhospitalcuredentaliinalbania\" \/>\n<meta property=\"article:modified_time\" content=\"2024-10-24T12:14:14+00:00\" \/>\n<meta property=\"og:image\" content=\"https:\/\/i0.wp.com\/tiranadentalhospital.com\/it\/wp-content\/uploads\/2025\/04\/tiranadentalhospital-1.png?fit=1200%2C675&ssl=1\" \/>\n\t<meta property=\"og:image:width\" content=\"1200\" \/>\n\t<meta property=\"og:image:height\" content=\"675\" \/>\n\t<meta property=\"og:image:type\" content=\"image\/png\" \/>\n<meta name=\"twitter:card\" content=\"summary_large_image\" \/>\n<meta name=\"twitter:label1\" content=\"Tempo di lettura stimato\" \/>\n\t<meta name=\"twitter:data1\" content=\"1 minuto\" \/>\n<script type=\"application\/ld+json\" class=\"yoast-schema-graph\">{\"@context\":\"https:\\\/\\\/schema.org\",\"@graph\":[{\"@type\":\"WebPage\",\"@id\":\"https:\\\/\\\/tiranadentalhospital.com\\\/it\\\/protesi-dentale-estetica-a-tirana\\\/sbiancamento-denti-albania-costi\\\/\",\"url\":\"https:\\\/\\\/tiranadentalhospital.com\\\/it\\\/protesi-dentale-estetica-a-tirana\\\/sbiancamento-denti-albania-costi\\\/\",\"name\":\"Sbiancamento dei denti - Tirana Dental Hospital\",\"isPartOf\":{\"@id\":\"https:\\\/\\\/tiranadentalhospital.com\\\/it\\\/#website\"},\"datePublished\":\"2022-02-05T14:37:07+00:00\",\"dateModified\":\"2024-10-24T12:14:14+00:00\",\"description\":\"Lo sbiancamento dei denti \u00e8 molto importante e e farlo da Tirana in Albania ti permette di svolgere la seduta ad un prezzo conveniente.\",\"breadcrumb\":{\"@id\":\"https:\\\/\\\/tiranadentalhospital.com\\\/it\\\/protesi-dentale-estetica-a-tirana\\\/sbiancamento-denti-albania-costi\\\/#breadcrumb\"},\"inLanguage\":\"it-IT\",\"potentialAction\":[{\"@type\":\"ReadAction\",\"target\":[\"https:\\\/\\\/tiranadentalhospital.com\\\/it\\\/protesi-dentale-estetica-a-tirana\\\/sbiancamento-denti-albania-costi\\\/\"]}]},{\"@type\":\"BreadcrumbList\",\"@id\":\"https:\\\/\\\/tiranadentalhospital.com\\\/it\\\/protesi-dentale-estetica-a-tirana\\\/sbiancamento-denti-albania-costi\\\/#breadcrumb\",\"itemListElement\":[{\"@type\":\"ListItem\",\"position\":1,\"name\":\"Home\",\"item\":\"https:\\\/\\\/tiranadentalhospital.com\\\/it\\\/\"},{\"@type\":\"ListItem\",\"position\":2,\"name\":\"Protesi Dentale Estetica a Tirana\",\"item\":\"https:\\\/\\\/tiranadentalhospital.com\\\/it\\\/protesi-dentale-estetica-a-tirana\\\/\"},{\"@type\":\"ListItem\",\"position\":3,\"name\":\"Sbiancamento dei denti\"}]},{\"@type\":\"WebSite\",\"@id\":\"https:\\\/\\\/tiranadentalhospital.com\\\/it\\\/#website\",\"url\":\"https:\\\/\\\/tiranadentalhospital.com\\\/it\\\/\",\"name\":\"Tirana Dental Hospital\",\"description\":\"Clinica odontoiatrica a Tirana\",\"publisher\":{\"@id\":\"https:\\\/\\\/tiranadentalhospital.com\\\/it\\\/#organization\"},\"alternateName\":\"Dental Hospital a Tirana\",\"potentialAction\":[{\"@type\":\"SearchAction\",\"target\":{\"@type\":\"EntryPoint\",\"urlTemplate\":\"https:\\\/\\\/tiranadentalhospital.com\\\/it\\\/?s={search_term_string}\"},\"query-input\":{\"@type\":\"PropertyValueSpecification\",\"valueRequired\":true,\"valueName\":\"search_term_string\"}}],\"inLanguage\":\"it-IT\"},{\"@type\":\"Organization\",\"@id\":\"https:\\\/\\\/tiranadentalhospital.com\\\/it\\\/#organization\",\"name\":\"Tirana Dental Hospital\",\"alternateName\":\"Dental Hospital a Tirana\",\"url\":\"https:\\\/\\\/tiranadentalhospital.com\\\/it\\\/\",\"logo\":{\"@type\":\"ImageObject\",\"inLanguage\":\"it-IT\",\"@id\":\"https:\\\/\\\/tiranadentalhospital.com\\\/it\\\/#\\\/schema\\\/logo\\\/image\\\/\",\"url\":\"https:\\\/\\\/tiranadentalhospital.com\\\/it\\\/wp-content\\\/uploads\\\/2022\\\/02\\\/TDH_Logo-2-1.svg\",\"contentUrl\":\"https:\\\/\\\/tiranadentalhospital.com\\\/it\\\/wp-content\\\/uploads\\\/2022\\\/02\\\/TDH_Logo-2-1.svg\",\"width\":\"1024\",\"height\":\"1024\",\"caption\":\"Tirana Dental Hospital\"},\"image\":{\"@id\":\"https:\\\/\\\/tiranadentalhospital.com\\\/it\\\/#\\\/schema\\\/logo\\\/image\\\/\"},\"sameAs\":[\"https:\\\/\\\/www.facebook.com\\\/tiranadentalhospitalcuredentaliinalbania\",\"https:\\\/\\\/www.youtube.com\\\/channel\\\/UCJV1YJNOw9Z0y7eD3KhD-7g\\\/videos\",\"https:\\\/\\\/www.instagram.com\\\/tirana.dental.hospital\\\/\"]}]}<\/script>\n<!-- \/ Yoast SEO plugin. -->","yoast_head_json":{"title":"Sbiancamento dei denti - Tirana Dental Hospital","description":"Lo sbiancamento dei denti \u00e8 molto importante e e farlo da Tirana in Albania ti permette di svolgere la seduta ad un prezzo conveniente.","robots":{"index":"index","follow":"follow","max-snippet":"max-snippet:-1","max-image-preview":"max-image-preview:large","max-video-preview":"max-video-preview:-1"},"canonical":"https:\/\/tiranadentalhospital.com\/it\/protesi-dentale-estetica-a-tirana\/sbiancamento-denti-albania-costi\/","og_locale":"it_IT","og_type":"article","og_title":"Sbiancamento dei denti - Tirana Dental Hospital","og_description":"Lo sbiancamento dei denti \u00e8 molto importante e e farlo da Tirana in Albania ti permette di svolgere la seduta ad un prezzo conveniente.","og_url":"https:\/\/tiranadentalhospital.com\/it\/protesi-dentale-estetica-a-tirana\/sbiancamento-denti-albania-costi\/","og_site_name":"Tirana Dental Hospital","article_publisher":"https:\/\/www.facebook.com\/tiranadentalhospitalcuredentaliinalbania","article_modified_time":"2024-10-24T12:14:14+00:00","og_image":[{"width":1200,"height":675,"url":"https:\/\/i0.wp.com\/tiranadentalhospital.com\/it\/wp-content\/uploads\/2025\/04\/tiranadentalhospital-1.png?fit=1200%2C675&ssl=1","type":"image\/png"}],"twitter_card":"summary_large_image","twitter_misc":{"Tempo di lettura stimato":"1 minuto"},"schema":{"@context":"https:\/\/schema.org","@graph":[{"@type":"WebPage","@id":"https:\/\/tiranadentalhospital.com\/it\/protesi-dentale-estetica-a-tirana\/sbiancamento-denti-albania-costi\/","url":"https:\/\/tiranadentalhospital.com\/it\/protesi-dentale-estetica-a-tirana\/sbiancamento-denti-albania-costi\/","name":"Sbiancamento dei denti - Tirana Dental Hospital","isPartOf":{"@id":"https:\/\/tiranadentalhospital.com\/it\/#website"},"datePublished":"2022-02-05T14:37:07+00:00","dateModified":"2024-10-24T12:14:14+00:00","description":"Lo sbiancamento dei denti \u00e8 molto importante e e farlo da Tirana in Albania ti permette di svolgere la seduta ad un prezzo conveniente.","breadcrumb":{"@id":"https:\/\/tiranadentalhospital.com\/it\/protesi-dentale-estetica-a-tirana\/sbiancamento-denti-albania-costi\/#breadcrumb"},"inLanguage":"it-IT","potentialAction":[{"@type":"ReadAction","target":["https:\/\/tiranadentalhospital.com\/it\/protesi-dentale-estetica-a-tirana\/sbiancamento-denti-albania-costi\/"]}]},{"@type":"BreadcrumbList","@id":"https:\/\/tiranadentalhospital.com\/it\/protesi-dentale-estetica-a-tirana\/sbiancamento-denti-albania-costi\/#breadcrumb","itemListElement":[{"@type":"ListItem","position":1,"name":"Home","item":"https:\/\/tiranadentalhospital.com\/it\/"},{"@type":"ListItem","position":2,"name":"Protesi Dentale Estetica a Tirana","item":"https:\/\/tiranadentalhospital.com\/it\/protesi-dentale-estetica-a-tirana\/"},{"@type":"ListItem","position":3,"name":"Sbiancamento dei denti"}]},{"@type":"WebSite","@id":"https:\/\/tiranadentalhospital.com\/it\/#website","url":"https:\/\/tiranadentalhospital.com\/it\/","name":"Tirana Dental Hospital","description":"Clinica odontoiatrica a Tirana","publisher":{"@id":"https:\/\/tiranadentalhospital.com\/it\/#organization"},"alternateName":"Dental Hospital a Tirana","potentialAction":[{"@type":"SearchAction","target":{"@type":"EntryPoint","urlTemplate":"https:\/\/tiranadentalhospital.com\/it\/?s={search_term_string}"},"query-input":{"@type":"PropertyValueSpecification","valueRequired":true,"valueName":"search_term_string"}}],"inLanguage":"it-IT"},{"@type":"Organization","@id":"https:\/\/tiranadentalhospital.com\/it\/#organization","name":"Tirana Dental Hospital","alternateName":"Dental Hospital a Tirana","url":"https:\/\/tiranadentalhospital.com\/it\/","logo":{"@type":"ImageObject","inLanguage":"it-IT","@id":"https:\/\/tiranadentalhospital.com\/it\/#\/schema\/logo\/image\/","url":"https:\/\/tiranadentalhospital.com\/it\/wp-content\/uploads\/2022\/02\/TDH_Logo-2-1.svg","contentUrl":"https:\/\/tiranadentalhospital.com\/it\/wp-content\/uploads\/2022\/02\/TDH_Logo-2-1.svg","width":"1024","height":"1024","caption":"Tirana Dental Hospital"},"image":{"@id":"https:\/\/tiranadentalhospital.com\/it\/#\/schema\/logo\/image\/"},"sameAs":["https:\/\/www.facebook.com\/tiranadentalhospitalcuredentaliinalbania","https:\/\/www.youtube.com\/channel\/UCJV1YJNOw9Z0y7eD3KhD-7g\/videos","https:\/\/www.instagram.com\/tirana.dental.hospital\/"]}]}},"jetpack_sharing_enabled":true,"_links":{"self":[{"href":"https:\/\/tiranadentalhospital.com\/it\/wp-json\/wp\/v2\/pages\/7671","targetHints":{"allow":["GET"]}}],"collection":[{"href":"https:\/\/tiranadentalhospital.com\/it\/wp-json\/wp\/v2\/pages"}],"about":[{"href":"https:\/\/tiranadentalhospital.com\/it\/wp-json\/wp\/v2\/types\/page"}],"author":[{"embeddable":true,"href":"https:\/\/tiranadentalhospital.com\/it\/wp-json\/wp\/v2\/users\/1"}],"replies":[{"embeddable":true,"href":"https:\/\/tiranadentalhospital.com\/it\/wp-json\/wp\/v2\/comments?post=7671"}],"version-history":[{"count":5,"href":"https:\/\/tiranadentalhospital.com\/it\/wp-json\/wp\/v2\/pages\/7671\/revisions"}],"predecessor-version":[{"id":9170,"href":"https:\/\/tiranadentalhospital.com\/it\/wp-json\/wp\/v2\/pages\/7671\/revisions\/9170"}],"up":[{"embeddable":true,"href":"https:\/\/tiranadentalhospital.com\/it\/wp-json\/wp\/v2\/pages\/7574"}],"wp:attachment":[{"href":"https:\/\/tiranadentalhospital.com\/it\/wp-json\/wp\/v2\/media?parent=7671"}],"curies":[{"name":"wp","href":"https:\/\/api.w.org\/{rel}","templated":true}]}}