{"id":7738,"date":"2022-02-14T23:03:38","date_gmt":"2022-02-14T23:03:38","guid":{"rendered":"https:\/\/tiranadentalhospital.com\/it\/?page_id=7738"},"modified":"2022-06-04T22:18:27","modified_gmt":"2022-06-04T22:18:27","slug":"parodontologia","status":"publish","type":"page","link":"https:\/\/tiranadentalhospital.com\/it\/parodontologia\/","title":{"rendered":"Parodontologia"},"content":{"rendered":"<section class=\"l-section wpb_row us_custom_85aebea1 height_custom\"><div class=\"l-section-h i-cf\"><div class=\"g-cols vc_row via_grid cols_2 laptops-cols_inherit tablets-cols_inherit mobiles-cols_1 valign_top type_default stacking_default\"><div class=\"wpb_column vc_column_container\"><div class=\"vc_column-inner\"><h2 class=\"w-text us_custom_eb849559\"><span class=\"w-text-h\"><span class=\"w-text-value\">Paradontologia<\/span><\/span><\/h2><div class=\"w-separator size_small with_line width_50 thick_1 style_solid color_primary align_center with_content\"><div class=\"w-separator-h\"><i class=\"fas fa-tooth\"><\/i><\/div><\/div><div class=\"wpb_text_column\"><div class=\"wpb_wrapper\"><p>Per <strong>paradontologia<\/strong> intendiamo quel ramo odontoiatrico che permette di curare i tessuti molli e duri attorno al dente (ovvero la gengiva) e che permette il loro sano mantenimento.<\/p>\n<\/div><\/div><\/div><\/div><div class=\"wpb_column vc_column_container type_sticky\"><div class=\"vc_column-inner\"><div class=\"w-image align_none\"><div class=\"w-image-h\"><img decoding=\"async\" width=\"800\" height=\"500\" src=\"https:\/\/i0.wp.com\/tiranadentalhospital.com\/it\/wp-content\/uploads\/2022\/01\/Parodontologia-albania.jpg?fit=800%2C500&amp;ssl=1\" class=\"attachment-large size-large\" alt=\"Parodontologia\" loading=\"lazy\" srcset=\"https:\/\/i0.wp.com\/tiranadentalhospital.com\/it\/wp-content\/uploads\/2022\/01\/Parodontologia-albania.jpg?w=800&amp;ssl=1 800w, https:\/\/i0.wp.com\/tiranadentalhospital.com\/it\/wp-content\/uploads\/2022\/01\/Parodontologia-albania.jpg?resize=300%2C188&amp;ssl=1 300w, https:\/\/i0.wp.com\/tiranadentalhospital.com\/it\/wp-content\/uploads\/2022\/01\/Parodontologia-albania.jpg?resize=75%2C47&amp;ssl=1 75w\" sizes=\"auto, (max-width: 800px) 100vw, 800px\" \/><\/div><\/div><\/div><\/div><\/div><\/div><\/section><section class=\"l-section wpb_row us_custom_85aebea1 height_custom\"><div class=\"l-section-h i-cf\"><div class=\"g-cols vc_row via_grid cols_1 laptops-cols_inherit tablets-cols_inherit mobiles-cols_1 valign_top type_default stacking_default\"><div class=\"wpb_column vc_column_container\"><div class=\"vc_column-inner\"><h2 class=\"w-text us_custom_eb849559\"><span class=\"w-text-h\"><span class=\"w-text-value\">I nostri servizi di Parodontologia<\/span><\/span><\/h2><div class=\"w-separator size_small with_line width_50 thick_1 style_solid color_primary align_center with_content\"><div class=\"w-separator-h\"><i class=\"fas fa-tooth\"><\/i><\/div><\/div><div class=\"g-cols wpb_row via_grid cols_3 laptops-cols_inherit tablets-cols_inherit mobiles-cols_1 valign_top type_default stacking_default\" style=\"--columns-gap:3rem;\"><div class=\"wpb_column vc_column_container\"><div class=\"vc_column-inner\"><div class=\"w-ibanner us_custom_d6e28809 has_text_color animation_phorcys ratio_1x1 easing_ease\"><a title=\"Igiene orale e prevenzione\" href=\"https:\/\/tiranadentalhospital.com\/it\/parodontologia\/igiene-orale-e-prevenzione\/\" aria-label=\"Igiene orale e prevenzione\"><\/a><div class=\"w-ibanner-h\"><div class=\"w-ibanner-image\" style=\"background-image: url(https:\/\/i0.wp.com\/tiranadentalhospital.com\/it\/wp-content\/uploads\/2022\/04\/igiene-orale.jpg?fit=1000%2C666&#038;ssl=1)\"><\/div><div class=\"w-ibanner-content\"><div class=\"w-ibanner-content-h\"><h2 class=\"w-ibanner-title\">Igiene orale e prevenzione<\/h2><div class=\"w-ibanner-desc\"><p>Scopri di pi\u00f9 a riguardo<\/p>\n<\/div><\/div><\/div><\/div><\/div><\/div><\/div><div class=\"wpb_column vc_column_container\"><div class=\"vc_column-inner\"><div class=\"w-ibanner us_custom_d6e28809 has_text_color animation_phorcys ratio_1x1 easing_ease\"><a title=\"Chirurgia parodontale\" href=\"https:\/\/tiranadentalhospital.com\/it\/parodontologia\/chirurgia-parodontale\/\" aria-label=\"Chirurgia parodontale\"><\/a><div class=\"w-ibanner-h\"><div class=\"w-ibanner-image\" style=\"background-image: url(https:\/\/i0.wp.com\/tiranadentalhospital.com\/it\/wp-content\/uploads\/2022\/05\/chirurgia_paradontal.png?fit=270%2C270&#038;ssl=1)\"><\/div><div class=\"w-ibanner-content\"><div class=\"w-ibanner-content-h\"><h2 class=\"w-ibanner-title\">Chirurgia parodontale<\/h2><div class=\"w-ibanner-desc\"><p>Scopri di pi\u00f9 a riguardo<\/p>\n<\/div><\/div><\/div><\/div><\/div><\/div><\/div><div class=\"wpb_column vc_column_container\"><div class=\"vc_column-inner\"><div class=\"w-ibanner us_custom_d6e28809 has_text_color animation_phorcys ratio_1x1 easing_ease\"><a title=\"Trattamento piorrea\" href=\"https:\/\/tiranadentalhospital.com\/it\/parodontologia\/trattamento-piorrea\/\" aria-label=\"Trattamento piorrea\"><\/a><div class=\"w-ibanner-h\"><div class=\"w-ibanner-image\" style=\"background-image: url(https:\/\/i0.wp.com\/tiranadentalhospital.com\/it\/wp-content\/uploads\/2022\/05\/piorrea-albania.jpeg?fit=870%2C735&#038;ssl=1)\"><\/div><div class=\"w-ibanner-content\"><div class=\"w-ibanner-content-h\"><h2 class=\"w-ibanner-title\">Trattamento piorrea<\/h2><div class=\"w-ibanner-desc\"><p>Scopri di pi\u00f9 a riguardo<\/p>\n<\/div><\/div><\/div><\/div><\/div><\/div><\/div><\/div><\/div><\/div><\/div><\/div><\/section>\n","protected":false},"excerpt":{"rendered":"ParadontologiaPer paradontologia intendiamo quel ramo odontoiatrico che permette di curare i tessuti molli e duri attorno al dente (ovvero la gengiva) e che permette il loro sano mantenimento. I nostri servizi di ParodontologiaIgiene orale e prevenzioneScopri di pi\u00f9 a riguardo Chirurgia parodontaleScopri di pi\u00f9 a riguardo Trattamento piorreaScopri di pi\u00f9 a riguardo","protected":false},"author":1,"featured_media":0,"parent":0,"menu_order":0,"comment_status":"closed","ping_status":"closed","template":"","meta":{"nf_dc_page":"","footnotes":""},"class_list":["post-7738","page","type-page","status-publish","hentry"],"yoast_head":"<!-- This site is optimized with the Yoast SEO plugin v27.4 - https:\/\/yoast.com\/product\/yoast-seo-wordpress\/ -->\n<title>Parodontologia - Tirana Dental Hospital<\/title>\n<meta name=\"description\" content=\"Da Tirana puoi svolgere il trattamento della piorrea e la chirurgia parodontale. Forniamo consigli per prevenire problemi alla gengiva.\" \/>\n<meta name=\"robots\" content=\"index, follow, max-snippet:-1, max-image-preview:large, max-video-preview:-1\" \/>\n<link rel=\"canonical\" href=\"https:\/\/tiranadentalhospital.com\/it\/parodontologia\/\" \/>\n<meta property=\"og:locale\" content=\"it_IT\" \/>\n<meta property=\"og:type\" content=\"article\" \/>\n<meta property=\"og:title\" content=\"Parodontologia - Tirana Dental Hospital\" \/>\n<meta property=\"og:description\" content=\"Da Tirana puoi svolgere il trattamento della piorrea e la chirurgia parodontale. Forniamo consigli per prevenire problemi alla gengiva.\" \/>\n<meta property=\"og:url\" content=\"https:\/\/tiranadentalhospital.com\/it\/parodontologia\/\" \/>\n<meta property=\"og:site_name\" content=\"Tirana Dental Hospital\" \/>\n<meta property=\"article:publisher\" content=\"https:\/\/www.facebook.com\/tiranadentalhospitalcuredentaliinalbania\" \/>\n<meta property=\"article:modified_time\" content=\"2022-06-04T22:18:27+00:00\" \/>\n<meta property=\"og:image\" content=\"https:\/\/i0.wp.com\/tiranadentalhospital.com\/it\/wp-content\/uploads\/2025\/04\/tiranadentalhospital-1.png?fit=1200%2C675&ssl=1\" \/>\n\t<meta property=\"og:image:width\" content=\"1200\" \/>\n\t<meta property=\"og:image:height\" content=\"675\" \/>\n\t<meta property=\"og:image:type\" content=\"image\/png\" \/>\n<meta name=\"twitter:card\" content=\"summary_large_image\" \/>\n<meta name=\"twitter:label1\" content=\"Tempo di lettura stimato\" \/>\n\t<meta name=\"twitter:data1\" content=\"1 minuto\" \/>\n<script type=\"application\/ld+json\" class=\"yoast-schema-graph\">{\"@context\":\"https:\\\/\\\/schema.org\",\"@graph\":[{\"@type\":\"WebPage\",\"@id\":\"https:\\\/\\\/tiranadentalhospital.com\\\/it\\\/parodontologia\\\/\",\"url\":\"https:\\\/\\\/tiranadentalhospital.com\\\/it\\\/parodontologia\\\/\",\"name\":\"Parodontologia - Tirana Dental Hospital\",\"isPartOf\":{\"@id\":\"https:\\\/\\\/tiranadentalhospital.com\\\/it\\\/#website\"},\"datePublished\":\"2022-02-14T23:03:38+00:00\",\"dateModified\":\"2022-06-04T22:18:27+00:00\",\"description\":\"Da Tirana puoi svolgere il trattamento della piorrea e la chirurgia parodontale. Forniamo consigli per prevenire problemi alla gengiva.\",\"breadcrumb\":{\"@id\":\"https:\\\/\\\/tiranadentalhospital.com\\\/it\\\/parodontologia\\\/#breadcrumb\"},\"inLanguage\":\"it-IT\",\"potentialAction\":[{\"@type\":\"ReadAction\",\"target\":[\"https:\\\/\\\/tiranadentalhospital.com\\\/it\\\/parodontologia\\\/\"]}]},{\"@type\":\"BreadcrumbList\",\"@id\":\"https:\\\/\\\/tiranadentalhospital.com\\\/it\\\/parodontologia\\\/#breadcrumb\",\"itemListElement\":[{\"@type\":\"ListItem\",\"position\":1,\"name\":\"Home\",\"item\":\"https:\\\/\\\/tiranadentalhospital.com\\\/it\\\/\"},{\"@type\":\"ListItem\",\"position\":2,\"name\":\"Parodontologia\"}]},{\"@type\":\"WebSite\",\"@id\":\"https:\\\/\\\/tiranadentalhospital.com\\\/it\\\/#website\",\"url\":\"https:\\\/\\\/tiranadentalhospital.com\\\/it\\\/\",\"name\":\"Tirana Dental Hospital\",\"description\":\"Clinica odontoiatrica a Tirana\",\"publisher\":{\"@id\":\"https:\\\/\\\/tiranadentalhospital.com\\\/it\\\/#organization\"},\"alternateName\":\"Dental Hospital a Tirana\",\"potentialAction\":[{\"@type\":\"SearchAction\",\"target\":{\"@type\":\"EntryPoint\",\"urlTemplate\":\"https:\\\/\\\/tiranadentalhospital.com\\\/it\\\/?s={search_term_string}\"},\"query-input\":{\"@type\":\"PropertyValueSpecification\",\"valueRequired\":true,\"valueName\":\"search_term_string\"}}],\"inLanguage\":\"it-IT\"},{\"@type\":\"Organization\",\"@id\":\"https:\\\/\\\/tiranadentalhospital.com\\\/it\\\/#organization\",\"name\":\"Tirana Dental Hospital\",\"alternateName\":\"Dental Hospital a Tirana\",\"url\":\"https:\\\/\\\/tiranadentalhospital.com\\\/it\\\/\",\"logo\":{\"@type\":\"ImageObject\",\"inLanguage\":\"it-IT\",\"@id\":\"https:\\\/\\\/tiranadentalhospital.com\\\/it\\\/#\\\/schema\\\/logo\\\/image\\\/\",\"url\":\"https:\\\/\\\/tiranadentalhospital.com\\\/it\\\/wp-content\\\/uploads\\\/2022\\\/02\\\/TDH_Logo-2-1.svg\",\"contentUrl\":\"https:\\\/\\\/tiranadentalhospital.com\\\/it\\\/wp-content\\\/uploads\\\/2022\\\/02\\\/TDH_Logo-2-1.svg\",\"width\":\"1024\",\"height\":\"1024\",\"caption\":\"Tirana Dental Hospital\"},\"image\":{\"@id\":\"https:\\\/\\\/tiranadentalhospital.com\\\/it\\\/#\\\/schema\\\/logo\\\/image\\\/\"},\"sameAs\":[\"https:\\\/\\\/www.facebook.com\\\/tiranadentalhospitalcuredentaliinalbania\",\"https:\\\/\\\/www.youtube.com\\\/channel\\\/UCJV1YJNOw9Z0y7eD3KhD-7g\\\/videos\",\"https:\\\/\\\/www.instagram.com\\\/tirana.dental.hospital\\\/\"]}]}<\/script>\n<!-- \/ Yoast SEO plugin. -->","yoast_head_json":{"title":"Parodontologia - Tirana Dental Hospital","description":"Da Tirana puoi svolgere il trattamento della piorrea e la chirurgia parodontale. Forniamo consigli per prevenire problemi alla gengiva.","robots":{"index":"index","follow":"follow","max-snippet":"max-snippet:-1","max-image-preview":"max-image-preview:large","max-video-preview":"max-video-preview:-1"},"canonical":"https:\/\/tiranadentalhospital.com\/it\/parodontologia\/","og_locale":"it_IT","og_type":"article","og_title":"Parodontologia - Tirana Dental Hospital","og_description":"Da Tirana puoi svolgere il trattamento della piorrea e la chirurgia parodontale. Forniamo consigli per prevenire problemi alla gengiva.","og_url":"https:\/\/tiranadentalhospital.com\/it\/parodontologia\/","og_site_name":"Tirana Dental Hospital","article_publisher":"https:\/\/www.facebook.com\/tiranadentalhospitalcuredentaliinalbania","article_modified_time":"2022-06-04T22:18:27+00:00","og_image":[{"width":1200,"height":675,"url":"https:\/\/i0.wp.com\/tiranadentalhospital.com\/it\/wp-content\/uploads\/2025\/04\/tiranadentalhospital-1.png?fit=1200%2C675&ssl=1","type":"image\/png"}],"twitter_card":"summary_large_image","twitter_misc":{"Tempo di lettura stimato":"1 minuto"},"schema":{"@context":"https:\/\/schema.org","@graph":[{"@type":"WebPage","@id":"https:\/\/tiranadentalhospital.com\/it\/parodontologia\/","url":"https:\/\/tiranadentalhospital.com\/it\/parodontologia\/","name":"Parodontologia - Tirana Dental Hospital","isPartOf":{"@id":"https:\/\/tiranadentalhospital.com\/it\/#website"},"datePublished":"2022-02-14T23:03:38+00:00","dateModified":"2022-06-04T22:18:27+00:00","description":"Da Tirana puoi svolgere il trattamento della piorrea e la chirurgia parodontale. Forniamo consigli per prevenire problemi alla gengiva.","breadcrumb":{"@id":"https:\/\/tiranadentalhospital.com\/it\/parodontologia\/#breadcrumb"},"inLanguage":"it-IT","potentialAction":[{"@type":"ReadAction","target":["https:\/\/tiranadentalhospital.com\/it\/parodontologia\/"]}]},{"@type":"BreadcrumbList","@id":"https:\/\/tiranadentalhospital.com\/it\/parodontologia\/#breadcrumb","itemListElement":[{"@type":"ListItem","position":1,"name":"Home","item":"https:\/\/tiranadentalhospital.com\/it\/"},{"@type":"ListItem","position":2,"name":"Parodontologia"}]},{"@type":"WebSite","@id":"https:\/\/tiranadentalhospital.com\/it\/#website","url":"https:\/\/tiranadentalhospital.com\/it\/","name":"Tirana Dental Hospital","description":"Clinica odontoiatrica a Tirana","publisher":{"@id":"https:\/\/tiranadentalhospital.com\/it\/#organization"},"alternateName":"Dental Hospital a Tirana","potentialAction":[{"@type":"SearchAction","target":{"@type":"EntryPoint","urlTemplate":"https:\/\/tiranadentalhospital.com\/it\/?s={search_term_string}"},"query-input":{"@type":"PropertyValueSpecification","valueRequired":true,"valueName":"search_term_string"}}],"inLanguage":"it-IT"},{"@type":"Organization","@id":"https:\/\/tiranadentalhospital.com\/it\/#organization","name":"Tirana Dental Hospital","alternateName":"Dental Hospital a Tirana","url":"https:\/\/tiranadentalhospital.com\/it\/","logo":{"@type":"ImageObject","inLanguage":"it-IT","@id":"https:\/\/tiranadentalhospital.com\/it\/#\/schema\/logo\/image\/","url":"https:\/\/tiranadentalhospital.com\/it\/wp-content\/uploads\/2022\/02\/TDH_Logo-2-1.svg","contentUrl":"https:\/\/tiranadentalhospital.com\/it\/wp-content\/uploads\/2022\/02\/TDH_Logo-2-1.svg","width":"1024","height":"1024","caption":"Tirana Dental Hospital"},"image":{"@id":"https:\/\/tiranadentalhospital.com\/it\/#\/schema\/logo\/image\/"},"sameAs":["https:\/\/www.facebook.com\/tiranadentalhospitalcuredentaliinalbania","https:\/\/www.youtube.com\/channel\/UCJV1YJNOw9Z0y7eD3KhD-7g\/videos","https:\/\/www.instagram.com\/tirana.dental.hospital\/"]}]}},"jetpack_sharing_enabled":true,"_links":{"self":[{"href":"https:\/\/tiranadentalhospital.com\/it\/wp-json\/wp\/v2\/pages\/7738","targetHints":{"allow":["GET"]}}],"collection":[{"href":"https:\/\/tiranadentalhospital.com\/it\/wp-json\/wp\/v2\/pages"}],"about":[{"href":"https:\/\/tiranadentalhospital.com\/it\/wp-json\/wp\/v2\/types\/page"}],"author":[{"embeddable":true,"href":"https:\/\/tiranadentalhospital.com\/it\/wp-json\/wp\/v2\/users\/1"}],"replies":[{"embeddable":true,"href":"https:\/\/tiranadentalhospital.com\/it\/wp-json\/wp\/v2\/comments?post=7738"}],"version-history":[{"count":14,"href":"https:\/\/tiranadentalhospital.com\/it\/wp-json\/wp\/v2\/pages\/7738\/revisions"}],"predecessor-version":[{"id":8674,"href":"https:\/\/tiranadentalhospital.com\/it\/wp-json\/wp\/v2\/pages\/7738\/revisions\/8674"}],"wp:attachment":[{"href":"https:\/\/tiranadentalhospital.com\/it\/wp-json\/wp\/v2\/media?parent=7738"}],"curies":[{"name":"wp","href":"https:\/\/api.w.org\/{rel}","templated":true}]}}