{"id":7952,"date":"2022-03-07T15:36:55","date_gmt":"2022-03-07T15:36:55","guid":{"rendered":"https:\/\/tiranadentalhospital.com\/it\/?page_id=7952"},"modified":"2022-03-08T11:52:44","modified_gmt":"2022-03-08T11:52:44","slug":"rialzo-seno-mascellare-costo-albania","status":"publish","type":"page","link":"https:\/\/tiranadentalhospital.com\/it\/impianti-dentali-tirana\/rialzo-seno-mascellare-costo-albania\/","title":{"rendered":"Rialzo del Seno Mascellare"},"content":{"rendered":"<section class=\"l-section wpb_row height_custom\"><div class=\"l-section-h i-cf\"><div class=\"g-cols vc_row via_grid cols_1 laptops-cols_inherit tablets-cols_inherit mobiles-cols_1 valign_top type_default stacking_default\"><div class=\"wpb_column vc_column_container\"><div class=\"vc_column-inner\"><nav class=\"g-breadcrumbs separator_icon align_left hide_current\" itemscope itemtype=\"http:\/\/schema.org\/BreadcrumbList\"><div class=\"g-breadcrumbs-item\" itemscope itemprop=\"itemListElement\" itemtype=\"http:\/\/schema.org\/ListItem\"><a itemprop=\"item\" href=\"https:\/\/tiranadentalhospital.com\/it\/\"><span itemprop=\"name\">Home<\/span><\/a><meta itemprop=\"position\" content=\"1\"\/><\/div><div class=\"g-breadcrumbs-separator\"><i class=\"far fa-angle-right\"><\/i><\/div><div class=\"g-breadcrumbs-item\">Pagine<\/div><\/nav><\/div><\/div><\/div><\/div><\/section><section class=\"l-section wpb_row height_custom\"><div class=\"l-section-h i-cf\"><div class=\"g-cols vc_row via_grid cols_2-1 laptops-cols_inherit tablets-cols_inherit mobiles-cols_1 valign_top type_default stacking_default\"><div class=\"wpb_column vc_column_container\"><div class=\"vc_column-inner\"><h2 class=\"w-text\"><span class=\"w-text-h\"><span class=\"w-text-value\">Rialzo del Seno Mascellare<\/span><\/span><\/h2><div class=\"wpb_text_column\"><div class=\"wpb_wrapper\"><p>Con <strong>rialzo del seno mascellare<\/strong>, ci riferiamo ad un intervento chirurgico che <strong>permette di aumentare la quantit\u00e0 di osso disponibile<\/strong> al fine di posizionare un <u>impianto dentale<\/u>. L&#8217;intervento consiste nell&#8217;aumento (ovvero un rialzo vero e proprio) dei seni mascellari, ottenuto mediante l&#8217;apposizione di osso nello spazio che si crea fra la membrana sinusale (che viene sollevata) e il pavimento del seno mascellare.<\/p>\n<p>Il chirurgo prepara il campo operatorio, <strong>aprendo una piccola finestra laterale nel seno mascellare<\/strong> e solleva la membrana sinusale. Nella cavit\u00e0 creata, <strong>viene inserito il biomateriale di osso eterologo<\/strong> preparato e vengono anche inseriti gli impianti previsti per poi sigillare il seno con una <u>membrana in collagene<\/u>. L&#8217;intervento viene concluso chiudendo la finestra creata con delle suture.<\/p>\n<p>L&#8217;intervento viene <u>eseguito in anestesia locale<\/u> come un qualsiasi tipo di intervento chirurgico odontoiatrico. La durata dell&#8217;<strong>intervento non dovrebbe superare i 30 minuti<\/strong> e il paziente non prova disagio durante la procedura. Alla termine dell&#8217;intervento verr\u00e0 somministrato un antidolorifico per diminuire il dolore.<\/p>\n<\/div><\/div><\/div><\/div><div class=\"wpb_column vc_column_container\"><div class=\"vc_column-inner\"><div class=\"w-image align_center meta_simple\"><div class=\"w-image-h\"><img decoding=\"async\" width=\"900\" height=\"600\" src=\"https:\/\/i0.wp.com\/tiranadentalhospital.com\/it\/wp-content\/uploads\/2022\/03\/rialzo_seno_mascellare.jpg?fit=900%2C600&amp;ssl=1\" class=\"attachment-large size-large\" alt=\"Impianto inserito con l&#039;aggiunta di osso\" loading=\"lazy\" srcset=\"https:\/\/i0.wp.com\/tiranadentalhospital.com\/it\/wp-content\/uploads\/2022\/03\/rialzo_seno_mascellare.jpg?w=900&amp;ssl=1 900w, https:\/\/i0.wp.com\/tiranadentalhospital.com\/it\/wp-content\/uploads\/2022\/03\/rialzo_seno_mascellare.jpg?resize=300%2C200&amp;ssl=1 300w\" sizes=\"auto, (max-width: 900px) 100vw, 900px\" \/><\/div><div class=\"w-image-meta\"><div class=\"w-image-title\">Impianto inserito con l'aggiunta di osso<\/div><\/div><\/div><\/div><\/div><\/div><\/div><\/section><section class=\"l-section wpb_row height_custom\"><div class=\"l-section-h i-cf\"><div class=\"g-cols vc_row via_grid cols_1 laptops-cols_inherit tablets-cols_inherit mobiles-cols_1 valign_top type_default stacking_default\"><div class=\"wpb_column vc_column_container\"><div class=\"vc_column-inner\"><div class=\"w-separator size_medium\"><\/div><\/div><\/div><\/div><\/div><\/section><section class=\"l-section wpb_row height_custom\"><div class=\"l-section-h i-cf\"><div class=\"g-cols vc_row via_grid cols_1-3 laptops-cols_inherit tablets-cols_inherit mobiles-cols_1 valign_top type_default stacking_default\"><div class=\"wpb_column vc_column_container\"><div class=\"vc_column-inner\"><div class=\"w-image align_center meta_simple\"><div class=\"w-image-h\"><img decoding=\"async\" width=\"731\" height=\"548\" src=\"https:\/\/i0.wp.com\/tiranadentalhospital.com\/it\/wp-content\/uploads\/2022\/03\/rialzo_seno_mascellare_2.jpg?fit=731%2C548&amp;ssl=1\" class=\"attachment-large size-large\" alt=\"Rialzo seno mascellare\" loading=\"lazy\" srcset=\"https:\/\/i0.wp.com\/tiranadentalhospital.com\/it\/wp-content\/uploads\/2022\/03\/rialzo_seno_mascellare_2.jpg?w=731&amp;ssl=1 731w, https:\/\/i0.wp.com\/tiranadentalhospital.com\/it\/wp-content\/uploads\/2022\/03\/rialzo_seno_mascellare_2.jpg?resize=300%2C225&amp;ssl=1 300w\" sizes=\"auto, (max-width: 731px) 100vw, 731px\" \/><\/div><div class=\"w-image-meta\"><div class=\"w-image-title\">Rialzo seno mascellare<\/div><\/div><\/div><\/div><\/div><div class=\"wpb_column vc_column_container\"><div class=\"vc_column-inner\"><h2 class=\"w-text\"><span class=\"w-text-h\"><span class=\"w-text-value\">Chi pu\u00f2 fare l&#8217;intervento e quali controindicazioni esistono?<\/span><\/span><\/h2><div class=\"wpb_text_column\"><div class=\"wpb_wrapper\"><p>Per sapere se \u00e8 possibile effettuare un intervento di rialzo del seno mascellare, un nostro medico deve <strong>eseguire una radiografia ortopanoramica<\/strong> necessaria a conoscere la situazione della struttura dentale e quella ossea. Spesso <u>si raccomanda una tac dell&#8217;osso mascellare<\/u> per fare una valutazione esatta della quantit\u00e0 di osso presente. Queste analisi permettono di valutare la membrana del seno, il suo spessore e l&#8217;eventuale presenza di setti all&#8217;interno del seno mascellare.<\/p>\n<p>Il paziente deve essere a conoscenza del fatto che <u>ci sono delle controindicazioni<\/u> che potrebbero rendere sconsigliabile l&#8217;intervento:<\/p>\n<ul>\n<li><strong>Problemi di sinusite<\/strong>;<\/li>\n<li><strong>Neoplasie<\/strong>;<\/li>\n<li><strong>Cisti<\/strong>;<\/li>\n<li><strong>Lesioni preesistenti, ai denti o nell&#8217;area interessata dall&#8217;intervento<\/strong>.<\/li>\n<\/ul>\n<p>Ad ogni modo sar\u00e0 data la possibilit\u00e0 di discutere di queste controindicazioni con il medico che eseguir\u00e0 l&#8217;operazione.<\/p>\n<\/div><\/div><\/div><\/div><\/div><\/div><\/section><section class=\"l-section wpb_row height_custom\"><div class=\"l-section-h i-cf\"><div class=\"g-cols vc_row via_grid cols_1 laptops-cols_inherit tablets-cols_inherit mobiles-cols_1 valign_top type_default stacking_default\"><div class=\"wpb_column vc_column_container\"><div class=\"vc_column-inner\"><div class=\"w-separator size_medium\"><\/div><\/div><\/div><\/div><\/div><\/section><section class=\"l-section wpb_row height_custom\"><div class=\"l-section-h i-cf\"><div class=\"g-cols vc_row via_grid cols_1 laptops-cols_inherit tablets-cols_inherit mobiles-cols_1 valign_top type_default stacking_default\"><div class=\"wpb_column vc_column_container\"><div class=\"vc_column-inner\"><h2 class=\"w-text\"><span class=\"w-text-h\"><span class=\"w-text-value\">Quali sono i vantaggi del rialzo del seno mascellare?<\/span><\/span><\/h2><div class=\"wpb_text_column\"><div class=\"wpb_wrapper\"><p>Svolgere questa operazione comporta notevoli vantaggi:<\/p>\n<ul>\n<li>Attraverso questo tipo di chirurgia odontoiatrica, \u00e8 possibile permettere anche a quei pazienti che hanno poco osso di <strong>ottenere denti fissi e stabili<\/strong>.<\/li>\n<li>Tramite un piccolo intervento riusciamo a guadagnare la <strong>profondit\u00e0 ossea<\/strong> necessaria a garantire l&#8217;inserimento di un impianto in titanio della giusta lunghezza. In questo modo <strong>il nuovo dente artificiale disporr\u00e0 di maggiore stabilit\u00e0<\/strong> e garanzia di durata nel tempo.<\/li>\n<li>Sia il mini rialzo che il grande rialzo <strong>permettono di rigenerare nuovo tessuto osseo<\/strong> nei punti in cui il paziente ne \u00e8 carente, cos\u00ec da poter applicare gli impianti dentali anche dove manca osso.<\/li>\n<li>Un grande vantaggio dell&#8217;intervento \u00e8 il fatto di non risultare doloroso, n\u00e9 troppo invasivo.<\/li>\n<\/ul>\n<p>Se desideri nuovi denti fissi, ma disponi di poco osso, la soluzione al tuo problema potrebbe essere un intervento di rialzo del seno mascellare.<\/p>\n<\/div><\/div><\/div><\/div><\/div><\/div><\/section><section class=\"l-section wpb_row height_custom\"><div class=\"l-section-h i-cf\"><div class=\"g-cols vc_row via_grid cols_1 laptops-cols_inherit tablets-cols_inherit mobiles-cols_1 valign_top type_default stacking_default\"><div class=\"wpb_column vc_column_container\"><div class=\"vc_column-inner\"><div class=\"w-separator size_medium\"><\/div><\/div><\/div><\/div><\/div><\/section>\n","protected":false},"excerpt":{"rendered":"HomePagineRialzo del Seno MascellareCon rialzo del seno mascellare, ci riferiamo ad un intervento chirurgico che permette di aumentare la quantit\u00e0 di osso disponibile al fine di posizionare un impianto dentale. L&#8217;intervento consiste nell&#8217;aumento (ovvero un rialzo vero e proprio) dei seni mascellari, ottenuto mediante l&#8217;apposizione di osso nello spazio che si crea fra la membrana...","protected":false},"author":3,"featured_media":0,"parent":7549,"menu_order":0,"comment_status":"closed","ping_status":"closed","template":"","meta":{"nf_dc_page":"","footnotes":""},"class_list":["post-7952","page","type-page","status-publish","hentry"],"yoast_head":"<!-- This site is optimized with the Yoast SEO plugin v27.4 - https:\/\/yoast.com\/product\/yoast-seo-wordpress\/ -->\n<title>Rialzo del Seno Mascellare - Tirana Dental Hospital<\/title>\n<meta name=\"description\" content=\"Il rialzo del seno mascellare \u00e8 un intervento che permette di aumentare la quantit\u00e0 di osso al fine di posizionare un impianto dentale.\" \/>\n<meta name=\"robots\" content=\"index, follow, max-snippet:-1, max-image-preview:large, max-video-preview:-1\" \/>\n<link rel=\"canonical\" href=\"https:\/\/tiranadentalhospital.com\/it\/impianti-dentali-tirana\/rialzo-seno-mascellare-costo-albania\/\" \/>\n<meta property=\"og:locale\" content=\"it_IT\" \/>\n<meta property=\"og:type\" content=\"article\" \/>\n<meta property=\"og:title\" content=\"Rialzo del Seno Mascellare - Tirana Dental Hospital\" \/>\n<meta property=\"og:description\" content=\"Il rialzo del seno mascellare \u00e8 un intervento che permette di aumentare la quantit\u00e0 di osso al fine di posizionare un impianto dentale.\" \/>\n<meta property=\"og:url\" content=\"https:\/\/tiranadentalhospital.com\/it\/impianti-dentali-tirana\/rialzo-seno-mascellare-costo-albania\/\" \/>\n<meta property=\"og:site_name\" content=\"Tirana Dental Hospital\" \/>\n<meta property=\"article:publisher\" content=\"https:\/\/www.facebook.com\/tiranadentalhospitalcuredentaliinalbania\" \/>\n<meta property=\"article:modified_time\" content=\"2022-03-08T11:52:44+00:00\" \/>\n<meta property=\"og:image\" content=\"https:\/\/i0.wp.com\/tiranadentalhospital.com\/it\/wp-content\/uploads\/2025\/04\/tiranadentalhospital-1.png?fit=1200%2C675&ssl=1\" \/>\n\t<meta property=\"og:image:width\" content=\"1200\" \/>\n\t<meta property=\"og:image:height\" content=\"675\" \/>\n\t<meta property=\"og:image:type\" content=\"image\/png\" \/>\n<meta name=\"twitter:card\" content=\"summary_large_image\" \/>\n<meta name=\"twitter:label1\" content=\"Tempo di lettura stimato\" \/>\n\t<meta name=\"twitter:data1\" content=\"3 minuti\" \/>\n<script type=\"application\/ld+json\" class=\"yoast-schema-graph\">{\"@context\":\"https:\\\/\\\/schema.org\",\"@graph\":[{\"@type\":\"WebPage\",\"@id\":\"https:\\\/\\\/tiranadentalhospital.com\\\/it\\\/impianti-dentali-tirana\\\/rialzo-seno-mascellare-costo-albania\\\/\",\"url\":\"https:\\\/\\\/tiranadentalhospital.com\\\/it\\\/impianti-dentali-tirana\\\/rialzo-seno-mascellare-costo-albania\\\/\",\"name\":\"Rialzo del Seno Mascellare - Tirana Dental Hospital\",\"isPartOf\":{\"@id\":\"https:\\\/\\\/tiranadentalhospital.com\\\/it\\\/#website\"},\"datePublished\":\"2022-03-07T15:36:55+00:00\",\"dateModified\":\"2022-03-08T11:52:44+00:00\",\"description\":\"Il rialzo del seno mascellare \u00e8 un intervento che permette di aumentare la quantit\u00e0 di osso al fine di posizionare un impianto dentale.\",\"breadcrumb\":{\"@id\":\"https:\\\/\\\/tiranadentalhospital.com\\\/it\\\/impianti-dentali-tirana\\\/rialzo-seno-mascellare-costo-albania\\\/#breadcrumb\"},\"inLanguage\":\"it-IT\",\"potentialAction\":[{\"@type\":\"ReadAction\",\"target\":[\"https:\\\/\\\/tiranadentalhospital.com\\\/it\\\/impianti-dentali-tirana\\\/rialzo-seno-mascellare-costo-albania\\\/\"]}]},{\"@type\":\"BreadcrumbList\",\"@id\":\"https:\\\/\\\/tiranadentalhospital.com\\\/it\\\/impianti-dentali-tirana\\\/rialzo-seno-mascellare-costo-albania\\\/#breadcrumb\",\"itemListElement\":[{\"@type\":\"ListItem\",\"position\":1,\"name\":\"Home\",\"item\":\"https:\\\/\\\/tiranadentalhospital.com\\\/it\\\/\"},{\"@type\":\"ListItem\",\"position\":2,\"name\":\"Impianti Dentali Tirana\",\"item\":\"https:\\\/\\\/tiranadentalhospital.com\\\/it\\\/impianti-dentali-tirana\\\/\"},{\"@type\":\"ListItem\",\"position\":3,\"name\":\"Rialzo del Seno Mascellare\"}]},{\"@type\":\"WebSite\",\"@id\":\"https:\\\/\\\/tiranadentalhospital.com\\\/it\\\/#website\",\"url\":\"https:\\\/\\\/tiranadentalhospital.com\\\/it\\\/\",\"name\":\"Tirana Dental Hospital\",\"description\":\"Clinica odontoiatrica a Tirana\",\"publisher\":{\"@id\":\"https:\\\/\\\/tiranadentalhospital.com\\\/it\\\/#organization\"},\"alternateName\":\"Dental Hospital a Tirana\",\"potentialAction\":[{\"@type\":\"SearchAction\",\"target\":{\"@type\":\"EntryPoint\",\"urlTemplate\":\"https:\\\/\\\/tiranadentalhospital.com\\\/it\\\/?s={search_term_string}\"},\"query-input\":{\"@type\":\"PropertyValueSpecification\",\"valueRequired\":true,\"valueName\":\"search_term_string\"}}],\"inLanguage\":\"it-IT\"},{\"@type\":\"Organization\",\"@id\":\"https:\\\/\\\/tiranadentalhospital.com\\\/it\\\/#organization\",\"name\":\"Tirana Dental Hospital\",\"alternateName\":\"Dental Hospital a Tirana\",\"url\":\"https:\\\/\\\/tiranadentalhospital.com\\\/it\\\/\",\"logo\":{\"@type\":\"ImageObject\",\"inLanguage\":\"it-IT\",\"@id\":\"https:\\\/\\\/tiranadentalhospital.com\\\/it\\\/#\\\/schema\\\/logo\\\/image\\\/\",\"url\":\"https:\\\/\\\/tiranadentalhospital.com\\\/it\\\/wp-content\\\/uploads\\\/2022\\\/02\\\/TDH_Logo-2-1.svg\",\"contentUrl\":\"https:\\\/\\\/tiranadentalhospital.com\\\/it\\\/wp-content\\\/uploads\\\/2022\\\/02\\\/TDH_Logo-2-1.svg\",\"width\":\"1024\",\"height\":\"1024\",\"caption\":\"Tirana Dental Hospital\"},\"image\":{\"@id\":\"https:\\\/\\\/tiranadentalhospital.com\\\/it\\\/#\\\/schema\\\/logo\\\/image\\\/\"},\"sameAs\":[\"https:\\\/\\\/www.facebook.com\\\/tiranadentalhospitalcuredentaliinalbania\",\"https:\\\/\\\/www.youtube.com\\\/channel\\\/UCJV1YJNOw9Z0y7eD3KhD-7g\\\/videos\",\"https:\\\/\\\/www.instagram.com\\\/tirana.dental.hospital\\\/\"]}]}<\/script>\n<!-- \/ Yoast SEO plugin. -->","yoast_head_json":{"title":"Rialzo del Seno Mascellare - Tirana Dental Hospital","description":"Il rialzo del seno mascellare \u00e8 un intervento che permette di aumentare la quantit\u00e0 di osso al fine di posizionare un impianto dentale.","robots":{"index":"index","follow":"follow","max-snippet":"max-snippet:-1","max-image-preview":"max-image-preview:large","max-video-preview":"max-video-preview:-1"},"canonical":"https:\/\/tiranadentalhospital.com\/it\/impianti-dentali-tirana\/rialzo-seno-mascellare-costo-albania\/","og_locale":"it_IT","og_type":"article","og_title":"Rialzo del Seno Mascellare - Tirana Dental Hospital","og_description":"Il rialzo del seno mascellare \u00e8 un intervento che permette di aumentare la quantit\u00e0 di osso al fine di posizionare un impianto dentale.","og_url":"https:\/\/tiranadentalhospital.com\/it\/impianti-dentali-tirana\/rialzo-seno-mascellare-costo-albania\/","og_site_name":"Tirana Dental Hospital","article_publisher":"https:\/\/www.facebook.com\/tiranadentalhospitalcuredentaliinalbania","article_modified_time":"2022-03-08T11:52:44+00:00","og_image":[{"width":1200,"height":675,"url":"https:\/\/i0.wp.com\/tiranadentalhospital.com\/it\/wp-content\/uploads\/2025\/04\/tiranadentalhospital-1.png?fit=1200%2C675&ssl=1","type":"image\/png"}],"twitter_card":"summary_large_image","twitter_misc":{"Tempo di lettura stimato":"3 minuti"},"schema":{"@context":"https:\/\/schema.org","@graph":[{"@type":"WebPage","@id":"https:\/\/tiranadentalhospital.com\/it\/impianti-dentali-tirana\/rialzo-seno-mascellare-costo-albania\/","url":"https:\/\/tiranadentalhospital.com\/it\/impianti-dentali-tirana\/rialzo-seno-mascellare-costo-albania\/","name":"Rialzo del Seno Mascellare - Tirana Dental Hospital","isPartOf":{"@id":"https:\/\/tiranadentalhospital.com\/it\/#website"},"datePublished":"2022-03-07T15:36:55+00:00","dateModified":"2022-03-08T11:52:44+00:00","description":"Il rialzo del seno mascellare \u00e8 un intervento che permette di aumentare la quantit\u00e0 di osso al fine di posizionare un impianto dentale.","breadcrumb":{"@id":"https:\/\/tiranadentalhospital.com\/it\/impianti-dentali-tirana\/rialzo-seno-mascellare-costo-albania\/#breadcrumb"},"inLanguage":"it-IT","potentialAction":[{"@type":"ReadAction","target":["https:\/\/tiranadentalhospital.com\/it\/impianti-dentali-tirana\/rialzo-seno-mascellare-costo-albania\/"]}]},{"@type":"BreadcrumbList","@id":"https:\/\/tiranadentalhospital.com\/it\/impianti-dentali-tirana\/rialzo-seno-mascellare-costo-albania\/#breadcrumb","itemListElement":[{"@type":"ListItem","position":1,"name":"Home","item":"https:\/\/tiranadentalhospital.com\/it\/"},{"@type":"ListItem","position":2,"name":"Impianti Dentali Tirana","item":"https:\/\/tiranadentalhospital.com\/it\/impianti-dentali-tirana\/"},{"@type":"ListItem","position":3,"name":"Rialzo del Seno Mascellare"}]},{"@type":"WebSite","@id":"https:\/\/tiranadentalhospital.com\/it\/#website","url":"https:\/\/tiranadentalhospital.com\/it\/","name":"Tirana Dental Hospital","description":"Clinica odontoiatrica a Tirana","publisher":{"@id":"https:\/\/tiranadentalhospital.com\/it\/#organization"},"alternateName":"Dental Hospital a Tirana","potentialAction":[{"@type":"SearchAction","target":{"@type":"EntryPoint","urlTemplate":"https:\/\/tiranadentalhospital.com\/it\/?s={search_term_string}"},"query-input":{"@type":"PropertyValueSpecification","valueRequired":true,"valueName":"search_term_string"}}],"inLanguage":"it-IT"},{"@type":"Organization","@id":"https:\/\/tiranadentalhospital.com\/it\/#organization","name":"Tirana Dental Hospital","alternateName":"Dental Hospital a Tirana","url":"https:\/\/tiranadentalhospital.com\/it\/","logo":{"@type":"ImageObject","inLanguage":"it-IT","@id":"https:\/\/tiranadentalhospital.com\/it\/#\/schema\/logo\/image\/","url":"https:\/\/tiranadentalhospital.com\/it\/wp-content\/uploads\/2022\/02\/TDH_Logo-2-1.svg","contentUrl":"https:\/\/tiranadentalhospital.com\/it\/wp-content\/uploads\/2022\/02\/TDH_Logo-2-1.svg","width":"1024","height":"1024","caption":"Tirana Dental Hospital"},"image":{"@id":"https:\/\/tiranadentalhospital.com\/it\/#\/schema\/logo\/image\/"},"sameAs":["https:\/\/www.facebook.com\/tiranadentalhospitalcuredentaliinalbania","https:\/\/www.youtube.com\/channel\/UCJV1YJNOw9Z0y7eD3KhD-7g\/videos","https:\/\/www.instagram.com\/tirana.dental.hospital\/"]}]}},"jetpack_sharing_enabled":true,"_links":{"self":[{"href":"https:\/\/tiranadentalhospital.com\/it\/wp-json\/wp\/v2\/pages\/7952","targetHints":{"allow":["GET"]}}],"collection":[{"href":"https:\/\/tiranadentalhospital.com\/it\/wp-json\/wp\/v2\/pages"}],"about":[{"href":"https:\/\/tiranadentalhospital.com\/it\/wp-json\/wp\/v2\/types\/page"}],"author":[{"embeddable":true,"href":"https:\/\/tiranadentalhospital.com\/it\/wp-json\/wp\/v2\/users\/3"}],"replies":[{"embeddable":true,"href":"https:\/\/tiranadentalhospital.com\/it\/wp-json\/wp\/v2\/comments?post=7952"}],"version-history":[{"count":17,"href":"https:\/\/tiranadentalhospital.com\/it\/wp-json\/wp\/v2\/pages\/7952\/revisions"}],"predecessor-version":[{"id":8002,"href":"https:\/\/tiranadentalhospital.com\/it\/wp-json\/wp\/v2\/pages\/7952\/revisions\/8002"}],"up":[{"embeddable":true,"href":"https:\/\/tiranadentalhospital.com\/it\/wp-json\/wp\/v2\/pages\/7549"}],"wp:attachment":[{"href":"https:\/\/tiranadentalhospital.com\/it\/wp-json\/wp\/v2\/media?parent=7952"}],"curies":[{"name":"wp","href":"https:\/\/api.w.org\/{rel}","templated":true}]}}