{"id":8106,"date":"2023-12-10T20:38:12","date_gmt":"2023-12-10T20:38:12","guid":{"rendered":"https:\/\/tiranadentalhospital.com\/it\/?page_id=8106"},"modified":"2024-03-29T13:31:28","modified_gmt":"2024-03-29T13:31:28","slug":"turismo-dentale-in-albania","status":"publish","type":"page","link":"https:\/\/tiranadentalhospital.com\/it\/turismo-dentale-in-albania\/","title":{"rendered":"Turismo Dentale in Albania"},"content":{"rendered":"<section class=\"l-section wpb_row height_custom\"><div class=\"l-section-h i-cf\"><div class=\"g-cols vc_row via_grid cols_1 laptops-cols_inherit tablets-cols_inherit mobiles-cols_1 valign_top type_default stacking_default\"><div class=\"wpb_column vc_column_container\"><div class=\"vc_column-inner\"><h1 class=\"w-text us_custom_40824568\"><span class=\"w-text-h\"><span class=\"w-text-value\">Turismo dentale<\/span><\/span><\/h1><div class=\"w-separator size_small with_line width_50 thick_1 style_solid color_primary align_center with_content\"><div class=\"w-separator-h\"><i class=\"fas fa-tooth\"><\/i><\/div><\/div><h2 class=\"w-text\"><span class=\"w-text-h\"><span class=\"w-text-value\">Come risparmiare senza rinunciare alla qualit\u00e0?<\/span><\/span><\/h2><div class=\"wpb_text_column\"><div class=\"wpb_wrapper\"><div class=\"wpb_text_column\">\n<div class=\"wpb_wrapper\">\n<div class=\"wpb_text_column\">\n<div class=\"wpb_wrapper\">\n<p>Turismo Dentale in Albania in aumento, e i tempi molto lunghi di attesa e di procedure medicali, un gran numero delle persone in tutta l\u2019Europa si reca in paesi come l\u2019Albania che \u00e8 ben nota per la professionalit\u00e0 del servizio odontoiatrico, approfittando dai prezzi pi\u00f9 bassi senza rinunciare alla qualit\u00e0. Il risparmio attenuto e dovuto a due fattori principali: il sistema fiscale albanese che ha rate di tassazione (7,5%) molto pi\u00f9 basse rispetto ai paesi del Unione Europea;<br \/>\nI costi minori dei immobiliari e manodopera.<\/p>\n<\/div>\n<\/div>\n<p>Parlando di Turismo Dentale in Albania, negli ultimi anni, l\u2019Albania \u00e8 stata riconosciuta per l\u2019alta qualit\u00e0 dentale pari a quella dei paesi europei. Se stai pensando di andare dal dentista e cerchi un <strong>prezzo accessibile e di alta qualit\u00e0<\/strong>,\u00a0<strong>TIRANA DENTAL HOSPITAL<\/strong>\u00a0\u00e8 il primo posto di cui ti puoi fidare.<\/p>\n<h2>Vacanze e un nuovo sorriso!<\/h2>\n<p>A differenza di altre cliniche\/strutture che si appoggiano a terzi per un primo contatto, con noi \u00e8 diverso, il suo primo contatto sar\u00e0 un nostro<\/p>\n<p><img loading=\"lazy\" decoding=\"async\" class=\"wp-image-8109 alignleft\" src=\"https:\/\/i0.wp.com\/tiranadentalhospital.com\/it\/wp-content\/uploads\/2022\/04\/agenti_rappresentanti.jpg?resize=327%2C123&amp;ssl=1\" sizes=\"auto, (max-width: 327px) 100vw, 327px\" srcset=\"https:\/\/i0.wp.com\/tiranadentalhospital.com\/it\/wp-content\/uploads\/2022\/04\/agenti_rappresentanti.jpg?w=825&amp;ssl=1 825w, https:\/\/i0.wp.com\/tiranadentalhospital.com\/it\/wp-content\/uploads\/2022\/04\/agenti_rappresentanti.jpg?resize=300%2C113&amp;ssl=1 300w\" alt=\"\" width=\"327\" height=\"123\" \/><\/p>\n<p><strong>rappresentante in Italia e non un call center,<\/strong>\u00a0che le dar\u00e0 tutte le informazioni necessarie prima di intraprendere il suo percorso con noi. L\u2019agente rappresenta solo ed esclusivamente la nostra struttura.<\/p>\n<p>Ci sono diversi modi per contattare la nostra struttura nel caso decidesse di intraprendere questo percorso. Pu\u00f2 decidere di contattare direttamente la struttura per un preventivo dettagliato e decidere insieme ai medici e lo staff il percorso, dal viaggio all\u2019intervento e il rientro in Italia.<\/p>\n<p>Il Turismo Dentale in Albania offre un pacchetto chiamato <strong>VACAY<\/strong>. Alcuni nostri pazienti decidono di non usufruire del nostro pacchetto scegliendo di organizzarsi per conto loro, perch\u00e9 molte volte hanno punti di appoggio a Tirana come parenti e conoscenti e possono offrire a loro ospitalit\u00e0.<\/p>\n<p>Per tutti gli altri offriamo il pacchetto\u00a0<strong>VACAY<\/strong>\u00a0dentale come di seguito decide di diventare un nostro paziente:<\/p>\n<p>Un nostro autista vi attender\u00e0 all\u2019uscita del aeroporto e vi accompagner\u00e0 a titolo\u00a0<strong>completamente gratuito<\/strong>\u00a0dall\u2019aeroporto in hotel.<\/p>\n<p>Il soggiorno\u00a0<strong>GRATUITO<\/strong>\u00a0in un\u00a0<a href=\"https:\/\/www.tripadvisor.it\/Hotel_Review-g294446-d483219-Reviews-VH_Broadway_Tirana_Hotel-Tirana_Tirana_County.html\" target=\"_blank\" rel=\"noopener\">hotel a 4 stelle<\/a>\u00a0a pochi metri dalla struttura, in quanto la struttura TDH si trova in una zona centralissima di Tirana.<\/p>\n<p>Dopo la sistemazione in hotel un nostro rappresentate vi accompagner\u00e0 in struttura per decidere tutto quello da fare nei giorni a seguire.<\/p>\n<p>Durante la vostra permanenza a Tirana una nostra guida vi accompagner\u00e0 a visitare i luoghi pi\u00f9 interessanti di Tirana seguendo i classici percorsi che vengono seguiti da tutti i turisti.<\/p>\n<p>In base al piano di interventi decisi con il medico si pu\u00f2 concordare con la guida e il percorso.<\/p>\n<p>Non esitate a\u00a0<a href=\"https:\/\/tiranadentalhospital.com\/it\/pages\/contatto-tirana-dental-hospital\/\">contattarci<\/a>\u00a0per ulteriori informazioni. Ci trova su tutti i social network,\u00a0<a href=\"https:\/\/www.facebook.com\/tiranadentalhospitalcuredentaliinalbania\/\">Facebook<\/a>,\u00a0<a href=\"https:\/\/www.instagram.com\/tirana.dental.hospital\/\">Instagram<\/a>,\u00a0<a href=\"https:\/\/www.linkedin.com\/company\/tirana-dental-hospital\/?originalSubdomain=al\">Linkedin.<\/a><\/p>\n<p><strong>Tirana Dental Hospital<\/strong>\u00a0cambier\u00e0 il tuo sorriso a costi molto contenuti e di altissima qualit\u00e0!<\/p>\n<\/div>\n<\/div>\n<\/div><\/div><div class=\"wpb_text_column us_custom_99817634\"><div class=\"wpb_wrapper\"><div><strong>Vieni a Tirana a trovarci e avrai un\u2019esperienza unica.<\/strong><\/div>\n<div>In modo di garantire un soggiorno sereno e conveniente, la nostra clinica provveder\u00e0 di:<\/div>\n<div><\/div>\n<ul>\n<li>Consulto e preventivo gratuito per le cure dentali.<\/li>\n<li>Trasporto gratuito di entrata e ritorno dall\u2019aeroporto.<\/li>\n<li>Alloggio garantito nei nostri alberghi vicinissimi alla clinica.<\/li>\n<li>Un telefono con scheda albanese per il periodo di soggiorno (con internet e chiamate estere)<\/li>\n<li>Un accompagnatore durante tutto il vostro soggiorno in Albania.<\/li>\n<li>Certificato di garanzia per il tipo di lavoro svolto.<\/li>\n<li>Suggerimenti e assistenza su come trascorrere il tempo libero per divertirsi.<\/li>\n<\/ul>\n<p><strong>Tirana Dental Hospital<\/strong> cambier\u00e0 il tuo sorriso a costi molto contenuti e di altissima qualit\u00e0!<\/p>\n<\/div><\/div><div class=\"g-cols wpb_row us_custom_2974e6d2 via_grid cols_custom laptops-cols_inherit tablets-cols_inherit mobiles-cols_1 valign_middle type_default stacking_default\" style=\"--columns-gap:3rem;\"><\/div><div class=\"wpb_column vc_column_container us_custom_eb849559\"><div class=\"vc_column-inner\"><div class=\"wpb_text_column us_custom_c8a6dcc3\"><div class=\"wpb_wrapper\"><p>Se ti abbiamo convinto, prova a consultare i nostri servizi!<\/p>\n<\/div><\/div><\/div><\/div><div class=\"wpb_column vc_column_container\"><div class=\"vc_column-inner\"><\/div><\/div><div class=\"w-btn-wrapper align_justify\"><a class=\"w-btn us-btn-style_1 us_custom_4772ad6f\" title=\"Servizi\" href=\"https:\/\/tiranadentalhospital.com\/it\/services\/\"><span class=\"w-btn-label\">I nostri servizi<\/span><\/a><\/div><\/div><\/div><\/div><\/div><\/section><section class=\"l-section wpb_row height_custom\"><div class=\"l-section-h i-cf\"><div class=\"g-cols vc_row via_grid cols_2 laptops-cols_inherit tablets-cols_inherit mobiles-cols_1 valign_top type_default stacking_default\" style=\"--columns-gap:58px;\"><div class=\"wpb_column vc_column_container\"><div class=\"vc_column-inner\"><div class=\"w-iconbox iconpos_left style_default color_custom align_left no_text\"><a href=\"mailto:info@example.com\" class=\"w-iconbox-link\" aria-label=\"tiranadentalhospital@gmail.com\"><div class=\"w-iconbox-icon\" style=\"font-size:22px;--icon-color:#00a78d;\"><i class=\"far fa-envelope\"><\/i><\/div><\/a><div class=\"w-iconbox-meta\"><h5 class=\"w-iconbox-title\"><a href=\"mailto:info@example.com\" class=\"w-iconbox-link\" aria-label=\"tiranadentalhospital@gmail.com\">tiranadentalhospital@gmail.com<\/a><\/h5><\/div><\/div><div class=\"w-separator size_small\"><\/div><div class=\"w-iconbox iconpos_left style_default color_custom align_left no_text\"><div class=\"w-iconbox-icon\" style=\"font-size:22px;--icon-color:#00a78d;\"><i class=\"far fa-phone\"><\/i><\/div><div class=\"w-iconbox-meta\"><h5 class=\"w-iconbox-title\">+355 69 3191 377<\/h5><\/div><\/div><div class=\"w-separator size_small\"><\/div><div class=\"w-iconbox iconpos_left style_default color_custom align_left no_text\"><div class=\"w-iconbox-icon\" style=\"font-size:22px;--icon-color:#00a78d;\"><i class=\"far fa-map-marker-alt\"><\/i><\/div><div class=\"w-iconbox-meta\"><h5 class=\"w-iconbox-title\">Rruga Gjin Bue Shpata, Tirana, Albania<\/h5><\/div><\/div><div class=\"w-separator size_large\"><\/div><\/div><\/div><div class=\"wpb_column vc_column_container\"><div class=\"vc_column-inner\"><div class=\"wpb_text_column\"><div class=\"wpb_wrapper\"><h4><strong>Invia un messaggio<\/strong><\/h4>\n<p>Se desideri metterti in contatto con noi, scrivici un messaggio descrivendo il motivo del contatto. A breve, verr\u00e0 contattato direttamente dal nostro ufficio dedicato.<\/p>\n<\/div><\/div><div class=\"w-separator size_small\"><\/div><form class=\"w-form  us-field-style_1 layout_ver show_message_after_sending for_cform us_form_1\" action=\"https:\/\/tiranadentalhospital.com\/it\/it\/wp-json\/wp\/v2\/pages\/8106\" method=\"post\" enctype=\"multipart\/form-data\"><div class=\"w-form-h\"><div class=\"w-form-row for_text required with_icon\">\r\n\t\t<div class=\"w-form-row-field\">\r\n\t\t\t\t<i class=\"far fa-user\"><\/i>\t\t<input aria-label=\"Nome\" type=\"text\" name=\"us_form_1_text_1\" value placeholder=\"Nome *\" data-required=\"true\" aria-required=\"true\"\/>\r\n\t\t\t<\/div>\r\n\t\t<div class=\"w-form-row-state\">Compila questo campo<\/div>\r\n<\/div>\r\n<div class=\"w-form-row for_text required with_icon\">\r\n\t\t<div class=\"w-form-row-field\">\r\n\t\t\t\t<i class=\"far fa-envelope\"><\/i>\t\t<input aria-label=\"Email\" type=\"text\" name=\"us_form_1_text_2\" value placeholder=\"Email *\" data-required=\"true\" aria-required=\"true\"\/>\r\n\t\t\t<\/div>\r\n\t\t<div class=\"w-form-row-state\">Compila questo campo<\/div>\r\n<\/div>\r\n<div class=\"w-form-row for_text with_icon\">\r\n\t\t<div class=\"w-form-row-field\">\r\n\t\t\t\t<i class=\"far fa-phone\"><\/i>\t\t<input aria-label=\"Telefono\" inputmode=\"tel\" type=\"text\" name=\"us_form_1_text_3\" value placeholder=\"Telefono\"\/>\r\n\t\t\t<\/div>\r\n\t\t<div class=\"w-form-row-state\">Compila questo campo<\/div>\r\n<\/div>\r\n<div class=\"w-form-row for_textarea with_icon\">\r\n\t\t<div class=\"w-form-row-field\">\r\n\t\t\t\t<i class=\"far fa-pencil\"><\/i>\t\t<textarea aria-label=\"Messaggio\" name=\"us_form_1_textarea_1\" placeholder=\"Messaggio\"><\/textarea>\r\n\t\t\t<\/div>\r\n\t\t<div class=\"w-form-row-state\">Compila questo campo<\/div>\r\n<\/div>\r\n<div class=\"w-form-row for_captcha has_label required with_icon\">\r\n\t<div class=\"w-form-row-label\">\r\n\t\t<span>Per favore scriva il risultato di questo semplice calcolo <span>19 - 8 = ?<\/span><\/span>\r\n\t<\/div>\r\n\t<div class=\"w-form-row-field\">\r\n\t\t\t\t<input type=\"hidden\" name=\"us_form_1_captcha_1_hash\" value=\"7692a8a5158858f7786e3885c61fa946\" \/>\r\n\t\t<i class=\"far fa-question-circle\"><\/i>\t\t<input aria-label=\"Per favore scriva il risultato di questo semplice calcolo\" type=\"text\" name=\"us_form_1_captcha_1\" placeholder data-required=\"true\" aria-required=\"true\"\/>\r\n\t\t\t<\/div>\r\n\t\t<div class=\"w-form-row-state\">Inserisci il risultato dell'equazione per procedere<\/div>\r\n<\/div>\r\n<div class=\"w-form-row for_agreement required\">\r\n\t\t\t<div class=\"w-form-row-label\">\r\n\t\t\t<span>Privacy <span class=\"required\">*<\/span><\/span>\r\n\t\t<\/div>\r\n\t\t<div class=\"w-form-row-field\">\r\n\t\t\t\t<label>\r\n\t\t\t<input type=\"checkbox\" value=\"1\" data-required=\"true\" aria-required=\"true\" name=\"us_form_1_agreement_1\"\/>\r\n\t\t\t<span>I sui dati verranno conservati con cura, e non verranno cedute a terzi per nessuna ragione. TDH ci tiene alla vostra privacy<\/span>\r\n\t\t<\/label>\r\n\t\t\t<\/div>\r\n\t\t<div class=\"w-form-row-state\">Devi accettare i termini per procedere<\/div>\r\n<\/div>\r\n<div class=\"w-form-row for_file has_label\">\r\n\t\t\t<div class=\"w-form-row-label\">\r\n\t\t\t<span>Ortopanoramica<\/span>\r\n\t\t<\/div>\r\n\t\t<div class=\"w-form-row-field\">\r\n\t\t\t\t\t\t<input aria-label=\"Ortopanoramica\" type=\"file\" name=\"us_form_1_file_1\" accept=\".pdf,.jpg,.jpeg\" data-std=\"10MB\" data-max_size=\"10\"\/>\r\n\t\t\t<\/div>\r\n\t\t\t<div class=\"w-form-row-description\">\r\n\t\t\tPer una valutazione corretta la preghiamo di caricare la vostra ortopanoramica\t\t<\/div>\r\n\t\t<div class=\"w-form-row-state\">Compila questo campo<\/div>\r\n<\/div>\r\n<input type=\"hidden\" name=\"action\" value=\"us_ajax_cform\" \/>\r\n<input type=\"hidden\" name=\"post_id\" value=\"0\" \/>\r\n<input type=\"hidden\" name=\"form_index\" value=\"1\" \/>\r\n<div class=\"w-form-row for_submit align_none\">\r\n\t<button class=\"w-btn  us-btn-style_1\" aria-label=\"Invia messaggio\" type=\"submit\">\r\n\t\t<span class=\"g-preloader type_1\"><\/span>\r\n\t\t\t\t<span class=\"w-btn-label\">Invia messaggio<\/span>\r\n\t\t\t<\/button>\r\n\t<\/div>\r\n<\/div><div class=\"w-form-message\"><\/div><div class=\"w-form-json hidden\" onclick='return {&quot;ajaxurl&quot;:&quot;https:\\\/\\\/tiranadentalhospital.com\\\/it\\\/wp-admin\\\/admin-ajax.php&quot;,&quot;messages&quot;:{&quot;err_empty&quot;:&quot;Compila questo campo&quot;,&quot;err_size&quot;:&quot;File size cannot exceed %s MB&quot;,&quot;err_extension&quot;:&quot;%s file type is not allowed&quot;,&quot;err_recaptcha_keys&quot;:&quot;Le chiavi reCAPTCHA sono errate&quot;}}'><\/div><\/form><\/div><\/div><\/div><\/div><\/section><section class=\"l-section wpb_row height_custom\"><div class=\"l-section-h i-cf\"><div class=\"g-cols vc_row via_grid cols_custom laptops-cols_inherit tablets-cols_inherit mobiles-cols_1 valign_top type_default stacking_default\"><\/div><\/div><\/section><div class=\"wpb_column vc_column_container us_custom_ff51559d\"><div class=\"vc_column-inner\"><\/div><\/div><div class=\"wpb_text_column\"><div class=\"wpb_wrapper\"><p>I am text block. Click edit button to change this text. Lorem ipsum dolor sit amet, consectetur adipiscing elit. Ut elit tellus, luctus nec ullamcorper mattis, pulvinar dapibus leo.<\/p>\n<\/div><\/div>\n","protected":false},"excerpt":{"rendered":"Turismo dentaleCome risparmiare senza rinunciare alla qualit\u00e0? Turismo Dentale in Albania in aumento, e i tempi molto lunghi di attesa e di procedure medicali, un gran numero delle persone in tutta l\u2019Europa si reca in paesi come l\u2019Albania che \u00e8 ben nota per la professionalit\u00e0 del servizio odontoiatrico, approfittando dai prezzi pi\u00f9 bassi senza rinunciare...","protected":false},"author":1,"featured_media":0,"parent":0,"menu_order":0,"comment_status":"closed","ping_status":"closed","template":"","meta":{"nf_dc_page":"","footnotes":""},"class_list":["post-8106","page","type-page","status-publish","hentry"],"yoast_head":"<!-- This site is optimized with the Yoast SEO plugin v27.4 - https:\/\/yoast.com\/product\/yoast-seo-wordpress\/ -->\n<title>Turismo Dentale in Albania Turismo Dentale in Albania Tirana Dental Hospital -<\/title>\n<meta name=\"description\" content=\"Il turismo dentale in Albania offre tutte le migliori procedure mediche della regione ed \u00e8 anche pi\u00f9 economico di qualsiasi altro paese......\" \/>\n<meta name=\"robots\" content=\"index, follow, max-snippet:-1, max-image-preview:large, max-video-preview:-1\" \/>\n<link rel=\"canonical\" href=\"https:\/\/tiranadentalhospital.com\/it\/turismo-dentale-in-albania\/\" \/>\n<meta property=\"og:locale\" content=\"it_IT\" \/>\n<meta property=\"og:type\" content=\"article\" \/>\n<meta property=\"og:title\" content=\"Turismo Dentale in Albania Turismo Dentale in Albania Tirana Dental Hospital -\" \/>\n<meta property=\"og:description\" content=\"Il turismo dentale in Albania offre tutte le migliori procedure mediche della regione ed \u00e8 anche pi\u00f9 economico di qualsiasi altro paese......\" \/>\n<meta property=\"og:url\" content=\"https:\/\/tiranadentalhospital.com\/it\/turismo-dentale-in-albania\/\" \/>\n<meta property=\"og:site_name\" content=\"Tirana Dental Hospital\" \/>\n<meta property=\"article:publisher\" content=\"https:\/\/www.facebook.com\/tiranadentalhospitalcuredentaliinalbania\" \/>\n<meta property=\"article:modified_time\" content=\"2024-03-29T13:31:28+00:00\" \/>\n<meta property=\"og:image\" content=\"https:\/\/i0.wp.com\/tiranadentalhospital.com\/it\/wp-content\/uploads\/2022\/04\/agenti_rappresentanti.jpg?resize=327%2C123&amp;ssl=1\" \/>\n<meta name=\"twitter:card\" content=\"summary_large_image\" \/>\n<meta name=\"twitter:label1\" content=\"Tempo di lettura stimato\" \/>\n\t<meta name=\"twitter:data1\" content=\"5 minuti\" \/>\n<script type=\"application\/ld+json\" class=\"yoast-schema-graph\">{\"@context\":\"https:\\\/\\\/schema.org\",\"@graph\":[{\"@type\":\"WebPage\",\"@id\":\"https:\\\/\\\/tiranadentalhospital.com\\\/it\\\/turismo-dentale-in-albania\\\/\",\"url\":\"https:\\\/\\\/tiranadentalhospital.com\\\/it\\\/turismo-dentale-in-albania\\\/\",\"name\":\"Turismo Dentale in Albania Turismo Dentale in Albania Tirana Dental Hospital -\",\"isPartOf\":{\"@id\":\"https:\\\/\\\/tiranadentalhospital.com\\\/it\\\/#website\"},\"primaryImageOfPage\":{\"@id\":\"https:\\\/\\\/tiranadentalhospital.com\\\/it\\\/turismo-dentale-in-albania\\\/#primaryimage\"},\"image\":{\"@id\":\"https:\\\/\\\/tiranadentalhospital.com\\\/it\\\/turismo-dentale-in-albania\\\/#primaryimage\"},\"thumbnailUrl\":\"https:\\\/\\\/i0.wp.com\\\/tiranadentalhospital.com\\\/it\\\/wp-content\\\/uploads\\\/2022\\\/04\\\/agenti_rappresentanti.jpg?resize=327%2C123&amp;ssl=1\",\"datePublished\":\"2023-12-10T20:38:12+00:00\",\"dateModified\":\"2024-03-29T13:31:28+00:00\",\"description\":\"Il turismo dentale in Albania offre tutte le migliori procedure mediche della regione ed \u00e8 anche pi\u00f9 economico di qualsiasi altro paese......\",\"breadcrumb\":{\"@id\":\"https:\\\/\\\/tiranadentalhospital.com\\\/it\\\/turismo-dentale-in-albania\\\/#breadcrumb\"},\"inLanguage\":\"it-IT\",\"potentialAction\":[{\"@type\":\"ReadAction\",\"target\":[\"https:\\\/\\\/tiranadentalhospital.com\\\/it\\\/turismo-dentale-in-albania\\\/\"]}]},{\"@type\":\"ImageObject\",\"inLanguage\":\"it-IT\",\"@id\":\"https:\\\/\\\/tiranadentalhospital.com\\\/it\\\/turismo-dentale-in-albania\\\/#primaryimage\",\"url\":\"https:\\\/\\\/i0.wp.com\\\/tiranadentalhospital.com\\\/it\\\/wp-content\\\/uploads\\\/2022\\\/04\\\/agenti_rappresentanti.jpg?resize=327%2C123&amp;ssl=1\",\"contentUrl\":\"https:\\\/\\\/i0.wp.com\\\/tiranadentalhospital.com\\\/it\\\/wp-content\\\/uploads\\\/2022\\\/04\\\/agenti_rappresentanti.jpg?resize=327%2C123&amp;ssl=1\"},{\"@type\":\"BreadcrumbList\",\"@id\":\"https:\\\/\\\/tiranadentalhospital.com\\\/it\\\/turismo-dentale-in-albania\\\/#breadcrumb\",\"itemListElement\":[{\"@type\":\"ListItem\",\"position\":1,\"name\":\"Home\",\"item\":\"https:\\\/\\\/tiranadentalhospital.com\\\/it\\\/\"},{\"@type\":\"ListItem\",\"position\":2,\"name\":\"Turismo Dentale in Albania\"}]},{\"@type\":\"WebSite\",\"@id\":\"https:\\\/\\\/tiranadentalhospital.com\\\/it\\\/#website\",\"url\":\"https:\\\/\\\/tiranadentalhospital.com\\\/it\\\/\",\"name\":\"Tirana Dental Hospital\",\"description\":\"Clinica odontoiatrica a Tirana\",\"publisher\":{\"@id\":\"https:\\\/\\\/tiranadentalhospital.com\\\/it\\\/#organization\"},\"alternateName\":\"Dental Hospital a Tirana\",\"potentialAction\":[{\"@type\":\"SearchAction\",\"target\":{\"@type\":\"EntryPoint\",\"urlTemplate\":\"https:\\\/\\\/tiranadentalhospital.com\\\/it\\\/?s={search_term_string}\"},\"query-input\":{\"@type\":\"PropertyValueSpecification\",\"valueRequired\":true,\"valueName\":\"search_term_string\"}}],\"inLanguage\":\"it-IT\"},{\"@type\":\"Organization\",\"@id\":\"https:\\\/\\\/tiranadentalhospital.com\\\/it\\\/#organization\",\"name\":\"Tirana Dental Hospital\",\"alternateName\":\"Dental Hospital a Tirana\",\"url\":\"https:\\\/\\\/tiranadentalhospital.com\\\/it\\\/\",\"logo\":{\"@type\":\"ImageObject\",\"inLanguage\":\"it-IT\",\"@id\":\"https:\\\/\\\/tiranadentalhospital.com\\\/it\\\/#\\\/schema\\\/logo\\\/image\\\/\",\"url\":\"https:\\\/\\\/tiranadentalhospital.com\\\/it\\\/wp-content\\\/uploads\\\/2022\\\/02\\\/TDH_Logo-2-1.svg\",\"contentUrl\":\"https:\\\/\\\/tiranadentalhospital.com\\\/it\\\/wp-content\\\/uploads\\\/2022\\\/02\\\/TDH_Logo-2-1.svg\",\"width\":\"1024\",\"height\":\"1024\",\"caption\":\"Tirana Dental Hospital\"},\"image\":{\"@id\":\"https:\\\/\\\/tiranadentalhospital.com\\\/it\\\/#\\\/schema\\\/logo\\\/image\\\/\"},\"sameAs\":[\"https:\\\/\\\/www.facebook.com\\\/tiranadentalhospitalcuredentaliinalbania\",\"https:\\\/\\\/www.youtube.com\\\/channel\\\/UCJV1YJNOw9Z0y7eD3KhD-7g\\\/videos\",\"https:\\\/\\\/www.instagram.com\\\/tirana.dental.hospital\\\/\"]}]}<\/script>\n<!-- \/ Yoast SEO plugin. -->","yoast_head_json":{"title":"Turismo Dentale in Albania Turismo Dentale in Albania Tirana Dental Hospital -","description":"Il turismo dentale in Albania offre tutte le migliori procedure mediche della regione ed \u00e8 anche pi\u00f9 economico di qualsiasi altro paese......","robots":{"index":"index","follow":"follow","max-snippet":"max-snippet:-1","max-image-preview":"max-image-preview:large","max-video-preview":"max-video-preview:-1"},"canonical":"https:\/\/tiranadentalhospital.com\/it\/turismo-dentale-in-albania\/","og_locale":"it_IT","og_type":"article","og_title":"Turismo Dentale in Albania Turismo Dentale in Albania Tirana Dental Hospital -","og_description":"Il turismo dentale in Albania offre tutte le migliori procedure mediche della regione ed \u00e8 anche pi\u00f9 economico di qualsiasi altro paese......","og_url":"https:\/\/tiranadentalhospital.com\/it\/turismo-dentale-in-albania\/","og_site_name":"Tirana Dental Hospital","article_publisher":"https:\/\/www.facebook.com\/tiranadentalhospitalcuredentaliinalbania","article_modified_time":"2024-03-29T13:31:28+00:00","og_image":[{"url":"https:\/\/i0.wp.com\/tiranadentalhospital.com\/it\/wp-content\/uploads\/2022\/04\/agenti_rappresentanti.jpg?resize=327%2C123&amp;ssl=1","type":"","width":"","height":""}],"twitter_card":"summary_large_image","twitter_misc":{"Tempo di lettura stimato":"5 minuti"},"schema":{"@context":"https:\/\/schema.org","@graph":[{"@type":"WebPage","@id":"https:\/\/tiranadentalhospital.com\/it\/turismo-dentale-in-albania\/","url":"https:\/\/tiranadentalhospital.com\/it\/turismo-dentale-in-albania\/","name":"Turismo Dentale in Albania Turismo Dentale in Albania Tirana Dental Hospital -","isPartOf":{"@id":"https:\/\/tiranadentalhospital.com\/it\/#website"},"primaryImageOfPage":{"@id":"https:\/\/tiranadentalhospital.com\/it\/turismo-dentale-in-albania\/#primaryimage"},"image":{"@id":"https:\/\/tiranadentalhospital.com\/it\/turismo-dentale-in-albania\/#primaryimage"},"thumbnailUrl":"https:\/\/i0.wp.com\/tiranadentalhospital.com\/it\/wp-content\/uploads\/2022\/04\/agenti_rappresentanti.jpg?resize=327%2C123&amp;ssl=1","datePublished":"2023-12-10T20:38:12+00:00","dateModified":"2024-03-29T13:31:28+00:00","description":"Il turismo dentale in Albania offre tutte le migliori procedure mediche della regione ed \u00e8 anche pi\u00f9 economico di qualsiasi altro paese......","breadcrumb":{"@id":"https:\/\/tiranadentalhospital.com\/it\/turismo-dentale-in-albania\/#breadcrumb"},"inLanguage":"it-IT","potentialAction":[{"@type":"ReadAction","target":["https:\/\/tiranadentalhospital.com\/it\/turismo-dentale-in-albania\/"]}]},{"@type":"ImageObject","inLanguage":"it-IT","@id":"https:\/\/tiranadentalhospital.com\/it\/turismo-dentale-in-albania\/#primaryimage","url":"https:\/\/i0.wp.com\/tiranadentalhospital.com\/it\/wp-content\/uploads\/2022\/04\/agenti_rappresentanti.jpg?resize=327%2C123&amp;ssl=1","contentUrl":"https:\/\/i0.wp.com\/tiranadentalhospital.com\/it\/wp-content\/uploads\/2022\/04\/agenti_rappresentanti.jpg?resize=327%2C123&amp;ssl=1"},{"@type":"BreadcrumbList","@id":"https:\/\/tiranadentalhospital.com\/it\/turismo-dentale-in-albania\/#breadcrumb","itemListElement":[{"@type":"ListItem","position":1,"name":"Home","item":"https:\/\/tiranadentalhospital.com\/it\/"},{"@type":"ListItem","position":2,"name":"Turismo Dentale in Albania"}]},{"@type":"WebSite","@id":"https:\/\/tiranadentalhospital.com\/it\/#website","url":"https:\/\/tiranadentalhospital.com\/it\/","name":"Tirana Dental Hospital","description":"Clinica odontoiatrica a Tirana","publisher":{"@id":"https:\/\/tiranadentalhospital.com\/it\/#organization"},"alternateName":"Dental Hospital a Tirana","potentialAction":[{"@type":"SearchAction","target":{"@type":"EntryPoint","urlTemplate":"https:\/\/tiranadentalhospital.com\/it\/?s={search_term_string}"},"query-input":{"@type":"PropertyValueSpecification","valueRequired":true,"valueName":"search_term_string"}}],"inLanguage":"it-IT"},{"@type":"Organization","@id":"https:\/\/tiranadentalhospital.com\/it\/#organization","name":"Tirana Dental Hospital","alternateName":"Dental Hospital a Tirana","url":"https:\/\/tiranadentalhospital.com\/it\/","logo":{"@type":"ImageObject","inLanguage":"it-IT","@id":"https:\/\/tiranadentalhospital.com\/it\/#\/schema\/logo\/image\/","url":"https:\/\/tiranadentalhospital.com\/it\/wp-content\/uploads\/2022\/02\/TDH_Logo-2-1.svg","contentUrl":"https:\/\/tiranadentalhospital.com\/it\/wp-content\/uploads\/2022\/02\/TDH_Logo-2-1.svg","width":"1024","height":"1024","caption":"Tirana Dental Hospital"},"image":{"@id":"https:\/\/tiranadentalhospital.com\/it\/#\/schema\/logo\/image\/"},"sameAs":["https:\/\/www.facebook.com\/tiranadentalhospitalcuredentaliinalbania","https:\/\/www.youtube.com\/channel\/UCJV1YJNOw9Z0y7eD3KhD-7g\/videos","https:\/\/www.instagram.com\/tirana.dental.hospital\/"]}]}},"jetpack_sharing_enabled":true,"_links":{"self":[{"href":"https:\/\/tiranadentalhospital.com\/it\/wp-json\/wp\/v2\/pages\/8106","targetHints":{"allow":["GET"]}}],"collection":[{"href":"https:\/\/tiranadentalhospital.com\/it\/wp-json\/wp\/v2\/pages"}],"about":[{"href":"https:\/\/tiranadentalhospital.com\/it\/wp-json\/wp\/v2\/types\/page"}],"author":[{"embeddable":true,"href":"https:\/\/tiranadentalhospital.com\/it\/wp-json\/wp\/v2\/users\/1"}],"replies":[{"embeddable":true,"href":"https:\/\/tiranadentalhospital.com\/it\/wp-json\/wp\/v2\/comments?post=8106"}],"version-history":[{"count":6,"href":"https:\/\/tiranadentalhospital.com\/it\/wp-json\/wp\/v2\/pages\/8106\/revisions"}],"predecessor-version":[{"id":9124,"href":"https:\/\/tiranadentalhospital.com\/it\/wp-json\/wp\/v2\/pages\/8106\/revisions\/9124"}],"wp:attachment":[{"href":"https:\/\/tiranadentalhospital.com\/it\/wp-json\/wp\/v2\/media?parent=8106"}],"curies":[{"name":"wp","href":"https:\/\/api.w.org\/{rel}","templated":true}]}}