{"id":8382,"date":"2022-05-07T15:47:49","date_gmt":"2022-05-07T15:47:49","guid":{"rendered":"https:\/\/tiranadentalhospital.com\/it\/?page_id=8382"},"modified":"2023-01-02T11:01:29","modified_gmt":"2023-01-02T11:01:29","slug":"apparecchi-ortodontici-rimovibili","status":"publish","type":"page","link":"https:\/\/tiranadentalhospital.com\/it\/ortondonzia\/apparecchi-ortodontici-rimovibili\/","title":{"rendered":"Apparecchi ortodontici rimovibili"},"content":{"rendered":"<section class=\"l-section wpb_row us_custom_85aebea1 height_custom\"><div class=\"l-section-h i-cf\"><div class=\"g-cols vc_row via_grid cols_1 laptops-cols_inherit tablets-cols_inherit mobiles-cols_1 valign_top type_default stacking_default\"><div class=\"wpb_column vc_column_container\"><div class=\"vc_column-inner\"><nav class=\"g-breadcrumbs separator_icon align_none\" itemscope itemtype=\"http:\/\/schema.org\/BreadcrumbList\"><div class=\"g-breadcrumbs-item\" itemscope itemprop=\"itemListElement\" itemtype=\"http:\/\/schema.org\/ListItem\"><a itemprop=\"item\" href=\"https:\/\/tiranadentalhospital.com\/it\/\"><span itemprop=\"name\">Home<\/span><\/a><meta itemprop=\"position\" content=\"1\"\/><\/div><div class=\"g-breadcrumbs-separator\"><i class=\"far fa-angle-right\"><\/i><\/div><div class=\"g-breadcrumbs-item\">Pagine<\/div><\/nav><h2 class=\"w-text us_custom_0969c719\"><span class=\"w-text-h\"><span class=\"w-text-value\">Apparecchi ortodontici rimovibili<\/span><\/span><\/h2><div class=\"w-separator size_custom with_line width_50 thick_1 style_solid color_primary align_center with_content\" style=\"height:32px\"><div class=\"w-separator-h\"><i class=\"fas fa-tooth\"><\/i><\/div><\/div><div class=\"wpb_text_column\"><div class=\"wpb_wrapper\"><p>L\u2019utilizzo tempestivo di un apparecchio ortodontico in corso di crescita e un trattamento pi\u00f9 che necessario nel caso di mal posizionamento, mancanza di crescita delle basi ossee migliorando il profillo del viso e il volume delle labbra\u00a0 in modo visibile dei piccoli pazienti . Questa e una terapia\u00a0 l\u2019utilizzo della quale pu\u00f2 annullare il discorso indesiderato di estrazioni dentarie<\/p>\n<\/div><\/div><\/div><\/div><\/div><\/div><\/section><section class=\"l-section wpb_row us_custom_85aebea1 height_custom\"><div class=\"l-section-h i-cf\"><div class=\"g-cols vc_row via_grid cols_2-1 laptops-cols_inherit tablets-cols_inherit mobiles-cols_1 valign_top type_default stacking_default\"><div class=\"wpb_column vc_column_container\"><div class=\"vc_column-inner\"><h2 class=\"w-text us_custom_eb849559\"><span class=\"w-text-h\"><span class=\"w-text-value\">Che cosa sono gli apparecchi rimovibili?<\/span><\/span><\/h2><div class=\"w-separator size_custom with_line width_default thick_1 style_solid color_primary align_center with_content\" style=\"height:32px\"><div class=\"w-separator-h\"><i class=\"fas fa-tooth\"><\/i><\/div><\/div><div class=\"wpb_text_column\"><div class=\"wpb_wrapper\"><p>Gli apparecchi ortodontici rimovibili sono composti principalmente da resina acrilica (o materiale plastico anallergico) alla quale vengono collegati i fili metallici, utili per l\u2019ancoraggio e lo spostamento dei singoli denti.<\/p>\n<\/div><\/div><\/div><\/div><div class=\"wpb_column vc_column_container\"><div class=\"vc_column-inner\"><div class=\"w-image align_none\"><div class=\"w-image-h\"><img decoding=\"async\" width=\"730\" height=\"365\" src=\"https:\/\/i0.wp.com\/tiranadentalhospital.com\/it\/wp-content\/uploads\/2022\/05\/apparecchio-rimuovibile.jpg?fit=730%2C365&amp;ssl=1\" class=\"attachment-large size-large\" alt=\"apparecchio rimuovibile\" loading=\"lazy\" srcset=\"https:\/\/i0.wp.com\/tiranadentalhospital.com\/it\/wp-content\/uploads\/2022\/05\/apparecchio-rimuovibile.jpg?w=730&amp;ssl=1 730w, https:\/\/i0.wp.com\/tiranadentalhospital.com\/it\/wp-content\/uploads\/2022\/05\/apparecchio-rimuovibile.jpg?resize=300%2C150&amp;ssl=1 300w\" sizes=\"auto, (max-width: 730px) 100vw, 730px\" \/><\/div><\/div><\/div><\/div><\/div><\/div><\/section><section class=\"l-section wpb_row us_custom_85aebea1 height_custom\"><div class=\"l-section-h i-cf\"><div class=\"g-cols vc_row via_grid cols_1 laptops-cols_inherit tablets-cols_inherit mobiles-cols_1 valign_top type_default stacking_default\"><div class=\"wpb_column vc_column_container\"><div class=\"vc_column-inner\"><h2 class=\"w-text us_custom_eb849559\"><span class=\"w-text-h\"><span class=\"w-text-value\">Quante tipologie di apparecchi rimovibili esistono?<\/span><\/span><\/h2><div class=\"w-separator size_custom with_line width_50 thick_1 style_solid color_primary align_center with_content\" style=\"height:32px\"><div class=\"w-separator-h\"><i class=\"fas fa-tooth\"><\/i><\/div><\/div><div class=\"wpb_text_column\"><div class=\"wpb_wrapper\"><p>Esistono due tipologie di apparecchi rimovibili:<\/p>\n<ul>\n<li>Quelli destinati <strong>solo all\u2019arcata superiore o inferiore<\/strong>, che permettono di eliminare le divergenze del morso incrociato, chiudere gli spazi interdentali ed allargare le arcate dentarie. Questo tipo di apparecchiatura viene utilizzato per mantenere o aumentare\u00a0 lo spazio in arcata. L\u2019espansore rapido del palato e un ausilio fisso cementato il quale aumenta lo spazio inter-arcata espandendo la in modo osseo.<\/li>\n<li>Quelli destinati ad <strong>entrambe le arcate dentarie<\/strong>, che permettono di modificare la morfologia della mandibola, regolandone il morso.<\/li>\n<\/ul>\n<\/div><\/div><\/div><\/div><\/div><\/div><\/section><section class=\"l-section wpb_row us_custom_85aebea1 height_custom\"><div class=\"l-section-h i-cf\"><div class=\"g-cols vc_row via_grid cols_1 laptops-cols_inherit tablets-cols_inherit mobiles-cols_1 valign_top type_default stacking_default\"><div class=\"wpb_column vc_column_container\"><div class=\"vc_column-inner\"><h2 class=\"w-text us_custom_eb849559\"><span class=\"w-text-h\"><span class=\"w-text-value\">Chi pu\u00f2 indossare un apparecchio rimuovibile?<\/span><\/span><\/h2><div class=\"w-separator size_custom with_line width_50 thick_1 style_solid color_primary align_center with_content\" style=\"height:32px\"><div class=\"w-separator-h\"><i class=\"fas fa-tooth\"><\/i><\/div><\/div><div class=\"wpb_text_column\"><div class=\"wpb_wrapper\"><p>Il dispositivo pu\u00f2 essere indossato da pazienti di ogni et\u00e0. Dal bambino che presenta solo alcuni denti permanenti all\u2019adolescente impegnato in pi\u00f9 attivit\u00e0 sportive. L&#8217;apparecchio ortodontico rimovibile pu\u00f2 essere indossato o rimosso, in qualsiasi momento.<\/p>\n<\/div><\/div><\/div><\/div><\/div><\/div><\/section><section class=\"l-section wpb_row us_custom_85aebea1 height_custom\"><div class=\"l-section-h i-cf\"><div class=\"g-cols vc_row via_grid cols_1-3 laptops-cols_inherit tablets-cols_inherit mobiles-cols_1 valign_top type_default stacking_default\"><div class=\"wpb_column vc_column_container\"><div class=\"vc_column-inner\"><div class=\"w-image align_none\"><div class=\"w-image-h\"><img decoding=\"async\" width=\"900\" height=\"600\" src=\"https:\/\/i0.wp.com\/tiranadentalhospital.com\/it\/wp-content\/uploads\/2022\/05\/sorriso_apparecchio-1.png?fit=900%2C600&amp;ssl=1\" class=\"attachment-large size-large\" alt=\"sorriso apparecchio\" loading=\"lazy\" srcset=\"https:\/\/i0.wp.com\/tiranadentalhospital.com\/it\/wp-content\/uploads\/2022\/05\/sorriso_apparecchio-1.png?w=900&amp;ssl=1 900w, https:\/\/i0.wp.com\/tiranadentalhospital.com\/it\/wp-content\/uploads\/2022\/05\/sorriso_apparecchio-1.png?resize=300%2C200&amp;ssl=1 300w\" sizes=\"auto, (max-width: 900px) 100vw, 900px\" \/><\/div><\/div><\/div><\/div><div class=\"wpb_column vc_column_container\"><div class=\"vc_column-inner\"><h2 class=\"w-text us_custom_eb849559\"><span class=\"w-text-h\"><span class=\"w-text-value\">Come si usa l\u2019apparecchio ortodontico rimovibile?<\/span><\/span><\/h2><div class=\"w-separator size_custom with_line width_default thick_1 style_solid color_primary align_center with_content\" style=\"height:32px\"><div class=\"w-separator-h\"><i class=\"fas fa-tooth\"><\/i><\/div><\/div><div class=\"wpb_text_column\"><div class=\"wpb_wrapper\"><p>Il dispositivo pu\u00f2 essere indossato da pazienti di ogni et\u00e0. Dal bambino che presenta solo alcuni denti permanenti all\u2019adolescente impegnato in pi\u00f9 attivit\u00e0 sportive. <strong>L&#8217;apparecchio ortodontico rimovibile<\/strong> pu\u00f2 essere indossato o rimosso, in qualsiasi momento.<\/p>\n<\/div><\/div><\/div><\/div><\/div><\/div><\/section><section class=\"l-section wpb_row us_custom_85aebea1 height_custom\"><div class=\"l-section-h i-cf\"><div class=\"g-cols vc_row via_grid cols_1 laptops-cols_inherit tablets-cols_inherit mobiles-cols_1 valign_top type_default stacking_default\"><div class=\"wpb_column vc_column_container\"><div class=\"vc_column-inner\"><h2 class=\"w-text us_custom_eb849559\"><span class=\"w-text-h\"><span class=\"w-text-value\">Quanto dura il trattamento?<\/span><\/span><\/h2><div class=\"w-separator size_custom with_line width_50 thick_1 style_solid color_primary align_center with_content\" style=\"height:32px\"><div class=\"w-separator-h\"><i class=\"fas fa-tooth\"><\/i><\/div><\/div><div class=\"wpb_text_column\"><div class=\"wpb_wrapper\"><p>La durata del trattamento \u00e8 variabile, molto dipende dalla tendenza dei denti a spostarsi.<\/p>\n<p>In media pu\u00f2 andare dai 2 ai 5 anni, ma in alcuni casi pu\u00f2 durare anche pi\u00f9 a lungo<\/p>\n<\/div><\/div><\/div><\/div><\/div><\/div><\/section>\n","protected":false},"excerpt":{"rendered":"HomePagineApparecchi ortodontici rimovibiliL\u2019utilizzo tempestivo di un apparecchio ortodontico in corso di crescita e un trattamento pi\u00f9 che necessario nel caso di mal posizionamento, mancanza di crescita delle basi ossee migliorando il profillo del viso e il volume delle labbra\u00a0 in modo visibile dei piccoli pazienti . Questa e una terapia\u00a0 l\u2019utilizzo della quale pu\u00f2 annullare...","protected":false},"author":1,"featured_media":0,"parent":7760,"menu_order":0,"comment_status":"closed","ping_status":"closed","template":"","meta":{"nf_dc_page":"","footnotes":""},"class_list":["post-8382","page","type-page","status-publish","hentry"],"yoast_head":"<!-- This site is optimized with the Yoast SEO plugin v27.4 - https:\/\/yoast.com\/product\/yoast-seo-wordpress\/ -->\n<title>Apparecchi ortodontici rimovibili - Tirana Dental Hospital<\/title>\n<meta name=\"description\" content=\"L\u2019utilizzo di un apparecchio in crescita e un trattamento necessario nel caso di mal posizionamento, mancanza di crescita delle basi ossee.\" \/>\n<meta name=\"robots\" content=\"index, follow, max-snippet:-1, max-image-preview:large, max-video-preview:-1\" \/>\n<link rel=\"canonical\" href=\"https:\/\/tiranadentalhospital.com\/it\/ortondonzia\/apparecchi-ortodontici-rimovibili\/\" \/>\n<meta property=\"og:locale\" content=\"it_IT\" \/>\n<meta property=\"og:type\" content=\"article\" \/>\n<meta property=\"og:title\" content=\"Apparecchi ortodontici rimovibili - Tirana Dental Hospital\" \/>\n<meta property=\"og:description\" content=\"L\u2019utilizzo di un apparecchio in crescita e un trattamento necessario nel caso di mal posizionamento, mancanza di crescita delle basi ossee.\" \/>\n<meta property=\"og:url\" content=\"https:\/\/tiranadentalhospital.com\/it\/ortondonzia\/apparecchi-ortodontici-rimovibili\/\" \/>\n<meta property=\"og:site_name\" content=\"Tirana Dental Hospital\" \/>\n<meta property=\"article:publisher\" content=\"https:\/\/www.facebook.com\/tiranadentalhospitalcuredentaliinalbania\" \/>\n<meta property=\"article:modified_time\" content=\"2023-01-02T11:01:29+00:00\" \/>\n<meta property=\"og:image\" content=\"https:\/\/i0.wp.com\/tiranadentalhospital.com\/it\/wp-content\/uploads\/2025\/04\/tiranadentalhospital-1.png?fit=1200%2C675&ssl=1\" \/>\n\t<meta property=\"og:image:width\" content=\"1200\" \/>\n\t<meta property=\"og:image:height\" content=\"675\" \/>\n\t<meta property=\"og:image:type\" content=\"image\/png\" \/>\n<meta name=\"twitter:card\" content=\"summary_large_image\" \/>\n<meta name=\"twitter:label1\" content=\"Tempo di lettura stimato\" \/>\n\t<meta name=\"twitter:data1\" content=\"2 minuti\" \/>\n<script type=\"application\/ld+json\" class=\"yoast-schema-graph\">{\"@context\":\"https:\\\/\\\/schema.org\",\"@graph\":[{\"@type\":\"WebPage\",\"@id\":\"https:\\\/\\\/tiranadentalhospital.com\\\/it\\\/ortondonzia\\\/apparecchi-ortodontici-rimovibili\\\/\",\"url\":\"https:\\\/\\\/tiranadentalhospital.com\\\/it\\\/ortondonzia\\\/apparecchi-ortodontici-rimovibili\\\/\",\"name\":\"Apparecchi ortodontici rimovibili - Tirana Dental Hospital\",\"isPartOf\":{\"@id\":\"https:\\\/\\\/tiranadentalhospital.com\\\/it\\\/#website\"},\"datePublished\":\"2022-05-07T15:47:49+00:00\",\"dateModified\":\"2023-01-02T11:01:29+00:00\",\"description\":\"L\u2019utilizzo di un apparecchio in crescita e un trattamento necessario nel caso di mal posizionamento, mancanza di crescita delle basi ossee.\",\"breadcrumb\":{\"@id\":\"https:\\\/\\\/tiranadentalhospital.com\\\/it\\\/ortondonzia\\\/apparecchi-ortodontici-rimovibili\\\/#breadcrumb\"},\"inLanguage\":\"it-IT\",\"potentialAction\":[{\"@type\":\"ReadAction\",\"target\":[\"https:\\\/\\\/tiranadentalhospital.com\\\/it\\\/ortondonzia\\\/apparecchi-ortodontici-rimovibili\\\/\"]}]},{\"@type\":\"BreadcrumbList\",\"@id\":\"https:\\\/\\\/tiranadentalhospital.com\\\/it\\\/ortondonzia\\\/apparecchi-ortodontici-rimovibili\\\/#breadcrumb\",\"itemListElement\":[{\"@type\":\"ListItem\",\"position\":1,\"name\":\"Home\",\"item\":\"https:\\\/\\\/tiranadentalhospital.com\\\/it\\\/\"},{\"@type\":\"ListItem\",\"position\":2,\"name\":\"Ortodonzia\",\"item\":\"https:\\\/\\\/tiranadentalhospital.com\\\/it\\\/ortondonzia\\\/\"},{\"@type\":\"ListItem\",\"position\":3,\"name\":\"Apparecchi ortodontici rimovibili\"}]},{\"@type\":\"WebSite\",\"@id\":\"https:\\\/\\\/tiranadentalhospital.com\\\/it\\\/#website\",\"url\":\"https:\\\/\\\/tiranadentalhospital.com\\\/it\\\/\",\"name\":\"Tirana Dental Hospital\",\"description\":\"Clinica odontoiatrica a Tirana\",\"publisher\":{\"@id\":\"https:\\\/\\\/tiranadentalhospital.com\\\/it\\\/#organization\"},\"alternateName\":\"Dental Hospital a Tirana\",\"potentialAction\":[{\"@type\":\"SearchAction\",\"target\":{\"@type\":\"EntryPoint\",\"urlTemplate\":\"https:\\\/\\\/tiranadentalhospital.com\\\/it\\\/?s={search_term_string}\"},\"query-input\":{\"@type\":\"PropertyValueSpecification\",\"valueRequired\":true,\"valueName\":\"search_term_string\"}}],\"inLanguage\":\"it-IT\"},{\"@type\":\"Organization\",\"@id\":\"https:\\\/\\\/tiranadentalhospital.com\\\/it\\\/#organization\",\"name\":\"Tirana Dental Hospital\",\"alternateName\":\"Dental Hospital a Tirana\",\"url\":\"https:\\\/\\\/tiranadentalhospital.com\\\/it\\\/\",\"logo\":{\"@type\":\"ImageObject\",\"inLanguage\":\"it-IT\",\"@id\":\"https:\\\/\\\/tiranadentalhospital.com\\\/it\\\/#\\\/schema\\\/logo\\\/image\\\/\",\"url\":\"https:\\\/\\\/tiranadentalhospital.com\\\/it\\\/wp-content\\\/uploads\\\/2022\\\/02\\\/TDH_Logo-2-1.svg\",\"contentUrl\":\"https:\\\/\\\/tiranadentalhospital.com\\\/it\\\/wp-content\\\/uploads\\\/2022\\\/02\\\/TDH_Logo-2-1.svg\",\"width\":\"1024\",\"height\":\"1024\",\"caption\":\"Tirana Dental Hospital\"},\"image\":{\"@id\":\"https:\\\/\\\/tiranadentalhospital.com\\\/it\\\/#\\\/schema\\\/logo\\\/image\\\/\"},\"sameAs\":[\"https:\\\/\\\/www.facebook.com\\\/tiranadentalhospitalcuredentaliinalbania\",\"https:\\\/\\\/www.youtube.com\\\/channel\\\/UCJV1YJNOw9Z0y7eD3KhD-7g\\\/videos\",\"https:\\\/\\\/www.instagram.com\\\/tirana.dental.hospital\\\/\"]}]}<\/script>\n<!-- \/ Yoast SEO plugin. -->","yoast_head_json":{"title":"Apparecchi ortodontici rimovibili - Tirana Dental Hospital","description":"L\u2019utilizzo di un apparecchio in crescita e un trattamento necessario nel caso di mal posizionamento, mancanza di crescita delle basi ossee.","robots":{"index":"index","follow":"follow","max-snippet":"max-snippet:-1","max-image-preview":"max-image-preview:large","max-video-preview":"max-video-preview:-1"},"canonical":"https:\/\/tiranadentalhospital.com\/it\/ortondonzia\/apparecchi-ortodontici-rimovibili\/","og_locale":"it_IT","og_type":"article","og_title":"Apparecchi ortodontici rimovibili - Tirana Dental Hospital","og_description":"L\u2019utilizzo di un apparecchio in crescita e un trattamento necessario nel caso di mal posizionamento, mancanza di crescita delle basi ossee.","og_url":"https:\/\/tiranadentalhospital.com\/it\/ortondonzia\/apparecchi-ortodontici-rimovibili\/","og_site_name":"Tirana Dental Hospital","article_publisher":"https:\/\/www.facebook.com\/tiranadentalhospitalcuredentaliinalbania","article_modified_time":"2023-01-02T11:01:29+00:00","og_image":[{"width":1200,"height":675,"url":"https:\/\/i0.wp.com\/tiranadentalhospital.com\/it\/wp-content\/uploads\/2025\/04\/tiranadentalhospital-1.png?fit=1200%2C675&ssl=1","type":"image\/png"}],"twitter_card":"summary_large_image","twitter_misc":{"Tempo di lettura stimato":"2 minuti"},"schema":{"@context":"https:\/\/schema.org","@graph":[{"@type":"WebPage","@id":"https:\/\/tiranadentalhospital.com\/it\/ortondonzia\/apparecchi-ortodontici-rimovibili\/","url":"https:\/\/tiranadentalhospital.com\/it\/ortondonzia\/apparecchi-ortodontici-rimovibili\/","name":"Apparecchi ortodontici rimovibili - Tirana Dental Hospital","isPartOf":{"@id":"https:\/\/tiranadentalhospital.com\/it\/#website"},"datePublished":"2022-05-07T15:47:49+00:00","dateModified":"2023-01-02T11:01:29+00:00","description":"L\u2019utilizzo di un apparecchio in crescita e un trattamento necessario nel caso di mal posizionamento, mancanza di crescita delle basi ossee.","breadcrumb":{"@id":"https:\/\/tiranadentalhospital.com\/it\/ortondonzia\/apparecchi-ortodontici-rimovibili\/#breadcrumb"},"inLanguage":"it-IT","potentialAction":[{"@type":"ReadAction","target":["https:\/\/tiranadentalhospital.com\/it\/ortondonzia\/apparecchi-ortodontici-rimovibili\/"]}]},{"@type":"BreadcrumbList","@id":"https:\/\/tiranadentalhospital.com\/it\/ortondonzia\/apparecchi-ortodontici-rimovibili\/#breadcrumb","itemListElement":[{"@type":"ListItem","position":1,"name":"Home","item":"https:\/\/tiranadentalhospital.com\/it\/"},{"@type":"ListItem","position":2,"name":"Ortodonzia","item":"https:\/\/tiranadentalhospital.com\/it\/ortondonzia\/"},{"@type":"ListItem","position":3,"name":"Apparecchi ortodontici rimovibili"}]},{"@type":"WebSite","@id":"https:\/\/tiranadentalhospital.com\/it\/#website","url":"https:\/\/tiranadentalhospital.com\/it\/","name":"Tirana Dental Hospital","description":"Clinica odontoiatrica a Tirana","publisher":{"@id":"https:\/\/tiranadentalhospital.com\/it\/#organization"},"alternateName":"Dental Hospital a Tirana","potentialAction":[{"@type":"SearchAction","target":{"@type":"EntryPoint","urlTemplate":"https:\/\/tiranadentalhospital.com\/it\/?s={search_term_string}"},"query-input":{"@type":"PropertyValueSpecification","valueRequired":true,"valueName":"search_term_string"}}],"inLanguage":"it-IT"},{"@type":"Organization","@id":"https:\/\/tiranadentalhospital.com\/it\/#organization","name":"Tirana Dental Hospital","alternateName":"Dental Hospital a Tirana","url":"https:\/\/tiranadentalhospital.com\/it\/","logo":{"@type":"ImageObject","inLanguage":"it-IT","@id":"https:\/\/tiranadentalhospital.com\/it\/#\/schema\/logo\/image\/","url":"https:\/\/tiranadentalhospital.com\/it\/wp-content\/uploads\/2022\/02\/TDH_Logo-2-1.svg","contentUrl":"https:\/\/tiranadentalhospital.com\/it\/wp-content\/uploads\/2022\/02\/TDH_Logo-2-1.svg","width":"1024","height":"1024","caption":"Tirana Dental Hospital"},"image":{"@id":"https:\/\/tiranadentalhospital.com\/it\/#\/schema\/logo\/image\/"},"sameAs":["https:\/\/www.facebook.com\/tiranadentalhospitalcuredentaliinalbania","https:\/\/www.youtube.com\/channel\/UCJV1YJNOw9Z0y7eD3KhD-7g\/videos","https:\/\/www.instagram.com\/tirana.dental.hospital\/"]}]}},"jetpack_sharing_enabled":true,"_links":{"self":[{"href":"https:\/\/tiranadentalhospital.com\/it\/wp-json\/wp\/v2\/pages\/8382","targetHints":{"allow":["GET"]}}],"collection":[{"href":"https:\/\/tiranadentalhospital.com\/it\/wp-json\/wp\/v2\/pages"}],"about":[{"href":"https:\/\/tiranadentalhospital.com\/it\/wp-json\/wp\/v2\/types\/page"}],"author":[{"embeddable":true,"href":"https:\/\/tiranadentalhospital.com\/it\/wp-json\/wp\/v2\/users\/1"}],"replies":[{"embeddable":true,"href":"https:\/\/tiranadentalhospital.com\/it\/wp-json\/wp\/v2\/comments?post=8382"}],"version-history":[{"count":5,"href":"https:\/\/tiranadentalhospital.com\/it\/wp-json\/wp\/v2\/pages\/8382\/revisions"}],"predecessor-version":[{"id":8730,"href":"https:\/\/tiranadentalhospital.com\/it\/wp-json\/wp\/v2\/pages\/8382\/revisions\/8730"}],"up":[{"embeddable":true,"href":"https:\/\/tiranadentalhospital.com\/it\/wp-json\/wp\/v2\/pages\/7760"}],"wp:attachment":[{"href":"https:\/\/tiranadentalhospital.com\/it\/wp-json\/wp\/v2\/media?parent=8382"}],"curies":[{"name":"wp","href":"https:\/\/api.w.org\/{rel}","templated":true}]}}