{"id":8541,"date":"2022-05-26T22:42:40","date_gmt":"2022-05-26T22:42:40","guid":{"rendered":"https:\/\/tiranadentalhospital.com\/it\/?page_id=8541"},"modified":"2022-12-31T17:58:36","modified_gmt":"2022-12-31T17:58:36","slug":"chirurgia-estetica-delle-gengive","status":"publish","type":"page","link":"https:\/\/tiranadentalhospital.com\/it\/protesi-dentale-estetica-a-tirana\/chirurgia-estetica-delle-gengive\/","title":{"rendered":"Chirurgia estetica delle gengive"},"content":{"rendered":"<section class=\"l-section wpb_row us_custom_bff1d887 height_custom\"><div class=\"l-section-h i-cf\"><div class=\"g-cols vc_row via_grid cols_1 laptops-cols_inherit tablets-cols_inherit mobiles-cols_1 valign_top type_default stacking_default\"><div class=\"wpb_column vc_column_container\"><div class=\"vc_column-inner\"><nav class=\"g-breadcrumbs separator_icon align_none\" itemscope itemtype=\"http:\/\/schema.org\/BreadcrumbList\"><div class=\"g-breadcrumbs-item\" itemscope itemprop=\"itemListElement\" itemtype=\"http:\/\/schema.org\/ListItem\"><a itemprop=\"item\" href=\"https:\/\/tiranadentalhospital.com\/it\/\"><span itemprop=\"name\">Home<\/span><\/a><meta itemprop=\"position\" content=\"1\"\/><\/div><div class=\"g-breadcrumbs-separator\"><i class=\"far fa-angle-right\"><\/i><\/div><div class=\"g-breadcrumbs-item\">Pagine<\/div><\/nav><\/div><\/div><\/div><\/div><\/section><section class=\"l-section wpb_row us_custom_85aebea1 height_custom\"><div class=\"l-section-h i-cf\"><div class=\"g-cols vc_row via_grid cols_2-1 laptops-cols_inherit tablets-cols_inherit mobiles-cols_1 valign_top type_default stacking_default\"><div class=\"wpb_column vc_column_container\"><div class=\"vc_column-inner\"><h2 class=\"w-text us_custom_eb849559\"><span class=\"w-text-h\"><span class=\"w-text-value\">Chirurgia estetica delle gengive<\/span><\/span><\/h2><div class=\"w-separator size_small with_line width_50 thick_1 style_solid color_primary align_center with_content\"><div class=\"w-separator-h\"><i class=\"fas fa-tooth\"><\/i><\/div><\/div><div class=\"wpb_text_column\"><div class=\"wpb_wrapper\"><p>La chirurgia estetica delle gengive e il ripristino della funzione gengivale \u00e8 di fondamentale importanza per la protezione delle parti pi\u00f9 vulnerabili dei denti, dell&#8217;osso di sostegno e per l&#8217;integrit\u00e0 dei tessuti gengivali.<\/p>\n<p><strong>Come possono essere eliminati i difetti gengivali?<\/strong><\/p>\n<p>La maggior parte di questi difetti <strong>possono essere eliminati con piccoli, poco invasivi, ma molto sofisticati interventi di microchirurgia gengivale ambulatoriale<\/strong>.<\/p>\n<p>In mano ad esperti, questi interventi, consentono di ripristinare l&#8217;architettura gengivale compromessa con l&#8217;ottenimento del riequilibrio armonico del sorriso e della salute orale.<\/p>\n<\/div><\/div><\/div><\/div><div class=\"wpb_column vc_column_container type_sticky\"><div class=\"vc_column-inner\"><div class=\"w-image align_none\"><div class=\"w-image-h\"><img decoding=\"async\" width=\"512\" height=\"384\" src=\"https:\/\/i0.wp.com\/tiranadentalhospital.com\/it\/wp-content\/uploads\/2022\/05\/chirurgia_estetica_delle_gengive.jpg?fit=512%2C384&amp;ssl=1\" class=\"attachment-large size-large\" alt=\"Chirurgia estetica delle gengive\" loading=\"lazy\" srcset=\"https:\/\/i0.wp.com\/tiranadentalhospital.com\/it\/wp-content\/uploads\/2022\/05\/chirurgia_estetica_delle_gengive.jpg?w=512&amp;ssl=1 512w, https:\/\/i0.wp.com\/tiranadentalhospital.com\/it\/wp-content\/uploads\/2022\/05\/chirurgia_estetica_delle_gengive.jpg?resize=300%2C225&amp;ssl=1 300w\" sizes=\"auto, (max-width: 512px) 100vw, 512px\" \/><\/div><\/div><\/div><\/div><\/div><\/div><\/section><section class=\"l-section wpb_row us_custom_85aebea1 height_custom\"><div class=\"l-section-h i-cf\"><div class=\"g-cols vc_row via_grid cols_1-3 laptops-cols_inherit tablets-cols_inherit mobiles-cols_1 valign_top type_default stacking_default\"><div class=\"wpb_column vc_column_container type_sticky\"><div class=\"vc_column-inner\"><div class=\"w-image align_none\"><div class=\"w-image-h\"><img decoding=\"async\" width=\"850\" height=\"450\" src=\"https:\/\/i0.wp.com\/tiranadentalhospital.com\/it\/wp-content\/uploads\/2022\/05\/difetti_gengivali.jpg?fit=850%2C450&amp;ssl=1\" class=\"attachment-large size-large\" alt=\"difetti gengivali\" loading=\"lazy\" srcset=\"https:\/\/i0.wp.com\/tiranadentalhospital.com\/it\/wp-content\/uploads\/2022\/05\/difetti_gengivali.jpg?w=850&amp;ssl=1 850w, https:\/\/i0.wp.com\/tiranadentalhospital.com\/it\/wp-content\/uploads\/2022\/05\/difetti_gengivali.jpg?resize=300%2C159&amp;ssl=1 300w\" sizes=\"auto, (max-width: 850px) 100vw, 850px\" \/><\/div><\/div><\/div><\/div><div class=\"wpb_column vc_column_container\"><div class=\"vc_column-inner\"><h2 class=\"w-text us_custom_eb849559\"><span class=\"w-text-h\"><span class=\"w-text-value\">Quali sono i principali difetti gengivali<\/span><\/span><\/h2><div class=\"w-separator size_small with_line width_50 thick_1 style_solid color_primary align_center with_content\"><div class=\"w-separator-h\"><i class=\"fas fa-tooth\"><\/i><\/div><\/div><div class=\"wpb_text_column\"><div class=\"wpb_wrapper\"><p><strong>La cura delle gengive<\/strong> \u00e8 un processo tutt&#8217;altro che facile nella nostra quotidianit\u00e0. Bisogna essere pronti a tutto e quindi vi elenchiamo quali sono i <strong>principali difetti gengivali<\/strong> che potreste riscontrare nella vostra vita:<\/p>\n<ul>\n<li>Recessioni<\/li>\n<li>Atrofie papillari<\/li>\n<li>Asimmetrie gengivali<\/li>\n<li>Attaccatura del frenulo anomalo<\/li>\n<li>Atrofie tessutali e ossee in zone edentule<\/li>\n<li>ipertrofia gengivale<\/li>\n<li>Sorriso gengivale <strong>&#8220;gummy smile&#8221;<\/strong><\/li>\n<li>Tatuaggi gengivali ( dette anche &#8220;<em>macchie scure<\/em>&#8220;)<\/li>\n<li>Neoformazioni gengivali.<\/li>\n<\/ul>\n<\/div><\/div><\/div><\/div><\/div><\/div><\/section><section class=\"l-section wpb_row us_custom_85aebea1 height_custom\"><div class=\"l-section-h i-cf\"><div class=\"g-cols vc_row via_grid cols_1 laptops-cols_inherit tablets-cols_inherit mobiles-cols_1 valign_top type_default stacking_default\"><div class=\"wpb_column vc_column_container\"><div class=\"vc_column-inner\"><h2 class=\"w-text us_custom_eb849559\"><span class=\"w-text-h\"><span class=\"w-text-value\">I principali interventi per la cura<\/span><\/span><\/h2><div class=\"w-separator size_small with_line width_50 thick_1 style_solid color_primary align_center with_content\"><div class=\"w-separator-h\"><i class=\"fas fa-tooth\"><\/i><\/div><\/div><div class=\"wpb_text_column\"><div class=\"wpb_wrapper\"><p>Principali interventi di chirurgia mucogengivale che si eseguono nel nostro ospedale odontoiatrico per il ripristino dei tessuti gengivali, sia sul piano della funzione sia dell&#8217;estetica sono:<\/p>\n<ul>\n<li>chirurgia laser gengivale;<\/li>\n<li>trattamento del sorriso gengivale \u201d gummy smile treatment \u201c;<\/li>\n<li>innesti gengivali \u201d gingival graft\u201d;<\/li>\n<li>riposizionamento coronale.<\/li>\n<\/ul>\n<p>e i seguenti innesti:<\/p>\n<ul>\n<li>di tessuto connettivale \u201d CTG \u00a0 \u2013 connective tissue graft\u201d, innesti di tessuto connettivale a \u201d tunnel \u201c;<\/li>\n<li>a scorrimento e peduncolato e \u201cinlay graft\u201d;<\/li>\n<li>di matrice dermica \u201cacellular dermal matrix graft\u201d.<\/li>\n<\/ul>\n<\/div><\/div><\/div><\/div><\/div><\/div><\/section>\n","protected":false},"excerpt":{"rendered":"HomePagineChirurgia estetica delle gengiveLa chirurgia estetica delle gengive e il ripristino della funzione gengivale \u00e8 di fondamentale importanza per la protezione delle parti pi\u00f9 vulnerabili dei denti, dell&#8217;osso di sostegno e per l&#8217;integrit\u00e0 dei tessuti gengivali. Come possono essere eliminati i difetti gengivali? La maggior parte di questi difetti possono essere eliminati con piccoli, poco...","protected":false},"author":3,"featured_media":0,"parent":7574,"menu_order":0,"comment_status":"closed","ping_status":"closed","template":"","meta":{"nf_dc_page":"","footnotes":""},"class_list":["post-8541","page","type-page","status-publish","hentry"],"yoast_head":"<!-- This site is optimized with the Yoast SEO plugin v27.4 - https:\/\/yoast.com\/product\/yoast-seo-wordpress\/ -->\n<title>Chirurgia estetica delle gingive in Albania<\/title>\n<meta name=\"description\" content=\"Tirana Dental Hospital ti permette di affrontare le pi\u00f9 accurate e meticolose operazioni di chirurgia estetica delle gengive.\" \/>\n<meta name=\"robots\" content=\"index, follow, max-snippet:-1, max-image-preview:large, max-video-preview:-1\" \/>\n<link rel=\"canonical\" href=\"https:\/\/tiranadentalhospital.com\/it\/protesi-dentale-estetica-a-tirana\/chirurgia-estetica-delle-gengive\/\" \/>\n<meta property=\"og:locale\" content=\"it_IT\" \/>\n<meta property=\"og:type\" content=\"article\" \/>\n<meta property=\"og:title\" content=\"Chirurgia estetica delle gingive in Albania\" \/>\n<meta property=\"og:description\" content=\"Tirana Dental Hospital ti permette di affrontare le pi\u00f9 accurate e meticolose operazioni di chirurgia estetica delle gengive.\" \/>\n<meta property=\"og:url\" content=\"https:\/\/tiranadentalhospital.com\/it\/protesi-dentale-estetica-a-tirana\/chirurgia-estetica-delle-gengive\/\" \/>\n<meta property=\"og:site_name\" content=\"Tirana Dental Hospital\" \/>\n<meta property=\"article:publisher\" content=\"https:\/\/www.facebook.com\/tiranadentalhospitalcuredentaliinalbania\" \/>\n<meta property=\"article:modified_time\" content=\"2022-12-31T17:58:36+00:00\" \/>\n<meta property=\"og:image\" content=\"https:\/\/i0.wp.com\/tiranadentalhospital.com\/it\/wp-content\/uploads\/2025\/04\/tiranadentalhospital-1.png?fit=1200%2C675&ssl=1\" \/>\n\t<meta property=\"og:image:width\" content=\"1200\" \/>\n\t<meta property=\"og:image:height\" content=\"675\" \/>\n\t<meta property=\"og:image:type\" content=\"image\/png\" \/>\n<meta name=\"twitter:card\" content=\"summary_large_image\" \/>\n<meta name=\"twitter:label1\" content=\"Tempo di lettura stimato\" \/>\n\t<meta name=\"twitter:data1\" content=\"2 minuti\" \/>\n<script type=\"application\/ld+json\" class=\"yoast-schema-graph\">{\"@context\":\"https:\\\/\\\/schema.org\",\"@graph\":[{\"@type\":\"WebPage\",\"@id\":\"https:\\\/\\\/tiranadentalhospital.com\\\/it\\\/protesi-dentale-estetica-a-tirana\\\/chirurgia-estetica-delle-gengive\\\/\",\"url\":\"https:\\\/\\\/tiranadentalhospital.com\\\/it\\\/protesi-dentale-estetica-a-tirana\\\/chirurgia-estetica-delle-gengive\\\/\",\"name\":\"Chirurgia estetica delle gingive in Albania\",\"isPartOf\":{\"@id\":\"https:\\\/\\\/tiranadentalhospital.com\\\/it\\\/#website\"},\"datePublished\":\"2022-05-26T22:42:40+00:00\",\"dateModified\":\"2022-12-31T17:58:36+00:00\",\"description\":\"Tirana Dental Hospital ti permette di affrontare le pi\u00f9 accurate e meticolose operazioni di chirurgia estetica delle gengive.\",\"breadcrumb\":{\"@id\":\"https:\\\/\\\/tiranadentalhospital.com\\\/it\\\/protesi-dentale-estetica-a-tirana\\\/chirurgia-estetica-delle-gengive\\\/#breadcrumb\"},\"inLanguage\":\"it-IT\",\"potentialAction\":[{\"@type\":\"ReadAction\",\"target\":[\"https:\\\/\\\/tiranadentalhospital.com\\\/it\\\/protesi-dentale-estetica-a-tirana\\\/chirurgia-estetica-delle-gengive\\\/\"]}]},{\"@type\":\"BreadcrumbList\",\"@id\":\"https:\\\/\\\/tiranadentalhospital.com\\\/it\\\/protesi-dentale-estetica-a-tirana\\\/chirurgia-estetica-delle-gengive\\\/#breadcrumb\",\"itemListElement\":[{\"@type\":\"ListItem\",\"position\":1,\"name\":\"Home\",\"item\":\"https:\\\/\\\/tiranadentalhospital.com\\\/it\\\/\"},{\"@type\":\"ListItem\",\"position\":2,\"name\":\"Protesi Dentale Estetica a Tirana\",\"item\":\"https:\\\/\\\/tiranadentalhospital.com\\\/it\\\/protesi-dentale-estetica-a-tirana\\\/\"},{\"@type\":\"ListItem\",\"position\":3,\"name\":\"Chirurgia estetica delle gengive\"}]},{\"@type\":\"WebSite\",\"@id\":\"https:\\\/\\\/tiranadentalhospital.com\\\/it\\\/#website\",\"url\":\"https:\\\/\\\/tiranadentalhospital.com\\\/it\\\/\",\"name\":\"Tirana Dental Hospital\",\"description\":\"Clinica odontoiatrica a Tirana\",\"publisher\":{\"@id\":\"https:\\\/\\\/tiranadentalhospital.com\\\/it\\\/#organization\"},\"alternateName\":\"Dental Hospital a Tirana\",\"potentialAction\":[{\"@type\":\"SearchAction\",\"target\":{\"@type\":\"EntryPoint\",\"urlTemplate\":\"https:\\\/\\\/tiranadentalhospital.com\\\/it\\\/?s={search_term_string}\"},\"query-input\":{\"@type\":\"PropertyValueSpecification\",\"valueRequired\":true,\"valueName\":\"search_term_string\"}}],\"inLanguage\":\"it-IT\"},{\"@type\":\"Organization\",\"@id\":\"https:\\\/\\\/tiranadentalhospital.com\\\/it\\\/#organization\",\"name\":\"Tirana Dental Hospital\",\"alternateName\":\"Dental Hospital a Tirana\",\"url\":\"https:\\\/\\\/tiranadentalhospital.com\\\/it\\\/\",\"logo\":{\"@type\":\"ImageObject\",\"inLanguage\":\"it-IT\",\"@id\":\"https:\\\/\\\/tiranadentalhospital.com\\\/it\\\/#\\\/schema\\\/logo\\\/image\\\/\",\"url\":\"https:\\\/\\\/tiranadentalhospital.com\\\/it\\\/wp-content\\\/uploads\\\/2022\\\/02\\\/TDH_Logo-2-1.svg\",\"contentUrl\":\"https:\\\/\\\/tiranadentalhospital.com\\\/it\\\/wp-content\\\/uploads\\\/2022\\\/02\\\/TDH_Logo-2-1.svg\",\"width\":\"1024\",\"height\":\"1024\",\"caption\":\"Tirana Dental Hospital\"},\"image\":{\"@id\":\"https:\\\/\\\/tiranadentalhospital.com\\\/it\\\/#\\\/schema\\\/logo\\\/image\\\/\"},\"sameAs\":[\"https:\\\/\\\/www.facebook.com\\\/tiranadentalhospitalcuredentaliinalbania\",\"https:\\\/\\\/www.youtube.com\\\/channel\\\/UCJV1YJNOw9Z0y7eD3KhD-7g\\\/videos\",\"https:\\\/\\\/www.instagram.com\\\/tirana.dental.hospital\\\/\"]}]}<\/script>\n<!-- \/ Yoast SEO plugin. -->","yoast_head_json":{"title":"Chirurgia estetica delle gingive in Albania","description":"Tirana Dental Hospital ti permette di affrontare le pi\u00f9 accurate e meticolose operazioni di chirurgia estetica delle gengive.","robots":{"index":"index","follow":"follow","max-snippet":"max-snippet:-1","max-image-preview":"max-image-preview:large","max-video-preview":"max-video-preview:-1"},"canonical":"https:\/\/tiranadentalhospital.com\/it\/protesi-dentale-estetica-a-tirana\/chirurgia-estetica-delle-gengive\/","og_locale":"it_IT","og_type":"article","og_title":"Chirurgia estetica delle gingive in Albania","og_description":"Tirana Dental Hospital ti permette di affrontare le pi\u00f9 accurate e meticolose operazioni di chirurgia estetica delle gengive.","og_url":"https:\/\/tiranadentalhospital.com\/it\/protesi-dentale-estetica-a-tirana\/chirurgia-estetica-delle-gengive\/","og_site_name":"Tirana Dental Hospital","article_publisher":"https:\/\/www.facebook.com\/tiranadentalhospitalcuredentaliinalbania","article_modified_time":"2022-12-31T17:58:36+00:00","og_image":[{"width":1200,"height":675,"url":"https:\/\/i0.wp.com\/tiranadentalhospital.com\/it\/wp-content\/uploads\/2025\/04\/tiranadentalhospital-1.png?fit=1200%2C675&ssl=1","type":"image\/png"}],"twitter_card":"summary_large_image","twitter_misc":{"Tempo di lettura stimato":"2 minuti"},"schema":{"@context":"https:\/\/schema.org","@graph":[{"@type":"WebPage","@id":"https:\/\/tiranadentalhospital.com\/it\/protesi-dentale-estetica-a-tirana\/chirurgia-estetica-delle-gengive\/","url":"https:\/\/tiranadentalhospital.com\/it\/protesi-dentale-estetica-a-tirana\/chirurgia-estetica-delle-gengive\/","name":"Chirurgia estetica delle gingive in Albania","isPartOf":{"@id":"https:\/\/tiranadentalhospital.com\/it\/#website"},"datePublished":"2022-05-26T22:42:40+00:00","dateModified":"2022-12-31T17:58:36+00:00","description":"Tirana Dental Hospital ti permette di affrontare le pi\u00f9 accurate e meticolose operazioni di chirurgia estetica delle gengive.","breadcrumb":{"@id":"https:\/\/tiranadentalhospital.com\/it\/protesi-dentale-estetica-a-tirana\/chirurgia-estetica-delle-gengive\/#breadcrumb"},"inLanguage":"it-IT","potentialAction":[{"@type":"ReadAction","target":["https:\/\/tiranadentalhospital.com\/it\/protesi-dentale-estetica-a-tirana\/chirurgia-estetica-delle-gengive\/"]}]},{"@type":"BreadcrumbList","@id":"https:\/\/tiranadentalhospital.com\/it\/protesi-dentale-estetica-a-tirana\/chirurgia-estetica-delle-gengive\/#breadcrumb","itemListElement":[{"@type":"ListItem","position":1,"name":"Home","item":"https:\/\/tiranadentalhospital.com\/it\/"},{"@type":"ListItem","position":2,"name":"Protesi Dentale Estetica a Tirana","item":"https:\/\/tiranadentalhospital.com\/it\/protesi-dentale-estetica-a-tirana\/"},{"@type":"ListItem","position":3,"name":"Chirurgia estetica delle gengive"}]},{"@type":"WebSite","@id":"https:\/\/tiranadentalhospital.com\/it\/#website","url":"https:\/\/tiranadentalhospital.com\/it\/","name":"Tirana Dental Hospital","description":"Clinica odontoiatrica a Tirana","publisher":{"@id":"https:\/\/tiranadentalhospital.com\/it\/#organization"},"alternateName":"Dental Hospital a Tirana","potentialAction":[{"@type":"SearchAction","target":{"@type":"EntryPoint","urlTemplate":"https:\/\/tiranadentalhospital.com\/it\/?s={search_term_string}"},"query-input":{"@type":"PropertyValueSpecification","valueRequired":true,"valueName":"search_term_string"}}],"inLanguage":"it-IT"},{"@type":"Organization","@id":"https:\/\/tiranadentalhospital.com\/it\/#organization","name":"Tirana Dental Hospital","alternateName":"Dental Hospital a Tirana","url":"https:\/\/tiranadentalhospital.com\/it\/","logo":{"@type":"ImageObject","inLanguage":"it-IT","@id":"https:\/\/tiranadentalhospital.com\/it\/#\/schema\/logo\/image\/","url":"https:\/\/tiranadentalhospital.com\/it\/wp-content\/uploads\/2022\/02\/TDH_Logo-2-1.svg","contentUrl":"https:\/\/tiranadentalhospital.com\/it\/wp-content\/uploads\/2022\/02\/TDH_Logo-2-1.svg","width":"1024","height":"1024","caption":"Tirana Dental Hospital"},"image":{"@id":"https:\/\/tiranadentalhospital.com\/it\/#\/schema\/logo\/image\/"},"sameAs":["https:\/\/www.facebook.com\/tiranadentalhospitalcuredentaliinalbania","https:\/\/www.youtube.com\/channel\/UCJV1YJNOw9Z0y7eD3KhD-7g\/videos","https:\/\/www.instagram.com\/tirana.dental.hospital\/"]}]}},"jetpack_sharing_enabled":true,"_links":{"self":[{"href":"https:\/\/tiranadentalhospital.com\/it\/wp-json\/wp\/v2\/pages\/8541","targetHints":{"allow":["GET"]}}],"collection":[{"href":"https:\/\/tiranadentalhospital.com\/it\/wp-json\/wp\/v2\/pages"}],"about":[{"href":"https:\/\/tiranadentalhospital.com\/it\/wp-json\/wp\/v2\/types\/page"}],"author":[{"embeddable":true,"href":"https:\/\/tiranadentalhospital.com\/it\/wp-json\/wp\/v2\/users\/3"}],"replies":[{"embeddable":true,"href":"https:\/\/tiranadentalhospital.com\/it\/wp-json\/wp\/v2\/comments?post=8541"}],"version-history":[{"count":5,"href":"https:\/\/tiranadentalhospital.com\/it\/wp-json\/wp\/v2\/pages\/8541\/revisions"}],"predecessor-version":[{"id":8723,"href":"https:\/\/tiranadentalhospital.com\/it\/wp-json\/wp\/v2\/pages\/8541\/revisions\/8723"}],"up":[{"embeddable":true,"href":"https:\/\/tiranadentalhospital.com\/it\/wp-json\/wp\/v2\/pages\/7574"}],"wp:attachment":[{"href":"https:\/\/tiranadentalhospital.com\/it\/wp-json\/wp\/v2\/media?parent=8541"}],"curies":[{"name":"wp","href":"https:\/\/api.w.org\/{rel}","templated":true}]}}