{"id":8617,"date":"2022-06-02T13:46:29","date_gmt":"2022-06-02T13:46:29","guid":{"rendered":"https:\/\/tiranadentalhospital.com\/it\/?page_id=8617"},"modified":"2022-06-04T11:10:23","modified_gmt":"2022-06-04T11:10:23","slug":"chirurgia-parodontale","status":"publish","type":"page","link":"https:\/\/tiranadentalhospital.com\/it\/parodontologia\/chirurgia-parodontale\/","title":{"rendered":"Chirurgia parodontale"},"content":{"rendered":"<section class=\"l-section wpb_row us_custom_bff1d887 height_custom\"><div class=\"l-section-h i-cf\"><div class=\"g-cols vc_row via_grid cols_1 laptops-cols_inherit tablets-cols_inherit mobiles-cols_1 valign_top type_default stacking_default\"><div class=\"wpb_column vc_column_container\"><div class=\"vc_column-inner\"><nav class=\"g-breadcrumbs separator_icon align_none\" itemscope itemtype=\"http:\/\/schema.org\/BreadcrumbList\"><div class=\"g-breadcrumbs-item\" itemscope itemprop=\"itemListElement\" itemtype=\"http:\/\/schema.org\/ListItem\"><a itemprop=\"item\" href=\"https:\/\/tiranadentalhospital.com\/it\/\"><span itemprop=\"name\">Home<\/span><\/a><meta itemprop=\"position\" content=\"1\"\/><\/div><div class=\"g-breadcrumbs-separator\"><i class=\"far fa-angle-right\"><\/i><\/div><div class=\"g-breadcrumbs-item\">Pagine<\/div><\/nav><\/div><\/div><\/div><\/div><\/section><section class=\"l-section wpb_row us_custom_85aebea1 height_custom\"><div class=\"l-section-h i-cf\"><div class=\"g-cols vc_row via_grid cols_2-1 laptops-cols_inherit tablets-cols_inherit mobiles-cols_1 valign_top type_default stacking_default\"><div class=\"wpb_column vc_column_container\"><div class=\"vc_column-inner\"><h2 class=\"w-text us_custom_eb849559\"><span class=\"w-text-h\"><span class=\"w-text-value\">I sintomi della parodontite<\/span><\/span><\/h2><div class=\"w-separator size_small with_line width_50 thick_1 style_solid color_primary align_center with_content\"><div class=\"w-separator-h\"><i class=\"fas fa-tooth\"><\/i><\/div><\/div><div class=\"wpb_text_column\"><div class=\"wpb_wrapper\"><p>La parodontite, come anche la piorrea, sono due malattie parodontali che colpiscono maggiormente\u00a0 l&#8217;apparato di sostegno di un dente. Sono molto simili tra di loro per\u00f2, la\u00a0<strong>parodontite<\/strong>, ha come <strong>sintomo principale la gengivite<\/strong>, ovvero l&#8217;infiammazione delle gengive continuativo.<\/p>\n<p>Questa malattia si manifesta con l&#8217;arretramento delle gengive, la distruzione ossea, e l&#8217;esposizione della radice del dente o denti colpiti. I denti colpiti si possono muovere ma con la giusta cura si stabilizzano.<\/p>\n<p>\u00c8 una malattia molto comune che si evolve molto rapidamente con sintomi molto evidenti dove di solito l&#8217;igiene del paziente \u00e8 scarsa. Si manifesta con dolore, sanguinamento delle gengive e presenza dell&#8217;edema.<\/p>\n<p>Per il suo trattamento si effettuano delle cure per alleviare i sintomi e recuperare al pi\u00f9 presto.<\/p>\n<\/div><\/div><\/div><\/div><div class=\"wpb_column vc_column_container type_sticky\"><div class=\"vc_column-inner\"><div class=\"w-image align_none\"><div class=\"w-image-h\"><img decoding=\"async\" width=\"800\" height=\"450\" src=\"https:\/\/i0.wp.com\/tiranadentalhospital.com\/it\/wp-content\/uploads\/2022\/06\/parodontite_albania.png?fit=800%2C450&amp;ssl=1\" class=\"attachment-large size-large\" alt=\"Parodontite confronto\" loading=\"lazy\" srcset=\"https:\/\/i0.wp.com\/tiranadentalhospital.com\/it\/wp-content\/uploads\/2022\/06\/parodontite_albania.png?w=800&amp;ssl=1 800w, https:\/\/i0.wp.com\/tiranadentalhospital.com\/it\/wp-content\/uploads\/2022\/06\/parodontite_albania.png?resize=300%2C169&amp;ssl=1 300w\" sizes=\"auto, (max-width: 800px) 100vw, 800px\" \/><\/div><\/div><\/div><\/div><\/div><\/div><\/section><section class=\"l-section wpb_row us_custom_85aebea1 height_custom\"><div class=\"l-section-h i-cf\"><div class=\"g-cols vc_row via_grid cols_1-3 laptops-cols_inherit tablets-cols_inherit mobiles-cols_1 valign_top type_default stacking_default\"><div class=\"wpb_column vc_column_container type_sticky\"><div class=\"vc_column-inner\"><div class=\"w-image align_none\"><div class=\"w-image-h\"><img decoding=\"async\" width=\"1024\" height=\"576\" src=\"https:\/\/i0.wp.com\/tiranadentalhospital.com\/it\/wp-content\/uploads\/2022\/06\/parodontite_lesioni.jpg?fit=1024%2C576&amp;ssl=1\" class=\"attachment-large size-large\" alt=\"parodontite lesioni\" loading=\"lazy\" srcset=\"https:\/\/i0.wp.com\/tiranadentalhospital.com\/it\/wp-content\/uploads\/2022\/06\/parodontite_lesioni.jpg?w=1500&amp;ssl=1 1500w, https:\/\/i0.wp.com\/tiranadentalhospital.com\/it\/wp-content\/uploads\/2022\/06\/parodontite_lesioni.jpg?resize=300%2C169&amp;ssl=1 300w, https:\/\/i0.wp.com\/tiranadentalhospital.com\/it\/wp-content\/uploads\/2022\/06\/parodontite_lesioni.jpg?resize=1024%2C576&amp;ssl=1 1024w\" sizes=\"auto, (max-width: 1024px) 100vw, 1024px\" \/><\/div><\/div><\/div><\/div><div class=\"wpb_column vc_column_container\"><div class=\"vc_column-inner\"><h2 class=\"w-text us_custom_eb849559\"><span class=\"w-text-h\"><span class=\"w-text-value\">Le conseguenze della parodontite<\/span><\/span><\/h2><div class=\"w-separator size_small with_line width_50 thick_1 style_solid color_primary align_center with_content\"><div class=\"w-separator-h\"><i class=\"fas fa-tooth\"><\/i><\/div><\/div><div class=\"wpb_text_column\"><div class=\"wpb_wrapper\"><p>Tra le conseguenze pi\u00f9 importanti di tali malattie riportiamo:<\/p>\n<ul>\n<li><strong>Riassorbimento delle ossa;<\/strong><\/li>\n<\/ul>\n<p>Tale fenomeno accade come conseguenza della malattia stessa dove i batteri e la loro virulenza sembrano causare una distruzione lenta e progressiva dell&#8217;osso alveolare e dell&#8217;osso di supporto dei denti colpiti.<\/p>\n<ul>\n<li><strong>Recessioni gengivali;<\/strong><\/li>\n<\/ul>\n<p>Assieme alla distruzione dell&#8217;osso clinicamente, si evidenzia anche un arretramento delle gengive chiamate recessioni gengivali. Il livello delle gengive segue fedelmente il livello osseo del paziente. Pu\u00f2 succedere che il livello delle gengive cambi da dente a dente a seconda della distruzione ossea avvenuta.<\/p>\n<ul>\n<li><strong>Esposizione delle radici;<\/strong><\/li>\n<\/ul>\n<p>Quando \u00e8 avvenuto il riassorbimento osseo e la recessione delle gengive, il paziente spesso lamenta che i suoi denti sembrano pi\u00f9 lunghi e anche pi\u00f9 sensibili a stimoli termici diversi. Nella parodontite le radici vengono esposte a livello delle tasche parodontali.<\/p>\n<ul>\n<li><strong>Mobilit\u00e0 dentale;<\/strong><\/li>\n<\/ul>\n<p>Con la distruzione ossea progressiva e la perdita dell&#8217;apparato di sostegno del dente, si evidenzia la mobilit\u00e0 dell&#8217;elemento o degli elementi colpiti. In caso di parodontite, questa mobilit\u00e0 si pu\u00f2 stabilizzare.<\/p>\n<ul>\n<li><strong>Alitosi.<\/strong><\/li>\n<\/ul>\n<p>Il cattivo odore \u00e8 uno dei sintomi principali per entrambe le malattie. Questa sintomatologia pu\u00f2 causare maggiore disagio nei pazienti ma pu\u00f2 scomparire curando l&#8217;infiammazione.<\/p>\n<\/div><\/div><\/div><\/div><\/div><\/div><\/section><section class=\"l-section wpb_row us_custom_85aebea1 height_custom\"><div class=\"l-section-h i-cf\"><div class=\"g-cols vc_row via_grid cols_2-1 laptops-cols_inherit tablets-cols_inherit mobiles-cols_1 valign_top type_default stacking_default\"><div class=\"wpb_column vc_column_container\"><div class=\"vc_column-inner\"><h2 class=\"w-text us_custom_eb849559\"><span class=\"w-text-h\"><span class=\"w-text-value\">Il trattamento<\/span><\/span><\/h2><div class=\"w-separator size_small with_line width_50 thick_1 style_solid color_primary align_center with_content\"><div class=\"w-separator-h\"><i class=\"fas fa-tooth\"><\/i><\/div><\/div><div class=\"wpb_text_column\"><div class=\"wpb_wrapper\"><p>Il metodo per il trattamento cambia secondo la fase della malattia con la quale si presenta il paziente. Nel caso della malattia parodontale essa viene curata facilmente intervenendo in tempo e cercando di mantenere la malattia sotto controllo.<\/p>\n<p>Le <strong>misure che riguardano la cura e il rallentamento dell&#8217;evoluzione della parodontite<\/strong> sono:<\/p>\n<ul>\n<li><strong>Curettage<\/strong> &#8211; pulizia profonda delle radici dei denti;<\/li>\n<\/ul>\n<p>Il curettage delle radici \u00e8 un processo terapeutico effettuato con appositi strumenti e la sua finalit\u00e0 \u00e8 quella di rimuovere il tartaro sottogengivale attaccato alla radice. Questo per rendere la superficie il pi\u00f9 liscia possibile cosicch\u00e9 i batteri non si attaccano su di essa rallentando il riassorbimento osseo.<\/p>\n<ul>\n<li><strong>Intervento a lembo<\/strong> &#8211; correzione e ripristino delle tasche parodontali con osso artificiale;<\/li>\n<\/ul>\n<p>La levigatura a cielo aperto \u00e8 una procedura chirurgica che comprende l&#8217;apertura di un lembo e la rimozione del tartaro sottogengivale nelle tasche parodontali profonde. Successivamente si aggiunge osso artificiale nelle zone dove essa si ritenga necessaria per coprire i difetti ossei della malattia stessa.<\/p>\n<ul>\n<li><strong>Plasmolifting;<\/strong><\/li>\n<\/ul>\n<p>L&#8217;utilizzo del plasma nel campo odontoiatrico \u00e8 stata una innovazione nelle procedure chirurgiche importanti. Il plasma viene preso con un prelievo di sangue dal paziente e poi viene messo in centrifuga. Da l\u00ec si ricava il plasma da utilizzare per la chirurgia. Il plasma stesso viene utilizzato per cercare di rigenerare le cellule gengivali.<\/p>\n<ul>\n<li><strong>Cura antibiotica.<\/strong><\/li>\n<\/ul>\n<p>Questa malattia viene causata e sostenuta da una carica batterica importante. Come per tutte le infezioni, gli antibiotici presentano una prima linea di difesa.<\/p>\n<\/div><\/div><div class=\"wpb_text_column\"><div class=\"wpb_wrapper\"><p style=\"text-align: right;\"><em>(\u00c8 importante sottolineare che l&#8217;effetto della cura antibiotica \u00e8 pi\u00f9 lento nel caso di pazienti fumatori che su quelli non fumatori. Il suo effetto nel caso della parodontite \u00e8 pi\u00f9 lento)<\/em><\/p>\n<\/div><\/div><\/div><\/div><div class=\"wpb_column vc_column_container type_sticky\"><div class=\"vc_column-inner\"><div class=\"w-image align_none\"><div class=\"w-image-h\"><img decoding=\"async\" width=\"827\" height=\"400\" src=\"https:\/\/i0.wp.com\/tiranadentalhospital.com\/it\/wp-content\/uploads\/2022\/06\/cura_parodontite.jpg?fit=827%2C400&amp;ssl=1\" class=\"attachment-large size-large\" alt=\"cura parodontite\" loading=\"lazy\" srcset=\"https:\/\/i0.wp.com\/tiranadentalhospital.com\/it\/wp-content\/uploads\/2022\/06\/cura_parodontite.jpg?w=827&amp;ssl=1 827w, https:\/\/i0.wp.com\/tiranadentalhospital.com\/it\/wp-content\/uploads\/2022\/06\/cura_parodontite.jpg?resize=300%2C145&amp;ssl=1 300w\" sizes=\"auto, (max-width: 827px) 100vw, 827px\" \/><\/div><\/div><\/div><\/div><\/div><\/div><\/section><section class=\"l-section wpb_row us_custom_85aebea1 height_custom\"><div class=\"l-section-h i-cf\"><div class=\"g-cols vc_row via_grid cols_1-3 laptops-cols_inherit tablets-cols_inherit mobiles-cols_1 valign_top type_default stacking_default\"><div class=\"wpb_column vc_column_container type_sticky\"><div class=\"vc_column-inner\"><div class=\"w-image align_none\"><div class=\"w-image-h\"><img decoding=\"async\" width=\"700\" height=\"467\" src=\"https:\/\/i0.wp.com\/tiranadentalhospital.com\/it\/wp-content\/uploads\/2022\/06\/antibiotici_parodontite.jpg?fit=700%2C467&amp;ssl=1\" class=\"attachment-large size-large\" alt=\"esempio di parodontite\" loading=\"lazy\" srcset=\"https:\/\/i0.wp.com\/tiranadentalhospital.com\/it\/wp-content\/uploads\/2022\/06\/antibiotici_parodontite.jpg?w=700&amp;ssl=1 700w, https:\/\/i0.wp.com\/tiranadentalhospital.com\/it\/wp-content\/uploads\/2022\/06\/antibiotici_parodontite.jpg?resize=300%2C200&amp;ssl=1 300w\" sizes=\"auto, (max-width: 700px) 100vw, 700px\" \/><\/div><\/div><\/div><\/div><div class=\"wpb_column vc_column_container\"><div class=\"vc_column-inner\"><h2 class=\"w-text us_custom_eb849559\"><span class=\"w-text-h\"><span class=\"w-text-value\">Riduzione conseguenze della malattia<\/span><\/span><\/h2><div class=\"w-separator size_small with_line width_50 thick_1 style_solid color_primary align_center with_content\"><div class=\"w-separator-h\"><i class=\"fas fa-tooth\"><\/i><\/div><\/div><div class=\"wpb_text_column\"><div class=\"wpb_wrapper\"><p>Per cercare di ridurre le conseguenze della parodontite troviamo:<\/p>\n<ul>\n<li><strong>Splintaggio dei denti;<\/strong><\/li>\n<\/ul>\n<p>Uno dei metodi pi\u00f9 effettivi per contenere la mobilit\u00e0 dentale avvenuta \u00e8 quella dello splintaggio dei denti interessati. La pratica consiste nell&#8217;utilizzare un filo metallico dalla parte interna dei denti il quale li tiene uniti facendoli funzionare come un gruppo. Tale filo si mantiene in sede per 6-8 mesi dopodich\u00e9 si valuta di nuovo la stabilit\u00e0 dei denti interessati.<\/p>\n<ul>\n<li><strong>Corone e ponti dentali sui denti;<\/strong><\/li>\n<\/ul>\n<p>Un&#8217;altra soluzione per ridurre la conseguenza della parodontite sarebbe quella di rivestire i denti colpiti dalla malattia con delle corone o ponti fissi migliorando cos\u00ec l&#8217;aspetto estetico come anche quello funzionale.<\/p>\n<ul>\n<li><strong>Gengivoplastica.<\/strong><\/li>\n<\/ul>\n<p>La gengivoplastica consiste nel prendere un prelievo di gengiva del paziente stesso e ricoprire il difetto gengivale irregolare lasciato come conseguenza della parodontite stessa.<\/p>\n<\/div><\/div><\/div><\/div><\/div><\/div><\/section><section class=\"l-section wpb_row us_custom_85aebea1 height_custom\"><div class=\"l-section-h i-cf\"><div class=\"g-cols vc_row via_grid cols_1 laptops-cols_inherit tablets-cols_inherit mobiles-cols_1 valign_top type_default stacking_default\"><div class=\"wpb_column vc_column_container\"><div class=\"vc_column-inner\"><h2 class=\"w-text us_custom_eb849559\"><span class=\"w-text-h\"><span class=\"w-text-value\">Costo per curare la parodontite<\/span><\/span><\/h2><div class=\"w-separator size_small with_line width_50 thick_1 style_solid color_primary align_center with_content\"><div class=\"w-separator-h\"><i class=\"fas fa-tooth\"><\/i><\/div><\/div><div class=\"wpb_text_column\"><div class=\"wpb_wrapper\"><p>I costi del trattamento cambiano a seconda della severit\u00e0 del caso con il quale si presenta il paziente. Nelle prime fasi i costi non sono elevati. Con l&#8217;andamento di essa e con l&#8217;aumento della severit\u00e0, le gengive si scoprono, il livello osseo cade notevolmente e inizia la mobilit\u00e0 dentale.<\/p>\n<p>Nel caso di una notevole ed importante mobilit\u00e0 dentaria si decider\u00e0 di estrarre i denti interessati e sostituirli con degli impianti. A seconda del numero di estrazioni e del numero degli impianti o anche del protocollo protocollo implantare da seguire (<a href=\"https:\/\/tiranadentalhospital.com\/it\/impianti-dentali-e-chirurgia-orale-tirana-albania\/all-on-four-costo-albania-tirana\/\">All on 4<\/a>, <a href=\"https:\/\/tiranadentalhospital.com\/it\/impianti-dentali-e-chirurgia-orale-tirana-albania\/all-on-six-costo-albania\/\">All on 6<\/a> e <a href=\"https:\/\/tiranadentalhospital.com\/it\/impianti-dentali-e-chirurgia-orale-tirana-albania\/all-on-8-costo-albania\/\">All on 8<\/a>) cambieranno i costi corrispettivi del trattamento stesso.<\/p>\n<p>Nei paesi Extra UE, dove vengono applicati questi metodi, i costi sono notevolmente elevati fino a 4x di pi\u00f9 rispetto a dei paesi non UE come l&#8217;Albania.<\/p>\n<p>La nostra clinica offre i seguenti trattamenti:<\/p>\n<ul>\n<li>Curettage per dente;<\/li>\n<li>Chirurgia con lembo e ricostruzione ossea;<\/li>\n<li>Splintaggio dei denti<\/li>\n<li>Chirurgia di trapianto gengivale;<\/li>\n<li>Corona in zirconio, corona in metallo ceramica.<\/li>\n<\/ul>\n<\/div><\/div><\/div><\/div><\/div><\/div><\/section>\n","protected":false},"excerpt":{"rendered":"HomePagineI sintomi della parodontiteLa parodontite, come anche la piorrea, sono due malattie parodontali che colpiscono maggiormente\u00a0 l&#8217;apparato di sostegno di un dente. Sono molto simili tra di loro per\u00f2, la\u00a0parodontite, ha come sintomo principale la gengivite, ovvero l&#8217;infiammazione delle gengive continuativo. Questa malattia si manifesta con l&#8217;arretramento delle gengive, la distruzione ossea, e l&#8217;esposizione della...","protected":false},"author":3,"featured_media":0,"parent":7738,"menu_order":0,"comment_status":"closed","ping_status":"closed","template":"","meta":{"nf_dc_page":"","footnotes":""},"class_list":["post-8617","page","type-page","status-publish","hentry"],"yoast_head":"<!-- This site is optimized with the Yoast SEO plugin v27.4 - https:\/\/yoast.com\/product\/yoast-seo-wordpress\/ -->\n<title>Chirurgia parodontale - Tirana Dental Hospital parodontite<\/title>\n<meta name=\"description\" content=\"La parodontite \u00e8 una malattia che distrugge le tue gengive e denti, ma da Tirana puoi curare questa malattia con i migliori strumenti.\" \/>\n<meta name=\"robots\" content=\"index, follow, max-snippet:-1, max-image-preview:large, max-video-preview:-1\" \/>\n<link rel=\"canonical\" href=\"https:\/\/tiranadentalhospital.com\/it\/parodontologia\/chirurgia-parodontale\/\" \/>\n<meta property=\"og:locale\" content=\"it_IT\" \/>\n<meta property=\"og:type\" content=\"article\" \/>\n<meta property=\"og:title\" content=\"Chirurgia parodontale - Tirana Dental Hospital parodontite\" \/>\n<meta property=\"og:description\" content=\"La parodontite \u00e8 una malattia che distrugge le tue gengive e denti, ma da Tirana puoi curare questa malattia con i migliori strumenti.\" \/>\n<meta property=\"og:url\" content=\"https:\/\/tiranadentalhospital.com\/it\/parodontologia\/chirurgia-parodontale\/\" \/>\n<meta property=\"og:site_name\" content=\"Tirana Dental Hospital\" \/>\n<meta property=\"article:publisher\" content=\"https:\/\/www.facebook.com\/tiranadentalhospitalcuredentaliinalbania\" \/>\n<meta property=\"article:modified_time\" content=\"2022-06-04T11:10:23+00:00\" \/>\n<meta property=\"og:image\" content=\"https:\/\/i0.wp.com\/tiranadentalhospital.com\/it\/wp-content\/uploads\/2025\/04\/tiranadentalhospital-1.png?fit=1200%2C675&ssl=1\" \/>\n\t<meta property=\"og:image:width\" content=\"1200\" \/>\n\t<meta property=\"og:image:height\" content=\"675\" \/>\n\t<meta property=\"og:image:type\" content=\"image\/png\" \/>\n<meta name=\"twitter:card\" content=\"summary_large_image\" \/>\n<meta name=\"twitter:label1\" content=\"Tempo di lettura stimato\" \/>\n\t<meta name=\"twitter:data1\" content=\"6 minuti\" \/>\n<script type=\"application\/ld+json\" class=\"yoast-schema-graph\">{\"@context\":\"https:\\\/\\\/schema.org\",\"@graph\":[{\"@type\":\"WebPage\",\"@id\":\"https:\\\/\\\/tiranadentalhospital.com\\\/it\\\/parodontologia\\\/chirurgia-parodontale\\\/\",\"url\":\"https:\\\/\\\/tiranadentalhospital.com\\\/it\\\/parodontologia\\\/chirurgia-parodontale\\\/\",\"name\":\"Chirurgia parodontale - Tirana Dental Hospital parodontite\",\"isPartOf\":{\"@id\":\"https:\\\/\\\/tiranadentalhospital.com\\\/it\\\/#website\"},\"datePublished\":\"2022-06-02T13:46:29+00:00\",\"dateModified\":\"2022-06-04T11:10:23+00:00\",\"description\":\"La parodontite \u00e8 una malattia che distrugge le tue gengive e denti, ma da Tirana puoi curare questa malattia con i migliori strumenti.\",\"breadcrumb\":{\"@id\":\"https:\\\/\\\/tiranadentalhospital.com\\\/it\\\/parodontologia\\\/chirurgia-parodontale\\\/#breadcrumb\"},\"inLanguage\":\"it-IT\",\"potentialAction\":[{\"@type\":\"ReadAction\",\"target\":[\"https:\\\/\\\/tiranadentalhospital.com\\\/it\\\/parodontologia\\\/chirurgia-parodontale\\\/\"]}]},{\"@type\":\"BreadcrumbList\",\"@id\":\"https:\\\/\\\/tiranadentalhospital.com\\\/it\\\/parodontologia\\\/chirurgia-parodontale\\\/#breadcrumb\",\"itemListElement\":[{\"@type\":\"ListItem\",\"position\":1,\"name\":\"Home\",\"item\":\"https:\\\/\\\/tiranadentalhospital.com\\\/it\\\/\"},{\"@type\":\"ListItem\",\"position\":2,\"name\":\"Parodontologia\",\"item\":\"https:\\\/\\\/tiranadentalhospital.com\\\/it\\\/parodontologia\\\/\"},{\"@type\":\"ListItem\",\"position\":3,\"name\":\"Chirurgia parodontale\"}]},{\"@type\":\"WebSite\",\"@id\":\"https:\\\/\\\/tiranadentalhospital.com\\\/it\\\/#website\",\"url\":\"https:\\\/\\\/tiranadentalhospital.com\\\/it\\\/\",\"name\":\"Tirana Dental Hospital\",\"description\":\"Clinica odontoiatrica a Tirana\",\"publisher\":{\"@id\":\"https:\\\/\\\/tiranadentalhospital.com\\\/it\\\/#organization\"},\"alternateName\":\"Dental Hospital a Tirana\",\"potentialAction\":[{\"@type\":\"SearchAction\",\"target\":{\"@type\":\"EntryPoint\",\"urlTemplate\":\"https:\\\/\\\/tiranadentalhospital.com\\\/it\\\/?s={search_term_string}\"},\"query-input\":{\"@type\":\"PropertyValueSpecification\",\"valueRequired\":true,\"valueName\":\"search_term_string\"}}],\"inLanguage\":\"it-IT\"},{\"@type\":\"Organization\",\"@id\":\"https:\\\/\\\/tiranadentalhospital.com\\\/it\\\/#organization\",\"name\":\"Tirana Dental Hospital\",\"alternateName\":\"Dental Hospital a Tirana\",\"url\":\"https:\\\/\\\/tiranadentalhospital.com\\\/it\\\/\",\"logo\":{\"@type\":\"ImageObject\",\"inLanguage\":\"it-IT\",\"@id\":\"https:\\\/\\\/tiranadentalhospital.com\\\/it\\\/#\\\/schema\\\/logo\\\/image\\\/\",\"url\":\"https:\\\/\\\/tiranadentalhospital.com\\\/it\\\/wp-content\\\/uploads\\\/2022\\\/02\\\/TDH_Logo-2-1.svg\",\"contentUrl\":\"https:\\\/\\\/tiranadentalhospital.com\\\/it\\\/wp-content\\\/uploads\\\/2022\\\/02\\\/TDH_Logo-2-1.svg\",\"width\":\"1024\",\"height\":\"1024\",\"caption\":\"Tirana Dental Hospital\"},\"image\":{\"@id\":\"https:\\\/\\\/tiranadentalhospital.com\\\/it\\\/#\\\/schema\\\/logo\\\/image\\\/\"},\"sameAs\":[\"https:\\\/\\\/www.facebook.com\\\/tiranadentalhospitalcuredentaliinalbania\",\"https:\\\/\\\/www.youtube.com\\\/channel\\\/UCJV1YJNOw9Z0y7eD3KhD-7g\\\/videos\",\"https:\\\/\\\/www.instagram.com\\\/tirana.dental.hospital\\\/\"]}]}<\/script>\n<!-- \/ Yoast SEO plugin. -->","yoast_head_json":{"title":"Chirurgia parodontale - Tirana Dental Hospital parodontite","description":"La parodontite \u00e8 una malattia che distrugge le tue gengive e denti, ma da Tirana puoi curare questa malattia con i migliori strumenti.","robots":{"index":"index","follow":"follow","max-snippet":"max-snippet:-1","max-image-preview":"max-image-preview:large","max-video-preview":"max-video-preview:-1"},"canonical":"https:\/\/tiranadentalhospital.com\/it\/parodontologia\/chirurgia-parodontale\/","og_locale":"it_IT","og_type":"article","og_title":"Chirurgia parodontale - Tirana Dental Hospital parodontite","og_description":"La parodontite \u00e8 una malattia che distrugge le tue gengive e denti, ma da Tirana puoi curare questa malattia con i migliori strumenti.","og_url":"https:\/\/tiranadentalhospital.com\/it\/parodontologia\/chirurgia-parodontale\/","og_site_name":"Tirana Dental Hospital","article_publisher":"https:\/\/www.facebook.com\/tiranadentalhospitalcuredentaliinalbania","article_modified_time":"2022-06-04T11:10:23+00:00","og_image":[{"width":1200,"height":675,"url":"https:\/\/i0.wp.com\/tiranadentalhospital.com\/it\/wp-content\/uploads\/2025\/04\/tiranadentalhospital-1.png?fit=1200%2C675&ssl=1","type":"image\/png"}],"twitter_card":"summary_large_image","twitter_misc":{"Tempo di lettura stimato":"6 minuti"},"schema":{"@context":"https:\/\/schema.org","@graph":[{"@type":"WebPage","@id":"https:\/\/tiranadentalhospital.com\/it\/parodontologia\/chirurgia-parodontale\/","url":"https:\/\/tiranadentalhospital.com\/it\/parodontologia\/chirurgia-parodontale\/","name":"Chirurgia parodontale - Tirana Dental Hospital parodontite","isPartOf":{"@id":"https:\/\/tiranadentalhospital.com\/it\/#website"},"datePublished":"2022-06-02T13:46:29+00:00","dateModified":"2022-06-04T11:10:23+00:00","description":"La parodontite \u00e8 una malattia che distrugge le tue gengive e denti, ma da Tirana puoi curare questa malattia con i migliori strumenti.","breadcrumb":{"@id":"https:\/\/tiranadentalhospital.com\/it\/parodontologia\/chirurgia-parodontale\/#breadcrumb"},"inLanguage":"it-IT","potentialAction":[{"@type":"ReadAction","target":["https:\/\/tiranadentalhospital.com\/it\/parodontologia\/chirurgia-parodontale\/"]}]},{"@type":"BreadcrumbList","@id":"https:\/\/tiranadentalhospital.com\/it\/parodontologia\/chirurgia-parodontale\/#breadcrumb","itemListElement":[{"@type":"ListItem","position":1,"name":"Home","item":"https:\/\/tiranadentalhospital.com\/it\/"},{"@type":"ListItem","position":2,"name":"Parodontologia","item":"https:\/\/tiranadentalhospital.com\/it\/parodontologia\/"},{"@type":"ListItem","position":3,"name":"Chirurgia parodontale"}]},{"@type":"WebSite","@id":"https:\/\/tiranadentalhospital.com\/it\/#website","url":"https:\/\/tiranadentalhospital.com\/it\/","name":"Tirana Dental Hospital","description":"Clinica odontoiatrica a Tirana","publisher":{"@id":"https:\/\/tiranadentalhospital.com\/it\/#organization"},"alternateName":"Dental Hospital a Tirana","potentialAction":[{"@type":"SearchAction","target":{"@type":"EntryPoint","urlTemplate":"https:\/\/tiranadentalhospital.com\/it\/?s={search_term_string}"},"query-input":{"@type":"PropertyValueSpecification","valueRequired":true,"valueName":"search_term_string"}}],"inLanguage":"it-IT"},{"@type":"Organization","@id":"https:\/\/tiranadentalhospital.com\/it\/#organization","name":"Tirana Dental Hospital","alternateName":"Dental Hospital a Tirana","url":"https:\/\/tiranadentalhospital.com\/it\/","logo":{"@type":"ImageObject","inLanguage":"it-IT","@id":"https:\/\/tiranadentalhospital.com\/it\/#\/schema\/logo\/image\/","url":"https:\/\/tiranadentalhospital.com\/it\/wp-content\/uploads\/2022\/02\/TDH_Logo-2-1.svg","contentUrl":"https:\/\/tiranadentalhospital.com\/it\/wp-content\/uploads\/2022\/02\/TDH_Logo-2-1.svg","width":"1024","height":"1024","caption":"Tirana Dental Hospital"},"image":{"@id":"https:\/\/tiranadentalhospital.com\/it\/#\/schema\/logo\/image\/"},"sameAs":["https:\/\/www.facebook.com\/tiranadentalhospitalcuredentaliinalbania","https:\/\/www.youtube.com\/channel\/UCJV1YJNOw9Z0y7eD3KhD-7g\/videos","https:\/\/www.instagram.com\/tirana.dental.hospital\/"]}]}},"jetpack_sharing_enabled":true,"_links":{"self":[{"href":"https:\/\/tiranadentalhospital.com\/it\/wp-json\/wp\/v2\/pages\/8617","targetHints":{"allow":["GET"]}}],"collection":[{"href":"https:\/\/tiranadentalhospital.com\/it\/wp-json\/wp\/v2\/pages"}],"about":[{"href":"https:\/\/tiranadentalhospital.com\/it\/wp-json\/wp\/v2\/types\/page"}],"author":[{"embeddable":true,"href":"https:\/\/tiranadentalhospital.com\/it\/wp-json\/wp\/v2\/users\/3"}],"replies":[{"embeddable":true,"href":"https:\/\/tiranadentalhospital.com\/it\/wp-json\/wp\/v2\/comments?post=8617"}],"version-history":[{"count":10,"href":"https:\/\/tiranadentalhospital.com\/it\/wp-json\/wp\/v2\/pages\/8617\/revisions"}],"predecessor-version":[{"id":8619,"href":"https:\/\/tiranadentalhospital.com\/it\/wp-json\/wp\/v2\/pages\/8617\/revisions\/8619"}],"up":[{"embeddable":true,"href":"https:\/\/tiranadentalhospital.com\/it\/wp-json\/wp\/v2\/pages\/7738"}],"wp:attachment":[{"href":"https:\/\/tiranadentalhospital.com\/it\/wp-json\/wp\/v2\/media?parent=8617"}],"curies":[{"name":"wp","href":"https:\/\/api.w.org\/{rel}","templated":true}]}}