{"id":8814,"date":"2023-03-22T17:04:39","date_gmt":"2023-03-22T17:04:39","guid":{"rendered":"https:\/\/tiranadentalhospital.com\/it\/?page_id=8814"},"modified":"2023-11-23T13:40:17","modified_gmt":"2023-11-23T13:40:17","slug":"la-rinoplastica-albania","status":"publish","type":"page","link":"https:\/\/tiranadentalhospital.com\/it\/chirurgia-estetica-facciale-albania\/la-rinoplastica-albania\/","title":{"rendered":"La Rinoplastica"},"content":{"rendered":"<section class=\"l-section wpb_row height_custom\"><div class=\"l-section-h i-cf\"><div class=\"g-cols vc_row via_grid cols_1 laptops-cols_inherit tablets-cols_inherit mobiles-cols_1 valign_top type_default stacking_default\"><div class=\"wpb_column vc_column_container\"><div class=\"vc_column-inner\"><div class=\"wpb_text_column\"><div class=\"wpb_wrapper\"><p>La rinoplastica \u00e8 un intervento chirurgico che mira a modificare la forma del naso per migliorare l&#8217;estetica o risolvere problemi funzionali. \u00c8 uno dei procedimenti di chirurgia plastica pi\u00f9 richiesti al mondo e pu\u00f2 essere eseguito sia per motivi estetici che medici.<\/p>\n<h2>Motivi per sottoporsi a una rinoplastica<\/h2>\n<p><img data-recalc-dims=\"1\" loading=\"lazy\" decoding=\"async\" class=\"size-medium wp-image-9043 alignright\" src=\"https:\/\/i0.wp.com\/tiranadentalhospital.com\/it\/wp-content\/uploads\/2023\/11\/1.png?resize=300%2C218&#038;ssl=1\" alt=\"\" width=\"300\" height=\"218\" srcset=\"https:\/\/i0.wp.com\/tiranadentalhospital.com\/it\/wp-content\/uploads\/2023\/11\/1.png?resize=300%2C218&amp;ssl=1 300w, https:\/\/i0.wp.com\/tiranadentalhospital.com\/it\/wp-content\/uploads\/2023\/11\/1.png?w=550&amp;ssl=1 550w\" sizes=\"auto, (max-width: 300px) 100vw, 300px\" \/><\/p>\n<p>La rinoplastica viene solitamente eseguita per motivi estetici, per migliorare l&#8217;aspetto del naso e, di conseguenza, aumentare la fiducia<\/p>\n<p>in se stessi. Tuttavia, ci sono anche ragioni mediche per cui si pu\u00f2 sottoporsi a questo intervento.<\/p>\n<p>Ad esempio, alcune persone possono avere difficolt\u00e0 a respirare a causa di un problema di deviazione del setto nasale, una condizione in cui la parete che divide le narici \u00e8 storta o deviata. La rinoplastica pu\u00f2 aiutare a correggere questa condizione e migliorare la funzionalit\u00e0 del naso.<\/p>\n<h2>Procedura della rinoplastica<\/h2>\n<p>La rinoplastica viene eseguita sotto anestesia generale o sedazione intravenosa e dura in genere circa 2-3 ore. Il chirurgo plastico far\u00e0 alcune incisioni all&#8217;interno delle narici o sulla base del naso per accedere alle ossa e ai cartilagini.<\/p>\n<p>In base alla necessit\u00e0, il chirurgo rimodeller\u00e0 e riporter\u00e0 in posizione i tessuti nasali, in modo da raggiungere il risultato desiderato. Una volta completata l&#8217;operazione, verranno applicati gessi o tampone in modo da sostenere il naso nella sua nuova forma.<\/p>\n<p><img data-recalc-dims=\"1\" loading=\"lazy\" decoding=\"async\" class=\" wp-image-9044 aligncenter\" src=\"https:\/\/i0.wp.com\/tiranadentalhospital.com\/it\/wp-content\/uploads\/2023\/11\/2.jpg?resize=366%2C199&#038;ssl=1\" alt=\"\" width=\"366\" height=\"199\" srcset=\"https:\/\/i0.wp.com\/tiranadentalhospital.com\/it\/wp-content\/uploads\/2023\/11\/2.jpg?resize=300%2C163&amp;ssl=1 300w, https:\/\/i0.wp.com\/tiranadentalhospital.com\/it\/wp-content\/uploads\/2023\/11\/2.jpg?resize=600%2C326&amp;ssl=1 600w, https:\/\/i0.wp.com\/tiranadentalhospital.com\/it\/wp-content\/uploads\/2023\/11\/2.jpg?w=820&amp;ssl=1 820w\" sizes=\"auto, (max-width: 366px) 100vw, 366px\" \/><\/p>\n<h2>Recupero dopo la rinoplastica<\/h2>\n<p>Dopo l&#8217;intervento chirurgico, il paziente potrebbe provare qualche disagio e gonfiore per alcuni giorni, tuttavia \u00e8 normalmente possibile tornare alle normali attivit\u00e0 quotidiane entro una settimana.<\/p>\n<p>Il paziente deve seguire alcune raccomandazioni post-operatorie, come evitare sforzi intensi, non soffiare il naso e dormire con la testa elevata per alcuni giorni.<\/p>\n<p>In genere, il risultato finale dell&#8217;intervento si evidenzia completamente solo dopo qualche mese, quando l&#8217;edema si \u00e8 completamente risolto e i tessuti si sono assestati.<\/p>\n<h2>Considerazioni finali<\/h2>\n<p>La rinoplastica \u00e8 un intervento chirurgico importante che richiede una adeguata preparazione e un&#8217;attenta valutazione dei rischi e dei benefici. \u00c8 importante scegliere un chirurgo esperto e qualificato e discutere le aspettative e i risultati possibili.<\/p>\n<\/div><\/div><\/div><\/div><\/div><\/div><\/section>\n","protected":false},"excerpt":{"rendered":"La rinoplastica \u00e8 un intervento chirurgico che mira a modificare la forma del naso per migliorare l&#8217;estetica o risolvere problemi funzionali. \u00c8 uno dei procedimenti di chirurgia plastica pi\u00f9 richiesti al mondo e pu\u00f2 essere eseguito sia per motivi estetici che medici. Motivi per sottoporsi a una rinoplastica La rinoplastica viene solitamente eseguita per motivi...","protected":false},"author":1,"featured_media":0,"parent":7582,"menu_order":0,"comment_status":"closed","ping_status":"closed","template":"","meta":{"nf_dc_page":"","footnotes":""},"class_list":["post-8814","page","type-page","status-publish","hentry"],"yoast_head":"<!-- This site is optimized with the Yoast SEO plugin v27.4 - https:\/\/yoast.com\/product\/yoast-seo-wordpress\/ -->\n<title>La Rinoplastica - Tirana Dental Hospital<\/title>\n<meta name=\"description\" content=\"La rinoplastica \u00e8 un intervento chirurgico che mira a modificare la forma del naso per migliorare l&#039;estetica o risolvere problemi funzionali.\" \/>\n<meta name=\"robots\" content=\"index, follow, max-snippet:-1, max-image-preview:large, max-video-preview:-1\" \/>\n<link rel=\"canonical\" href=\"https:\/\/tiranadentalhospital.com\/it\/chirurgia-estetica-facciale-albania\/la-rinoplastica-albania\/\" \/>\n<meta property=\"og:locale\" content=\"it_IT\" \/>\n<meta property=\"og:type\" content=\"article\" \/>\n<meta property=\"og:title\" content=\"La Rinoplastica - Tirana Dental Hospital\" \/>\n<meta property=\"og:description\" content=\"La rinoplastica \u00e8 un intervento chirurgico che mira a modificare la forma del naso per migliorare l&#039;estetica o risolvere problemi funzionali.\" \/>\n<meta property=\"og:url\" content=\"https:\/\/tiranadentalhospital.com\/it\/chirurgia-estetica-facciale-albania\/la-rinoplastica-albania\/\" \/>\n<meta property=\"og:site_name\" content=\"Tirana Dental Hospital\" \/>\n<meta property=\"article:publisher\" content=\"https:\/\/www.facebook.com\/tiranadentalhospitalcuredentaliinalbania\" \/>\n<meta property=\"article:modified_time\" content=\"2023-11-23T13:40:17+00:00\" \/>\n<meta property=\"og:image\" content=\"https:\/\/tiranadentalhospital.com\/it\/wp-content\/uploads\/2023\/11\/1-300x218.png\" \/>\n<meta name=\"twitter:card\" content=\"summary_large_image\" \/>\n<meta name=\"twitter:label1\" content=\"Tempo di lettura stimato\" \/>\n\t<meta name=\"twitter:data1\" content=\"3 minuti\" \/>\n<script type=\"application\/ld+json\" class=\"yoast-schema-graph\">{\"@context\":\"https:\\\/\\\/schema.org\",\"@graph\":[{\"@type\":\"WebPage\",\"@id\":\"https:\\\/\\\/tiranadentalhospital.com\\\/it\\\/chirurgia-estetica-facciale-albania\\\/la-rinoplastica-albania\\\/\",\"url\":\"https:\\\/\\\/tiranadentalhospital.com\\\/it\\\/chirurgia-estetica-facciale-albania\\\/la-rinoplastica-albania\\\/\",\"name\":\"La Rinoplastica - Tirana Dental Hospital\",\"isPartOf\":{\"@id\":\"https:\\\/\\\/tiranadentalhospital.com\\\/it\\\/#website\"},\"primaryImageOfPage\":{\"@id\":\"https:\\\/\\\/tiranadentalhospital.com\\\/it\\\/chirurgia-estetica-facciale-albania\\\/la-rinoplastica-albania\\\/#primaryimage\"},\"image\":{\"@id\":\"https:\\\/\\\/tiranadentalhospital.com\\\/it\\\/chirurgia-estetica-facciale-albania\\\/la-rinoplastica-albania\\\/#primaryimage\"},\"thumbnailUrl\":\"https:\\\/\\\/tiranadentalhospital.com\\\/it\\\/wp-content\\\/uploads\\\/2023\\\/11\\\/1-300x218.png\",\"datePublished\":\"2023-03-22T17:04:39+00:00\",\"dateModified\":\"2023-11-23T13:40:17+00:00\",\"description\":\"La rinoplastica \u00e8 un intervento chirurgico che mira a modificare la forma del naso per migliorare l'estetica o risolvere problemi funzionali.\",\"breadcrumb\":{\"@id\":\"https:\\\/\\\/tiranadentalhospital.com\\\/it\\\/chirurgia-estetica-facciale-albania\\\/la-rinoplastica-albania\\\/#breadcrumb\"},\"inLanguage\":\"it-IT\",\"potentialAction\":[{\"@type\":\"ReadAction\",\"target\":[\"https:\\\/\\\/tiranadentalhospital.com\\\/it\\\/chirurgia-estetica-facciale-albania\\\/la-rinoplastica-albania\\\/\"]}]},{\"@type\":\"ImageObject\",\"inLanguage\":\"it-IT\",\"@id\":\"https:\\\/\\\/tiranadentalhospital.com\\\/it\\\/chirurgia-estetica-facciale-albania\\\/la-rinoplastica-albania\\\/#primaryimage\",\"url\":\"https:\\\/\\\/i0.wp.com\\\/tiranadentalhospital.com\\\/it\\\/wp-content\\\/uploads\\\/2023\\\/11\\\/1.png?fit=550%2C400&ssl=1\",\"contentUrl\":\"https:\\\/\\\/i0.wp.com\\\/tiranadentalhospital.com\\\/it\\\/wp-content\\\/uploads\\\/2023\\\/11\\\/1.png?fit=550%2C400&ssl=1\",\"width\":550,\"height\":400},{\"@type\":\"BreadcrumbList\",\"@id\":\"https:\\\/\\\/tiranadentalhospital.com\\\/it\\\/chirurgia-estetica-facciale-albania\\\/la-rinoplastica-albania\\\/#breadcrumb\",\"itemListElement\":[{\"@type\":\"ListItem\",\"position\":1,\"name\":\"Home\",\"item\":\"https:\\\/\\\/tiranadentalhospital.com\\\/it\\\/\"},{\"@type\":\"ListItem\",\"position\":2,\"name\":\"Chirurgia estetica facciale\",\"item\":\"https:\\\/\\\/tiranadentalhospital.com\\\/it\\\/chirurgia-estetica-facciale-albania\\\/\"},{\"@type\":\"ListItem\",\"position\":3,\"name\":\"La Rinoplastica\"}]},{\"@type\":\"WebSite\",\"@id\":\"https:\\\/\\\/tiranadentalhospital.com\\\/it\\\/#website\",\"url\":\"https:\\\/\\\/tiranadentalhospital.com\\\/it\\\/\",\"name\":\"Tirana Dental Hospital\",\"description\":\"Clinica odontoiatrica a Tirana\",\"publisher\":{\"@id\":\"https:\\\/\\\/tiranadentalhospital.com\\\/it\\\/#organization\"},\"alternateName\":\"Dental Hospital a Tirana\",\"potentialAction\":[{\"@type\":\"SearchAction\",\"target\":{\"@type\":\"EntryPoint\",\"urlTemplate\":\"https:\\\/\\\/tiranadentalhospital.com\\\/it\\\/?s={search_term_string}\"},\"query-input\":{\"@type\":\"PropertyValueSpecification\",\"valueRequired\":true,\"valueName\":\"search_term_string\"}}],\"inLanguage\":\"it-IT\"},{\"@type\":\"Organization\",\"@id\":\"https:\\\/\\\/tiranadentalhospital.com\\\/it\\\/#organization\",\"name\":\"Tirana Dental Hospital\",\"alternateName\":\"Dental Hospital a Tirana\",\"url\":\"https:\\\/\\\/tiranadentalhospital.com\\\/it\\\/\",\"logo\":{\"@type\":\"ImageObject\",\"inLanguage\":\"it-IT\",\"@id\":\"https:\\\/\\\/tiranadentalhospital.com\\\/it\\\/#\\\/schema\\\/logo\\\/image\\\/\",\"url\":\"https:\\\/\\\/tiranadentalhospital.com\\\/it\\\/wp-content\\\/uploads\\\/2022\\\/02\\\/TDH_Logo-2-1.svg\",\"contentUrl\":\"https:\\\/\\\/tiranadentalhospital.com\\\/it\\\/wp-content\\\/uploads\\\/2022\\\/02\\\/TDH_Logo-2-1.svg\",\"width\":\"1024\",\"height\":\"1024\",\"caption\":\"Tirana Dental Hospital\"},\"image\":{\"@id\":\"https:\\\/\\\/tiranadentalhospital.com\\\/it\\\/#\\\/schema\\\/logo\\\/image\\\/\"},\"sameAs\":[\"https:\\\/\\\/www.facebook.com\\\/tiranadentalhospitalcuredentaliinalbania\",\"https:\\\/\\\/www.youtube.com\\\/channel\\\/UCJV1YJNOw9Z0y7eD3KhD-7g\\\/videos\",\"https:\\\/\\\/www.instagram.com\\\/tirana.dental.hospital\\\/\"]}]}<\/script>\n<!-- \/ Yoast SEO plugin. -->","yoast_head_json":{"title":"La Rinoplastica - Tirana Dental Hospital","description":"La rinoplastica \u00e8 un intervento chirurgico che mira a modificare la forma del naso per migliorare l'estetica o risolvere problemi funzionali.","robots":{"index":"index","follow":"follow","max-snippet":"max-snippet:-1","max-image-preview":"max-image-preview:large","max-video-preview":"max-video-preview:-1"},"canonical":"https:\/\/tiranadentalhospital.com\/it\/chirurgia-estetica-facciale-albania\/la-rinoplastica-albania\/","og_locale":"it_IT","og_type":"article","og_title":"La Rinoplastica - Tirana Dental Hospital","og_description":"La rinoplastica \u00e8 un intervento chirurgico che mira a modificare la forma del naso per migliorare l'estetica o risolvere problemi funzionali.","og_url":"https:\/\/tiranadentalhospital.com\/it\/chirurgia-estetica-facciale-albania\/la-rinoplastica-albania\/","og_site_name":"Tirana Dental Hospital","article_publisher":"https:\/\/www.facebook.com\/tiranadentalhospitalcuredentaliinalbania","article_modified_time":"2023-11-23T13:40:17+00:00","og_image":[{"url":"https:\/\/tiranadentalhospital.com\/it\/wp-content\/uploads\/2023\/11\/1-300x218.png","type":"","width":"","height":""}],"twitter_card":"summary_large_image","twitter_misc":{"Tempo di lettura stimato":"3 minuti"},"schema":{"@context":"https:\/\/schema.org","@graph":[{"@type":"WebPage","@id":"https:\/\/tiranadentalhospital.com\/it\/chirurgia-estetica-facciale-albania\/la-rinoplastica-albania\/","url":"https:\/\/tiranadentalhospital.com\/it\/chirurgia-estetica-facciale-albania\/la-rinoplastica-albania\/","name":"La Rinoplastica - Tirana Dental Hospital","isPartOf":{"@id":"https:\/\/tiranadentalhospital.com\/it\/#website"},"primaryImageOfPage":{"@id":"https:\/\/tiranadentalhospital.com\/it\/chirurgia-estetica-facciale-albania\/la-rinoplastica-albania\/#primaryimage"},"image":{"@id":"https:\/\/tiranadentalhospital.com\/it\/chirurgia-estetica-facciale-albania\/la-rinoplastica-albania\/#primaryimage"},"thumbnailUrl":"https:\/\/tiranadentalhospital.com\/it\/wp-content\/uploads\/2023\/11\/1-300x218.png","datePublished":"2023-03-22T17:04:39+00:00","dateModified":"2023-11-23T13:40:17+00:00","description":"La rinoplastica \u00e8 un intervento chirurgico che mira a modificare la forma del naso per migliorare l'estetica o risolvere problemi funzionali.","breadcrumb":{"@id":"https:\/\/tiranadentalhospital.com\/it\/chirurgia-estetica-facciale-albania\/la-rinoplastica-albania\/#breadcrumb"},"inLanguage":"it-IT","potentialAction":[{"@type":"ReadAction","target":["https:\/\/tiranadentalhospital.com\/it\/chirurgia-estetica-facciale-albania\/la-rinoplastica-albania\/"]}]},{"@type":"ImageObject","inLanguage":"it-IT","@id":"https:\/\/tiranadentalhospital.com\/it\/chirurgia-estetica-facciale-albania\/la-rinoplastica-albania\/#primaryimage","url":"https:\/\/i0.wp.com\/tiranadentalhospital.com\/it\/wp-content\/uploads\/2023\/11\/1.png?fit=550%2C400&ssl=1","contentUrl":"https:\/\/i0.wp.com\/tiranadentalhospital.com\/it\/wp-content\/uploads\/2023\/11\/1.png?fit=550%2C400&ssl=1","width":550,"height":400},{"@type":"BreadcrumbList","@id":"https:\/\/tiranadentalhospital.com\/it\/chirurgia-estetica-facciale-albania\/la-rinoplastica-albania\/#breadcrumb","itemListElement":[{"@type":"ListItem","position":1,"name":"Home","item":"https:\/\/tiranadentalhospital.com\/it\/"},{"@type":"ListItem","position":2,"name":"Chirurgia estetica facciale","item":"https:\/\/tiranadentalhospital.com\/it\/chirurgia-estetica-facciale-albania\/"},{"@type":"ListItem","position":3,"name":"La Rinoplastica"}]},{"@type":"WebSite","@id":"https:\/\/tiranadentalhospital.com\/it\/#website","url":"https:\/\/tiranadentalhospital.com\/it\/","name":"Tirana Dental Hospital","description":"Clinica odontoiatrica a Tirana","publisher":{"@id":"https:\/\/tiranadentalhospital.com\/it\/#organization"},"alternateName":"Dental Hospital a Tirana","potentialAction":[{"@type":"SearchAction","target":{"@type":"EntryPoint","urlTemplate":"https:\/\/tiranadentalhospital.com\/it\/?s={search_term_string}"},"query-input":{"@type":"PropertyValueSpecification","valueRequired":true,"valueName":"search_term_string"}}],"inLanguage":"it-IT"},{"@type":"Organization","@id":"https:\/\/tiranadentalhospital.com\/it\/#organization","name":"Tirana Dental Hospital","alternateName":"Dental Hospital a Tirana","url":"https:\/\/tiranadentalhospital.com\/it\/","logo":{"@type":"ImageObject","inLanguage":"it-IT","@id":"https:\/\/tiranadentalhospital.com\/it\/#\/schema\/logo\/image\/","url":"https:\/\/tiranadentalhospital.com\/it\/wp-content\/uploads\/2022\/02\/TDH_Logo-2-1.svg","contentUrl":"https:\/\/tiranadentalhospital.com\/it\/wp-content\/uploads\/2022\/02\/TDH_Logo-2-1.svg","width":"1024","height":"1024","caption":"Tirana Dental Hospital"},"image":{"@id":"https:\/\/tiranadentalhospital.com\/it\/#\/schema\/logo\/image\/"},"sameAs":["https:\/\/www.facebook.com\/tiranadentalhospitalcuredentaliinalbania","https:\/\/www.youtube.com\/channel\/UCJV1YJNOw9Z0y7eD3KhD-7g\/videos","https:\/\/www.instagram.com\/tirana.dental.hospital\/"]}]}},"jetpack_sharing_enabled":true,"_links":{"self":[{"href":"https:\/\/tiranadentalhospital.com\/it\/wp-json\/wp\/v2\/pages\/8814","targetHints":{"allow":["GET"]}}],"collection":[{"href":"https:\/\/tiranadentalhospital.com\/it\/wp-json\/wp\/v2\/pages"}],"about":[{"href":"https:\/\/tiranadentalhospital.com\/it\/wp-json\/wp\/v2\/types\/page"}],"author":[{"embeddable":true,"href":"https:\/\/tiranadentalhospital.com\/it\/wp-json\/wp\/v2\/users\/1"}],"replies":[{"embeddable":true,"href":"https:\/\/tiranadentalhospital.com\/it\/wp-json\/wp\/v2\/comments?post=8814"}],"version-history":[{"count":4,"href":"https:\/\/tiranadentalhospital.com\/it\/wp-json\/wp\/v2\/pages\/8814\/revisions"}],"predecessor-version":[{"id":9046,"href":"https:\/\/tiranadentalhospital.com\/it\/wp-json\/wp\/v2\/pages\/8814\/revisions\/9046"}],"up":[{"embeddable":true,"href":"https:\/\/tiranadentalhospital.com\/it\/wp-json\/wp\/v2\/pages\/7582"}],"wp:attachment":[{"href":"https:\/\/tiranadentalhospital.com\/it\/wp-json\/wp\/v2\/media?parent=8814"}],"curies":[{"name":"wp","href":"https:\/\/api.w.org\/{rel}","templated":true}]}}