{"id":8934,"date":"2023-10-18T10:28:30","date_gmt":"2023-10-18T10:28:30","guid":{"rendered":"https:\/\/tiranadentalhospital.com\/it\/?page_id=8934"},"modified":"2024-07-05T11:58:24","modified_gmt":"2024-07-05T11:58:24","slug":"dr-lauren-muhametaj-kirurg-omf-ph-d","status":"publish","type":"page","link":"https:\/\/tiranadentalhospital.com\/it\/dr-lauren-muhametaj-kirurg-omf-ph-d\/","title":{"rendered":"Dr. Lauren Muhametaj, Chirurgo OMF, Ph.D"},"content":{"rendered":"<section class=\"l-section wpb_row height_custom\"><div class=\"l-section-h i-cf\"><div class=\"g-cols vc_row via_grid cols_1 laptops-cols_inherit tablets-cols_inherit mobiles-cols_1 valign_top type_default stacking_default\"><div class=\"wpb_column vc_column_container\"><div class=\"vc_column-inner\"><div class=\"g-cols wpb_row via_grid cols_1 laptops-cols_inherit tablets-cols_inherit mobiles-cols_1 valign_top type_default stacking_default\" style=\"--columns-gap:3rem;\"><div class=\"wpb_column vc_column_container\"><div class=\"vc_column-inner\"><div class=\"w-person us_custom_1f257949 layout_simple with_desc\" itemscope itemtype=\"https:\/\/schema.org\/Person\"><div class=\"w-person-image\"><img loading=\"lazy\" decoding=\"async\" width=\"683\" height=\"1024\" src=\"https:\/\/i0.wp.com\/tiranadentalhospital.com\/it\/wp-content\/uploads\/2023\/01\/Dr-Lauren-min-scaled.jpg?fit=683%2C1024&amp;ssl=1\" class=\"attachment-large size-large\" alt=\"\" itemprop=\"image\" srcset=\"https:\/\/i0.wp.com\/tiranadentalhospital.com\/it\/wp-content\/uploads\/2023\/01\/Dr-Lauren-min-scaled.jpg?w=1707&amp;ssl=1 1707w, https:\/\/i0.wp.com\/tiranadentalhospital.com\/it\/wp-content\/uploads\/2023\/01\/Dr-Lauren-min-scaled.jpg?resize=200%2C300&amp;ssl=1 200w, https:\/\/i0.wp.com\/tiranadentalhospital.com\/it\/wp-content\/uploads\/2023\/01\/Dr-Lauren-min-scaled.jpg?resize=683%2C1024&amp;ssl=1 683w\" sizes=\"auto, (max-width: 683px) 100vw, 683px\" \/><\/div><div class=\"w-person-content\"><h4 itemprop=\"name\" class=\"w-person-name\"><span>Dr. Lauren Muhametaj, Chirurgo OMF, Ph.D<\/span><\/h4><div class=\"w-person-role\" itemprop=\"jobTitle\">Fondatore<\/div><div class=\"w-person-description\" itemprop=\"description\"><p>Si \u00e8 laureato nel 2003 presso l&#8217;Universit\u00e0 di Medicina di Tirana, dopo aver conseguito il titolo di &#8220;Associate in Science&#8221; presso l&#8217;Universit\u00e0 di Oakland, Michigan USA e ha completato una specializzazione di 4 anni in Chirurgia orale e maxillo-facciale presso l&#8217;Ospedale Universitario &#8220;Madre Teresa&#8221; di Tirana.<\/p>\n<p>L\u2019impegno professionale a lungo termine e la collaborazione con team di eminenti chirurghi e medici hanno dimostrato il suo valore nel campo della chirurgia orale, dell\u2019implantologia dentale avanzata e dell\u2019estetica facciale.<br \/>\nNel corso della sua carriera professionale \u00e8 stato impegnato in ambito accademico presso universit\u00e0 private e corsi di chirurgia in qualit\u00e0 di docente e chirurgo.<\/p>\n<p>Detiene il titolo di &#8220;Dottore in Scienze Mediche&#8221; ed \u00e8 autore di numerose pubblicazioni scientifiche su riviste nazionali e internazionali, nonch\u00e9 partecipante attivo a convegni e simposi scientifici.<\/p>\n<p>Negli ultimi anni, la carriera professionale e accademica si \u00e8 concentrata presso l&#8217;istituto medico &#8220;Tirana Dental Hospital&#8221;.<\/p>\n<\/div><\/div><\/div><\/div><\/div><\/div><\/div><\/div><\/div><\/div><\/section>\n","protected":false},"excerpt":{"rendered":"Dr. Lauren Muhametaj, Chirurgo OMF, Ph.DFondatoreSi \u00e8 laureato nel 2003 presso l'Universit\u00e0 di Medicina di Tirana, dopo aver conseguito il titolo di \"Associate in Science\" presso l'Universit\u00e0 di Oakland, Michigan USA e ha completato una specializzazione di 4 anni in Chirurgia orale e maxillo-facciale presso l'Ospedale Universitario \"Madre Teresa\" di Tirana. L\u2019impegno professionale a lungo...","protected":false},"author":1,"featured_media":0,"parent":0,"menu_order":0,"comment_status":"closed","ping_status":"closed","template":"","meta":{"nf_dc_page":"","footnotes":""},"class_list":["post-8934","page","type-page","status-publish","hentry"],"yoast_head":"<!-- This site is optimized with the Yoast SEO plugin v27.4 - https:\/\/yoast.com\/product\/yoast-seo-wordpress\/ -->\n<title>Dr. Lauren Muhametaj, Chirurgo OMF, Ph.D - Tirana Dental Hospital<\/title>\n<meta name=\"description\" content=\"Il tuo sorriso, la nostra priorit\u00e0. Visita il nostro ospedale dentale a Tirana, Albania, per esperienze di cura dentale all&#039;avanguardia. Scopri il benessere del tuo sorriso su TiranaDentalHospital.com.\" \/>\n<meta name=\"robots\" content=\"index, follow, max-snippet:-1, max-image-preview:large, max-video-preview:-1\" \/>\n<link rel=\"canonical\" href=\"https:\/\/tiranadentalhospital.com\/it\/dr-lauren-muhametaj-kirurg-omf-ph-d\/\" \/>\n<meta property=\"og:locale\" content=\"it_IT\" \/>\n<meta property=\"og:type\" content=\"article\" \/>\n<meta property=\"og:title\" content=\"Dr. Lauren Muhametaj, Chirurgo OMF, Ph.D - Tirana Dental Hospital\" \/>\n<meta property=\"og:description\" content=\"Il tuo sorriso, la nostra priorit\u00e0. Visita il nostro ospedale dentale a Tirana, Albania, per esperienze di cura dentale all&#039;avanguardia. Scopri il benessere del tuo sorriso su TiranaDentalHospital.com.\" \/>\n<meta property=\"og:url\" content=\"https:\/\/tiranadentalhospital.com\/it\/dr-lauren-muhametaj-kirurg-omf-ph-d\/\" \/>\n<meta property=\"og:site_name\" content=\"Tirana Dental Hospital\" \/>\n<meta property=\"article:publisher\" content=\"https:\/\/www.facebook.com\/tiranadentalhospitalcuredentaliinalbania\" \/>\n<meta property=\"article:modified_time\" content=\"2024-07-05T11:58:24+00:00\" \/>\n<meta property=\"og:image\" content=\"https:\/\/i0.wp.com\/tiranadentalhospital.com\/it\/wp-content\/uploads\/2025\/04\/tiranadentalhospital-1.png?fit=1200%2C675&ssl=1\" \/>\n\t<meta property=\"og:image:width\" content=\"1200\" \/>\n\t<meta property=\"og:image:height\" content=\"675\" \/>\n\t<meta property=\"og:image:type\" content=\"image\/png\" \/>\n<meta name=\"twitter:card\" content=\"summary_large_image\" \/>\n<meta name=\"twitter:label1\" content=\"Tempo di lettura stimato\" \/>\n\t<meta name=\"twitter:data1\" content=\"1 minuto\" \/>\n<script type=\"application\/ld+json\" class=\"yoast-schema-graph\">{\"@context\":\"https:\\\/\\\/schema.org\",\"@graph\":[{\"@type\":\"WebPage\",\"@id\":\"https:\\\/\\\/tiranadentalhospital.com\\\/it\\\/dr-lauren-muhametaj-kirurg-omf-ph-d\\\/\",\"url\":\"https:\\\/\\\/tiranadentalhospital.com\\\/it\\\/dr-lauren-muhametaj-kirurg-omf-ph-d\\\/\",\"name\":\"Dr. Lauren Muhametaj, Chirurgo OMF, Ph.D - Tirana Dental Hospital\",\"isPartOf\":{\"@id\":\"https:\\\/\\\/tiranadentalhospital.com\\\/it\\\/#website\"},\"datePublished\":\"2023-10-18T10:28:30+00:00\",\"dateModified\":\"2024-07-05T11:58:24+00:00\",\"description\":\"Il tuo sorriso, la nostra priorit\u00e0. Visita il nostro ospedale dentale a Tirana, Albania, per esperienze di cura dentale all'avanguardia. Scopri il benessere del tuo sorriso su TiranaDentalHospital.com.\",\"breadcrumb\":{\"@id\":\"https:\\\/\\\/tiranadentalhospital.com\\\/it\\\/dr-lauren-muhametaj-kirurg-omf-ph-d\\\/#breadcrumb\"},\"inLanguage\":\"it-IT\",\"potentialAction\":[{\"@type\":\"ReadAction\",\"target\":[\"https:\\\/\\\/tiranadentalhospital.com\\\/it\\\/dr-lauren-muhametaj-kirurg-omf-ph-d\\\/\"]}]},{\"@type\":\"BreadcrumbList\",\"@id\":\"https:\\\/\\\/tiranadentalhospital.com\\\/it\\\/dr-lauren-muhametaj-kirurg-omf-ph-d\\\/#breadcrumb\",\"itemListElement\":[{\"@type\":\"ListItem\",\"position\":1,\"name\":\"Home\",\"item\":\"https:\\\/\\\/tiranadentalhospital.com\\\/it\\\/\"},{\"@type\":\"ListItem\",\"position\":2,\"name\":\"Dr. Lauren Muhametaj, Chirurgo OMF, Ph.D\"}]},{\"@type\":\"WebSite\",\"@id\":\"https:\\\/\\\/tiranadentalhospital.com\\\/it\\\/#website\",\"url\":\"https:\\\/\\\/tiranadentalhospital.com\\\/it\\\/\",\"name\":\"Tirana Dental Hospital\",\"description\":\"Clinica odontoiatrica a Tirana\",\"publisher\":{\"@id\":\"https:\\\/\\\/tiranadentalhospital.com\\\/it\\\/#organization\"},\"alternateName\":\"Dental Hospital a Tirana\",\"potentialAction\":[{\"@type\":\"SearchAction\",\"target\":{\"@type\":\"EntryPoint\",\"urlTemplate\":\"https:\\\/\\\/tiranadentalhospital.com\\\/it\\\/?s={search_term_string}\"},\"query-input\":{\"@type\":\"PropertyValueSpecification\",\"valueRequired\":true,\"valueName\":\"search_term_string\"}}],\"inLanguage\":\"it-IT\"},{\"@type\":\"Organization\",\"@id\":\"https:\\\/\\\/tiranadentalhospital.com\\\/it\\\/#organization\",\"name\":\"Tirana Dental Hospital\",\"alternateName\":\"Dental Hospital a Tirana\",\"url\":\"https:\\\/\\\/tiranadentalhospital.com\\\/it\\\/\",\"logo\":{\"@type\":\"ImageObject\",\"inLanguage\":\"it-IT\",\"@id\":\"https:\\\/\\\/tiranadentalhospital.com\\\/it\\\/#\\\/schema\\\/logo\\\/image\\\/\",\"url\":\"https:\\\/\\\/tiranadentalhospital.com\\\/it\\\/wp-content\\\/uploads\\\/2022\\\/02\\\/TDH_Logo-2-1.svg\",\"contentUrl\":\"https:\\\/\\\/tiranadentalhospital.com\\\/it\\\/wp-content\\\/uploads\\\/2022\\\/02\\\/TDH_Logo-2-1.svg\",\"width\":\"1024\",\"height\":\"1024\",\"caption\":\"Tirana Dental Hospital\"},\"image\":{\"@id\":\"https:\\\/\\\/tiranadentalhospital.com\\\/it\\\/#\\\/schema\\\/logo\\\/image\\\/\"},\"sameAs\":[\"https:\\\/\\\/www.facebook.com\\\/tiranadentalhospitalcuredentaliinalbania\",\"https:\\\/\\\/www.youtube.com\\\/channel\\\/UCJV1YJNOw9Z0y7eD3KhD-7g\\\/videos\",\"https:\\\/\\\/www.instagram.com\\\/tirana.dental.hospital\\\/\"]}]}<\/script>\n<!-- \/ Yoast SEO plugin. -->","yoast_head_json":{"title":"Dr. Lauren Muhametaj, Chirurgo OMF, Ph.D - Tirana Dental Hospital","description":"Il tuo sorriso, la nostra priorit\u00e0. Visita il nostro ospedale dentale a Tirana, Albania, per esperienze di cura dentale all'avanguardia. Scopri il benessere del tuo sorriso su TiranaDentalHospital.com.","robots":{"index":"index","follow":"follow","max-snippet":"max-snippet:-1","max-image-preview":"max-image-preview:large","max-video-preview":"max-video-preview:-1"},"canonical":"https:\/\/tiranadentalhospital.com\/it\/dr-lauren-muhametaj-kirurg-omf-ph-d\/","og_locale":"it_IT","og_type":"article","og_title":"Dr. Lauren Muhametaj, Chirurgo OMF, Ph.D - Tirana Dental Hospital","og_description":"Il tuo sorriso, la nostra priorit\u00e0. Visita il nostro ospedale dentale a Tirana, Albania, per esperienze di cura dentale all'avanguardia. Scopri il benessere del tuo sorriso su TiranaDentalHospital.com.","og_url":"https:\/\/tiranadentalhospital.com\/it\/dr-lauren-muhametaj-kirurg-omf-ph-d\/","og_site_name":"Tirana Dental Hospital","article_publisher":"https:\/\/www.facebook.com\/tiranadentalhospitalcuredentaliinalbania","article_modified_time":"2024-07-05T11:58:24+00:00","og_image":[{"width":1200,"height":675,"url":"https:\/\/i0.wp.com\/tiranadentalhospital.com\/it\/wp-content\/uploads\/2025\/04\/tiranadentalhospital-1.png?fit=1200%2C675&ssl=1","type":"image\/png"}],"twitter_card":"summary_large_image","twitter_misc":{"Tempo di lettura stimato":"1 minuto"},"schema":{"@context":"https:\/\/schema.org","@graph":[{"@type":"WebPage","@id":"https:\/\/tiranadentalhospital.com\/it\/dr-lauren-muhametaj-kirurg-omf-ph-d\/","url":"https:\/\/tiranadentalhospital.com\/it\/dr-lauren-muhametaj-kirurg-omf-ph-d\/","name":"Dr. Lauren Muhametaj, Chirurgo OMF, Ph.D - Tirana Dental Hospital","isPartOf":{"@id":"https:\/\/tiranadentalhospital.com\/it\/#website"},"datePublished":"2023-10-18T10:28:30+00:00","dateModified":"2024-07-05T11:58:24+00:00","description":"Il tuo sorriso, la nostra priorit\u00e0. Visita il nostro ospedale dentale a Tirana, Albania, per esperienze di cura dentale all'avanguardia. Scopri il benessere del tuo sorriso su TiranaDentalHospital.com.","breadcrumb":{"@id":"https:\/\/tiranadentalhospital.com\/it\/dr-lauren-muhametaj-kirurg-omf-ph-d\/#breadcrumb"},"inLanguage":"it-IT","potentialAction":[{"@type":"ReadAction","target":["https:\/\/tiranadentalhospital.com\/it\/dr-lauren-muhametaj-kirurg-omf-ph-d\/"]}]},{"@type":"BreadcrumbList","@id":"https:\/\/tiranadentalhospital.com\/it\/dr-lauren-muhametaj-kirurg-omf-ph-d\/#breadcrumb","itemListElement":[{"@type":"ListItem","position":1,"name":"Home","item":"https:\/\/tiranadentalhospital.com\/it\/"},{"@type":"ListItem","position":2,"name":"Dr. Lauren Muhametaj, Chirurgo OMF, Ph.D"}]},{"@type":"WebSite","@id":"https:\/\/tiranadentalhospital.com\/it\/#website","url":"https:\/\/tiranadentalhospital.com\/it\/","name":"Tirana Dental Hospital","description":"Clinica odontoiatrica a Tirana","publisher":{"@id":"https:\/\/tiranadentalhospital.com\/it\/#organization"},"alternateName":"Dental Hospital a Tirana","potentialAction":[{"@type":"SearchAction","target":{"@type":"EntryPoint","urlTemplate":"https:\/\/tiranadentalhospital.com\/it\/?s={search_term_string}"},"query-input":{"@type":"PropertyValueSpecification","valueRequired":true,"valueName":"search_term_string"}}],"inLanguage":"it-IT"},{"@type":"Organization","@id":"https:\/\/tiranadentalhospital.com\/it\/#organization","name":"Tirana Dental Hospital","alternateName":"Dental Hospital a Tirana","url":"https:\/\/tiranadentalhospital.com\/it\/","logo":{"@type":"ImageObject","inLanguage":"it-IT","@id":"https:\/\/tiranadentalhospital.com\/it\/#\/schema\/logo\/image\/","url":"https:\/\/tiranadentalhospital.com\/it\/wp-content\/uploads\/2022\/02\/TDH_Logo-2-1.svg","contentUrl":"https:\/\/tiranadentalhospital.com\/it\/wp-content\/uploads\/2022\/02\/TDH_Logo-2-1.svg","width":"1024","height":"1024","caption":"Tirana Dental Hospital"},"image":{"@id":"https:\/\/tiranadentalhospital.com\/it\/#\/schema\/logo\/image\/"},"sameAs":["https:\/\/www.facebook.com\/tiranadentalhospitalcuredentaliinalbania","https:\/\/www.youtube.com\/channel\/UCJV1YJNOw9Z0y7eD3KhD-7g\/videos","https:\/\/www.instagram.com\/tirana.dental.hospital\/"]}]}},"jetpack_sharing_enabled":true,"_links":{"self":[{"href":"https:\/\/tiranadentalhospital.com\/it\/wp-json\/wp\/v2\/pages\/8934","targetHints":{"allow":["GET"]}}],"collection":[{"href":"https:\/\/tiranadentalhospital.com\/it\/wp-json\/wp\/v2\/pages"}],"about":[{"href":"https:\/\/tiranadentalhospital.com\/it\/wp-json\/wp\/v2\/types\/page"}],"author":[{"embeddable":true,"href":"https:\/\/tiranadentalhospital.com\/it\/wp-json\/wp\/v2\/users\/1"}],"replies":[{"embeddable":true,"href":"https:\/\/tiranadentalhospital.com\/it\/wp-json\/wp\/v2\/comments?post=8934"}],"version-history":[{"count":5,"href":"https:\/\/tiranadentalhospital.com\/it\/wp-json\/wp\/v2\/pages\/8934\/revisions"}],"predecessor-version":[{"id":9141,"href":"https:\/\/tiranadentalhospital.com\/it\/wp-json\/wp\/v2\/pages\/8934\/revisions\/9141"}],"wp:attachment":[{"href":"https:\/\/tiranadentalhospital.com\/it\/wp-json\/wp\/v2\/media?parent=8934"}],"curies":[{"name":"wp","href":"https:\/\/api.w.org\/{rel}","templated":true}]}}