{"id":9014,"date":"2023-11-22T14:25:09","date_gmt":"2023-11-22T14:25:09","guid":{"rendered":"https:\/\/tiranadentalhospital.com\/it\/?page_id=9014"},"modified":"2023-11-22T14:29:27","modified_gmt":"2023-11-22T14:29:27","slug":"la-mentoplastica","status":"publish","type":"page","link":"https:\/\/tiranadentalhospital.com\/it\/la-mentoplastica\/","title":{"rendered":"La Mentoplastica\u00a0"},"content":{"rendered":"<section class=\"l-section wpb_row height_custom\"><div class=\"l-section-h i-cf\"><div class=\"g-cols vc_row via_grid cols_1 laptops-cols_inherit tablets-cols_inherit mobiles-cols_1 valign_top type_default stacking_default\"><div class=\"wpb_column vc_column_container\"><div class=\"vc_column-inner\"><div class=\"wpb_text_column\"><div class=\"wpb_wrapper\"><h2>Mentoplastica<\/h2>\n<p>La\u00a0mentoplastica\u00a0\u00e8 la procedura chirurgica che serve a rimodellare la forma del mento.<br \/>Spesso, tale intervento \u00e8 associato anche alla modifica della\u00a0zona malare\u00a0(gli\u00a0zigomi), con cui il mento si unisce grazie alla\u00a0mandibola, dando cos\u00ec la tipica connotazione del viso del soggetto.<br \/>La mentoplastica, come del resto ogni altra operazione di chirurgia plastica, pu\u00f2 essere effettuata sia per\u00a0motivi funzionali, ovverosia per ricostruzioni del mento in seguito ad\u00a0incidenti o malformazioni genetiche, oppure per motivi squisitamente\u00a0estetici\u00a0(mentoplastica estetica).<br \/>In quest\u2019ultimo caso, l\u2019intervento di mentoplastica mira a\u00a0modificare la forma del mento\u00a0per dare al viso un\u2019apparenza pi\u00f9\u00a0armonica, in linea con la predisposizione psicologica del paziente.<\/p>\n<p><img data-recalc-dims=\"1\" loading=\"lazy\" decoding=\"async\" class=\"size-medium wp-image-9015 alignright\" src=\"https:\/\/i0.wp.com\/tiranadentalhospital.com\/it\/wp-content\/uploads\/2023\/11\/mentoplastica2.jpg?resize=300%2C183&#038;ssl=1\" alt=\"\" width=\"300\" height=\"183\" srcset=\"https:\/\/i0.wp.com\/tiranadentalhospital.com\/it\/wp-content\/uploads\/2023\/11\/mentoplastica2.jpg?resize=300%2C183&amp;ssl=1 300w, https:\/\/i0.wp.com\/tiranadentalhospital.com\/it\/wp-content\/uploads\/2023\/11\/mentoplastica2.jpg?w=444&amp;ssl=1 444w\" sizes=\"auto, (max-width: 300px) 100vw, 300px\" \/><\/p>\n<h3>Perch\u00e9 si esegue la mentoplastica estetica?<\/h3>\n<p>Per vari motivi, ma che essenzialmente conducono tutti ad un punto unico: donare al viso del paziente una forma pi\u00f9 armonica.<br \/>Modificare la struttura del mento e la sua forma specifica \u00e8, a volte, un\u2019operazione necessaria per donare al viso un migliore rapporto estetico: la zona malare e quella del mento racchiudono un elemento estetico fondamentale del volto umano, ossia la bocca, che deve pertanto essere adeguatamente valorizzato.<br \/>Un mento pi\u00f9 volitivo od uno pi\u00f9 accentuato possono stravolgere significativamente il complesso estetico totale di un volto: per rendersi conto di ci\u00f2, \u00e8 sufficiente mettersi di profilo, ed analizzare l\u2019ombra che viene proiettata del nostro viso.<br \/>Ci si accorge subito che tre punti particolari determinano la forma complessiva del profilo: l\u2019attaccatura della fronte, il naso e, per l\u2019appunto, il mento.<br \/>Dare un\u2019armonia giusta a questi tre punti, ristabilendo le adeguate proporzioni, \u00e8 spesso un desiderio di molti pazienti che si rivolgono alla medicina estetica e alla chirurgia plastica.<\/p>\n<\/div><\/div><\/div><\/div><\/div><\/div><\/section>\n","protected":false},"excerpt":{"rendered":"Mentoplastica La\u00a0mentoplastica\u00a0\u00e8 la procedura chirurgica che serve a rimodellare la forma del mento.Spesso, tale intervento \u00e8 associato anche alla modifica della\u00a0zona malare\u00a0(gli\u00a0zigomi), con cui il mento si unisce grazie alla\u00a0mandibola, dando cos\u00ec la tipica connotazione del viso del soggetto.La mentoplastica, come del resto ogni altra operazione di chirurgia plastica, pu\u00f2 essere effettuata sia per\u00a0motivi funzionali,...","protected":false},"author":1,"featured_media":0,"parent":0,"menu_order":0,"comment_status":"closed","ping_status":"closed","template":"","meta":{"nf_dc_page":"","footnotes":""},"class_list":["post-9014","page","type-page","status-publish","hentry"],"yoast_head":"<!-- This site is optimized with the Yoast SEO plugin v27.4 - https:\/\/yoast.com\/product\/yoast-seo-wordpress\/ -->\n<title>La Mentoplastica\u00a0 - Tirana Dental Hospital<\/title>\n<meta name=\"description\" content=\"Il tuo sorriso, la nostra priorit\u00e0. Visita il nostro ospedale dentale a Tirana, Albania, per esperienze di cura dentale all&#039;avanguardia. Scopri il benessere del tuo sorriso su TiranaDentalHospital.com.\" \/>\n<meta name=\"robots\" content=\"index, follow, max-snippet:-1, max-image-preview:large, max-video-preview:-1\" \/>\n<link rel=\"canonical\" href=\"https:\/\/tiranadentalhospital.com\/it\/la-mentoplastica\/\" \/>\n<meta property=\"og:locale\" content=\"it_IT\" \/>\n<meta property=\"og:type\" content=\"article\" \/>\n<meta property=\"og:title\" content=\"La Mentoplastica\u00a0 - Tirana Dental Hospital\" \/>\n<meta property=\"og:description\" content=\"Il tuo sorriso, la nostra priorit\u00e0. Visita il nostro ospedale dentale a Tirana, Albania, per esperienze di cura dentale all&#039;avanguardia. Scopri il benessere del tuo sorriso su TiranaDentalHospital.com.\" \/>\n<meta property=\"og:url\" content=\"https:\/\/tiranadentalhospital.com\/it\/la-mentoplastica\/\" \/>\n<meta property=\"og:site_name\" content=\"Tirana Dental Hospital\" \/>\n<meta property=\"article:publisher\" content=\"https:\/\/www.facebook.com\/tiranadentalhospitalcuredentaliinalbania\" \/>\n<meta property=\"article:modified_time\" content=\"2023-11-22T14:29:27+00:00\" \/>\n<meta property=\"og:image\" content=\"https:\/\/tiranadentalhospital.com\/it\/wp-content\/uploads\/2023\/11\/mentoplastica2-300x183.jpg\" \/>\n<meta name=\"twitter:card\" content=\"summary_large_image\" \/>\n<meta name=\"twitter:label1\" content=\"Tempo di lettura stimato\" \/>\n\t<meta name=\"twitter:data1\" content=\"2 minuti\" \/>\n<script type=\"application\/ld+json\" class=\"yoast-schema-graph\">{\"@context\":\"https:\\\/\\\/schema.org\",\"@graph\":[{\"@type\":\"WebPage\",\"@id\":\"https:\\\/\\\/tiranadentalhospital.com\\\/it\\\/la-mentoplastica\\\/\",\"url\":\"https:\\\/\\\/tiranadentalhospital.com\\\/it\\\/la-mentoplastica\\\/\",\"name\":\"La Mentoplastica\u00a0 - Tirana Dental Hospital\",\"isPartOf\":{\"@id\":\"https:\\\/\\\/tiranadentalhospital.com\\\/it\\\/#website\"},\"primaryImageOfPage\":{\"@id\":\"https:\\\/\\\/tiranadentalhospital.com\\\/it\\\/la-mentoplastica\\\/#primaryimage\"},\"image\":{\"@id\":\"https:\\\/\\\/tiranadentalhospital.com\\\/it\\\/la-mentoplastica\\\/#primaryimage\"},\"thumbnailUrl\":\"https:\\\/\\\/tiranadentalhospital.com\\\/it\\\/wp-content\\\/uploads\\\/2023\\\/11\\\/mentoplastica2-300x183.jpg\",\"datePublished\":\"2023-11-22T14:25:09+00:00\",\"dateModified\":\"2023-11-22T14:29:27+00:00\",\"description\":\"Il tuo sorriso, la nostra priorit\u00e0. Visita il nostro ospedale dentale a Tirana, Albania, per esperienze di cura dentale all'avanguardia. Scopri il benessere del tuo sorriso su TiranaDentalHospital.com.\",\"breadcrumb\":{\"@id\":\"https:\\\/\\\/tiranadentalhospital.com\\\/it\\\/la-mentoplastica\\\/#breadcrumb\"},\"inLanguage\":\"it-IT\",\"potentialAction\":[{\"@type\":\"ReadAction\",\"target\":[\"https:\\\/\\\/tiranadentalhospital.com\\\/it\\\/la-mentoplastica\\\/\"]}]},{\"@type\":\"ImageObject\",\"inLanguage\":\"it-IT\",\"@id\":\"https:\\\/\\\/tiranadentalhospital.com\\\/it\\\/la-mentoplastica\\\/#primaryimage\",\"url\":\"https:\\\/\\\/i0.wp.com\\\/tiranadentalhospital.com\\\/it\\\/wp-content\\\/uploads\\\/2023\\\/11\\\/mentoplastica2.jpg?fit=444%2C271&ssl=1\",\"contentUrl\":\"https:\\\/\\\/i0.wp.com\\\/tiranadentalhospital.com\\\/it\\\/wp-content\\\/uploads\\\/2023\\\/11\\\/mentoplastica2.jpg?fit=444%2C271&ssl=1\",\"width\":444,\"height\":271},{\"@type\":\"BreadcrumbList\",\"@id\":\"https:\\\/\\\/tiranadentalhospital.com\\\/it\\\/la-mentoplastica\\\/#breadcrumb\",\"itemListElement\":[{\"@type\":\"ListItem\",\"position\":1,\"name\":\"Home\",\"item\":\"https:\\\/\\\/tiranadentalhospital.com\\\/it\\\/\"},{\"@type\":\"ListItem\",\"position\":2,\"name\":\"La Mentoplastica\u00a0\"}]},{\"@type\":\"WebSite\",\"@id\":\"https:\\\/\\\/tiranadentalhospital.com\\\/it\\\/#website\",\"url\":\"https:\\\/\\\/tiranadentalhospital.com\\\/it\\\/\",\"name\":\"Tirana Dental Hospital\",\"description\":\"Clinica odontoiatrica a Tirana\",\"publisher\":{\"@id\":\"https:\\\/\\\/tiranadentalhospital.com\\\/it\\\/#organization\"},\"alternateName\":\"Dental Hospital a Tirana\",\"potentialAction\":[{\"@type\":\"SearchAction\",\"target\":{\"@type\":\"EntryPoint\",\"urlTemplate\":\"https:\\\/\\\/tiranadentalhospital.com\\\/it\\\/?s={search_term_string}\"},\"query-input\":{\"@type\":\"PropertyValueSpecification\",\"valueRequired\":true,\"valueName\":\"search_term_string\"}}],\"inLanguage\":\"it-IT\"},{\"@type\":\"Organization\",\"@id\":\"https:\\\/\\\/tiranadentalhospital.com\\\/it\\\/#organization\",\"name\":\"Tirana Dental Hospital\",\"alternateName\":\"Dental Hospital a Tirana\",\"url\":\"https:\\\/\\\/tiranadentalhospital.com\\\/it\\\/\",\"logo\":{\"@type\":\"ImageObject\",\"inLanguage\":\"it-IT\",\"@id\":\"https:\\\/\\\/tiranadentalhospital.com\\\/it\\\/#\\\/schema\\\/logo\\\/image\\\/\",\"url\":\"https:\\\/\\\/tiranadentalhospital.com\\\/it\\\/wp-content\\\/uploads\\\/2022\\\/02\\\/TDH_Logo-2-1.svg\",\"contentUrl\":\"https:\\\/\\\/tiranadentalhospital.com\\\/it\\\/wp-content\\\/uploads\\\/2022\\\/02\\\/TDH_Logo-2-1.svg\",\"width\":\"1024\",\"height\":\"1024\",\"caption\":\"Tirana Dental Hospital\"},\"image\":{\"@id\":\"https:\\\/\\\/tiranadentalhospital.com\\\/it\\\/#\\\/schema\\\/logo\\\/image\\\/\"},\"sameAs\":[\"https:\\\/\\\/www.facebook.com\\\/tiranadentalhospitalcuredentaliinalbania\",\"https:\\\/\\\/www.youtube.com\\\/channel\\\/UCJV1YJNOw9Z0y7eD3KhD-7g\\\/videos\",\"https:\\\/\\\/www.instagram.com\\\/tirana.dental.hospital\\\/\"]}]}<\/script>\n<!-- \/ Yoast SEO plugin. -->","yoast_head_json":{"title":"La Mentoplastica\u00a0 - Tirana Dental Hospital","description":"Il tuo sorriso, la nostra priorit\u00e0. Visita il nostro ospedale dentale a Tirana, Albania, per esperienze di cura dentale all'avanguardia. Scopri il benessere del tuo sorriso su TiranaDentalHospital.com.","robots":{"index":"index","follow":"follow","max-snippet":"max-snippet:-1","max-image-preview":"max-image-preview:large","max-video-preview":"max-video-preview:-1"},"canonical":"https:\/\/tiranadentalhospital.com\/it\/la-mentoplastica\/","og_locale":"it_IT","og_type":"article","og_title":"La Mentoplastica\u00a0 - Tirana Dental Hospital","og_description":"Il tuo sorriso, la nostra priorit\u00e0. Visita il nostro ospedale dentale a Tirana, Albania, per esperienze di cura dentale all'avanguardia. Scopri il benessere del tuo sorriso su TiranaDentalHospital.com.","og_url":"https:\/\/tiranadentalhospital.com\/it\/la-mentoplastica\/","og_site_name":"Tirana Dental Hospital","article_publisher":"https:\/\/www.facebook.com\/tiranadentalhospitalcuredentaliinalbania","article_modified_time":"2023-11-22T14:29:27+00:00","og_image":[{"url":"https:\/\/tiranadentalhospital.com\/it\/wp-content\/uploads\/2023\/11\/mentoplastica2-300x183.jpg","type":"","width":"","height":""}],"twitter_card":"summary_large_image","twitter_misc":{"Tempo di lettura stimato":"2 minuti"},"schema":{"@context":"https:\/\/schema.org","@graph":[{"@type":"WebPage","@id":"https:\/\/tiranadentalhospital.com\/it\/la-mentoplastica\/","url":"https:\/\/tiranadentalhospital.com\/it\/la-mentoplastica\/","name":"La Mentoplastica\u00a0 - Tirana Dental Hospital","isPartOf":{"@id":"https:\/\/tiranadentalhospital.com\/it\/#website"},"primaryImageOfPage":{"@id":"https:\/\/tiranadentalhospital.com\/it\/la-mentoplastica\/#primaryimage"},"image":{"@id":"https:\/\/tiranadentalhospital.com\/it\/la-mentoplastica\/#primaryimage"},"thumbnailUrl":"https:\/\/tiranadentalhospital.com\/it\/wp-content\/uploads\/2023\/11\/mentoplastica2-300x183.jpg","datePublished":"2023-11-22T14:25:09+00:00","dateModified":"2023-11-22T14:29:27+00:00","description":"Il tuo sorriso, la nostra priorit\u00e0. Visita il nostro ospedale dentale a Tirana, Albania, per esperienze di cura dentale all'avanguardia. Scopri il benessere del tuo sorriso su TiranaDentalHospital.com.","breadcrumb":{"@id":"https:\/\/tiranadentalhospital.com\/it\/la-mentoplastica\/#breadcrumb"},"inLanguage":"it-IT","potentialAction":[{"@type":"ReadAction","target":["https:\/\/tiranadentalhospital.com\/it\/la-mentoplastica\/"]}]},{"@type":"ImageObject","inLanguage":"it-IT","@id":"https:\/\/tiranadentalhospital.com\/it\/la-mentoplastica\/#primaryimage","url":"https:\/\/i0.wp.com\/tiranadentalhospital.com\/it\/wp-content\/uploads\/2023\/11\/mentoplastica2.jpg?fit=444%2C271&ssl=1","contentUrl":"https:\/\/i0.wp.com\/tiranadentalhospital.com\/it\/wp-content\/uploads\/2023\/11\/mentoplastica2.jpg?fit=444%2C271&ssl=1","width":444,"height":271},{"@type":"BreadcrumbList","@id":"https:\/\/tiranadentalhospital.com\/it\/la-mentoplastica\/#breadcrumb","itemListElement":[{"@type":"ListItem","position":1,"name":"Home","item":"https:\/\/tiranadentalhospital.com\/it\/"},{"@type":"ListItem","position":2,"name":"La Mentoplastica\u00a0"}]},{"@type":"WebSite","@id":"https:\/\/tiranadentalhospital.com\/it\/#website","url":"https:\/\/tiranadentalhospital.com\/it\/","name":"Tirana Dental Hospital","description":"Clinica odontoiatrica a Tirana","publisher":{"@id":"https:\/\/tiranadentalhospital.com\/it\/#organization"},"alternateName":"Dental Hospital a Tirana","potentialAction":[{"@type":"SearchAction","target":{"@type":"EntryPoint","urlTemplate":"https:\/\/tiranadentalhospital.com\/it\/?s={search_term_string}"},"query-input":{"@type":"PropertyValueSpecification","valueRequired":true,"valueName":"search_term_string"}}],"inLanguage":"it-IT"},{"@type":"Organization","@id":"https:\/\/tiranadentalhospital.com\/it\/#organization","name":"Tirana Dental Hospital","alternateName":"Dental Hospital a Tirana","url":"https:\/\/tiranadentalhospital.com\/it\/","logo":{"@type":"ImageObject","inLanguage":"it-IT","@id":"https:\/\/tiranadentalhospital.com\/it\/#\/schema\/logo\/image\/","url":"https:\/\/tiranadentalhospital.com\/it\/wp-content\/uploads\/2022\/02\/TDH_Logo-2-1.svg","contentUrl":"https:\/\/tiranadentalhospital.com\/it\/wp-content\/uploads\/2022\/02\/TDH_Logo-2-1.svg","width":"1024","height":"1024","caption":"Tirana Dental Hospital"},"image":{"@id":"https:\/\/tiranadentalhospital.com\/it\/#\/schema\/logo\/image\/"},"sameAs":["https:\/\/www.facebook.com\/tiranadentalhospitalcuredentaliinalbania","https:\/\/www.youtube.com\/channel\/UCJV1YJNOw9Z0y7eD3KhD-7g\/videos","https:\/\/www.instagram.com\/tirana.dental.hospital\/"]}]}},"jetpack_sharing_enabled":true,"_links":{"self":[{"href":"https:\/\/tiranadentalhospital.com\/it\/wp-json\/wp\/v2\/pages\/9014","targetHints":{"allow":["GET"]}}],"collection":[{"href":"https:\/\/tiranadentalhospital.com\/it\/wp-json\/wp\/v2\/pages"}],"about":[{"href":"https:\/\/tiranadentalhospital.com\/it\/wp-json\/wp\/v2\/types\/page"}],"author":[{"embeddable":true,"href":"https:\/\/tiranadentalhospital.com\/it\/wp-json\/wp\/v2\/users\/1"}],"replies":[{"embeddable":true,"href":"https:\/\/tiranadentalhospital.com\/it\/wp-json\/wp\/v2\/comments?post=9014"}],"version-history":[{"count":4,"href":"https:\/\/tiranadentalhospital.com\/it\/wp-json\/wp\/v2\/pages\/9014\/revisions"}],"predecessor-version":[{"id":9020,"href":"https:\/\/tiranadentalhospital.com\/it\/wp-json\/wp\/v2\/pages\/9014\/revisions\/9020"}],"wp:attachment":[{"href":"https:\/\/tiranadentalhospital.com\/it\/wp-json\/wp\/v2\/media?parent=9014"}],"curies":[{"name":"wp","href":"https:\/\/api.w.org\/{rel}","templated":true}]}}