{"id":9035,"date":"2023-11-22T14:49:28","date_gmt":"2023-11-22T14:49:28","guid":{"rendered":"https:\/\/tiranadentalhospital.com\/it\/?page_id=9035"},"modified":"2023-11-23T13:34:48","modified_gmt":"2023-11-23T13:34:48","slug":"la-bichectomia","status":"publish","type":"page","link":"https:\/\/tiranadentalhospital.com\/it\/la-bichectomia\/","title":{"rendered":"La Bichectomia"},"content":{"rendered":"<section class=\"l-section wpb_row height_custom\"><div class=\"l-section-h i-cf\"><div class=\"g-cols vc_row via_grid cols_1 laptops-cols_inherit tablets-cols_inherit mobiles-cols_1 valign_top type_default stacking_default\"><div class=\"wpb_column vc_column_container\"><div class=\"vc_column-inner\"><div class=\"wpb_text_column\"><div class=\"wpb_wrapper\"><h2>Bichectomia<\/h2>\n<p>\u00a0<\/p>\n<h4>Che cos\u2019\u00e8 la bichectomia?<\/h4>\n<p>La bichectomia \u00e8 una procedura chirurgica che rimuove o asciuga una struttura del viso nota come\u00a0cuscinetto adiposo di Bichat, che in alcuni casi pu\u00f2 far apparire una persona magra in sovrappeso o semplicemente non conforme alla struttura corporea.<\/p>\n<p>La bichectomia \u00e8 l\u2019intervento che permette di ridefinire il contorno dell\u2019aree degli zigomi e delle guance.<\/p>\n<h4>Cosa migliora?<\/h4>\n<p><img data-recalc-dims=\"1\" loading=\"lazy\" decoding=\"async\" class=\"size-medium wp-image-9037 alignright\" src=\"https:\/\/i0.wp.com\/tiranadentalhospital.com\/it\/wp-content\/uploads\/2023\/11\/bichectomia-bolla-di-bichat2.jpg?resize=300%2C295&#038;ssl=1\" alt=\"\" width=\"300\" height=\"295\" srcset=\"https:\/\/i0.wp.com\/tiranadentalhospital.com\/it\/wp-content\/uploads\/2023\/11\/bichectomia-bolla-di-bichat2.jpg?resize=300%2C295&amp;ssl=1 300w, https:\/\/i0.wp.com\/tiranadentalhospital.com\/it\/wp-content\/uploads\/2023\/11\/bichectomia-bolla-di-bichat2.jpg?resize=22%2C22&amp;ssl=1 22w, https:\/\/i0.wp.com\/tiranadentalhospital.com\/it\/wp-content\/uploads\/2023\/11\/bichectomia-bolla-di-bichat2.jpg?resize=407%2C400&amp;ssl=1 407w, https:\/\/i0.wp.com\/tiranadentalhospital.com\/it\/wp-content\/uploads\/2023\/11\/bichectomia-bolla-di-bichat2.jpg?w=679&amp;ssl=1 679w\" sizes=\"auto, (max-width: 300px) 100vw, 300px\" \/><\/p>\n<p>La maggior parte delle persone percepisce un viso magro a forma di V come attraente. Al contrario, le guance arrotondate, spesso chiamate \u201cguance paffute\u201d, possono creare un aspetto infantile e far sembrare sovrappeso persone altrimenti magre. La chirurgia di rimozione del grasso buccale \u00e8 una procedura altamente personalizzata.<br \/>Il contouring del viso \u00e8 importante per l\u2019aspetto generale del viso.Sebbene sia importante mantenere una buona quantit\u00e0 di grasso facciale per mantenere un aspetto giovanile, l\u2019eccesso di grasso buccale pu\u00f2 portare a una \u201cfaccia di luna\u201d arrotondata che nasconde lo zigomo e la linea della mascella naturalmente.\u00a0Una procedura di rimozione del grasso buccale elimina in modo conservativo il grasso non essenziale nell\u2019area della guancia, snellendo quest\u2019area e risultando in un aspetto pi\u00f9 sottile.<\/p>\n<h4>Che risultato da?<\/h4>\n<p>La bichectomia, nota anche come rimozione del grasso buccale, ha lo scopo di snellire il viso di una persona e rimuovere il tessuto adiposo in eccesso. In questa procedura, rimuoviamo il grasso dall\u2019interno delle guance, enfatizzando e accentuando cos\u00ec gli zigomi. Il risultato \u00e8 un viso pi\u00f9 snello e dall\u2019aspetto pi\u00f9 giovane.<br \/>Chi \u00e8 candidato alla bichectomia?<br \/>Se un paziente giunge presso il nostro ambulatorio in\u00a0Clinica\u00a0perch\u00e8 insoddisfatto delle proporzioni del viso, lamentando guance rotonde che fanno sembrare il viso paffuto, una bichectomia \u00e8 la procedura adatta per rimuovere il grasso in eccesso dalle guance, contornare il viso e accentuare i lineamenti.<\/p>\n<h4>Che vantaggi hanno?<\/h4>\n<p>Uno dei vantaggi di avere la rimozione del grasso buccale \u00e8 che non ci sono incisioni esterne attraverso un accesso interno il grasso buccale viene rimosso con cura. La quantit\u00e0 esatta di grasso buccale rimosso pu\u00f2 essere eseguita in modo tale che entrambi i lati del viso abbiano la stessa quantit\u00e0 di grasso rimosso, per garantire un aspetto simmetrico ed equilibrato.<\/p>\n<\/div><\/div><\/div><\/div><\/div><\/div><\/section>\n","protected":false},"excerpt":{"rendered":"Bichectomia \u00a0 Che cos\u2019\u00e8 la bichectomia? La bichectomia \u00e8 una procedura chirurgica che rimuove o asciuga una struttura del viso nota come\u00a0cuscinetto adiposo di Bichat, che in alcuni casi pu\u00f2 far apparire una persona magra in sovrappeso o semplicemente non conforme alla struttura corporea. La bichectomia \u00e8 l\u2019intervento che permette di ridefinire il contorno dell\u2019aree...","protected":false},"author":1,"featured_media":0,"parent":0,"menu_order":0,"comment_status":"closed","ping_status":"closed","template":"","meta":{"nf_dc_page":"","footnotes":""},"class_list":["post-9035","page","type-page","status-publish","hentry"],"yoast_head":"<!-- This site is optimized with the Yoast SEO plugin v27.4 - https:\/\/yoast.com\/product\/yoast-seo-wordpress\/ -->\n<title>La Bichectomia - Tirana Dental Hospital<\/title>\n<meta name=\"description\" content=\"Il tuo sorriso, la nostra priorit\u00e0. Visita il nostro ospedale dentale a Tirana, Albania, per esperienze di cura dentale all&#039;avanguardia. Scopri il benessere del tuo sorriso su TiranaDentalHospital.com.\" \/>\n<meta name=\"robots\" content=\"index, follow, max-snippet:-1, max-image-preview:large, max-video-preview:-1\" \/>\n<link rel=\"canonical\" href=\"https:\/\/tiranadentalhospital.com\/it\/la-bichectomia\/\" \/>\n<meta property=\"og:locale\" content=\"it_IT\" \/>\n<meta property=\"og:type\" content=\"article\" \/>\n<meta property=\"og:title\" content=\"La Bichectomia - Tirana Dental Hospital\" \/>\n<meta property=\"og:description\" content=\"Il tuo sorriso, la nostra priorit\u00e0. Visita il nostro ospedale dentale a Tirana, Albania, per esperienze di cura dentale all&#039;avanguardia. Scopri il benessere del tuo sorriso su TiranaDentalHospital.com.\" \/>\n<meta property=\"og:url\" content=\"https:\/\/tiranadentalhospital.com\/it\/la-bichectomia\/\" \/>\n<meta property=\"og:site_name\" content=\"Tirana Dental Hospital\" \/>\n<meta property=\"article:publisher\" content=\"https:\/\/www.facebook.com\/tiranadentalhospitalcuredentaliinalbania\" \/>\n<meta property=\"article:modified_time\" content=\"2023-11-23T13:34:48+00:00\" \/>\n<meta property=\"og:image\" content=\"https:\/\/tiranadentalhospital.com\/it\/wp-content\/uploads\/2023\/11\/bichectomia-bolla-di-bichat2-300x295.jpg\" \/>\n<meta name=\"twitter:card\" content=\"summary_large_image\" \/>\n<meta name=\"twitter:label1\" content=\"Tempo di lettura stimato\" \/>\n\t<meta name=\"twitter:data1\" content=\"3 minuti\" \/>\n<script type=\"application\/ld+json\" class=\"yoast-schema-graph\">{\"@context\":\"https:\\\/\\\/schema.org\",\"@graph\":[{\"@type\":\"WebPage\",\"@id\":\"https:\\\/\\\/tiranadentalhospital.com\\\/it\\\/la-bichectomia\\\/\",\"url\":\"https:\\\/\\\/tiranadentalhospital.com\\\/it\\\/la-bichectomia\\\/\",\"name\":\"La Bichectomia - Tirana Dental Hospital\",\"isPartOf\":{\"@id\":\"https:\\\/\\\/tiranadentalhospital.com\\\/it\\\/#website\"},\"primaryImageOfPage\":{\"@id\":\"https:\\\/\\\/tiranadentalhospital.com\\\/it\\\/la-bichectomia\\\/#primaryimage\"},\"image\":{\"@id\":\"https:\\\/\\\/tiranadentalhospital.com\\\/it\\\/la-bichectomia\\\/#primaryimage\"},\"thumbnailUrl\":\"https:\\\/\\\/tiranadentalhospital.com\\\/it\\\/wp-content\\\/uploads\\\/2023\\\/11\\\/bichectomia-bolla-di-bichat2-300x295.jpg\",\"datePublished\":\"2023-11-22T14:49:28+00:00\",\"dateModified\":\"2023-11-23T13:34:48+00:00\",\"description\":\"Il tuo sorriso, la nostra priorit\u00e0. Visita il nostro ospedale dentale a Tirana, Albania, per esperienze di cura dentale all'avanguardia. Scopri il benessere del tuo sorriso su TiranaDentalHospital.com.\",\"breadcrumb\":{\"@id\":\"https:\\\/\\\/tiranadentalhospital.com\\\/it\\\/la-bichectomia\\\/#breadcrumb\"},\"inLanguage\":\"it-IT\",\"potentialAction\":[{\"@type\":\"ReadAction\",\"target\":[\"https:\\\/\\\/tiranadentalhospital.com\\\/it\\\/la-bichectomia\\\/\"]}]},{\"@type\":\"ImageObject\",\"inLanguage\":\"it-IT\",\"@id\":\"https:\\\/\\\/tiranadentalhospital.com\\\/it\\\/la-bichectomia\\\/#primaryimage\",\"url\":\"https:\\\/\\\/i0.wp.com\\\/tiranadentalhospital.com\\\/it\\\/wp-content\\\/uploads\\\/2023\\\/11\\\/bichectomia-bolla-di-bichat2.jpg?fit=679%2C667&ssl=1\",\"contentUrl\":\"https:\\\/\\\/i0.wp.com\\\/tiranadentalhospital.com\\\/it\\\/wp-content\\\/uploads\\\/2023\\\/11\\\/bichectomia-bolla-di-bichat2.jpg?fit=679%2C667&ssl=1\",\"width\":679,\"height\":667},{\"@type\":\"BreadcrumbList\",\"@id\":\"https:\\\/\\\/tiranadentalhospital.com\\\/it\\\/la-bichectomia\\\/#breadcrumb\",\"itemListElement\":[{\"@type\":\"ListItem\",\"position\":1,\"name\":\"Home\",\"item\":\"https:\\\/\\\/tiranadentalhospital.com\\\/it\\\/\"},{\"@type\":\"ListItem\",\"position\":2,\"name\":\"La Bichectomia\"}]},{\"@type\":\"WebSite\",\"@id\":\"https:\\\/\\\/tiranadentalhospital.com\\\/it\\\/#website\",\"url\":\"https:\\\/\\\/tiranadentalhospital.com\\\/it\\\/\",\"name\":\"Tirana Dental Hospital\",\"description\":\"Clinica odontoiatrica a Tirana\",\"publisher\":{\"@id\":\"https:\\\/\\\/tiranadentalhospital.com\\\/it\\\/#organization\"},\"alternateName\":\"Dental Hospital a Tirana\",\"potentialAction\":[{\"@type\":\"SearchAction\",\"target\":{\"@type\":\"EntryPoint\",\"urlTemplate\":\"https:\\\/\\\/tiranadentalhospital.com\\\/it\\\/?s={search_term_string}\"},\"query-input\":{\"@type\":\"PropertyValueSpecification\",\"valueRequired\":true,\"valueName\":\"search_term_string\"}}],\"inLanguage\":\"it-IT\"},{\"@type\":\"Organization\",\"@id\":\"https:\\\/\\\/tiranadentalhospital.com\\\/it\\\/#organization\",\"name\":\"Tirana Dental Hospital\",\"alternateName\":\"Dental Hospital a Tirana\",\"url\":\"https:\\\/\\\/tiranadentalhospital.com\\\/it\\\/\",\"logo\":{\"@type\":\"ImageObject\",\"inLanguage\":\"it-IT\",\"@id\":\"https:\\\/\\\/tiranadentalhospital.com\\\/it\\\/#\\\/schema\\\/logo\\\/image\\\/\",\"url\":\"https:\\\/\\\/tiranadentalhospital.com\\\/it\\\/wp-content\\\/uploads\\\/2022\\\/02\\\/TDH_Logo-2-1.svg\",\"contentUrl\":\"https:\\\/\\\/tiranadentalhospital.com\\\/it\\\/wp-content\\\/uploads\\\/2022\\\/02\\\/TDH_Logo-2-1.svg\",\"width\":\"1024\",\"height\":\"1024\",\"caption\":\"Tirana Dental Hospital\"},\"image\":{\"@id\":\"https:\\\/\\\/tiranadentalhospital.com\\\/it\\\/#\\\/schema\\\/logo\\\/image\\\/\"},\"sameAs\":[\"https:\\\/\\\/www.facebook.com\\\/tiranadentalhospitalcuredentaliinalbania\",\"https:\\\/\\\/www.youtube.com\\\/channel\\\/UCJV1YJNOw9Z0y7eD3KhD-7g\\\/videos\",\"https:\\\/\\\/www.instagram.com\\\/tirana.dental.hospital\\\/\"]}]}<\/script>\n<!-- \/ Yoast SEO plugin. -->","yoast_head_json":{"title":"La Bichectomia - Tirana Dental Hospital","description":"Il tuo sorriso, la nostra priorit\u00e0. Visita il nostro ospedale dentale a Tirana, Albania, per esperienze di cura dentale all'avanguardia. Scopri il benessere del tuo sorriso su TiranaDentalHospital.com.","robots":{"index":"index","follow":"follow","max-snippet":"max-snippet:-1","max-image-preview":"max-image-preview:large","max-video-preview":"max-video-preview:-1"},"canonical":"https:\/\/tiranadentalhospital.com\/it\/la-bichectomia\/","og_locale":"it_IT","og_type":"article","og_title":"La Bichectomia - Tirana Dental Hospital","og_description":"Il tuo sorriso, la nostra priorit\u00e0. Visita il nostro ospedale dentale a Tirana, Albania, per esperienze di cura dentale all'avanguardia. Scopri il benessere del tuo sorriso su TiranaDentalHospital.com.","og_url":"https:\/\/tiranadentalhospital.com\/it\/la-bichectomia\/","og_site_name":"Tirana Dental Hospital","article_publisher":"https:\/\/www.facebook.com\/tiranadentalhospitalcuredentaliinalbania","article_modified_time":"2023-11-23T13:34:48+00:00","og_image":[{"url":"https:\/\/tiranadentalhospital.com\/it\/wp-content\/uploads\/2023\/11\/bichectomia-bolla-di-bichat2-300x295.jpg","type":"","width":"","height":""}],"twitter_card":"summary_large_image","twitter_misc":{"Tempo di lettura stimato":"3 minuti"},"schema":{"@context":"https:\/\/schema.org","@graph":[{"@type":"WebPage","@id":"https:\/\/tiranadentalhospital.com\/it\/la-bichectomia\/","url":"https:\/\/tiranadentalhospital.com\/it\/la-bichectomia\/","name":"La Bichectomia - Tirana Dental Hospital","isPartOf":{"@id":"https:\/\/tiranadentalhospital.com\/it\/#website"},"primaryImageOfPage":{"@id":"https:\/\/tiranadentalhospital.com\/it\/la-bichectomia\/#primaryimage"},"image":{"@id":"https:\/\/tiranadentalhospital.com\/it\/la-bichectomia\/#primaryimage"},"thumbnailUrl":"https:\/\/tiranadentalhospital.com\/it\/wp-content\/uploads\/2023\/11\/bichectomia-bolla-di-bichat2-300x295.jpg","datePublished":"2023-11-22T14:49:28+00:00","dateModified":"2023-11-23T13:34:48+00:00","description":"Il tuo sorriso, la nostra priorit\u00e0. Visita il nostro ospedale dentale a Tirana, Albania, per esperienze di cura dentale all'avanguardia. Scopri il benessere del tuo sorriso su TiranaDentalHospital.com.","breadcrumb":{"@id":"https:\/\/tiranadentalhospital.com\/it\/la-bichectomia\/#breadcrumb"},"inLanguage":"it-IT","potentialAction":[{"@type":"ReadAction","target":["https:\/\/tiranadentalhospital.com\/it\/la-bichectomia\/"]}]},{"@type":"ImageObject","inLanguage":"it-IT","@id":"https:\/\/tiranadentalhospital.com\/it\/la-bichectomia\/#primaryimage","url":"https:\/\/i0.wp.com\/tiranadentalhospital.com\/it\/wp-content\/uploads\/2023\/11\/bichectomia-bolla-di-bichat2.jpg?fit=679%2C667&ssl=1","contentUrl":"https:\/\/i0.wp.com\/tiranadentalhospital.com\/it\/wp-content\/uploads\/2023\/11\/bichectomia-bolla-di-bichat2.jpg?fit=679%2C667&ssl=1","width":679,"height":667},{"@type":"BreadcrumbList","@id":"https:\/\/tiranadentalhospital.com\/it\/la-bichectomia\/#breadcrumb","itemListElement":[{"@type":"ListItem","position":1,"name":"Home","item":"https:\/\/tiranadentalhospital.com\/it\/"},{"@type":"ListItem","position":2,"name":"La Bichectomia"}]},{"@type":"WebSite","@id":"https:\/\/tiranadentalhospital.com\/it\/#website","url":"https:\/\/tiranadentalhospital.com\/it\/","name":"Tirana Dental Hospital","description":"Clinica odontoiatrica a Tirana","publisher":{"@id":"https:\/\/tiranadentalhospital.com\/it\/#organization"},"alternateName":"Dental Hospital a Tirana","potentialAction":[{"@type":"SearchAction","target":{"@type":"EntryPoint","urlTemplate":"https:\/\/tiranadentalhospital.com\/it\/?s={search_term_string}"},"query-input":{"@type":"PropertyValueSpecification","valueRequired":true,"valueName":"search_term_string"}}],"inLanguage":"it-IT"},{"@type":"Organization","@id":"https:\/\/tiranadentalhospital.com\/it\/#organization","name":"Tirana Dental Hospital","alternateName":"Dental Hospital a Tirana","url":"https:\/\/tiranadentalhospital.com\/it\/","logo":{"@type":"ImageObject","inLanguage":"it-IT","@id":"https:\/\/tiranadentalhospital.com\/it\/#\/schema\/logo\/image\/","url":"https:\/\/tiranadentalhospital.com\/it\/wp-content\/uploads\/2022\/02\/TDH_Logo-2-1.svg","contentUrl":"https:\/\/tiranadentalhospital.com\/it\/wp-content\/uploads\/2022\/02\/TDH_Logo-2-1.svg","width":"1024","height":"1024","caption":"Tirana Dental Hospital"},"image":{"@id":"https:\/\/tiranadentalhospital.com\/it\/#\/schema\/logo\/image\/"},"sameAs":["https:\/\/www.facebook.com\/tiranadentalhospitalcuredentaliinalbania","https:\/\/www.youtube.com\/channel\/UCJV1YJNOw9Z0y7eD3KhD-7g\/videos","https:\/\/www.instagram.com\/tirana.dental.hospital\/"]}]}},"jetpack_sharing_enabled":true,"_links":{"self":[{"href":"https:\/\/tiranadentalhospital.com\/it\/wp-json\/wp\/v2\/pages\/9035","targetHints":{"allow":["GET"]}}],"collection":[{"href":"https:\/\/tiranadentalhospital.com\/it\/wp-json\/wp\/v2\/pages"}],"about":[{"href":"https:\/\/tiranadentalhospital.com\/it\/wp-json\/wp\/v2\/types\/page"}],"author":[{"embeddable":true,"href":"https:\/\/tiranadentalhospital.com\/it\/wp-json\/wp\/v2\/users\/1"}],"replies":[{"embeddable":true,"href":"https:\/\/tiranadentalhospital.com\/it\/wp-json\/wp\/v2\/comments?post=9035"}],"version-history":[{"count":2,"href":"https:\/\/tiranadentalhospital.com\/it\/wp-json\/wp\/v2\/pages\/9035\/revisions"}],"predecessor-version":[{"id":9042,"href":"https:\/\/tiranadentalhospital.com\/it\/wp-json\/wp\/v2\/pages\/9035\/revisions\/9042"}],"wp:attachment":[{"href":"https:\/\/tiranadentalhospital.com\/it\/wp-json\/wp\/v2\/media?parent=9035"}],"curies":[{"name":"wp","href":"https:\/\/api.w.org\/{rel}","templated":true}]}}