{"id":9047,"date":"2023-11-23T14:09:45","date_gmt":"2023-11-23T14:09:45","guid":{"rendered":"https:\/\/tiranadentalhospital.com\/it\/?page_id=9047"},"modified":"2023-11-27T11:20:25","modified_gmt":"2023-11-27T11:20:25","slug":"implantologia-avanzata","status":"publish","type":"page","link":"https:\/\/tiranadentalhospital.com\/it\/implantologia-avanzata\/","title":{"rendered":"Implantologia Avanzata"},"content":{"rendered":"<section class=\"l-section wpb_row height_custom\"><div class=\"l-section-h i-cf\"><div class=\"g-cols vc_row via_grid cols_2-1 laptops-cols_inherit tablets-cols_inherit mobiles-cols_1 valign_top type_default stacking_default\"><div class=\"wpb_column vc_column_container\"><div class=\"vc_column-inner\"><h2 class=\"w-text us_custom_eb849559\"><span class=\"w-text-h\"><span class=\"w-text-value\">Impiantologia Avanzata<\/span><\/span><\/h2><div class=\"w-separator size_custom with_line width_default thick_1 style_solid color_primary align_center with_content\" style=\"height:32px\"><div class=\"w-separator-h\"><i class=\"fas fa-tooth\"><\/i><\/div><\/div><div class=\"wpb_text_column\"><div class=\"wpb_wrapper\"><div class=\"\" data-mesh-id=\"comp-k266tw06inlineContent\" data-testid=\"inline-content\">\n<div data-mesh-id=\"comp-k266tw06inlineContent-gridContainer\" data-testid=\"mesh-container-content\">\n<div id=\"comp-k266tw0i\" class=\"BaOVQ8 tz5f0K comp-k266tw0i wixui-rich-text\" data-testid=\"richTextElement\">\n<p class=\"font_8 wixui-rich-text__text\"><span class=\"wixui-rich-text__text\">Gli impianti dentali <\/span>Rappresentano la soluzione pi\u00f9 moderna per la sostituzione dei denti mancanti. Ridonano l\u2019aspetto, la sensazione e le funzioni dei denti naturali. La moderna \u00a0implantologia \u00e8 una tecnica chirurgica che \u00a0prevede l&#8217;inserimento di perni in titanio (materiale biocompatibile per l\u2019organismo) nell&#8217;osso mandibolare o mascellare, essi sostituiscono le radici naturali dei denti.<\/p>\n<p class=\"font_8 wixui-rich-text__text\">L&#8217;implantologia dentale consente oggi di far fronte alla perdita dei denti naturali ripristinando il sorriso del paziente in modo perfettamente funzionale ed esteticamente \u00a0naturale.<br class=\"wixui-rich-text__text\" \/>Il ricorso all&#8217;implantologia dentale consente una riabilitazione fissa della masticazione, evitando i fastidi legati all&#8217;utilizzo di protesi mobili (dentiere).<\/p>\n<\/div>\n<\/div>\n<\/div>\n<div id=\"comp-k2679vf3\" class=\"BaOVQ8 tz5f0K comp-k2679vf3 wixui-rich-text\" data-testid=\"richTextElement\">\n<p class=\"font_8 wixui-rich-text__text\">Dopo l\u2019estrazione dei denti, l\u2019 osso comincia a riassorbirsi con la conseguente perdita di quantit\u00e0 ossea causando \u00a0una serie di problemi:<\/p>\n<ul class=\"font_8 wixui-rich-text__text\">\n<li class=\"wixui-rich-text__text\">\n<p class=\"font_8 wixui-rich-text__text\">Viene a \u00a0mancare il \u00a0supporto per il labbro<\/p>\n<\/li>\n<li class=\"wixui-rich-text__text\">\n<p class=\"font_8 wixui-rich-text__text\">Si riduce la dimensione verticale dell\u2019occlusione<\/p>\n<\/li>\n<li class=\"wixui-rich-text__text\">\n<p class=\"font_8 wixui-rich-text__text\">Si manifestano \u00a0rughe accentuate intorno alle labbra<\/p>\n<\/li>\n<li class=\"wixui-rich-text__text\">\n<p class=\"font_8 wixui-rich-text__text\">Insorgono \u00a0problemi relativi alle articolazioni temporo &#8211; mandibolari<\/p>\n<\/li>\n<\/ul>\n<p class=\"font_8 wixui-rich-text__text\">Se vi manca uno, due o pi\u00f9 denti siete un candidato per l\u2019installazione dell&#8217;impianto dentale. Il primo passo \u00e8 la creazione di una RX panoramica, durante l&#8217;esame per il trattamento implantare, viene valutato sia \u00a0la condizione e la qualit\u00e0 dell&#8217;osso dove gli impianti saranno installati, quindi gli altri denti e i tessuti molli del cavo orale. In alcuni casi potrebbe essere necessario \u00a0fare una TAC.<\/p>\n<p class=\"font_8 wixui-rich-text__text\">Durante la \u00a0prima fase chirurgica ( in anestesia locale o su richiesta in sedazione cosciente) \u00a0vengono inserimenti degli impianti \u00a0in titanio nelle zone edentule delle ossa mascellari \u00a0e \u00a0saturati i tessuti gengivali, gli impianti restano cos\u00ec sommersi. \u00a0Dopo il periodo di guarigione 3\/6 mesi \u00a0vengono posizionate le viti di guarigione in titanio sostituite poi successivamente dai perni dove verranno cementate o avvitate le corone in porcellana, come se fossero monconi di denti naturali.<\/p>\n<p class=\"font_8 wixui-rich-text__text\">L\u2019osteointegrazione permette agli impianti di venire inglobati dall\u2019osso nel quale sono stati posizionati. Gli impianti \u00a0compensano i denti persi, \u00a0crescono intorno a loro e funzionano come i vostri denti naturali sostituendo \u00a0la funzione del sistema masticatorio che si aveva prima della perdita del dente. Le corone e i ponti sugli impianti sembrano denti naturali.<\/p>\n<h4 class=\"font_3 wixui-rich-text__text\"><span class=\"wixui-rich-text__text\">Sostituzione del \u00a0dente singolo<\/span><\/h4>\n<p class=\"font_8 wixui-rich-text__text\">In mancanza di un dente frontale gli impianti rappresentano la soluzione estetica pi\u00f9 performante che dura nel tempo: in questo caso non vengono toccati o coinvolti i denti adiacenti sani.<\/p>\n<h4 class=\"font_3 wixui-rich-text__text\"><span class=\"wixui-rich-text__text\">Sostituzione di \u00a0pi\u00f9 denti<\/span><\/h4>\n<p class=\"font_8 wixui-rich-text__text\">Vengono utilizzate le corone in porcellana ancorate da impianti multipli con un ponte supportato da due o piu\u2019 impianti.<\/p>\n<h4 class=\"font_3 wixui-rich-text__text\"><span class=\"wixui-rich-text__text\">Sostituzione di \u00a0tutti i denti<\/span><\/h4>\n<p class=\"font_8 wixui-rich-text__text\">Utilizzando \u00a0un ponte fisso su diversi impianti con protesi rimovibile ancorata su due-quattro o pi\u00f9 impianti.<\/p>\n<\/div>\n<div id=\"comp-k410fsv0\" class=\"BaOVQ8 tz5f0K comp-k410fsv0 wixui-rich-text\" data-testid=\"richTextElement\">\n<p class=\"font_8 wixui-rich-text__text\"><span class=\"wixui-rich-text__text\">Sistemi All on four &#8211; All on six<\/span><\/p>\n<p class=\"font_8 wixui-rich-text__text\">Si tratta di una procedura di nuova generazione molto affidabile e veloce creata per riabilitare una bocca senza denti con 4\u00a0 o 6 impianti e una protesi fissa.<\/p>\n<p class=\"font_8 wixui-rich-text__text\">L\u2019utilizzo di questa tecnica protesica permette, grazie all\u2019innesto degli impianti, di installare un ponte fisso provvisorio subito dopo l\u2019innesto di 4 o 6 impianti endossei per mascella durante la stessa seduta. Qualche mese dopo l\u2019innesto degli impianti, trascorso il periodo di osteointegrazione \u00e8 possibile sostituire il ponte provvisorio con quello definitivo.<\/p>\n<\/div>\n<p class=\"font_8 wixui-rich-text__text\"><span class=\"wixui-rich-text__text\">Il rialzo del seno mascellare<\/span><\/p>\n<p class=\"font_8 wixui-rich-text__text\">E&#8217;\u00a0una tecnica chirurgica avanzata. La ricostruzione ossea del mascellare superiore rappresenta spesso una fase obbligatoria prima di procedere con un intervento riabilitativo implantare.<br class=\"wixui-rich-text__text\" \/>Le procedure di innesto osseo sono necessarie per \u00a0ripristinare i volumi ossei necessari per una riabilitazione implanto-protesica.<\/p>\n<p class=\"font_8 wixui-rich-text__text\">Il seno mascellare \u00e8 una cavit\u00e0 ossea situata a lato delle cavit\u00e0 nasali con le quali \u00e8 in contatto diretto. Inferiormente questa cavit\u00e0 confina con le radici dei denti superiori posteriori. Quando vengono persi i denti in mancanza di questi induce un riassorbimento dell\u2019osso determinando \u00a0una riduzione dello spessore della parete ossea che separa il seno e la cavit\u00e0 orale. In questi casi per poter comunque procedere all\u2019inserimento di impianti \u00e8 possibile eseguire un rialzo del seno mascellare inserendo a livello del seno stesso del nuovo osso capace di ricreare quella dimensione andata perduta nel tempo.<\/p>\n<\/div><\/div><\/div><\/div><div class=\"wpb_column vc_column_container type_sticky\"><div class=\"vc_column-inner\"><div class=\"w-image align_none\"><div class=\"w-image-h\"><img decoding=\"async\" width=\"2560\" height=\"2048\" src=\"https:\/\/i0.wp.com\/tiranadentalhospital.com\/it\/wp-content\/uploads\/2023\/11\/implantologji_e_avancuar-1-scaled.jpg?fit=2560%2C2048&amp;ssl=1\" class=\"attachment-full size-full\" alt=\"\" loading=\"lazy\" srcset=\"https:\/\/i0.wp.com\/tiranadentalhospital.com\/it\/wp-content\/uploads\/2023\/11\/implantologji_e_avancuar-1-scaled.jpg?w=2560&amp;ssl=1 2560w, https:\/\/i0.wp.com\/tiranadentalhospital.com\/it\/wp-content\/uploads\/2023\/11\/implantologji_e_avancuar-1-scaled.jpg?resize=300%2C240&amp;ssl=1 300w, https:\/\/i0.wp.com\/tiranadentalhospital.com\/it\/wp-content\/uploads\/2023\/11\/implantologji_e_avancuar-1-scaled.jpg?resize=1024%2C819&amp;ssl=1 1024w, https:\/\/i0.wp.com\/tiranadentalhospital.com\/it\/wp-content\/uploads\/2023\/11\/implantologji_e_avancuar-1-scaled.jpg?resize=500%2C400&amp;ssl=1 500w, https:\/\/i0.wp.com\/tiranadentalhospital.com\/it\/wp-content\/uploads\/2023\/11\/implantologji_e_avancuar-1-scaled.jpg?w=2400&amp;ssl=1 2400w\" sizes=\"auto, (max-width: 1200px) 100vw, 1200px\" \/><\/div><\/div><\/div><\/div><\/div><\/div><\/section><section class=\"l-section wpb_row us_custom_0969c719 height_custom\"><div class=\"l-section-h i-cf\"><div class=\"g-cols vc_row via_grid cols_1 laptops-cols_inherit tablets-cols_inherit mobiles-cols_1 valign_top type_default stacking_default\"><div class=\"wpb_column vc_column_container\"><div class=\"vc_column-inner\"><h2 class=\"w-text\"><span class=\"w-text-h\"><span class=\"w-text-value\">Interventi per Impianti Dentali e Chirurgia Orale<\/span><\/span><\/h2><div class=\"w-separator size_small with_line width_50 thick_1 style_solid color_primary align_center with_content\"><div class=\"w-separator-h\"><i class=\"fas fa-tooth\"><\/i><\/div><\/div><div class=\"g-cols wpb_row us_custom_53ca4618 via_grid cols_3 laptops-cols_inherit tablets-cols_inherit mobiles-cols_1 valign_top type_default stacking_default\" style=\"--columns-gap:3rem;\"><div class=\"wpb_column vc_column_container\"><div class=\"vc_column-inner\"><div class=\"w-ibanner us_custom_d6e28809 has_text_color animation_phorcys ratio_1x1 easing_ease\"><a title=\"All-on-4\" href=\"https:\/\/tiranadentalhospital.com\/it\/impianti-dentali-e-chirurgia-orale-tirana-albania\/all-on-4\/\" aria-label=\"All on 4\"><\/a><div class=\"w-ibanner-h\"><div class=\"w-ibanner-image\" style=\"background-image: url(https:\/\/i0.wp.com\/tiranadentalhospital.com\/it\/wp-content\/uploads\/2022\/02\/all-on-4-albania.jpg?fit=960%2C960&#038;ssl=1)\"><\/div><div class=\"w-ibanner-content\"><div class=\"w-ibanner-content-h\"><h2 class=\"w-ibanner-title\">All on 4<\/h2><div class=\"w-ibanner-desc\"><p>Riabilitare un\u2019arcata con protesi fissa con 4 impianti<\/p>\n<\/div><\/div><\/div><\/div><\/div><\/div><\/div><div class=\"wpb_column vc_column_container\"><div class=\"vc_column-inner\"><div class=\"w-ibanner us_custom_d6e28809 has_text_color animation_phorcys ratio_1x1 easing_ease\"><a title=\"All-on-6\" href=\"https:\/\/tiranadentalhospital.com\/it\/impianti-dentali-e-chirurgia-orale-tirana-albania\/all-on-six-costo-albania\/\" aria-label=\"All on 6\"><\/a><div class=\"w-ibanner-h\"><div class=\"w-ibanner-image\" style=\"background-image: url(https:\/\/i0.wp.com\/tiranadentalhospital.com\/it\/wp-content\/uploads\/2022\/02\/all-on-six-albania.jpg?fit=960%2C960&#038;ssl=1)\"><\/div><div class=\"w-ibanner-content\"><div class=\"w-ibanner-content-h\"><h2 class=\"w-ibanner-title\">All on 6<\/h2><div class=\"w-ibanner-desc\"><p>Riabilitare un\u2019arcata con protesi fissa con 6 impianti<\/p>\n<\/div><\/div><\/div><\/div><\/div><\/div><\/div><div class=\"wpb_column vc_column_container\"><div class=\"vc_column-inner\"><div class=\"w-ibanner us_custom_d6e28809 has_text_color animation_phorcys ratio_1x1 easing_ease\"><a href=\"https:\/\/tiranadentalhospital.com\/it\/impianti-dentali-e-chirurgia-orale-tirana-albania\/all-on-8-costo-albania\/\" aria-label=\"All on 8\"><\/a><div class=\"w-ibanner-h\"><div class=\"w-ibanner-image\" style=\"background-image: url(https:\/\/i0.wp.com\/tiranadentalhospital.com\/it\/wp-content\/uploads\/2022\/06\/prezzo-all-on-8-albania.jpg?fit=850%2C609&#038;ssl=1)\"><\/div><div class=\"w-ibanner-content\"><div class=\"w-ibanner-content-h\"><h2 class=\"w-ibanner-title\">All on 8<\/h2><div class=\"w-ibanner-desc\"><p>Riabilitare un\u2019arcata con protesi fissa con 8 impianti<\/p>\n<\/div><\/div><\/div><\/div><\/div><\/div><\/div><\/div><div class=\"g-cols wpb_row us_custom_53ca4618 via_grid cols_3 laptops-cols_inherit tablets-cols_inherit mobiles-cols_1 valign_top type_default stacking_default\" style=\"--columns-gap:3rem;\"><div class=\"wpb_column vc_column_container\"><div class=\"vc_column-inner\"><div class=\"w-ibanner us_custom_937f7430 has_text_color animation_phorcys ratio_1x1 easing_ease\"><a href=\"https:\/\/tiranadentalhospital.com\/it\/impianti-dentali-e-chirurgia-orale-tirana-albania\/espansione-ossea-cresta-divisa-costo-albania\/\" aria-label=\"Espansione ossea\"><\/a><div class=\"w-ibanner-h\"><div class=\"w-ibanner-image\" style=\"background-image: url(https:\/\/i0.wp.com\/tiranadentalhospital.com\/it\/wp-content\/uploads\/2022\/02\/innesto-osseo-albania.jpg?fit=800%2C600&#038;ssl=1)\"><\/div><div class=\"w-ibanner-content\"><div class=\"w-ibanner-content-h\"><h2 class=\"w-ibanner-title\">Espansione ossea<\/h2><div class=\"w-ibanner-desc\"><\/div><\/div><\/div><\/div><\/div><\/div><\/div><div class=\"wpb_column vc_column_container\"><div class=\"vc_column-inner\"><div class=\"w-ibanner us_custom_937f7430 has_text_color animation_phorcys ratio_1x1 easing_ease\"><a href=\" https:\/\/tiranadentalhospital.com\/it\/impianti-dentali-e-chirurgia-orale-tirana-albania\/rigenerazione-ossea-guidata-2\/\" aria-label=\"Rigenerazione ossea guidata\"><\/a><div class=\"w-ibanner-h\"><div class=\"w-ibanner-image\" style=\"background-image: url(https:\/\/i0.wp.com\/tiranadentalhospital.com\/it\/wp-content\/uploads\/2022\/02\/Rigenerazione-ossea-guidata.jpg?fit=960%2C645&#038;ssl=1)\"><\/div><div class=\"w-ibanner-content\"><div class=\"w-ibanner-content-h\"><h3 class=\"w-ibanner-title\">Rigenerazione ossea guidata<\/h3><div class=\"w-ibanner-desc\"><p>Voglio saperne di pi\u00f9<\/p>\n<\/div><\/div><\/div><\/div><\/div><\/div><\/div><div class=\"wpb_column vc_column_container\"><div class=\"vc_column-inner\"><div class=\"w-ibanner us_custom_937f7430 has_text_color animation_phorcys ratio_1x1 easing_ease\"><a title=\"Rialzo del Seno Mascellare\" href=\"https:\/\/tiranadentalhospital.com\/it\/impianti-dentali-e-chirurgia-orale-tirana-albania\/rialzo-seno-mascellare-costo-albania\/\" aria-label=\"Rialzo del seno mascellare\"><\/a><div class=\"w-ibanner-h\"><div class=\"w-ibanner-image\" style=\"background-image: url(https:\/\/i0.wp.com\/tiranadentalhospital.com\/it\/wp-content\/uploads\/2022\/02\/rialzo-del-seno-mascellare.jpg?fit=480%2C360&#038;ssl=1)\"><\/div><div class=\"w-ibanner-content\"><div class=\"w-ibanner-content-h\"><h2 class=\"w-ibanner-title\">Rialzo del seno mascellare<\/h2><div class=\"w-ibanner-desc\"><p>Aumenta la quantit\u00e0 di osso nella mascella<\/p>\n<\/div><\/div><\/div><\/div><\/div><\/div><\/div><\/div><\/div><\/div><\/div><\/div><\/section>\n","protected":false},"excerpt":{"rendered":"Impiantologia Avanzata Gli impianti dentali Rappresentano la soluzione pi\u00f9 moderna per la sostituzione dei denti mancanti. Ridonano l\u2019aspetto, la sensazione e le funzioni dei denti naturali. La moderna \u00a0implantologia \u00e8 una tecnica chirurgica che \u00a0prevede l&#8217;inserimento di perni in titanio (materiale biocompatibile per l\u2019organismo) nell&#8217;osso mandibolare o mascellare, essi sostituiscono le radici naturali dei denti....","protected":false},"author":1,"featured_media":0,"parent":0,"menu_order":0,"comment_status":"closed","ping_status":"closed","template":"","meta":{"nf_dc_page":"","footnotes":""},"class_list":["post-9047","page","type-page","status-publish","hentry"],"yoast_head":"<!-- This site is optimized with the Yoast SEO plugin v27.4 - https:\/\/yoast.com\/product\/yoast-seo-wordpress\/ -->\n<title>Implantologia Avanzata - Tirana Dental Hospital<\/title>\n<meta name=\"description\" content=\"Il tuo sorriso, la nostra priorit\u00e0. Visita il nostro ospedale dentale a Tirana, Albania, per esperienze di cura dentale all&#039;avanguardia. Scopri il benessere del tuo sorriso su TiranaDentalHospital.com.\" \/>\n<meta name=\"robots\" content=\"index, follow, max-snippet:-1, max-image-preview:large, max-video-preview:-1\" \/>\n<link rel=\"canonical\" href=\"https:\/\/tiranadentalhospital.com\/it\/implantologia-avanzata\/\" \/>\n<meta property=\"og:locale\" content=\"it_IT\" \/>\n<meta property=\"og:type\" content=\"article\" \/>\n<meta property=\"og:title\" content=\"Implantologia Avanzata - Tirana Dental Hospital\" \/>\n<meta property=\"og:description\" content=\"Il tuo sorriso, la nostra priorit\u00e0. Visita il nostro ospedale dentale a Tirana, Albania, per esperienze di cura dentale all&#039;avanguardia. Scopri il benessere del tuo sorriso su TiranaDentalHospital.com.\" \/>\n<meta property=\"og:url\" content=\"https:\/\/tiranadentalhospital.com\/it\/implantologia-avanzata\/\" \/>\n<meta property=\"og:site_name\" content=\"Tirana Dental Hospital\" \/>\n<meta property=\"article:publisher\" content=\"https:\/\/www.facebook.com\/tiranadentalhospitalcuredentaliinalbania\" \/>\n<meta property=\"article:modified_time\" content=\"2023-11-27T11:20:25+00:00\" \/>\n<meta property=\"og:image\" content=\"https:\/\/i0.wp.com\/tiranadentalhospital.com\/it\/wp-content\/uploads\/2025\/04\/tiranadentalhospital-1.png?fit=1200%2C675&ssl=1\" \/>\n\t<meta property=\"og:image:width\" content=\"1200\" \/>\n\t<meta property=\"og:image:height\" content=\"675\" \/>\n\t<meta property=\"og:image:type\" content=\"image\/png\" \/>\n<meta name=\"twitter:card\" content=\"summary_large_image\" \/>\n<meta name=\"twitter:label1\" content=\"Tempo di lettura stimato\" \/>\n\t<meta name=\"twitter:data1\" content=\"5 minuti\" \/>\n<script type=\"application\/ld+json\" class=\"yoast-schema-graph\">{\"@context\":\"https:\\\/\\\/schema.org\",\"@graph\":[{\"@type\":\"WebPage\",\"@id\":\"https:\\\/\\\/tiranadentalhospital.com\\\/it\\\/implantologia-avanzata\\\/\",\"url\":\"https:\\\/\\\/tiranadentalhospital.com\\\/it\\\/implantologia-avanzata\\\/\",\"name\":\"Implantologia Avanzata - Tirana Dental Hospital\",\"isPartOf\":{\"@id\":\"https:\\\/\\\/tiranadentalhospital.com\\\/it\\\/#website\"},\"datePublished\":\"2023-11-23T14:09:45+00:00\",\"dateModified\":\"2023-11-27T11:20:25+00:00\",\"description\":\"Il tuo sorriso, la nostra priorit\u00e0. Visita il nostro ospedale dentale a Tirana, Albania, per esperienze di cura dentale all'avanguardia. Scopri il benessere del tuo sorriso su TiranaDentalHospital.com.\",\"breadcrumb\":{\"@id\":\"https:\\\/\\\/tiranadentalhospital.com\\\/it\\\/implantologia-avanzata\\\/#breadcrumb\"},\"inLanguage\":\"it-IT\",\"potentialAction\":[{\"@type\":\"ReadAction\",\"target\":[\"https:\\\/\\\/tiranadentalhospital.com\\\/it\\\/implantologia-avanzata\\\/\"]}]},{\"@type\":\"BreadcrumbList\",\"@id\":\"https:\\\/\\\/tiranadentalhospital.com\\\/it\\\/implantologia-avanzata\\\/#breadcrumb\",\"itemListElement\":[{\"@type\":\"ListItem\",\"position\":1,\"name\":\"Home\",\"item\":\"https:\\\/\\\/tiranadentalhospital.com\\\/it\\\/\"},{\"@type\":\"ListItem\",\"position\":2,\"name\":\"Implantologia Avanzata\"}]},{\"@type\":\"WebSite\",\"@id\":\"https:\\\/\\\/tiranadentalhospital.com\\\/it\\\/#website\",\"url\":\"https:\\\/\\\/tiranadentalhospital.com\\\/it\\\/\",\"name\":\"Tirana Dental Hospital\",\"description\":\"Clinica odontoiatrica a Tirana\",\"publisher\":{\"@id\":\"https:\\\/\\\/tiranadentalhospital.com\\\/it\\\/#organization\"},\"alternateName\":\"Dental Hospital a Tirana\",\"potentialAction\":[{\"@type\":\"SearchAction\",\"target\":{\"@type\":\"EntryPoint\",\"urlTemplate\":\"https:\\\/\\\/tiranadentalhospital.com\\\/it\\\/?s={search_term_string}\"},\"query-input\":{\"@type\":\"PropertyValueSpecification\",\"valueRequired\":true,\"valueName\":\"search_term_string\"}}],\"inLanguage\":\"it-IT\"},{\"@type\":\"Organization\",\"@id\":\"https:\\\/\\\/tiranadentalhospital.com\\\/it\\\/#organization\",\"name\":\"Tirana Dental Hospital\",\"alternateName\":\"Dental Hospital a Tirana\",\"url\":\"https:\\\/\\\/tiranadentalhospital.com\\\/it\\\/\",\"logo\":{\"@type\":\"ImageObject\",\"inLanguage\":\"it-IT\",\"@id\":\"https:\\\/\\\/tiranadentalhospital.com\\\/it\\\/#\\\/schema\\\/logo\\\/image\\\/\",\"url\":\"https:\\\/\\\/tiranadentalhospital.com\\\/it\\\/wp-content\\\/uploads\\\/2022\\\/02\\\/TDH_Logo-2-1.svg\",\"contentUrl\":\"https:\\\/\\\/tiranadentalhospital.com\\\/it\\\/wp-content\\\/uploads\\\/2022\\\/02\\\/TDH_Logo-2-1.svg\",\"width\":\"1024\",\"height\":\"1024\",\"caption\":\"Tirana Dental Hospital\"},\"image\":{\"@id\":\"https:\\\/\\\/tiranadentalhospital.com\\\/it\\\/#\\\/schema\\\/logo\\\/image\\\/\"},\"sameAs\":[\"https:\\\/\\\/www.facebook.com\\\/tiranadentalhospitalcuredentaliinalbania\",\"https:\\\/\\\/www.youtube.com\\\/channel\\\/UCJV1YJNOw9Z0y7eD3KhD-7g\\\/videos\",\"https:\\\/\\\/www.instagram.com\\\/tirana.dental.hospital\\\/\"]}]}<\/script>\n<!-- \/ Yoast SEO plugin. -->","yoast_head_json":{"title":"Implantologia Avanzata - Tirana Dental Hospital","description":"Il tuo sorriso, la nostra priorit\u00e0. Visita il nostro ospedale dentale a Tirana, Albania, per esperienze di cura dentale all'avanguardia. Scopri il benessere del tuo sorriso su TiranaDentalHospital.com.","robots":{"index":"index","follow":"follow","max-snippet":"max-snippet:-1","max-image-preview":"max-image-preview:large","max-video-preview":"max-video-preview:-1"},"canonical":"https:\/\/tiranadentalhospital.com\/it\/implantologia-avanzata\/","og_locale":"it_IT","og_type":"article","og_title":"Implantologia Avanzata - Tirana Dental Hospital","og_description":"Il tuo sorriso, la nostra priorit\u00e0. Visita il nostro ospedale dentale a Tirana, Albania, per esperienze di cura dentale all'avanguardia. Scopri il benessere del tuo sorriso su TiranaDentalHospital.com.","og_url":"https:\/\/tiranadentalhospital.com\/it\/implantologia-avanzata\/","og_site_name":"Tirana Dental Hospital","article_publisher":"https:\/\/www.facebook.com\/tiranadentalhospitalcuredentaliinalbania","article_modified_time":"2023-11-27T11:20:25+00:00","og_image":[{"width":1200,"height":675,"url":"https:\/\/i0.wp.com\/tiranadentalhospital.com\/it\/wp-content\/uploads\/2025\/04\/tiranadentalhospital-1.png?fit=1200%2C675&ssl=1","type":"image\/png"}],"twitter_card":"summary_large_image","twitter_misc":{"Tempo di lettura stimato":"5 minuti"},"schema":{"@context":"https:\/\/schema.org","@graph":[{"@type":"WebPage","@id":"https:\/\/tiranadentalhospital.com\/it\/implantologia-avanzata\/","url":"https:\/\/tiranadentalhospital.com\/it\/implantologia-avanzata\/","name":"Implantologia Avanzata - Tirana Dental Hospital","isPartOf":{"@id":"https:\/\/tiranadentalhospital.com\/it\/#website"},"datePublished":"2023-11-23T14:09:45+00:00","dateModified":"2023-11-27T11:20:25+00:00","description":"Il tuo sorriso, la nostra priorit\u00e0. Visita il nostro ospedale dentale a Tirana, Albania, per esperienze di cura dentale all'avanguardia. Scopri il benessere del tuo sorriso su TiranaDentalHospital.com.","breadcrumb":{"@id":"https:\/\/tiranadentalhospital.com\/it\/implantologia-avanzata\/#breadcrumb"},"inLanguage":"it-IT","potentialAction":[{"@type":"ReadAction","target":["https:\/\/tiranadentalhospital.com\/it\/implantologia-avanzata\/"]}]},{"@type":"BreadcrumbList","@id":"https:\/\/tiranadentalhospital.com\/it\/implantologia-avanzata\/#breadcrumb","itemListElement":[{"@type":"ListItem","position":1,"name":"Home","item":"https:\/\/tiranadentalhospital.com\/it\/"},{"@type":"ListItem","position":2,"name":"Implantologia Avanzata"}]},{"@type":"WebSite","@id":"https:\/\/tiranadentalhospital.com\/it\/#website","url":"https:\/\/tiranadentalhospital.com\/it\/","name":"Tirana Dental Hospital","description":"Clinica odontoiatrica a Tirana","publisher":{"@id":"https:\/\/tiranadentalhospital.com\/it\/#organization"},"alternateName":"Dental Hospital a Tirana","potentialAction":[{"@type":"SearchAction","target":{"@type":"EntryPoint","urlTemplate":"https:\/\/tiranadentalhospital.com\/it\/?s={search_term_string}"},"query-input":{"@type":"PropertyValueSpecification","valueRequired":true,"valueName":"search_term_string"}}],"inLanguage":"it-IT"},{"@type":"Organization","@id":"https:\/\/tiranadentalhospital.com\/it\/#organization","name":"Tirana Dental Hospital","alternateName":"Dental Hospital a Tirana","url":"https:\/\/tiranadentalhospital.com\/it\/","logo":{"@type":"ImageObject","inLanguage":"it-IT","@id":"https:\/\/tiranadentalhospital.com\/it\/#\/schema\/logo\/image\/","url":"https:\/\/tiranadentalhospital.com\/it\/wp-content\/uploads\/2022\/02\/TDH_Logo-2-1.svg","contentUrl":"https:\/\/tiranadentalhospital.com\/it\/wp-content\/uploads\/2022\/02\/TDH_Logo-2-1.svg","width":"1024","height":"1024","caption":"Tirana Dental Hospital"},"image":{"@id":"https:\/\/tiranadentalhospital.com\/it\/#\/schema\/logo\/image\/"},"sameAs":["https:\/\/www.facebook.com\/tiranadentalhospitalcuredentaliinalbania","https:\/\/www.youtube.com\/channel\/UCJV1YJNOw9Z0y7eD3KhD-7g\/videos","https:\/\/www.instagram.com\/tirana.dental.hospital\/"]}]}},"jetpack_sharing_enabled":true,"_links":{"self":[{"href":"https:\/\/tiranadentalhospital.com\/it\/wp-json\/wp\/v2\/pages\/9047","targetHints":{"allow":["GET"]}}],"collection":[{"href":"https:\/\/tiranadentalhospital.com\/it\/wp-json\/wp\/v2\/pages"}],"about":[{"href":"https:\/\/tiranadentalhospital.com\/it\/wp-json\/wp\/v2\/types\/page"}],"author":[{"embeddable":true,"href":"https:\/\/tiranadentalhospital.com\/it\/wp-json\/wp\/v2\/users\/1"}],"replies":[{"embeddable":true,"href":"https:\/\/tiranadentalhospital.com\/it\/wp-json\/wp\/v2\/comments?post=9047"}],"version-history":[{"count":5,"href":"https:\/\/tiranadentalhospital.com\/it\/wp-json\/wp\/v2\/pages\/9047\/revisions"}],"predecessor-version":[{"id":9051,"href":"https:\/\/tiranadentalhospital.com\/it\/wp-json\/wp\/v2\/pages\/9047\/revisions\/9051"}],"wp:attachment":[{"href":"https:\/\/tiranadentalhospital.com\/it\/wp-json\/wp\/v2\/media?parent=9047"}],"curies":[{"name":"wp","href":"https:\/\/api.w.org\/{rel}","templated":true}]}}