{"id":9092,"date":"2023-12-11T15:09:33","date_gmt":"2023-12-11T15:09:33","guid":{"rendered":"https:\/\/tiranadentalhospital.com\/it\/?page_id=9092"},"modified":"2023-12-11T15:11:54","modified_gmt":"2023-12-11T15:11:54","slug":"browlifting","status":"publish","type":"page","link":"https:\/\/tiranadentalhospital.com\/it\/browlifting\/","title":{"rendered":"Browlifting"},"content":{"rendered":"<section class=\"l-section wpb_row height_custom\"><div class=\"l-section-h i-cf\"><div class=\"g-cols vc_row via_grid cols_1 laptops-cols_inherit tablets-cols_inherit mobiles-cols_1 valign_top type_default stacking_default\"><div class=\"wpb_column vc_column_container\"><div class=\"vc_column-inner\"><div class=\"wpb_text_column\"><div class=\"wpb_wrapper\"><h1>Browlifting<\/h1>\n<p>\u00a0<\/p>\n<p><img data-recalc-dims=\"1\" loading=\"lazy\" decoding=\"async\" class=\"size-medium wp-image-9032 alignright\" src=\"https:\/\/i0.wp.com\/tiranadentalhospital.com\/it\/wp-content\/uploads\/2023\/11\/4d356f7594b50e0cfb19b18a4825026b-5bb8ed85.jpeg?resize=247%2C300&#038;ssl=1\" alt=\"\" width=\"247\" height=\"300\" srcset=\"https:\/\/i0.wp.com\/tiranadentalhospital.com\/it\/wp-content\/uploads\/2023\/11\/4d356f7594b50e0cfb19b18a4825026b-5bb8ed85.jpeg?resize=247%2C300&amp;ssl=1 247w, https:\/\/i0.wp.com\/tiranadentalhospital.com\/it\/wp-content\/uploads\/2023\/11\/4d356f7594b50e0cfb19b18a4825026b-5bb8ed85.jpeg?w=255&amp;ssl=1 255w\" sizes=\"auto, (max-width: 247px) 100vw, 247px\" \/>Il normale cedimento dei tessuti del viso e della fronte pu\u00f2 determinare l&#8217;abbassamento del sopracciglio e la riduzione della distanza tra quest&#8217;ultimo e la palpebra mobile, contribuendo ad uno sguardo stanco e accigliato. L&#8217;intervento di lifting delle sopracciglia, spesso associato alla blefaroplastica, \u00e8 un intervento di grande efficacia nel restituire apertura e freschezza allo sguardo. L&#8217;intervento \u00e8 indicato in caso di:<\/p>\n<p>\u00a0<\/p>\n<ul>\n<li>Distanza ridotta tra il sopracciglio e la palpebra mobile<\/li>\n<li>Sopracciglio dalla forma piatta o leggermente arcuata<\/li>\n<li>Pelle allentata o in eccesso tra la coda del sopracciglio e l&#8217;angolo esterno dell&#8217;occhio<\/li>\n<\/ul>\n<p>L&#8217;intervento dura 15 minuti e pu\u00f2 essere eseguito in anestesia locale con o senza sedazione, in regime ambulatoriale.<\/p>\n<p>Il nostro obiettivo \u00e8 restituire uno sguardo pi\u00f9 aperto e fresco, senza alterare le caratteristiche e l&#8217;espressivit\u00e0 degli occhi.<\/p>\n<\/div><\/div><\/div><\/div><\/div><\/div><\/section>\n","protected":false},"excerpt":{"rendered":"Browlifting \u00a0 Il normale cedimento dei tessuti del viso e della fronte pu\u00f2 determinare l&#8217;abbassamento del sopracciglio e la riduzione della distanza tra quest&#8217;ultimo e la palpebra mobile, contribuendo ad uno sguardo stanco e accigliato. L&#8217;intervento di lifting delle sopracciglia, spesso associato alla blefaroplastica, \u00e8 un intervento di grande efficacia nel restituire apertura e freschezza...","protected":false},"author":1,"featured_media":0,"parent":0,"menu_order":0,"comment_status":"closed","ping_status":"closed","template":"","meta":{"nf_dc_page":"","footnotes":""},"class_list":["post-9092","page","type-page","status-publish","hentry"],"yoast_head":"<!-- This site is optimized with the Yoast SEO plugin v27.4 - https:\/\/yoast.com\/product\/yoast-seo-wordpress\/ -->\n<title>Browlifting - Tirana Dental Hospital<\/title>\n<meta name=\"description\" content=\"Il tuo sorriso, la nostra priorit\u00e0. Visita il nostro ospedale dentale a Tirana, Albania, per esperienze di cura dentale all&#039;avanguardia. Scopri il benessere del tuo sorriso su TiranaDentalHospital.com.\" \/>\n<meta name=\"robots\" content=\"index, follow, max-snippet:-1, max-image-preview:large, max-video-preview:-1\" \/>\n<link rel=\"canonical\" href=\"https:\/\/tiranadentalhospital.com\/it\/browlifting\/\" \/>\n<meta property=\"og:locale\" content=\"it_IT\" \/>\n<meta property=\"og:type\" content=\"article\" \/>\n<meta property=\"og:title\" content=\"Browlifting - Tirana Dental Hospital\" \/>\n<meta property=\"og:description\" content=\"Il tuo sorriso, la nostra priorit\u00e0. Visita il nostro ospedale dentale a Tirana, Albania, per esperienze di cura dentale all&#039;avanguardia. Scopri il benessere del tuo sorriso su TiranaDentalHospital.com.\" \/>\n<meta property=\"og:url\" content=\"https:\/\/tiranadentalhospital.com\/it\/browlifting\/\" \/>\n<meta property=\"og:site_name\" content=\"Tirana Dental Hospital\" \/>\n<meta property=\"article:publisher\" content=\"https:\/\/www.facebook.com\/tiranadentalhospitalcuredentaliinalbania\" \/>\n<meta property=\"article:modified_time\" content=\"2023-12-11T15:11:54+00:00\" \/>\n<meta property=\"og:image\" content=\"https:\/\/tiranadentalhospital.com\/it\/wp-content\/uploads\/2023\/11\/4d356f7594b50e0cfb19b18a4825026b-5bb8ed85-247x300.jpeg\" \/>\n<meta name=\"twitter:card\" content=\"summary_large_image\" \/>\n<script type=\"application\/ld+json\" class=\"yoast-schema-graph\">{\"@context\":\"https:\\\/\\\/schema.org\",\"@graph\":[{\"@type\":\"WebPage\",\"@id\":\"https:\\\/\\\/tiranadentalhospital.com\\\/it\\\/browlifting\\\/\",\"url\":\"https:\\\/\\\/tiranadentalhospital.com\\\/it\\\/browlifting\\\/\",\"name\":\"Browlifting - Tirana Dental Hospital\",\"isPartOf\":{\"@id\":\"https:\\\/\\\/tiranadentalhospital.com\\\/it\\\/#website\"},\"primaryImageOfPage\":{\"@id\":\"https:\\\/\\\/tiranadentalhospital.com\\\/it\\\/browlifting\\\/#primaryimage\"},\"image\":{\"@id\":\"https:\\\/\\\/tiranadentalhospital.com\\\/it\\\/browlifting\\\/#primaryimage\"},\"thumbnailUrl\":\"https:\\\/\\\/tiranadentalhospital.com\\\/it\\\/wp-content\\\/uploads\\\/2023\\\/11\\\/4d356f7594b50e0cfb19b18a4825026b-5bb8ed85-247x300.jpeg\",\"datePublished\":\"2023-12-11T15:09:33+00:00\",\"dateModified\":\"2023-12-11T15:11:54+00:00\",\"description\":\"Il tuo sorriso, la nostra priorit\u00e0. Visita il nostro ospedale dentale a Tirana, Albania, per esperienze di cura dentale all'avanguardia. Scopri il benessere del tuo sorriso su TiranaDentalHospital.com.\",\"breadcrumb\":{\"@id\":\"https:\\\/\\\/tiranadentalhospital.com\\\/it\\\/browlifting\\\/#breadcrumb\"},\"inLanguage\":\"it-IT\",\"potentialAction\":[{\"@type\":\"ReadAction\",\"target\":[\"https:\\\/\\\/tiranadentalhospital.com\\\/it\\\/browlifting\\\/\"]}]},{\"@type\":\"ImageObject\",\"inLanguage\":\"it-IT\",\"@id\":\"https:\\\/\\\/tiranadentalhospital.com\\\/it\\\/browlifting\\\/#primaryimage\",\"url\":\"https:\\\/\\\/tiranadentalhospital.com\\\/it\\\/wp-content\\\/uploads\\\/2023\\\/11\\\/4d356f7594b50e0cfb19b18a4825026b-5bb8ed85-247x300.jpeg\",\"contentUrl\":\"https:\\\/\\\/tiranadentalhospital.com\\\/it\\\/wp-content\\\/uploads\\\/2023\\\/11\\\/4d356f7594b50e0cfb19b18a4825026b-5bb8ed85-247x300.jpeg\"},{\"@type\":\"BreadcrumbList\",\"@id\":\"https:\\\/\\\/tiranadentalhospital.com\\\/it\\\/browlifting\\\/#breadcrumb\",\"itemListElement\":[{\"@type\":\"ListItem\",\"position\":1,\"name\":\"Home\",\"item\":\"https:\\\/\\\/tiranadentalhospital.com\\\/it\\\/\"},{\"@type\":\"ListItem\",\"position\":2,\"name\":\"Browlifting\"}]},{\"@type\":\"WebSite\",\"@id\":\"https:\\\/\\\/tiranadentalhospital.com\\\/it\\\/#website\",\"url\":\"https:\\\/\\\/tiranadentalhospital.com\\\/it\\\/\",\"name\":\"Tirana Dental Hospital\",\"description\":\"Clinica odontoiatrica a Tirana\",\"publisher\":{\"@id\":\"https:\\\/\\\/tiranadentalhospital.com\\\/it\\\/#organization\"},\"alternateName\":\"Dental Hospital a Tirana\",\"potentialAction\":[{\"@type\":\"SearchAction\",\"target\":{\"@type\":\"EntryPoint\",\"urlTemplate\":\"https:\\\/\\\/tiranadentalhospital.com\\\/it\\\/?s={search_term_string}\"},\"query-input\":{\"@type\":\"PropertyValueSpecification\",\"valueRequired\":true,\"valueName\":\"search_term_string\"}}],\"inLanguage\":\"it-IT\"},{\"@type\":\"Organization\",\"@id\":\"https:\\\/\\\/tiranadentalhospital.com\\\/it\\\/#organization\",\"name\":\"Tirana Dental Hospital\",\"alternateName\":\"Dental Hospital a Tirana\",\"url\":\"https:\\\/\\\/tiranadentalhospital.com\\\/it\\\/\",\"logo\":{\"@type\":\"ImageObject\",\"inLanguage\":\"it-IT\",\"@id\":\"https:\\\/\\\/tiranadentalhospital.com\\\/it\\\/#\\\/schema\\\/logo\\\/image\\\/\",\"url\":\"https:\\\/\\\/tiranadentalhospital.com\\\/it\\\/wp-content\\\/uploads\\\/2022\\\/02\\\/TDH_Logo-2-1.svg\",\"contentUrl\":\"https:\\\/\\\/tiranadentalhospital.com\\\/it\\\/wp-content\\\/uploads\\\/2022\\\/02\\\/TDH_Logo-2-1.svg\",\"width\":\"1024\",\"height\":\"1024\",\"caption\":\"Tirana Dental Hospital\"},\"image\":{\"@id\":\"https:\\\/\\\/tiranadentalhospital.com\\\/it\\\/#\\\/schema\\\/logo\\\/image\\\/\"},\"sameAs\":[\"https:\\\/\\\/www.facebook.com\\\/tiranadentalhospitalcuredentaliinalbania\",\"https:\\\/\\\/www.youtube.com\\\/channel\\\/UCJV1YJNOw9Z0y7eD3KhD-7g\\\/videos\",\"https:\\\/\\\/www.instagram.com\\\/tirana.dental.hospital\\\/\"]}]}<\/script>\n<!-- \/ Yoast SEO plugin. -->","yoast_head_json":{"title":"Browlifting - Tirana Dental Hospital","description":"Il tuo sorriso, la nostra priorit\u00e0. Visita il nostro ospedale dentale a Tirana, Albania, per esperienze di cura dentale all'avanguardia. Scopri il benessere del tuo sorriso su TiranaDentalHospital.com.","robots":{"index":"index","follow":"follow","max-snippet":"max-snippet:-1","max-image-preview":"max-image-preview:large","max-video-preview":"max-video-preview:-1"},"canonical":"https:\/\/tiranadentalhospital.com\/it\/browlifting\/","og_locale":"it_IT","og_type":"article","og_title":"Browlifting - Tirana Dental Hospital","og_description":"Il tuo sorriso, la nostra priorit\u00e0. Visita il nostro ospedale dentale a Tirana, Albania, per esperienze di cura dentale all'avanguardia. Scopri il benessere del tuo sorriso su TiranaDentalHospital.com.","og_url":"https:\/\/tiranadentalhospital.com\/it\/browlifting\/","og_site_name":"Tirana Dental Hospital","article_publisher":"https:\/\/www.facebook.com\/tiranadentalhospitalcuredentaliinalbania","article_modified_time":"2023-12-11T15:11:54+00:00","og_image":[{"url":"https:\/\/tiranadentalhospital.com\/it\/wp-content\/uploads\/2023\/11\/4d356f7594b50e0cfb19b18a4825026b-5bb8ed85-247x300.jpeg","type":"","width":"","height":""}],"twitter_card":"summary_large_image","schema":{"@context":"https:\/\/schema.org","@graph":[{"@type":"WebPage","@id":"https:\/\/tiranadentalhospital.com\/it\/browlifting\/","url":"https:\/\/tiranadentalhospital.com\/it\/browlifting\/","name":"Browlifting - Tirana Dental Hospital","isPartOf":{"@id":"https:\/\/tiranadentalhospital.com\/it\/#website"},"primaryImageOfPage":{"@id":"https:\/\/tiranadentalhospital.com\/it\/browlifting\/#primaryimage"},"image":{"@id":"https:\/\/tiranadentalhospital.com\/it\/browlifting\/#primaryimage"},"thumbnailUrl":"https:\/\/tiranadentalhospital.com\/it\/wp-content\/uploads\/2023\/11\/4d356f7594b50e0cfb19b18a4825026b-5bb8ed85-247x300.jpeg","datePublished":"2023-12-11T15:09:33+00:00","dateModified":"2023-12-11T15:11:54+00:00","description":"Il tuo sorriso, la nostra priorit\u00e0. Visita il nostro ospedale dentale a Tirana, Albania, per esperienze di cura dentale all'avanguardia. Scopri il benessere del tuo sorriso su TiranaDentalHospital.com.","breadcrumb":{"@id":"https:\/\/tiranadentalhospital.com\/it\/browlifting\/#breadcrumb"},"inLanguage":"it-IT","potentialAction":[{"@type":"ReadAction","target":["https:\/\/tiranadentalhospital.com\/it\/browlifting\/"]}]},{"@type":"ImageObject","inLanguage":"it-IT","@id":"https:\/\/tiranadentalhospital.com\/it\/browlifting\/#primaryimage","url":"https:\/\/tiranadentalhospital.com\/it\/wp-content\/uploads\/2023\/11\/4d356f7594b50e0cfb19b18a4825026b-5bb8ed85-247x300.jpeg","contentUrl":"https:\/\/tiranadentalhospital.com\/it\/wp-content\/uploads\/2023\/11\/4d356f7594b50e0cfb19b18a4825026b-5bb8ed85-247x300.jpeg"},{"@type":"BreadcrumbList","@id":"https:\/\/tiranadentalhospital.com\/it\/browlifting\/#breadcrumb","itemListElement":[{"@type":"ListItem","position":1,"name":"Home","item":"https:\/\/tiranadentalhospital.com\/it\/"},{"@type":"ListItem","position":2,"name":"Browlifting"}]},{"@type":"WebSite","@id":"https:\/\/tiranadentalhospital.com\/it\/#website","url":"https:\/\/tiranadentalhospital.com\/it\/","name":"Tirana Dental Hospital","description":"Clinica odontoiatrica a Tirana","publisher":{"@id":"https:\/\/tiranadentalhospital.com\/it\/#organization"},"alternateName":"Dental Hospital a Tirana","potentialAction":[{"@type":"SearchAction","target":{"@type":"EntryPoint","urlTemplate":"https:\/\/tiranadentalhospital.com\/it\/?s={search_term_string}"},"query-input":{"@type":"PropertyValueSpecification","valueRequired":true,"valueName":"search_term_string"}}],"inLanguage":"it-IT"},{"@type":"Organization","@id":"https:\/\/tiranadentalhospital.com\/it\/#organization","name":"Tirana Dental Hospital","alternateName":"Dental Hospital a Tirana","url":"https:\/\/tiranadentalhospital.com\/it\/","logo":{"@type":"ImageObject","inLanguage":"it-IT","@id":"https:\/\/tiranadentalhospital.com\/it\/#\/schema\/logo\/image\/","url":"https:\/\/tiranadentalhospital.com\/it\/wp-content\/uploads\/2022\/02\/TDH_Logo-2-1.svg","contentUrl":"https:\/\/tiranadentalhospital.com\/it\/wp-content\/uploads\/2022\/02\/TDH_Logo-2-1.svg","width":"1024","height":"1024","caption":"Tirana Dental Hospital"},"image":{"@id":"https:\/\/tiranadentalhospital.com\/it\/#\/schema\/logo\/image\/"},"sameAs":["https:\/\/www.facebook.com\/tiranadentalhospitalcuredentaliinalbania","https:\/\/www.youtube.com\/channel\/UCJV1YJNOw9Z0y7eD3KhD-7g\/videos","https:\/\/www.instagram.com\/tirana.dental.hospital\/"]}]}},"jetpack_sharing_enabled":true,"_links":{"self":[{"href":"https:\/\/tiranadentalhospital.com\/it\/wp-json\/wp\/v2\/pages\/9092","targetHints":{"allow":["GET"]}}],"collection":[{"href":"https:\/\/tiranadentalhospital.com\/it\/wp-json\/wp\/v2\/pages"}],"about":[{"href":"https:\/\/tiranadentalhospital.com\/it\/wp-json\/wp\/v2\/types\/page"}],"author":[{"embeddable":true,"href":"https:\/\/tiranadentalhospital.com\/it\/wp-json\/wp\/v2\/users\/1"}],"replies":[{"embeddable":true,"href":"https:\/\/tiranadentalhospital.com\/it\/wp-json\/wp\/v2\/comments?post=9092"}],"version-history":[{"count":2,"href":"https:\/\/tiranadentalhospital.com\/it\/wp-json\/wp\/v2\/pages\/9092\/revisions"}],"predecessor-version":[{"id":9094,"href":"https:\/\/tiranadentalhospital.com\/it\/wp-json\/wp\/v2\/pages\/9092\/revisions\/9094"}],"wp:attachment":[{"href":"https:\/\/tiranadentalhospital.com\/it\/wp-json\/wp\/v2\/media?parent=9092"}],"curies":[{"name":"wp","href":"https:\/\/api.w.org\/{rel}","templated":true}]}}